{"id":5746,"date":"2020-11-04T09:31:41","date_gmt":"2020-11-04T08:31:41","guid":{"rendered":"http:\/\/agora.xtec.cat\/ceip-agnesdesitges\/?page_id=5746"},"modified":"2025-02-25T07:31:42","modified_gmt":"2025-02-25T06:31:42","slug":"projecte-de-convivencia","status":"publish","type":"page","link":"https:\/\/agora.xtec.cat\/ceip-agnesdesitges\/projecte-de-convivencia\/","title":{"rendered":"Projecte de Conviv\u00e8ncia"},"content":{"rendered":"<p><span style=\"font-weight: 400;\">El projecte de conviv\u00e8ncia del centre forma part del nostre projecte educatiu que ha estat elaborat partint de les caracter\u00edstiques de la nostra escola com a Comunitat d\u2019aprenentatge.<\/span><\/p>\n<p><span style=\"font-weight: 400;\">La col\u00b7laboraci\u00f3 i participaci\u00f3 de diferents agents de la comunitat educativa \u00e9s imprescindible per accelerar els aprenentatges dels nens i les nenes i millorar la conviv\u00e8ncia mitjan\u00e7ant relacions igualit\u00e0ries a partir del di\u00e0leg. La comunitat educativa de l\u2019Agn\u00e8s de Sitges manifesta la voluntat d\u2019assolir un nivell de viol\u00e8ncia 0 a totes les etapes educatives donant al seu alumnat les eines m\u00e9s adequades per tal que els ajudin a con\u00e8ixer les seves qualitats i limitacions com les d\u2019altres persones del seu voltant i aix\u00ed establir relacions de respecte i estima.<\/span><\/p>\n<p><span style=\"font-weight: 400;\">Aquest document s\u2019elabora amb la participaci\u00f3 de tota la comunitat educativa i es promour\u00e0 la seva difusi\u00f3. Recull les mesures que porta a terme el centre per promocionar la conviv\u00e8ncia, els mecanismes per la resoluci\u00f3 positiva dels conflictes i les actuacions aplicables en el cas d&#8217;incompliment de les normes d\u2019organitzaci\u00f3 i funcionament del centre. Aix\u00ed mateix pret\u00e9n mostrar el conjunt de valors i les activitats que es realitzen per aconseguir una bona conviv\u00e8ncia al centre amb la implicaci\u00f3 de tots els agents educatius. Tot aquest conjunt de mesures han de contribuir a garantir la igualtat i a respectar la diversitat en una societat m\u00e9s cohesionada i menys excloent.<\/span><\/p>\n<p>&nbsp;<\/p>\n<p style=\"text-align: center;\"><a href=\"https:\/\/drive.google.com\/file\/d\/1nguhqRWaNK14e83bMN7aYuit7jRy37Fx\/view?usp=sharing\"><span style=\"font-size: 24pt; color: #3366ff;\">PROJECTE DE CONVIV\u00c8NCIA<\/span><\/a><\/p>\n","protected":false},"excerpt":{"rendered":"<p>El projecte de conviv\u00e8ncia del centre forma part del nostre projecte educatiu que ha estat elaborat partint de les caracter\u00edstiques de la nostra escola com a Comunitat d\u2019aprenentatge.<br \/>\nLa col\u00b7laboraci\u00f3 i participaci\u00f3 de diferents agents de la comunitat educativa \u00e9s imprescindible per accelerar els aprenentatges dels&hellip;  <a href=\"https:\/\/agora.xtec.cat\/ceip-agnesdesitges\/projecte-de-convivencia\/\" title=\"Read Projecte de Conviv\u00e8ncia\">Llegeix m\u00e9s\u00bb<\/a><\/p>\n","protected":false},"author":1,"featured_media":0,"parent":0,"menu_order":0,"comment_status":"closed","ping_status":"closed","template":"","meta":{"_bbp_topic_count":0,"_bbp_reply_count":0,"_bbp_total_topic_count":0,"_bbp_total_reply_count":0,"_bbp_voice_count":0,"_bbp_anonymous_reply_count":0,"_bbp_topic_count_hidden":0,"_bbp_reply_count_hidden":0,"_bbp_forum_subforum_count":0,"footnotes":""},"class_list":["post-5746","page","type-page","status-publish","hentry"],"post_mailing_queue_ids":[],"_links":{"self":[{"href":"https:\/\/agora.xtec.cat\/ceip-agnesdesitges\/wp-json\/wp\/v2\/pages\/5746","targetHints":{"allow":["GET"]}}],"collection":[{"href":"https:\/\/agora.xtec.cat\/ceip-agnesdesitges\/wp-json\/wp\/v2\/pages"}],"about":[{"href":"https:\/\/agora.xtec.cat\/ceip-agnesdesitges\/wp-json\/wp\/v2\/types\/page"}],"author":[{"embeddable":true,"href":"https:\/\/agora.xtec.cat\/ceip-agnesdesitges\/wp-json\/wp\/v2\/users\/1"}],"replies":[{"embeddable":true,"href":"https:\/\/agora.xtec.cat\/ceip-agnesdesitges\/wp-json\/wp\/v2\/comments?post=5746"}],"version-history":[{"count":5,"href":"https:\/\/agora.xtec.cat\/ceip-agnesdesitges\/wp-json\/wp\/v2\/pages\/5746\/revisions"}],"predecessor-version":[{"id":7245,"href":"https:\/\/agora.xtec.cat\/ceip-agnesdesitges\/wp-json\/wp\/v2\/pages\/5746\/revisions\/7245"}],"wp:attachment":[{"href":"https:\/\/agora.xtec.cat\/ceip-agnesdesitges\/wp-json\/wp\/v2\/media?parent=5746"}],"curies":[{"name":"wp","href":"https:\/\/api.w.org\/{rel}","templated":true}]}}