{"id":34,"date":"2014-09-18T12:32:18","date_gmt":"2014-09-18T12:32:18","guid":{"rendered":"http:\/\/agora.xtec.cat\/ceip-agnesdesitges\/?page_id=34"},"modified":"2024-09-08T19:34:19","modified_gmt":"2024-09-08T17:34:19","slug":"oferta-educativa","status":"publish","type":"page","link":"https:\/\/agora.xtec.cat\/ceip-agnesdesitges\/lescola\/oferta-educativa\/","title":{"rendered":"Oferta educativa"},"content":{"rendered":"<h1 style=\"text-align: center;\"><strong>Escola Agn\u00e8s de Sitges<\/strong><\/h1>\n<p><strong>Codi del centre:<\/strong> 08062833<\/p>\n<p><strong>Tipus d&#8217;ensenyament<\/strong><br \/>\nSegon cicle d&#8217;Educaci\u00f3 Infantil (I3, I4 i I5) i Educaci\u00f3 Prim\u00e0ria (1r, 2n, 3r, 4t, 5\u00e8 i 6\u00e8).<\/p>\n<p><strong>L\u00ednies\u00a0<\/strong><br \/>\n1 l\u00ednia: 3 aules per a l&#8217;Educaci\u00f3 infantil i 6 per a l&#8217;Educaci\u00f3 Prim\u00e0ria.<\/p>\n<p style=\"text-align: justify;\">2\u00aa l\u00ednia a 5\u00e8 de Prim\u00e0ria.<\/p>\n<p><strong>Espais espec\u00edfics (podeu trobar m\u00e9s informaci\u00f3 a l&#8217;apartat\u00a0<a href=\"https:\/\/agora.xtec.cat\/ceip-agnesdesitges\/lescola\/instal%c2%b7lacions\/\"><em>Instal\u00b7lacions<\/em><\/a>)<\/strong><\/p>\n<p>&#8211; 1 gimn\u00e0s.<\/p>\n<p>&#8211; 1 aula de m\u00fasica.<\/p>\n<p>&#8211; 1 aula polivalent.<\/p>\n<p>&#8211; 1 estudi de televisi\u00f3.<\/p>\n<p>&#8211; 2 biblioteques.<\/p>\n<p>&#8211; 1 hort.<\/p>\n<p>&#8211; 1 pista de futbol i b\u00e0squet.<\/p>\n<p>&#8211; 1 zona de joc amb arbres, casetes de fusta, taules de fusta, etc.<\/p>\n<p>&#8211; 1 menjador.<\/p>\n<p>&#8211; Etc.<\/p>\n<p><strong>Idiomes:<\/strong><br \/>\nLa nostra escola \u00e9s des de la seva creaci\u00f3<strong> pluriling\u00fce, ja que acull nens i nenes de diferents nacionalitats i, per tant, comptem amb una gran riquesa ling\u00fc\u00edstica.<\/strong><\/p>\n<p>Angl\u00e8s: fem la introducci\u00f3 de la llengua anglesa a I3.<\/p>\n<p><strong>Activitats extraescolars:<\/strong><\/p>\n<p>L&#8217;AFA de l&#8217;escola organitza activitats extraescolars d&#8217;oferta trimestral. Aquestes activitats es realitzen de dilluns a divendres al migdia i a la tarda.<\/p>\n<p>Algunes de les activitats que es realitzen s\u00f3n: angl\u00e8s, escacs, experiments,\u00a0<em>skate,\u00a0<\/em>etc. Aquesta oferta canvia cada curs escolar.<\/p>\n<p><span style=\"text-decoration: underline;\"><strong>Altres serveis:<\/strong><\/span><\/p>\n<p><strong>Menjador escolar<\/strong> de 12h30 a 15h.<\/p>\n<p><strong>Transport escolar<\/strong> no obligatori, gestionat pel Consell Comarcal del Garraf<\/p>\n<p><strong>Servei d\u2019acollida matinal <\/strong>de 8h a 9 h<\/p>\n<p><strong>Servei d\u2019assessorament<\/strong> (EAP, CRP, LIC, CREDA, CDIAP)<\/p>\n<p><strong>Auxiliar administrativa<\/strong><\/p>\n","protected":false},"excerpt":{"rendered":"<p>Escola Agn\u00e8s de Sitges<br \/>\nCodi del centre: 08062833<br \/>\nTipus d&#8217;ensenyament<br \/>\nSegon cicle d&#8217;Educaci\u00f3 Infantil (I3, I4 i I5) i Educaci\u00f3 Prim\u00e0ria (1r, 2n, 3r, 4t, 5\u00e8 i 6\u00e8).<br \/>\nL\u00ednies\u00a0<br \/>\n1 l\u00ednia: 3 aules per a l&#8217;Educaci\u00f3 infantil i 6 per a l&#8217;Educaci\u00f3 Prim\u00e0ria.<br \/>\n2\u00aa l\u00ednia a 5\u00e8 de Prim\u00e0ria.<br \/>\nEspais espec\u00edfics (podeu&hellip;  <a href=\"https:\/\/agora.xtec.cat\/ceip-agnesdesitges\/lescola\/oferta-educativa\/\" title=\"Read Oferta educativa\">Llegeix m\u00e9s\u00bb<\/a><\/p>\n","protected":false},"author":2,"featured_media":0,"parent":22,"menu_order":60,"comment_status":"closed","ping_status":"closed","template":"page-templates\/side-menu.php","meta":{"_bbp_topic_count":0,"_bbp_reply_count":0,"_bbp_total_topic_count":0,"_bbp_total_reply_count":0,"_bbp_voice_count":0,"_bbp_anonymous_reply_count":0,"_bbp_topic_count_hidden":0,"_bbp_reply_count_hidden":0,"_bbp_forum_subforum_count":0,"footnotes":""},"class_list":["post-34","page","type-page","status-publish","hentry"],"post_mailing_queue_ids":[],"_links":{"self":[{"href":"https:\/\/agora.xtec.cat\/ceip-agnesdesitges\/wp-json\/wp\/v2\/pages\/34","targetHints":{"allow":["GET"]}}],"collection":[{"href":"https:\/\/agora.xtec.cat\/ceip-agnesdesitges\/wp-json\/wp\/v2\/pages"}],"about":[{"href":"https:\/\/agora.xtec.cat\/ceip-agnesdesitges\/wp-json\/wp\/v2\/types\/page"}],"author":[{"embeddable":true,"href":"https:\/\/agora.xtec.cat\/ceip-agnesdesitges\/wp-json\/wp\/v2\/users\/2"}],"replies":[{"embeddable":true,"href":"https:\/\/agora.xtec.cat\/ceip-agnesdesitges\/wp-json\/wp\/v2\/comments?post=34"}],"version-history":[{"count":5,"href":"https:\/\/agora.xtec.cat\/ceip-agnesdesitges\/wp-json\/wp\/v2\/pages\/34\/revisions"}],"predecessor-version":[{"id":7157,"href":"https:\/\/agora.xtec.cat\/ceip-agnesdesitges\/wp-json\/wp\/v2\/pages\/34\/revisions\/7157"}],"up":[{"embeddable":true,"href":"https:\/\/agora.xtec.cat\/ceip-agnesdesitges\/wp-json\/wp\/v2\/pages\/22"}],"wp:attachment":[{"href":"https:\/\/agora.xtec.cat\/ceip-agnesdesitges\/wp-json\/wp\/v2\/media?parent=34"}],"curies":[{"name":"wp","href":"https:\/\/api.w.org\/{rel}","templated":true}]}}