{"id":30,"date":"2014-09-18T12:30:23","date_gmt":"2014-09-18T12:30:23","guid":{"rendered":"http:\/\/agora.xtec.cat\/ceip-agnesdesitges\/?page_id=30"},"modified":"2025-02-24T10:32:27","modified_gmt":"2025-02-24T09:32:27","slug":"instal%c2%b7lacions","status":"publish","type":"page","link":"https:\/\/agora.xtec.cat\/ceip-agnesdesitges\/lescola\/instal%c2%b7lacions\/","title":{"rendered":"Instal\u00b7lacions"},"content":{"rendered":"<p>Actualment, la nostra escola est\u00e0 ubicada en un edifici de nova construcci\u00f3.<\/p>\n<p><img loading=\"lazy\" decoding=\"async\" class=\"alignnone wp-image-6572\" src=\"https:\/\/agora.xtec.cat\/ceip-agnesdesitges\/wp-content\/uploads\/usu560\/2022\/02\/Escola-Sitges.jpeg\" alt=\"\" width=\"399\" height=\"299\" srcset=\"https:\/\/agora.xtec.cat\/ceip-agnesdesitges\/wp-content\/uploads\/usu560\/2022\/02\/Escola-Sitges.jpeg 768w, https:\/\/agora.xtec.cat\/ceip-agnesdesitges\/wp-content\/uploads\/usu560\/2022\/02\/Escola-Sitges-300x225.jpeg 300w, https:\/\/agora.xtec.cat\/ceip-agnesdesitges\/wp-content\/uploads\/usu560\/2022\/02\/Escola-Sitges-200x150.jpeg 200w\" sizes=\"auto, (max-width: 399px) 100vw, 399px\" \/><\/p>\n<p>El nou edifici s&#8217;inaugura el curs escolar 2021-2022. Aquest nou edifici disposa d&#8217;unes magn\u00edfiques instal\u00b7lacions pensades per a qu\u00e8 l&#8217;alumnat gaudeixi de l&#8217;aventura d&#8217;aprendre i se senti com a casa.<\/p>\n<p>A la planta baixa, trobem els seg\u00fcents espais:<\/p>\n<ul>\n<li>Aules d&#8217;Educaci\u00f3 Infantil (I3, I4 i I5).<\/li>\n<li>Aula de 6\u00e8 i una aula polivalent.<\/li>\n<li>Menjador.<\/li>\n<li>Biblioteca petita (E. Infantil).<\/li>\n<li>Biblioteca gran (E. Primparia).<\/li>\n<li>Consergeria.<\/li>\n<li>Despatx EAP (Equip d&#8217;Assessorament Psicopedag\u00f2gic).<\/li>\n<li>Secretaria.<\/li>\n<li>Despatx de l&#8217;Equip Directiu.<\/li>\n<li>Sala de mestres.<\/li>\n<li>Aula de m\u00fasica.<\/li>\n<li>Aula per al SIEI (Suport Intensiu d&#8217;Escola Inclusiva)<\/li>\n<li>Estudi de TV.<\/li>\n<li>Ampli gimn\u00e0s, amb vestuaris i magatzems de material per a l&#8217;Educaci\u00f3 F\u00edsica.<\/li>\n<li>Diversos magatzems.<\/li>\n<li>Lavabos (disposem de lavabos adaptats per a persones amb diversitat funcional).<\/li>\n<li>Pati d&#8217;Educaci\u00f3 Infantil i pati d&#8217;Educaci\u00f3 Prim\u00e0ria (comunicats). La zona d&#8217;esbarjo compta amb una gran pista amb cistelles i porteries, una zona de bosquet amb taules de p\u00edcnic i natura, i una zona porxada amb arbres i bancs. Tamb\u00e9 disposa d&#8217;una zona d&#8217;hort.<\/li>\n<\/ul>\n<p>A la segona planta, trobem els seg\u00fcents espais:<\/p>\n<ul>\n<li>Aules de 1r, 2n, 3r, 4t, 5\u00e8 A i 5\u00e8 B.<\/li>\n<li>Diversos magatzems.<\/li>\n<li>Lavabos (disposem de lavabos adaptats per a persones amb diversitat funcional).<\/li>\n<li>Zones de lectura i treball destinades a oferir nous espais oberts d&#8217;aprenentatge per a l&#8217;alumnat.<\/li>\n<\/ul>\n<p>L&#8217;escola disposa d&#8217;ascensor i dues escales d&#8217;acc\u00e9s a la segona planta.<\/p>\n","protected":false},"excerpt":{"rendered":"<p>Actualment, la nostra escola est\u00e0 ubicada en un edifici de nova construcci\u00f3.<\/p>\n<p>El nou edifici s&#8217;inaugura el curs escolar 2021-2022. Aquest nou edifici disposa d&#8217;unes magn\u00edfiques instal\u00b7lacions pensades per a qu\u00e8 l&#8217;alumnat gaudeixi de l&#8217;aventura d&#8217;aprendre i se senti com a casa.<br \/>\nA la planta baixa, trobem&hellip;  <a href=\"https:\/\/agora.xtec.cat\/ceip-agnesdesitges\/lescola\/instal%c2%b7lacions\/\" title=\"Read Instal\u00b7lacions\">Llegeix m\u00e9s\u00bb<\/a><\/p>\n","protected":false},"author":2,"featured_media":0,"parent":22,"menu_order":40,"comment_status":"closed","ping_status":"closed","template":"page-templates\/side-menu.php","meta":{"_bbp_topic_count":0,"_bbp_reply_count":0,"_bbp_total_topic_count":0,"_bbp_total_reply_count":0,"_bbp_voice_count":0,"_bbp_anonymous_reply_count":0,"_bbp_topic_count_hidden":0,"_bbp_reply_count_hidden":0,"_bbp_forum_subforum_count":0,"footnotes":""},"class_list":["post-30","page","type-page","status-publish","hentry"],"post_mailing_queue_ids":[],"_links":{"self":[{"href":"https:\/\/agora.xtec.cat\/ceip-agnesdesitges\/wp-json\/wp\/v2\/pages\/30","targetHints":{"allow":["GET"]}}],"collection":[{"href":"https:\/\/agora.xtec.cat\/ceip-agnesdesitges\/wp-json\/wp\/v2\/pages"}],"about":[{"href":"https:\/\/agora.xtec.cat\/ceip-agnesdesitges\/wp-json\/wp\/v2\/types\/page"}],"author":[{"embeddable":true,"href":"https:\/\/agora.xtec.cat\/ceip-agnesdesitges\/wp-json\/wp\/v2\/users\/2"}],"replies":[{"embeddable":true,"href":"https:\/\/agora.xtec.cat\/ceip-agnesdesitges\/wp-json\/wp\/v2\/comments?post=30"}],"version-history":[{"count":6,"href":"https:\/\/agora.xtec.cat\/ceip-agnesdesitges\/wp-json\/wp\/v2\/pages\/30\/revisions"}],"predecessor-version":[{"id":7204,"href":"https:\/\/agora.xtec.cat\/ceip-agnesdesitges\/wp-json\/wp\/v2\/pages\/30\/revisions\/7204"}],"up":[{"embeddable":true,"href":"https:\/\/agora.xtec.cat\/ceip-agnesdesitges\/wp-json\/wp\/v2\/pages\/22"}],"wp:attachment":[{"href":"https:\/\/agora.xtec.cat\/ceip-agnesdesitges\/wp-json\/wp\/v2\/media?parent=30"}],"curies":[{"name":"wp","href":"https:\/\/api.w.org\/{rel}","templated":true}]}}