{"id":22,"date":"2014-09-18T12:19:57","date_gmt":"2014-09-18T12:19:57","guid":{"rendered":"http:\/\/agora.xtec.cat\/ceip-agnesdesitges\/?page_id=22"},"modified":"2022-02-15T09:37:57","modified_gmt":"2022-02-15T08:37:57","slug":"lescola","status":"publish","type":"page","link":"https:\/\/agora.xtec.cat\/ceip-agnesdesitges\/lescola\/","title":{"rendered":"L&#8217;ESCOLA"},"content":{"rendered":"<p><strong>Claustre<\/strong><\/p>\n<p>El Claustre de professors\/es est\u00e0 format per l&#8217;EQUIP DOCENT.<\/p>\n<p>Cada curs pot canviar el nombre de mestres ja que va en funci\u00f3 del nombre de llocs de treball i intervenen altres factors com per exemple les reduccions de jornada dels professionals.<\/p>\n<p><strong>Consell Escolar<\/strong><\/p>\n<p>El Consell Escolar \u00e9s l&#8217;\u00f2rgan col\u00b7legiat de participaci\u00f3 de la comunitat escolar en el govern del centre, hi estan representats tots els sectors: pares i mares, mestres, administraci\u00f3 local i personal no docent.<\/p>\n<p>Les persones del consell escolar s\u00f3n elegides per un per\u00edode de quatre anys i es renoven per meitats cada dos anys el primer trimestre del curs escolar.<\/p>\n<p><strong>AFA<\/strong><\/p>\n<p>L\u2019Associaci\u00f3 de Fam\u00edlies d\u2019Alumnes \u00e9s una altra via de comunicaci\u00f3 i col\u00b7laboraci\u00f3 entre les fam\u00edlies i l\u2019escola.<\/p>\n<p>La seva participaci\u00f3 i gesti\u00f3 \u00e9s important per tirar endavant els serveis de menjador, acollida, activitats extraescolars&#8230; la quota per associar-s&#8217;hi \u00e9s per curs i fam\u00edlia.<\/p>\n<p><strong>Serveis Educatius<\/strong><\/p>\n<p>El centre disposa de tots els serveis que l\u2019administraci\u00f3 educativa ofereix a totes les escoles p\u00fabliques: assessoraments psicopedag\u00f2gic (EAP), assessoraments LIC, etc.<\/p>\n","protected":false},"excerpt":{"rendered":"<p>Claustre<br \/>\nEl Claustre de professors\/es est\u00e0 format per l&#8217;EQUIP DOCENT.<br \/>\nCada curs pot canviar el nombre de mestres ja que va en funci\u00f3 del nombre de llocs de treball i intervenen altres factors com per exemple les reduccions de jornada dels professionals.<br \/>\nConsell Escolar<br \/>\nEl Consell Escolar \u00e9s l&#8217;\u00f2rgan&hellip;  <a href=\"https:\/\/agora.xtec.cat\/ceip-agnesdesitges\/lescola\/\" title=\"Read L&#8217;ESCOLA\">Llegeix m\u00e9s\u00bb<\/a><\/p>\n","protected":false},"author":2,"featured_media":0,"parent":0,"menu_order":0,"comment_status":"closed","ping_status":"closed","template":"page-templates\/side-menu.php","meta":{"_bbp_topic_count":0,"_bbp_reply_count":0,"_bbp_total_topic_count":0,"_bbp_total_reply_count":0,"_bbp_voice_count":0,"_bbp_anonymous_reply_count":0,"_bbp_topic_count_hidden":0,"_bbp_reply_count_hidden":0,"_bbp_forum_subforum_count":0,"footnotes":""},"class_list":["post-22","page","type-page","status-publish","hentry"],"post_mailing_queue_ids":[],"_links":{"self":[{"href":"https:\/\/agora.xtec.cat\/ceip-agnesdesitges\/wp-json\/wp\/v2\/pages\/22","targetHints":{"allow":["GET"]}}],"collection":[{"href":"https:\/\/agora.xtec.cat\/ceip-agnesdesitges\/wp-json\/wp\/v2\/pages"}],"about":[{"href":"https:\/\/agora.xtec.cat\/ceip-agnesdesitges\/wp-json\/wp\/v2\/types\/page"}],"author":[{"embeddable":true,"href":"https:\/\/agora.xtec.cat\/ceip-agnesdesitges\/wp-json\/wp\/v2\/users\/2"}],"replies":[{"embeddable":true,"href":"https:\/\/agora.xtec.cat\/ceip-agnesdesitges\/wp-json\/wp\/v2\/comments?post=22"}],"version-history":[{"count":3,"href":"https:\/\/agora.xtec.cat\/ceip-agnesdesitges\/wp-json\/wp\/v2\/pages\/22\/revisions"}],"predecessor-version":[{"id":6568,"href":"https:\/\/agora.xtec.cat\/ceip-agnesdesitges\/wp-json\/wp\/v2\/pages\/22\/revisions\/6568"}],"wp:attachment":[{"href":"https:\/\/agora.xtec.cat\/ceip-agnesdesitges\/wp-json\/wp\/v2\/media?parent=22"}],"curies":[{"name":"wp","href":"https:\/\/api.w.org\/{rel}","templated":true}]}}