{"id":200,"date":"2016-01-11T15:16:41","date_gmt":"2016-01-11T14:16:41","guid":{"rendered":"http:\/\/agora.xtec.cat\/ceip-agnesdesitges\/?page_id=200"},"modified":"2024-09-08T20:22:19","modified_gmt":"2024-09-08T18:22:19","slug":"documents-per-imprimir","status":"publish","type":"page","link":"https:\/\/agora.xtec.cat\/ceip-agnesdesitges\/documents-per-imprimir\/","title":{"rendered":"Secretaria"},"content":{"rendered":"<p>En aquest espai trobareu tota la informaci\u00f3 que necessiteu per al funcionament i organitzaci\u00f3 general de l&#8217;escola.<\/p>\n<p>Ocasionalment, tamb\u00e9 trobareu aquella informaci\u00f3 puntual sobre la din\u00e0mica del curs que us enviem en paper o per Din\u00e0ntia peri\u00f2dicament. Podeu accedir al men\u00fa de l&#8217;esquerra.<\/p>\n<p><strong>Administrativa<\/strong>: Susana Verbo<\/p>\n<p>L\u2019horari d\u2019atenci\u00f3 al p\u00fablic a secretaria \u00e9s el seg\u00fcent:<\/p>\n<p>Dilluns i Dimecres: de 9 a 13:30h i de 15 a 16:30h.<\/p>\n<p style=\"text-align: justify;\">Divendres: de 9 a 13:30h.<\/p>\n<p>Per realitzar qualsevol petici\u00f3 o consulta podeu trucar al tel\u00e8fon <strong>93.811.46.54<\/strong> (preguntant per secretaria) o enviar un correu electr\u00f2nic a <strong>a8062833@xtec.cat <\/strong>o a <strong>info@escolaagnesdesitges.cat <\/strong>indicant la vostra consulta.<\/p>\n<p>&nbsp;<\/p>\n<p>&nbsp;<\/p>\n<h3><\/h3>\n<h4 style=\"text-align: center;\"><\/h4>\n<h4 style=\"text-align: center;\"><\/h4>\n","protected":false},"excerpt":{"rendered":"<p>En aquest espai trobareu tota la informaci\u00f3 que necessiteu per al funcionament i organitzaci\u00f3 general de l&#8217;escola.<br \/>\nOcasionalment, tamb\u00e9 trobareu aquella informaci\u00f3 puntual sobre la din\u00e0mica del curs que us enviem en paper o per Din\u00e0ntia peri\u00f2dicament. Podeu accedir al men\u00fa de l&#8217;esquerra.<br \/>\nAdministrativa: Susana Verbo<br \/>\nL\u2019horari d\u2019atenci\u00f3&hellip;  <a href=\"https:\/\/agora.xtec.cat\/ceip-agnesdesitges\/documents-per-imprimir\/\" title=\"Read Secretaria\">Llegeix m\u00e9s\u00bb<\/a><\/p>\n","protected":false},"author":1,"featured_media":0,"parent":0,"menu_order":0,"comment_status":"closed","ping_status":"closed","template":"","meta":{"_bbp_topic_count":0,"_bbp_reply_count":0,"_bbp_total_topic_count":0,"_bbp_total_reply_count":0,"_bbp_voice_count":0,"_bbp_anonymous_reply_count":0,"_bbp_topic_count_hidden":0,"_bbp_reply_count_hidden":0,"_bbp_forum_subforum_count":0,"footnotes":""},"class_list":["post-200","page","type-page","status-publish","hentry"],"post_mailing_queue_ids":[],"_links":{"self":[{"href":"https:\/\/agora.xtec.cat\/ceip-agnesdesitges\/wp-json\/wp\/v2\/pages\/200","targetHints":{"allow":["GET"]}}],"collection":[{"href":"https:\/\/agora.xtec.cat\/ceip-agnesdesitges\/wp-json\/wp\/v2\/pages"}],"about":[{"href":"https:\/\/agora.xtec.cat\/ceip-agnesdesitges\/wp-json\/wp\/v2\/types\/page"}],"author":[{"embeddable":true,"href":"https:\/\/agora.xtec.cat\/ceip-agnesdesitges\/wp-json\/wp\/v2\/users\/1"}],"replies":[{"embeddable":true,"href":"https:\/\/agora.xtec.cat\/ceip-agnesdesitges\/wp-json\/wp\/v2\/comments?post=200"}],"version-history":[{"count":5,"href":"https:\/\/agora.xtec.cat\/ceip-agnesdesitges\/wp-json\/wp\/v2\/pages\/200\/revisions"}],"predecessor-version":[{"id":7171,"href":"https:\/\/agora.xtec.cat\/ceip-agnesdesitges\/wp-json\/wp\/v2\/pages\/200\/revisions\/7171"}],"wp:attachment":[{"href":"https:\/\/agora.xtec.cat\/ceip-agnesdesitges\/wp-json\/wp\/v2\/media?parent=200"}],"curies":[{"name":"wp","href":"https:\/\/api.w.org\/{rel}","templated":true}]}}