{"id":5537,"date":"2025-02-04T12:30:18","date_gmt":"2025-02-04T11:30:18","guid":{"rendered":"https:\/\/agora.xtec.cat\/ceip-agaudi-castelldefels\/?page_id=5537"},"modified":"2025-02-24T12:18:58","modified_gmt":"2025-02-24T11:18:58","slug":"lhort","status":"publish","type":"page","link":"https:\/\/agora.xtec.cat\/ceip-agaudi-castelldefels\/projectes\/lhort\/","title":{"rendered":"L\u2019hort"},"content":{"rendered":"\n<p>A l\u2019Escola Gaud\u00ed, creiem que l\u2019educaci\u00f3 va m\u00e9s enll\u00e0 de les aules, i el nostre hort escolar n\u2019\u00e9s un exemple viu. Aquest espai \u00e9s molt m\u00e9s que un lloc de cultiu; \u00e9s un laboratori de vida, on els alumnes aprenen valors com la sostenibilitat, el treball en equip i el respecte per la natura.<\/p>\n\n\n\n<p><strong>Des de 1r fins a 4t, cada alumne\/a hi t\u00e9 un paper actiu<\/strong> i participa en una gran varietat d\u2019activitats adaptades a les seves edats i interessos. Les nostres actuacions inclouen tasques pr\u00e0ctiques com <strong>sembrar<\/strong>, <strong>plantar<\/strong>,<strong> regar<\/strong> i <strong>fer compostatge<\/strong>, per\u00f2 tamb\u00e9 fomentem la <strong>reflexi\u00f3<\/strong> i l\u2019<strong>observaci\u00f3<\/strong> de l\u2019entorn natural.<\/p>\n\n\n\n<h3 class=\"wp-block-heading\"><strong>Qu\u00e8 fem al nostre hort?<\/strong><\/h3>\n\n\n\n<p>A trav\u00e9s de les diferents activitats, l\u2019alumnat descobreix el funcionament d\u2019un ecosistema a petita escala, tot treballant conceptes com:<\/p>\n\n\n\n<ul class=\"wp-block-list\">\n<li>L\u2019observaci\u00f3 de les plantes, animals i factors meteorol\u00f2gics.<\/li>\n\n\n\n<li>El coneixement del vocabulari relacionat amb les eines, les hortalisses i les t\u00e8cniques agr\u00edcoles.<\/li>\n\n\n\n<li>La gesti\u00f3 de &#8220;problemes&#8221; com les plagues o les males herbes.<\/li>\n<\/ul>\n\n\n\n<p>A m\u00e9s, tenim un segon hort m\u00e9s petit a la zona d\u2019infantil, un espai pensat per acostar els m\u00e9s petits al m\u00f3n de l\u2019agricultura d\u2019una manera l\u00fadica i participativa.<\/p>\n\n\n\n<div class=\"wp-block-getwid-images-slider has-arrows-inside has-dots-inside has-images-center has-cropped-images\"><div class=\"wp-block-getwid-images-slider__wrapper\" data-effect=\"slide\" data-slides-show=\"1\" data-slides-show-laptop=\"1\" data-slides-show-tablet=\"1\" data-slides-show-mobile=\"1\" data-slides-scroll=\"1\" data-autoplay=\"false\" data-pause-hover=\"false\" data-autoplay-speed=\"6000\" data-infinite=\"true\" data-animation-speed=\"800\" data-center-mode=\"false\" data-variable-width=\"false\" data-arrows=\"inside\" data-dots=\"inside\" data-spacing=\"none\"><div class=\"wp-block-getwid-images-slider__item\"><figure><img loading=\"lazy\" decoding=\"async\" width=\"1600\" height=\"1200\" src=\"https:\/\/agora.xtec.cat\/ceip-agaudi-castelldefels\/wp-content\/uploads\/usu1623\/2025\/02\/hort-1.jpg\" data-id=\"5539\" data-original-link=\"https:\/\/agora.xtec.cat\/ceip-agaudi-castelldefels\/wp-content\/uploads\/usu1623\/2025\/02\/hort-1.jpg\" class=\"wp-block-getwid-images-slider__image wp-image-5539\" srcset=\"https:\/\/agora.xtec.cat\/ceip-agaudi-castelldefels\/wp-content\/uploads\/usu1623\/2025\/02\/hort-1.jpg 1600w, https:\/\/agora.xtec.cat\/ceip-agaudi-castelldefels\/wp-content\/uploads\/usu1623\/2025\/02\/hort-1-300x225.jpg 300w, https:\/\/agora.xtec.cat\/ceip-agaudi-castelldefels\/wp-content\/uploads\/usu1623\/2025\/02\/hort-1-1024x768.jpg 1024w, https:\/\/agora.xtec.cat\/ceip-agaudi-castelldefels\/wp-content\/uploads\/usu1623\/2025\/02\/hort-1-768x576.jpg 768w, https:\/\/agora.xtec.cat\/ceip-agaudi-castelldefels\/wp-content\/uploads\/usu1623\/2025\/02\/hort-1-1536x1152.jpg 1536w\" sizes=\"auto, (max-width: 1600px) 100vw, 1600px\" \/><\/figure><\/div><div class=\"wp-block-getwid-images-slider__item\"><figure><img loading=\"lazy\" decoding=\"async\" width=\"766\" height=\"767\" src=\"https:\/\/agora.xtec.cat\/ceip-agaudi-castelldefels\/wp-content\/uploads\/usu1623\/2025\/01\/hort.jpg\" data-id=\"5117\" data-original-link=\"https:\/\/agora.xtec.cat\/ceip-agaudi-castelldefels\/wp-content\/uploads\/usu1623\/2025\/01\/hort.jpg\" class=\"wp-block-getwid-images-slider__image wp-image-5117\" srcset=\"https:\/\/agora.xtec.cat\/ceip-agaudi-castelldefels\/wp-content\/uploads\/usu1623\/2025\/01\/hort.jpg 766w, https:\/\/agora.xtec.cat\/ceip-agaudi-castelldefels\/wp-content\/uploads\/usu1623\/2025\/01\/hort-300x300.jpg 300w, https:\/\/agora.xtec.cat\/ceip-agaudi-castelldefels\/wp-content\/uploads\/usu1623\/2025\/01\/hort-150x150.jpg 150w\" sizes=\"auto, (max-width: 766px) 100vw, 766px\" \/><\/figure><\/div><div class=\"wp-block-getwid-images-slider__item\"><figure><img loading=\"lazy\" decoding=\"async\" width=\"439\" height=\"475\" src=\"https:\/\/agora.xtec.cat\/ceip-agaudi-castelldefels\/wp-content\/uploads\/usu1623\/2025\/01\/hort02.jpg\" data-id=\"5338\" data-original-link=\"https:\/\/agora.xtec.cat\/ceip-agaudi-castelldefels\/wp-content\/uploads\/usu1623\/2025\/01\/hort02.jpg\" class=\"wp-block-getwid-images-slider__image wp-image-5338\" srcset=\"https:\/\/agora.xtec.cat\/ceip-agaudi-castelldefels\/wp-content\/uploads\/usu1623\/2025\/01\/hort02.jpg 439w, https:\/\/agora.xtec.cat\/ceip-agaudi-castelldefels\/wp-content\/uploads\/usu1623\/2025\/01\/hort02-277x300.jpg 277w\" sizes=\"auto, (max-width: 439px) 100vw, 439px\" \/><\/figure><\/div><div class=\"wp-block-getwid-images-slider__item\"><figure><img loading=\"lazy\" decoding=\"async\" width=\"1600\" height=\"1200\" src=\"https:\/\/agora.xtec.cat\/ceip-agaudi-castelldefels\/wp-content\/uploads\/usu1623\/2025\/02\/unnamed-1.jpg\" data-id=\"5546\" data-link=\"https:\/\/agora.xtec.cat\/ceip-agaudi-castelldefels\/lhort\/attachment\/unnamed-1\/\" data-original-link=\"https:\/\/agora.xtec.cat\/ceip-agaudi-castelldefels\/wp-content\/uploads\/usu1623\/2025\/02\/unnamed-1.jpg\" class=\"wp-block-getwid-images-slider__image wp-image-5546\" srcset=\"https:\/\/agora.xtec.cat\/ceip-agaudi-castelldefels\/wp-content\/uploads\/usu1623\/2025\/02\/unnamed-1.jpg 1600w, https:\/\/agora.xtec.cat\/ceip-agaudi-castelldefels\/wp-content\/uploads\/usu1623\/2025\/02\/unnamed-1-300x225.jpg 300w, https:\/\/agora.xtec.cat\/ceip-agaudi-castelldefels\/wp-content\/uploads\/usu1623\/2025\/02\/unnamed-1-1024x768.jpg 1024w, https:\/\/agora.xtec.cat\/ceip-agaudi-castelldefels\/wp-content\/uploads\/usu1623\/2025\/02\/unnamed-1-768x576.jpg 768w, https:\/\/agora.xtec.cat\/ceip-agaudi-castelldefels\/wp-content\/uploads\/usu1623\/2025\/02\/unnamed-1-1536x1152.jpg 1536w\" sizes=\"auto, (max-width: 1600px) 100vw, 1600px\" \/><\/figure><\/div><\/div><\/div>\n\n\n\n<h3 class=\"wp-block-heading\"><strong>Un projecte compartit amb les fam\u00edlies<\/strong><\/h3>\n\n\n\n<p>El nostre hort tamb\u00e9 \u00e9s un punt de trobada per a les fam\u00edlies. Activitats com el <em>Concurs d\u2019amanides<\/em> o el <em>Receptari de temporada del Gaud\u00ed<\/em> promouen la creativitat i el vincle entre l\u2019escola i la comunitat. Tamb\u00e9 alguns familiars col\u00b7laboren espor\u00e0dicament en el seu manteniment o aportant propostes o incl\u00fas planter o llavors.<\/p>\n\n\n\n<h3 class=\"wp-block-heading\"><strong>Cap a una escola m\u00e9s sostenible<\/strong><\/h3>\n\n\n\n<p>El projecte de l\u2019hort forma part d\u2019una iniciativa m\u00e9s \u00e0mplia per millorar la sostenibilitat a l\u2019escola. Hem introdu\u00eft contenidors de reciclatge (groc i blau) en espais comuns, creat el c\u00e0rrec de sostenibilitat per a l\u2019alumnat i fomentat el compostatge de restes org\u00e0niques.<\/p>\n\n\n\n<p>Des de l\u2019Escola Gaud\u00ed, continuarem cuidant aquest espai que tant ens ensenya i que ja s\u2019ha convertit en un dels pilars del nostre projecte educatiu.<\/p>\n\n\n\n<p><strong>Gr\u00e0cies a tots els que hi participeu i feu cr\u00e9ixer l\u2019hort&#8230; i la nostra comunitat!<\/strong> \ud83c\udf31<\/p>\n","protected":false},"excerpt":{"rendered":"<p>A l\u2019Escola Gaud\u00ed, creiem que l\u2019educaci\u00f3 va m\u00e9s enll\u00e0 de les aules, i el nostre hort escolar n\u2019\u00e9s un exemple [&hellip;]<\/p>\n","protected":false},"author":5,"featured_media":0,"parent":671,"menu_order":0,"comment_status":"closed","ping_status":"close","template":"","meta":{"_bbp_topic_count":0,"_bbp_reply_count":0,"_bbp_total_topic_count":0,"_bbp_total_reply_count":0,"_bbp_voice_count":0,"_bbp_anonymous_reply_count":0,"_bbp_topic_count_hidden":0,"_bbp_reply_count_hidden":0,"_bbp_forum_subforum_count":0,"site-sidebar-layout":"default","site-content-layout":"","ast-site-content-layout":"default","site-content-style":"default","site-sidebar-style":"default","ast-global-header-display":"","ast-banner-title-visibility":"","ast-main-header-display":"","ast-hfb-above-header-display":"","ast-hfb-below-header-display":"","ast-hfb-mobile-header-display":"","site-post-title":"","ast-breadcrumbs-content":"","ast-featured-img":"","footer-sml-layout":"","theme-transparent-header-meta":"","adv-header-id-meta":"","stick-header-meta":"","header-above-stick-meta":"","header-main-stick-meta":"","header-below-stick-meta":"","astra-migrate-meta-layouts":"set","ast-page-background-enabled":"default","ast-page-background-meta":{"desktop":{"background-color":"var(--ast-global-color-4)","background-image":"","background-repeat":"repeat","background-position":"center center","background-size":"auto","background-attachment":"scroll","background-type":"","background-media":"","overlay-type":"","overlay-color":"","overlay-opacity":"","overlay-gradient":""},"tablet":{"background-color":"","background-image":"","background-repeat":"repeat","background-position":"center center","background-size":"auto","background-attachment":"scroll","background-type":"","background-media":"","overlay-type":"","overlay-color":"","overlay-opacity":"","overlay-gradient":""},"mobile":{"background-color":"","background-image":"","background-repeat":"repeat","background-position":"center center","background-size":"auto","background-attachment":"scroll","background-type":"","background-media":"","overlay-type":"","overlay-color":"","overlay-opacity":"","overlay-gradient":""}},"ast-content-background-meta":{"desktop":{"background-color":"var(--ast-global-color-5)","background-image":"","background-repeat":"repeat","background-position":"center center","background-size":"auto","background-attachment":"scroll","background-type":"","background-media":"","overlay-type":"","overlay-color":"","overlay-opacity":"","overlay-gradient":""},"tablet":{"background-color":"var(--ast-global-color-5)","background-image":"","background-repeat":"repeat","background-position":"center center","background-size":"auto","background-attachment":"scroll","background-type":"","background-media":"","overlay-type":"","overlay-color":"","overlay-opacity":"","overlay-gradient":""},"mobile":{"background-color":"var(--ast-global-color-5)","background-image":"","background-repeat":"repeat","background-position":"center center","background-size":"auto","background-attachment":"scroll","background-type":"","background-media":"","overlay-type":"","overlay-color":"","overlay-opacity":"","overlay-gradient":""}},"footnotes":""},"class_list":["post-5537","page","type-page","status-publish","hentry"],"post_mailing_queue_ids":[],"_links":{"self":[{"href":"https:\/\/agora.xtec.cat\/ceip-agaudi-castelldefels\/wp-json\/wp\/v2\/pages\/5537","targetHints":{"allow":["GET"]}}],"collection":[{"href":"https:\/\/agora.xtec.cat\/ceip-agaudi-castelldefels\/wp-json\/wp\/v2\/pages"}],"about":[{"href":"https:\/\/agora.xtec.cat\/ceip-agaudi-castelldefels\/wp-json\/wp\/v2\/types\/page"}],"author":[{"embeddable":true,"href":"https:\/\/agora.xtec.cat\/ceip-agaudi-castelldefels\/wp-json\/wp\/v2\/users\/5"}],"replies":[{"embeddable":true,"href":"https:\/\/agora.xtec.cat\/ceip-agaudi-castelldefels\/wp-json\/wp\/v2\/comments?post=5537"}],"version-history":[{"count":6,"href":"https:\/\/agora.xtec.cat\/ceip-agaudi-castelldefels\/wp-json\/wp\/v2\/pages\/5537\/revisions"}],"predecessor-version":[{"id":5827,"href":"https:\/\/agora.xtec.cat\/ceip-agaudi-castelldefels\/wp-json\/wp\/v2\/pages\/5537\/revisions\/5827"}],"up":[{"embeddable":true,"href":"https:\/\/agora.xtec.cat\/ceip-agaudi-castelldefels\/wp-json\/wp\/v2\/pages\/671"}],"wp:attachment":[{"href":"https:\/\/agora.xtec.cat\/ceip-agaudi-castelldefels\/wp-json\/wp\/v2\/media?parent=5537"}],"curies":[{"name":"wp","href":"https:\/\/api.w.org\/{rel}","templated":true}]}}