{"id":495,"date":"2017-01-17T16:12:51","date_gmt":"2017-01-17T15:12:51","guid":{"rendered":"http:\/\/agora.xtec.cat\/ceip-agaudi-castelldefels\/?page_id=495"},"modified":"2020-09-16T20:42:33","modified_gmt":"2020-09-16T18:42:33","slug":"permanencia","status":"publish","type":"page","link":"https:\/\/agora.xtec.cat\/ceip-agaudi-castelldefels\/serveis\/permanencia\/","title":{"rendered":"Perman\u00e8ncia"},"content":{"rendered":"<p><span lang=\"CA\">El servei de perman\u00e8ncia \u00e9s de 16:30 a 18:00 hores. Per a qualsevol informaci\u00f3 dirigiu-vos a la Sra. Elisabeth S\u00e1nchez al tel\u00e8fon 639.623.625, de 9 a 10 hores de dilluns a divendres<\/span><\/p>\n<p><span lang=\"CA\"><a href=\"mailto:elisabeth.sanchez@eurest-colectividades.com\">elisabeth.sanchez@eurest.es<\/a><\/span><\/p>\n<p>&nbsp;<\/p>\n<p><span lang=\"CA\">Activitats INFANTIL<\/span><\/p>\n<table dir=\"ltr\" border=\"1\" width=\"581\" cellspacing=\"1\" cellpadding=\"4\">\n<tbody>\n<tr>\n<td valign=\"top\" width=\"13%\"><\/td>\n<td valign=\"top\" width=\"17%\">\n<p align=\"center\">dilluns<\/p>\n<p>&nbsp;<\/td>\n<td valign=\"top\" width=\"18%\">\n<p align=\"center\">dimarts<\/p>\n<p>&nbsp;<\/td>\n<td valign=\"top\" width=\"17%\">\n<p align=\"center\">dimecres<\/p>\n<p>&nbsp;<\/td>\n<td valign=\"top\" width=\"18%\">\n<p align=\"center\">dijous<\/p>\n<p>&nbsp;<\/td>\n<td valign=\"top\" width=\"18%\">\n<p align=\"center\">divendres<\/p>\n<p>&nbsp;<\/td>\n<\/tr>\n<tr>\n<td valign=\"top\" width=\"13%\" height=\"37\">\n<p align=\"center\">P3<\/p>\n<p>&nbsp;<\/td>\n<td valign=\"top\" width=\"17%\" height=\"37\">\n<p align=\"center\">Migdiada<\/p>\n<p>&nbsp;<\/td>\n<td valign=\"top\" width=\"18%\" height=\"37\">\n<p align=\"center\">Migdiada<\/p>\n<p>&nbsp;<\/td>\n<td valign=\"top\" width=\"17%\" height=\"37\">\n<p align=\"center\">Migdiada<\/p>\n<p>&nbsp;<\/td>\n<td valign=\"top\" width=\"18%\" height=\"37\">\n<p align=\"center\">Migdiada<\/p>\n<p>&nbsp;<\/td>\n<td valign=\"top\" width=\"18%\" height=\"37\">\n<p align=\"center\">Migdiada<\/p>\n<p>&nbsp;<\/td>\n<\/tr>\n<tr>\n<td valign=\"top\" width=\"13%\" height=\"37\">\n<p align=\"center\">P4<\/p>\n<p>&nbsp;<\/td>\n<td valign=\"top\" width=\"17%\" height=\"37\">\n<p align=\"center\">Joc Lliure<\/p>\n<p>&nbsp;<\/td>\n<td valign=\"top\" width=\"18%\" height=\"37\">\n<p align=\"center\">Jocs de pilota i moviment<\/p>\n<p>&nbsp;<\/td>\n<td valign=\"top\" width=\"17%\" height=\"37\">\n<p align=\"center\">Treball d\u2019h\u00e0bits<\/p>\n<p>&nbsp;<\/td>\n<td valign=\"top\" width=\"18%\" height=\"37\">\n<p align=\"center\">Jocs animats i de din\u00e0mica de grup<\/p>\n<p>&nbsp;<\/td>\n<td valign=\"top\" width=\"18%\" height=\"37\">\n<p align=\"center\">Musica o video un cop al mes<\/p>\n<p>&nbsp;<\/td>\n<\/tr>\n<tr>\n<td valign=\"top\" width=\"13%\" height=\"37\">\n<p align=\"center\">P5<\/p>\n<p>&nbsp;<\/td>\n<td valign=\"top\" width=\"17%\" height=\"37\"><span lang=\"CA\">Jocs lliure<\/span><\/td>\n<td valign=\"top\" width=\"18%\" height=\"37\">\n<p align=\"center\">Jocs animats i de din\u00e0mica de grup<\/p>\n<p>&nbsp;<\/td>\n<td valign=\"top\" width=\"17%\" height=\"37\">\n<p align=\"center\">Treball d\u2019h\u00e0bits<\/p>\n<p>&nbsp;<\/td>\n<td valign=\"top\" width=\"18%\" height=\"37\">\n<p align=\"center\">Jocs de pilota i moviment<\/p>\n<p>&nbsp;<\/td>\n<td valign=\"top\" width=\"18%\" height=\"37\">\n<p align=\"center\">M\u00fasica<\/p>\n<p align=\"center\">o<\/p>\n<p align=\"center\">V\u00eddeo<\/p>\n<p align=\"center\">Un cop al mes<\/p>\n<p>&nbsp;<\/td>\n<\/tr>\n<\/tbody>\n<\/table>\n<p><span lang=\"CA\">Activitats per CICLE INICIAL<\/span><\/p>\n<table dir=\"ltr\" border=\"1\" width=\"581\" cellspacing=\"1\" cellpadding=\"4\">\n<tbody>\n<tr>\n<td valign=\"top\" width=\"11%\"><\/td>\n<td valign=\"top\" width=\"15%\">\n<p align=\"center\">dilluns<\/p>\n<p>&nbsp;<\/td>\n<td valign=\"top\" width=\"24%\">\n<p align=\"center\">dimarts<\/p>\n<p>&nbsp;<\/td>\n<td valign=\"top\" width=\"16%\">\n<p align=\"center\">dimecres<\/p>\n<p>&nbsp;<\/td>\n<td valign=\"top\" width=\"16%\">\n<p align=\"center\">dijous<\/p>\n<p>&nbsp;<\/td>\n<td valign=\"top\" width=\"19%\">\n<p align=\"center\">divendres<\/p>\n<p>&nbsp;<\/td>\n<\/tr>\n<tr>\n<td valign=\"top\" width=\"11%\" height=\"37\">\n<p align=\"center\">1r<\/p>\n<p>&nbsp;<\/td>\n<td valign=\"top\" width=\"15%\" height=\"37\">\n<p align=\"center\">Futbol<\/p>\n<p>&nbsp;<\/td>\n<td valign=\"top\" width=\"24%\" height=\"37\">\n<p align=\"center\">Jocs organitzats<\/p>\n<p align=\"center\">POLIESPORTIU<\/p>\n<p>&nbsp;<\/td>\n<td valign=\"top\" width=\"16%\" height=\"37\">\n<p align=\"center\">Joc Lliure<\/p>\n<p>&nbsp;<\/td>\n<td valign=\"top\" width=\"16%\" height=\"37\">\n<p align=\"center\">M\u00fasica, dansa,\u2026<\/p>\n<p>&nbsp;<\/td>\n<td valign=\"top\" width=\"19%\" height=\"37\">\n<p align=\"center\">Jocs dirigits<\/p>\n<p>&nbsp;<\/td>\n<\/tr>\n<tr>\n<td valign=\"top\" width=\"11%\" height=\"37\">\n<p align=\"center\">2n<\/p>\n<p>&nbsp;<\/td>\n<td valign=\"top\" width=\"15%\" height=\"37\">\n<p align=\"center\">Joc Lliure<\/p>\n<p>&nbsp;<\/td>\n<td valign=\"top\" width=\"24%\" height=\"37\">\n<p align=\"center\">Jocs organitzats<\/p>\n<p align=\"center\">POLIESPORTIU<\/p>\n<p>&nbsp;<\/td>\n<td valign=\"top\" width=\"16%\" height=\"37\">\n<p align=\"center\">Futbol<\/p>\n<p>&nbsp;<\/td>\n<td valign=\"top\" width=\"16%\" height=\"37\">\n<p align=\"center\">Jocs dirigits<\/p>\n<p>&nbsp;<\/td>\n<td valign=\"top\" width=\"19%\" height=\"37\">\n<p align=\"center\">Competicions<\/p>\n<p align=\"center\">esportives<\/p>\n<p>&nbsp;<\/td>\n<\/tr>\n<\/tbody>\n<\/table>\n<p><span lang=\"CA\">Activitats per CICLE MITJ\u00c0<\/span><\/p>\n<table dir=\"ltr\" border=\"1\" width=\"581\" cellspacing=\"1\" cellpadding=\"4\">\n<tbody>\n<tr>\n<td valign=\"top\" width=\"11%\"><\/td>\n<td valign=\"top\" width=\"24%\">\n<p align=\"center\">dilluns<\/p>\n<p>&nbsp;<\/td>\n<td valign=\"top\" width=\"16%\">\n<p align=\"center\">dimarts<\/p>\n<p>&nbsp;<\/td>\n<td valign=\"top\" width=\"17%\">\n<p align=\"center\">dimecres<\/p>\n<p>&nbsp;<\/td>\n<td valign=\"top\" width=\"16%\">\n<p align=\"center\">dijous<\/p>\n<p>&nbsp;<\/td>\n<td valign=\"top\" width=\"17%\">\n<p align=\"center\">divendres<\/p>\n<p>&nbsp;<\/td>\n<\/tr>\n<tr>\n<td valign=\"top\" width=\"11%\" height=\"37\">\n<p align=\"center\">3r<\/p>\n<p>&nbsp;<\/td>\n<td valign=\"top\" width=\"24%\" height=\"37\">\n<p align=\"center\">Jocs organitzats<\/p>\n<p align=\"center\">POLIESPORTIU<\/p>\n<p>&nbsp;<\/td>\n<td valign=\"top\" width=\"16%\" height=\"37\"><span lang=\"CA\">Basquet<\/span><\/td>\n<td valign=\"top\" width=\"17%\" height=\"37\">\n<p align=\"center\">Futbol<\/p>\n<p>&nbsp;<\/td>\n<td valign=\"top\" width=\"16%\" height=\"37\">\n<p align=\"center\">Tennis-taula<\/p>\n<p>&nbsp;<\/td>\n<td valign=\"top\" width=\"17%\" height=\"37\">\n<p align=\"center\">Joc Lliure<\/p>\n<p>&nbsp;<\/td>\n<\/tr>\n<tr>\n<td valign=\"top\" width=\"11%\" height=\"37\">\n<p align=\"center\">4t<\/p>\n<p>&nbsp;<\/td>\n<td valign=\"top\" width=\"24%\" height=\"37\">\n<p align=\"center\">Futbol<\/p>\n<p>&nbsp;<\/td>\n<td valign=\"top\" width=\"16%\" height=\"37\">\n<p align=\"center\">Tennnis-taula<\/p>\n<p>&nbsp;<\/td>\n<td valign=\"top\" width=\"17%\" height=\"37\">\n<p align=\"center\">Poliesportiu<\/p>\n<p>&nbsp;<\/td>\n<td valign=\"top\" width=\"16%\" height=\"37\">\n<p align=\"center\">Jocs lliure<\/p>\n<p>&nbsp;<\/td>\n<td valign=\"top\" width=\"17%\" height=\"37\">\n<p align=\"center\">Basquet<\/p>\n<p>&nbsp;<\/td>\n<\/tr>\n<\/tbody>\n<\/table>\n<p><span lang=\"CA\">Activitats per CICLE SUPERIOR<\/span><\/p>\n<table dir=\"ltr\" border=\"1\" width=\"581\" cellspacing=\"1\" cellpadding=\"4\">\n<tbody>\n<tr>\n<td valign=\"top\" width=\"13%\"><\/td>\n<td valign=\"top\" width=\"17%\">\n<p align=\"center\">dilluns<\/p>\n<p>&nbsp;<\/td>\n<td valign=\"top\" width=\"18%\">\n<p align=\"center\">dimarts<\/p>\n<p>&nbsp;<\/td>\n<td valign=\"top\" width=\"17%\">\n<p align=\"center\">dimecres<\/p>\n<p>&nbsp;<\/td>\n<td valign=\"top\" width=\"18%\">\n<p align=\"center\">dijous<\/p>\n<p>&nbsp;<\/td>\n<td valign=\"top\" width=\"18%\">\n<p align=\"center\">divendres<\/p>\n<p>&nbsp;<\/td>\n<\/tr>\n<tr>\n<td valign=\"top\" width=\"13%\" height=\"37\">\n<p align=\"center\">5\u00e8<\/p>\n<p>&nbsp;<\/td>\n<td valign=\"top\" width=\"17%\" height=\"37\">\n<p align=\"center\">Tennis-taula<\/p>\n<p>&nbsp;<\/td>\n<td valign=\"top\" width=\"18%\" height=\"37\">\n<p align=\"center\">Basquet<\/p>\n<p>&nbsp;<\/td>\n<td valign=\"top\" width=\"17%\" height=\"37\">\n<p align=\"center\">Jocs lliure<\/p>\n<p>&nbsp;<\/td>\n<td valign=\"top\" width=\"18%\" height=\"37\">\n<p align=\"center\">Poliesportiu<\/p>\n<p>&nbsp;<\/td>\n<td valign=\"top\" width=\"18%\" height=\"37\">\n<p align=\"center\">Futbol<\/p>\n<p>&nbsp;<\/td>\n<\/tr>\n<tr>\n<td valign=\"top\" width=\"13%\" height=\"37\">\n<p align=\"center\">6\u00e8<\/p>\n<p>&nbsp;<\/td>\n<td valign=\"top\" width=\"17%\" height=\"37\">\n<p align=\"center\">Basquet<\/p>\n<p>&nbsp;<\/td>\n<td valign=\"top\" width=\"18%\" height=\"37\">\n<p align=\"center\">Jocs lliure<\/p>\n<p>&nbsp;<\/td>\n<td valign=\"top\" width=\"17%\" height=\"37\">\n<p align=\"center\">Tennis taula<\/p>\n<p>&nbsp;<\/td>\n<td valign=\"top\" width=\"18%\" height=\"37\">\n<p align=\"center\">Futbol<\/p>\n<p>&nbsp;<\/td>\n<td valign=\"top\" width=\"18%\" height=\"37\">\n<p align=\"center\">Poliesportiu badminton<\/p>\n<p>v<\/td>\n<\/tr>\n<\/tbody>\n<\/table>\n","protected":false},"excerpt":{"rendered":"<p>El servei de perman\u00e8ncia \u00e9s de 16:30 a 18:00 hores. Per a qualsevol informaci\u00f3 dirigiu-vos a la Sra. Elisabeth S\u00e1nchez [&hellip;]<\/p>\n","protected":false},"author":1,"featured_media":0,"parent":466,"menu_order":0,"comment_status":"closed","ping_status":"closed","template":"","meta":{"_bbp_topic_count":0,"_bbp_reply_count":0,"_bbp_total_topic_count":0,"_bbp_total_reply_count":0,"_bbp_voice_count":0,"_bbp_anonymous_reply_count":0,"_bbp_topic_count_hidden":0,"_bbp_reply_count_hidden":0,"_bbp_forum_subforum_count":0,"site-sidebar-layout":"default","site-content-layout":"","ast-site-content-layout":"","site-content-style":"default","site-sidebar-style":"default","ast-global-header-display":"","ast-banner-title-visibility":"","ast-main-header-display":"","ast-hfb-above-header-display":"","ast-hfb-below-header-display":"","ast-hfb-mobile-header-display":"","site-post-title":"","ast-breadcrumbs-content":"","ast-featured-img":"","footer-sml-layout":"","theme-transparent-header-meta":"","adv-header-id-meta":"","stick-header-meta":"","header-above-stick-meta":"","header-main-stick-meta":"","header-below-stick-meta":"","astra-migrate-meta-layouts":"default","ast-page-background-enabled":"default","ast-page-background-meta":{"desktop":{"background-color":"var(--ast-global-color-4)","background-image":"","background-repeat":"repeat","background-position":"center center","background-size":"auto","background-attachment":"scroll","background-type":"","background-media":"","overlay-type":"","overlay-color":"","overlay-opacity":"","overlay-gradient":""},"tablet":{"background-color":"","background-image":"","background-repeat":"repeat","background-position":"center center","background-size":"auto","background-attachment":"scroll","background-type":"","background-media":"","overlay-type":"","overlay-color":"","overlay-opacity":"","overlay-gradient":""},"mobile":{"background-color":"","background-image":"","background-repeat":"repeat","background-position":"center center","background-size":"auto","background-attachment":"scroll","background-type":"","background-media":"","overlay-type":"","overlay-color":"","overlay-opacity":"","overlay-gradient":""}},"ast-content-background-meta":{"desktop":{"background-color":"var(--ast-global-color-5)","background-image":"","background-repeat":"repeat","background-position":"center center","background-size":"auto","background-attachment":"scroll","background-type":"","background-media":"","overlay-type":"","overlay-color":"","overlay-opacity":"","overlay-gradient":""},"tablet":{"background-color":"var(--ast-global-color-5)","background-image":"","background-repeat":"repeat","background-position":"center center","background-size":"auto","background-attachment":"scroll","background-type":"","background-media":"","overlay-type":"","overlay-color":"","overlay-opacity":"","overlay-gradient":""},"mobile":{"background-color":"var(--ast-global-color-5)","background-image":"","background-repeat":"repeat","background-position":"center center","background-size":"auto","background-attachment":"scroll","background-type":"","background-media":"","overlay-type":"","overlay-color":"","overlay-opacity":"","overlay-gradient":""}},"footnotes":""},"class_list":["post-495","page","type-page","status-publish","hentry"],"post_mailing_queue_ids":[],"_links":{"self":[{"href":"https:\/\/agora.xtec.cat\/ceip-agaudi-castelldefels\/wp-json\/wp\/v2\/pages\/495","targetHints":{"allow":["GET"]}}],"collection":[{"href":"https:\/\/agora.xtec.cat\/ceip-agaudi-castelldefels\/wp-json\/wp\/v2\/pages"}],"about":[{"href":"https:\/\/agora.xtec.cat\/ceip-agaudi-castelldefels\/wp-json\/wp\/v2\/types\/page"}],"author":[{"embeddable":true,"href":"https:\/\/agora.xtec.cat\/ceip-agaudi-castelldefels\/wp-json\/wp\/v2\/users\/1"}],"replies":[{"embeddable":true,"href":"https:\/\/agora.xtec.cat\/ceip-agaudi-castelldefels\/wp-json\/wp\/v2\/comments?post=495"}],"version-history":[{"count":3,"href":"https:\/\/agora.xtec.cat\/ceip-agaudi-castelldefels\/wp-json\/wp\/v2\/pages\/495\/revisions"}],"predecessor-version":[{"id":1817,"href":"https:\/\/agora.xtec.cat\/ceip-agaudi-castelldefels\/wp-json\/wp\/v2\/pages\/495\/revisions\/1817"}],"up":[{"embeddable":true,"href":"https:\/\/agora.xtec.cat\/ceip-agaudi-castelldefels\/wp-json\/wp\/v2\/pages\/466"}],"wp:attachment":[{"href":"https:\/\/agora.xtec.cat\/ceip-agaudi-castelldefels\/wp-json\/wp\/v2\/media?parent=495"}],"curies":[{"name":"wp","href":"https:\/\/api.w.org\/{rel}","templated":true}]}}