{"id":470,"date":"2017-01-17T16:04:21","date_gmt":"2017-01-17T15:04:21","guid":{"rendered":"http:\/\/agora.xtec.cat\/ceip-agaudi-castelldefels\/?page_id=470"},"modified":"2025-09-23T13:30:58","modified_gmt":"2025-09-23T11:30:58","slug":"carta-de-compromis","status":"publish","type":"page","link":"https:\/\/agora.xtec.cat\/ceip-agaudi-castelldefels\/lescola\/carta-de-compromis\/","title":{"rendered":"Carta de comprom\u00eds"},"content":{"rendered":"<p><strong>1.<\/strong> Respectar el car\u00e0cter propi del centre i recon\u00e8ixer l\u2019autoritat del professorat, la de l\u2019<br \/>\nequip directiu i dem\u00e9s personal del centre.<br \/>\n<strong>2.<\/strong> Educar al fill\/a en el respecte cap als seus mestres i la seva autoritat.<br \/>\n<strong>3.<\/strong> Educar en el respecte vers als altres companys, i adre\u00e7ar-se al centre per resoldre els<br \/>\nproblemes de conviv\u00e8ncia que poguessin sorgir.<br \/>\n<strong>4.<\/strong> Interessar-se per les activitats de l\u2019associaci\u00f3 de pares i mares del centre i poder<br \/>\naportar idees, propostes i col\u00b7laboraci\u00f3, si s\u2019escau, pel seu bon funcionament.<br \/>\n<strong>5.<\/strong> Incentivar al fill\/a perqu\u00e8 pugui participar amb tota llibertat, a les diferents activitats<br \/>\nescolars que \u00e9s desenvolupin en el centre.<br \/>\n<strong>6.<\/strong> Inculcar al fill\/a el respecte als materials, instal\u00b7lacions escolars i el compliment de les<br \/>\nnormes del centre.<br \/>\n<strong>7.<\/strong> Atendre que el fill\/a arribi a classe amb puntualitat i vigilar la seva assist\u00e8ncia, aix\u00ed com<br \/>\nla seva higiene personal.<br \/>\n<strong>8.<\/strong> Mantenir una comunicaci\u00f3 constant i directe amb el professorat, tutors, direcci\u00f3, etc.<br \/>\nAix\u00ed com acudir a les diferents reunions que es desenvolupin a l\u2019escola.<br \/>\n<strong>9.<\/strong> Adre\u00e7ar-se directament al centre per contrastar les discrep\u00e0ncies, coincid\u00e8ncies o<br \/>\nsuggeriments en relaci\u00f3 amb l\u2019aplicaci\u00f3 del projecte educatiu.<br \/>\n<strong>10.<\/strong> Facilitar al centre les informacions del fill o filla que siguin rellevants per al proc\u00e9s<br \/>\nd\u2019aprenentatge.<br \/>\n<strong>11.<\/strong> Adoptar criteris i mesures que pugin afavorir el rendiment escolar del fill o filla.<br \/>\n<strong>12.<\/strong> Informar al fill o filla del contingut d\u2019 aquests compromisos.<\/p>\n<p style=\"text-align: left;\"><strong>13.<\/strong> Revisar conjuntament amb el centre educatiu el compliment del compromisos de la<br \/>\ncarta i si escau, el contingut.<\/p>\n<p style=\"text-align: center;\"><a href=\"https:\/\/drive.google.com\/file\/d\/1An4_uRRAH80JH27gbA77Jh5WIXB2m5cJ\/view?usp=sharing\" target=\"_blank\" rel=\"noopener\"><img loading=\"lazy\" decoding=\"async\" class=\"alignnone wp-image-551 size-medium\" src=\"http:\/\/agora.xtec.cat\/ceip-agaudi-castelldefels\/wp-content\/uploads\/usu1623\/2017\/01\/download_button-300x80.png\" alt=\"download_button\" width=\"300\" height=\"80\" \/><\/a><\/p>\n<p style=\"text-align: center;\">\n","protected":false},"excerpt":{"rendered":"<p>1. Respectar el car\u00e0cter propi del centre i recon\u00e8ixer l\u2019autoritat del professorat, la de l\u2019 equip directiu i dem\u00e9s personal [&hellip;]<\/p>\n","protected":false},"author":1,"featured_media":0,"parent":5085,"menu_order":0,"comment_status":"closed","ping_status":"closed","template":"","meta":{"_bbp_topic_count":0,"_bbp_reply_count":0,"_bbp_total_topic_count":0,"_bbp_total_reply_count":0,"_bbp_voice_count":0,"_bbp_anonymous_reply_count":0,"_bbp_topic_count_hidden":0,"_bbp_reply_count_hidden":0,"_bbp_forum_subforum_count":0,"site-sidebar-layout":"default","site-content-layout":"","ast-site-content-layout":"default","site-content-style":"default","site-sidebar-style":"default","ast-global-header-display":"","ast-banner-title-visibility":"","ast-main-header-display":"","ast-hfb-above-header-display":"","ast-hfb-below-header-display":"","ast-hfb-mobile-header-display":"","site-post-title":"","ast-breadcrumbs-content":"","ast-featured-img":"","footer-sml-layout":"","theme-transparent-header-meta":"","adv-header-id-meta":"","stick-header-meta":"","header-above-stick-meta":"","header-main-stick-meta":"","header-below-stick-meta":"","astra-migrate-meta-layouts":"set","ast-page-background-enabled":"default","ast-page-background-meta":{"desktop":{"background-color":"var(--ast-global-color-4)","background-image":"","background-repeat":"repeat","background-position":"center center","background-size":"auto","background-attachment":"scroll","background-type":"","background-media":"","overlay-type":"","overlay-color":"","overlay-opacity":"","overlay-gradient":""},"tablet":{"background-color":"","background-image":"","background-repeat":"repeat","background-position":"center center","background-size":"auto","background-attachment":"scroll","background-type":"","background-media":"","overlay-type":"","overlay-color":"","overlay-opacity":"","overlay-gradient":""},"mobile":{"background-color":"","background-image":"","background-repeat":"repeat","background-position":"center center","background-size":"auto","background-attachment":"scroll","background-type":"","background-media":"","overlay-type":"","overlay-color":"","overlay-opacity":"","overlay-gradient":""}},"ast-content-background-meta":{"desktop":{"background-color":"var(--ast-global-color-5)","background-image":"","background-repeat":"repeat","background-position":"center center","background-size":"auto","background-attachment":"scroll","background-type":"","background-media":"","overlay-type":"","overlay-color":"","overlay-opacity":"","overlay-gradient":""},"tablet":{"background-color":"var(--ast-global-color-5)","background-image":"","background-repeat":"repeat","background-position":"center center","background-size":"auto","background-attachment":"scroll","background-type":"","background-media":"","overlay-type":"","overlay-color":"","overlay-opacity":"","overlay-gradient":""},"mobile":{"background-color":"var(--ast-global-color-5)","background-image":"","background-repeat":"repeat","background-position":"center center","background-size":"auto","background-attachment":"scroll","background-type":"","background-media":"","overlay-type":"","overlay-color":"","overlay-opacity":"","overlay-gradient":""}},"footnotes":""},"class_list":["post-470","page","type-page","status-publish","hentry"],"post_mailing_queue_ids":[],"_links":{"self":[{"href":"https:\/\/agora.xtec.cat\/ceip-agaudi-castelldefels\/wp-json\/wp\/v2\/pages\/470","targetHints":{"allow":["GET"]}}],"collection":[{"href":"https:\/\/agora.xtec.cat\/ceip-agaudi-castelldefels\/wp-json\/wp\/v2\/pages"}],"about":[{"href":"https:\/\/agora.xtec.cat\/ceip-agaudi-castelldefels\/wp-json\/wp\/v2\/types\/page"}],"author":[{"embeddable":true,"href":"https:\/\/agora.xtec.cat\/ceip-agaudi-castelldefels\/wp-json\/wp\/v2\/users\/1"}],"replies":[{"embeddable":true,"href":"https:\/\/agora.xtec.cat\/ceip-agaudi-castelldefels\/wp-json\/wp\/v2\/comments?post=470"}],"version-history":[{"count":4,"href":"https:\/\/agora.xtec.cat\/ceip-agaudi-castelldefels\/wp-json\/wp\/v2\/pages\/470\/revisions"}],"predecessor-version":[{"id":6297,"href":"https:\/\/agora.xtec.cat\/ceip-agaudi-castelldefels\/wp-json\/wp\/v2\/pages\/470\/revisions\/6297"}],"up":[{"embeddable":true,"href":"https:\/\/agora.xtec.cat\/ceip-agaudi-castelldefels\/wp-json\/wp\/v2\/pages\/5085"}],"wp:attachment":[{"href":"https:\/\/agora.xtec.cat\/ceip-agaudi-castelldefels\/wp-json\/wp\/v2\/media?parent=470"}],"curies":[{"name":"wp","href":"https:\/\/api.w.org\/{rel}","templated":true}]}}