{"id":459,"date":"2017-01-17T15:58:21","date_gmt":"2017-01-17T14:58:21","guid":{"rendered":"http:\/\/agora.xtec.cat\/ceip-agaudi-castelldefels\/?page_id=459"},"modified":"2025-02-24T12:05:46","modified_gmt":"2025-02-24T11:05:46","slug":"informacio-general","status":"publish","type":"page","link":"https:\/\/agora.xtec.cat\/ceip-agaudi-castelldefels\/lescola\/informacio-general\/","title":{"rendered":"Informaci\u00f3 General"},"content":{"rendered":"<p><strong>Benvinguts \u2026 al nostre centre: Escola Antoni Gaud\u00ed!<\/strong><\/p>\n<p><strong>Aquesta \u00e9s una escola ubicada al barri de Bellamar, a la localitat de Castelldefels. \u00c9s un centre constru\u00eft a l\u2019any 2002 amb modernes instal\u00b7lacions.\u00a0<\/strong><\/p>\n<p><strong>Disposa de biblioteca, aula de m\u00fasica i \u00e0udio-visuals, aula d\u2019inform\u00e0tica,aula d\u2019arts pl\u00e0stiques, aula d\u2019angl\u00e8s, aules de desdoblament i refor\u00e7, tutories, polisportiu, aula de psicomotricitat, pistes esportives, zona l\u00fadica, menjador i cuina pr\u00f2pia.<\/strong><\/p>\n<h2><strong>Els nens i nenes assisteixen a l\u2019escola en el seg\u00fcent horari:<\/strong><\/h2>\n<table border=\"1\" cellspacing=\"0\" cellpadding=\"0\">\n<tbody>\n<tr>\n<td valign=\"top\" width=\"143\"><span lang=\"CA\">Educaci\u00f3 Infantil:<\/span><\/td>\n<td valign=\"top\" width=\"294\"><span lang=\"CA\">de 9 a 12:30 hores i de 15 a 16:30 hores.<\/span><\/td>\n<\/tr>\n<tr>\n<td valign=\"top\" width=\"143\"><span lang=\"CA\">Prim\u00e0ria:<\/span><\/td>\n<td valign=\"top\" width=\"294\"><span lang=\"CA\"><span lang=\"CA\">de 9 a 12:30 hores i de 15 a 16:30 hores.<\/span><\/span><\/td>\n<\/tr>\n<\/tbody>\n<\/table>\n<p style=\"text-align: center;\"><span lang=\"CA\">Benvinguts al Gaud\u00ed!<br \/>\nUs convidem a visitar la nostra p\u00e0gina web!<\/span><\/p>\n<p><a href=\"https:\/\/agora.xtec.cat\/ceip-agaudi-castelldefels\/wp-content\/uploads\/usu1623\/2016\/09\/Pro-mural-1.jpg\"><img loading=\"lazy\" decoding=\"async\" class=\"wp-image-693 aligncenter\" src=\"https:\/\/agora.xtec.cat\/ceip-agaudi-castelldefels\/wp-content\/uploads\/usu1623\/2016\/09\/Pro-mural-1-1024x683.jpg\" alt=\"\" width=\"450\" height=\"300\" srcset=\"https:\/\/agora.xtec.cat\/ceip-agaudi-castelldefels\/wp-content\/uploads\/usu1623\/2016\/09\/Pro-mural-1-1024x683.jpg 1024w, https:\/\/agora.xtec.cat\/ceip-agaudi-castelldefels\/wp-content\/uploads\/usu1623\/2016\/09\/Pro-mural-1-300x200.jpg 300w, https:\/\/agora.xtec.cat\/ceip-agaudi-castelldefels\/wp-content\/uploads\/usu1623\/2016\/09\/Pro-mural-1-768x512.jpg 768w, https:\/\/agora.xtec.cat\/ceip-agaudi-castelldefels\/wp-content\/uploads\/usu1623\/2016\/09\/Pro-mural-1.jpg 1200w\" sizes=\"auto, (max-width: 450px) 100vw, 450px\" \/><\/a><br \/>\n<a href=\"http:\/\/agora.xtec.cat\/ceip-agaudi-castelldefels\/informacio-general\/carta-de-compromis\/\"><img loading=\"lazy\" decoding=\"async\" class=\"alignnone wp-image-527 size-medium\" src=\"http:\/\/agora.xtec.cat\/ceip-agaudi-castelldefels\/wp-content\/uploads\/usu1623\/2017\/01\/carta_compromis-240x300.png\" alt=\"carta_compromis\" width=\"240\" height=\"300\" srcset=\"https:\/\/agora.xtec.cat\/ceip-agaudi-castelldefels\/wp-content\/uploads\/usu1623\/2017\/01\/carta_compromis-240x300.png 240w, https:\/\/agora.xtec.cat\/ceip-agaudi-castelldefels\/wp-content\/uploads\/usu1623\/2017\/01\/carta_compromis.png 400w\" sizes=\"auto, (max-width: 240px) 100vw, 240px\" \/><\/a> <a href=\"http:\/\/agora.xtec.cat\/ceip-agaudi-castelldefels\/informacio-general\/informacio-curs-2016-2017\/\"><img loading=\"lazy\" decoding=\"async\" class=\"alignnone wp-image-524 size-medium\" src=\"http:\/\/agora.xtec.cat\/ceip-agaudi-castelldefels\/wp-content\/uploads\/usu1623\/2017\/01\/informacio_curs-240x300.png\" alt=\"informacio_curs\" width=\"240\" height=\"300\" srcset=\"https:\/\/agora.xtec.cat\/ceip-agaudi-castelldefels\/wp-content\/uploads\/usu1623\/2017\/01\/informacio_curs-240x300.png 240w, https:\/\/agora.xtec.cat\/ceip-agaudi-castelldefels\/wp-content\/uploads\/usu1623\/2017\/01\/informacio_curs.png 400w\" sizes=\"auto, (max-width: 240px) 100vw, 240px\" \/><\/a> <a href=\"http:\/\/agora.xtec.cat\/ceip-agaudi-castelldefels\/informacio-general\/caracteristiques-centre\/\"><img loading=\"lazy\" decoding=\"async\" class=\"alignnone wp-image-528 size-medium\" src=\"http:\/\/agora.xtec.cat\/ceip-agaudi-castelldefels\/wp-content\/uploads\/usu1623\/2017\/01\/infocentre-240x300.png\" alt=\"infocentre\" width=\"240\" height=\"300\" srcset=\"https:\/\/agora.xtec.cat\/ceip-agaudi-castelldefels\/wp-content\/uploads\/usu1623\/2017\/01\/infocentre-240x300.png 240w, https:\/\/agora.xtec.cat\/ceip-agaudi-castelldefels\/wp-content\/uploads\/usu1623\/2017\/01\/infocentre.png 400w\" sizes=\"auto, (max-width: 240px) 100vw, 240px\" \/><\/a> <a href=\"http:\/\/agora.xtec.cat\/ceip-agaudi-castelldefels\/informacio-general\/autoritzacions\/\"><img loading=\"lazy\" decoding=\"async\" class=\"alignnone wp-image-526 size-medium\" src=\"http:\/\/agora.xtec.cat\/ceip-agaudi-castelldefels\/wp-content\/uploads\/usu1623\/2017\/01\/autoritzacions-240x300.png\" alt=\"autoritzacions\" width=\"240\" height=\"300\" srcset=\"https:\/\/agora.xtec.cat\/ceip-agaudi-castelldefels\/wp-content\/uploads\/usu1623\/2017\/01\/autoritzacions-240x300.png 240w, https:\/\/agora.xtec.cat\/ceip-agaudi-castelldefels\/wp-content\/uploads\/usu1623\/2017\/01\/autoritzacions.png 400w\" sizes=\"auto, (max-width: 240px) 100vw, 240px\" \/><\/a> <a href=\"http:\/\/agora.xtec.cat\/ceip-agaudi-castelldefels\/informacio-general\/preinscripcio\/\"><img loading=\"lazy\" decoding=\"async\" class=\"alignnone wp-image-525 size-medium\" src=\"http:\/\/agora.xtec.cat\/ceip-agaudi-castelldefels\/wp-content\/uploads\/usu1623\/2017\/01\/preinscripcio-240x300.png\" alt=\"preinscripcio\" width=\"240\" height=\"300\" srcset=\"https:\/\/agora.xtec.cat\/ceip-agaudi-castelldefels\/wp-content\/uploads\/usu1623\/2017\/01\/preinscripcio-240x300.png 240w, https:\/\/agora.xtec.cat\/ceip-agaudi-castelldefels\/wp-content\/uploads\/usu1623\/2017\/01\/preinscripcio.png 400w\" sizes=\"auto, (max-width: 240px) 100vw, 240px\" \/><\/a><\/p>\n","protected":false},"excerpt":{"rendered":"<p>Benvinguts \u2026 al nostre centre: Escola Antoni Gaud\u00ed! Aquesta \u00e9s una escola ubicada al barri de Bellamar, a la localitat [&hellip;]<\/p>\n","protected":false},"author":1,"featured_media":0,"parent":5085,"menu_order":0,"comment_status":"closed","ping_status":"closed","template":"","meta":{"_bbp_topic_count":0,"_bbp_reply_count":0,"_bbp_total_topic_count":0,"_bbp_total_reply_count":0,"_bbp_voice_count":0,"_bbp_anonymous_reply_count":0,"_bbp_topic_count_hidden":0,"_bbp_reply_count_hidden":0,"_bbp_forum_subforum_count":0,"site-sidebar-layout":"default","site-content-layout":"","ast-site-content-layout":"default","site-content-style":"default","site-sidebar-style":"default","ast-global-header-display":"","ast-banner-title-visibility":"","ast-main-header-display":"","ast-hfb-above-header-display":"","ast-hfb-below-header-display":"","ast-hfb-mobile-header-display":"","site-post-title":"disabled","ast-breadcrumbs-content":"","ast-featured-img":"","footer-sml-layout":"","theme-transparent-header-meta":"","adv-header-id-meta":"","stick-header-meta":"","header-above-stick-meta":"","header-main-stick-meta":"","header-below-stick-meta":"","astra-migrate-meta-layouts":"set","ast-page-background-enabled":"default","ast-page-background-meta":{"desktop":{"background-color":"var(--ast-global-color-4)","background-image":"","background-repeat":"repeat","background-position":"center center","background-size":"auto","background-attachment":"scroll","background-type":"","background-media":"","overlay-type":"","overlay-color":"","overlay-opacity":"","overlay-gradient":""},"tablet":{"background-color":"","background-image":"","background-repeat":"repeat","background-position":"center center","background-size":"auto","background-attachment":"scroll","background-type":"","background-media":"","overlay-type":"","overlay-color":"","overlay-opacity":"","overlay-gradient":""},"mobile":{"background-color":"","background-image":"","background-repeat":"repeat","background-position":"center center","background-size":"auto","background-attachment":"scroll","background-type":"","background-media":"","overlay-type":"","overlay-color":"","overlay-opacity":"","overlay-gradient":""}},"ast-content-background-meta":{"desktop":{"background-color":"var(--ast-global-color-5)","background-image":"","background-repeat":"repeat","background-position":"center center","background-size":"auto","background-attachment":"scroll","background-type":"","background-media":"","overlay-type":"","overlay-color":"","overlay-opacity":"","overlay-gradient":""},"tablet":{"background-color":"var(--ast-global-color-5)","background-image":"","background-repeat":"repeat","background-position":"center center","background-size":"auto","background-attachment":"scroll","background-type":"","background-media":"","overlay-type":"","overlay-color":"","overlay-opacity":"","overlay-gradient":""},"mobile":{"background-color":"var(--ast-global-color-5)","background-image":"","background-repeat":"repeat","background-position":"center center","background-size":"auto","background-attachment":"scroll","background-type":"","background-media":"","overlay-type":"","overlay-color":"","overlay-opacity":"","overlay-gradient":""}},"footnotes":""},"class_list":["post-459","page","type-page","status-publish","hentry"],"post_mailing_queue_ids":[],"_links":{"self":[{"href":"https:\/\/agora.xtec.cat\/ceip-agaudi-castelldefels\/wp-json\/wp\/v2\/pages\/459","targetHints":{"allow":["GET"]}}],"collection":[{"href":"https:\/\/agora.xtec.cat\/ceip-agaudi-castelldefels\/wp-json\/wp\/v2\/pages"}],"about":[{"href":"https:\/\/agora.xtec.cat\/ceip-agaudi-castelldefels\/wp-json\/wp\/v2\/types\/page"}],"author":[{"embeddable":true,"href":"https:\/\/agora.xtec.cat\/ceip-agaudi-castelldefels\/wp-json\/wp\/v2\/users\/1"}],"replies":[{"embeddable":true,"href":"https:\/\/agora.xtec.cat\/ceip-agaudi-castelldefels\/wp-json\/wp\/v2\/comments?post=459"}],"version-history":[{"count":4,"href":"https:\/\/agora.xtec.cat\/ceip-agaudi-castelldefels\/wp-json\/wp\/v2\/pages\/459\/revisions"}],"predecessor-version":[{"id":5843,"href":"https:\/\/agora.xtec.cat\/ceip-agaudi-castelldefels\/wp-json\/wp\/v2\/pages\/459\/revisions\/5843"}],"up":[{"embeddable":true,"href":"https:\/\/agora.xtec.cat\/ceip-agaudi-castelldefels\/wp-json\/wp\/v2\/pages\/5085"}],"wp:attachment":[{"href":"https:\/\/agora.xtec.cat\/ceip-agaudi-castelldefels\/wp-json\/wp\/v2\/media?parent=459"}],"curies":[{"name":"wp","href":"https:\/\/api.w.org\/{rel}","templated":true}]}}