{"id":2647,"date":"2022-03-10T12:43:46","date_gmt":"2022-03-10T11:43:46","guid":{"rendered":"https:\/\/agora.xtec.cat\/ceip-agaudi-castelldefels\/?page_id=2647"},"modified":"2026-04-24T10:41:54","modified_gmt":"2026-04-24T08:41:54","slug":"consell-escolar","status":"publish","type":"page","link":"https:\/\/agora.xtec.cat\/ceip-agaudi-castelldefels\/lescola\/consell-escolar\/","title":{"rendered":"Consell Escolar i transpar\u00e8ncia"},"content":{"rendered":"\n<p>El Consell Escolar del centre \u00e9s l\u2019\u00f2rgan col\u00b7legiat de participaci\u00f3 de la comunitat escolar en el govern del centre. Al Consell Escolar hi ha representats tots els col\u00b7lectius que intervenen en la comunitat educativa.<\/p>\n\n\n\n<p><a href=\"https:\/\/educacio.gencat.cat\/ca\/arees-actuacio\/centres-serveis-educatius\/centres\/consells-escolars-centres\/centres-publics\/#funcionament\">Normativa, funcions i composici\u00f3<\/a>.<\/p>\n\n\n\n<h5 class=\"wp-block-heading\"><strong>Acords:<\/strong>&nbsp;<\/h5>\n\n\n\n<p>D\u2019acord amb la Llei 19\/2014, del 29 de desembre, de transpar\u00e8ncia, acc\u00e9s a la informaci\u00f3 p\u00fablica i bon govern, els centres educatius han de publicar al seu web, entre d\u2019altra documentaci\u00f3, els acords presos, al llarg del present curs, en les reunions del consell escolar.<\/p>\n\n\n\n<ul class=\"wp-block-list\">\n<li><a href=\"https:\/\/drive.google.com\/file\/d\/1XEUQOYhCKJzn-M-dkY2Zr_XMnpNYqB4-\/view?usp=sharing\">Acords del Consell Escolar del 20 d\u2019octubre de 2025<\/a><\/li>\n\n\n\n<li><a href=\"https:\/\/drive.google.com\/file\/d\/1IcAHmYwNZvcvGXJwV9JlQZZXxM24i8Ek\/view?usp=sharing\">Acords del Consell Escolar del 25 de juny de 2025<\/a><\/li>\n\n\n\n<li><a href=\"https:\/\/drive.google.com\/file\/d\/1hbly054DWfutFzOs-P41ENqo0ezf4DnZ\/view?usp=sharing\">Acords del Consell Escolar del 3 de mar\u00e7 de 2025<\/a><\/li>\n\n\n\n<li><a href=\"https:\/\/drive.google.com\/file\/d\/1VfsestQDomn4mYpYgzHcKaXnZjD2GZzw\/view?usp=sharing\">Acords del Consell Escolar del 17 de febrer de 2025<\/a><\/li>\n\n\n\n<li><a href=\"https:\/\/drive.google.com\/drive\/u\/0\/folders\/1YcZyMesdG2V1cAfXSFIhg4BiCuxBECJM\">Acords del Consell Escolar del 23 d\u2019octubre de 2024<\/a><\/li>\n<\/ul>\n\n\n\n<p><\/p>\n\n\n\n<p><strong>Pressupostos:<\/strong><\/p>\n\n\n\n<ul class=\"wp-block-list\">\n<li><a href=\"https:\/\/drive.google.com\/drive\/u\/3\/folders\/1XG9-rvbXbobqUINEn5uNxTg76kMspalI\" data-type=\"link\" data-id=\"https:\/\/drive.google.com\/drive\/u\/3\/folders\/1XG9-rvbXbobqUINEn5uNxTg76kMspalI\">Pressupost 2025<\/a><\/li>\n\n\n\n<li><a href=\"https:\/\/drive.google.com\/drive\/u\/3\/folders\/1XG9-rvbXbobqUINEn5uNxTg76kMspalI\" data-type=\"link\" data-id=\"https:\/\/drive.google.com\/drive\/u\/3\/folders\/1XG9-rvbXbobqUINEn5uNxTg76kMspalI\">Pressupost 2024<\/a><\/li>\n<\/ul>\n\n\n\n<p><\/p>\n","protected":false},"excerpt":{"rendered":"<p>El Consell Escolar del centre \u00e9s l\u2019\u00f2rgan col\u00b7legiat de participaci\u00f3 de la comunitat escolar en el govern del centre. Al [&hellip;]<\/p>\n","protected":false},"author":5,"featured_media":0,"parent":5085,"menu_order":0,"comment_status":"closed","ping_status":"closed","template":"","meta":{"_bbp_topic_count":0,"_bbp_reply_count":0,"_bbp_total_topic_count":0,"_bbp_total_reply_count":0,"_bbp_voice_count":0,"_bbp_anonymous_reply_count":0,"_bbp_topic_count_hidden":0,"_bbp_reply_count_hidden":0,"_bbp_forum_subforum_count":0,"site-sidebar-layout":"default","site-content-layout":"","ast-site-content-layout":"default","site-content-style":"default","site-sidebar-style":"default","ast-global-header-display":"","ast-banner-title-visibility":"","ast-main-header-display":"","ast-hfb-above-header-display":"","ast-hfb-below-header-display":"","ast-hfb-mobile-header-display":"","site-post-title":"","ast-breadcrumbs-content":"","ast-featured-img":"","footer-sml-layout":"","theme-transparent-header-meta":"","adv-header-id-meta":"","stick-header-meta":"","header-above-stick-meta":"","header-main-stick-meta":"","header-below-stick-meta":"","astra-migrate-meta-layouts":"set","ast-page-background-enabled":"default","ast-page-background-meta":{"desktop":{"background-color":"var(--ast-global-color-4)","background-image":"","background-repeat":"repeat","background-position":"center center","background-size":"auto","background-attachment":"scroll","background-type":"","background-media":"","overlay-type":"","overlay-color":"","overlay-opacity":"","overlay-gradient":""},"tablet":{"background-color":"","background-image":"","background-repeat":"repeat","background-position":"center center","background-size":"auto","background-attachment":"scroll","background-type":"","background-media":"","overlay-type":"","overlay-color":"","overlay-opacity":"","overlay-gradient":""},"mobile":{"background-color":"","background-image":"","background-repeat":"repeat","background-position":"center center","background-size":"auto","background-attachment":"scroll","background-type":"","background-media":"","overlay-type":"","overlay-color":"","overlay-opacity":"","overlay-gradient":""}},"ast-content-background-meta":{"desktop":{"background-color":"var(--ast-global-color-5)","background-image":"","background-repeat":"repeat","background-position":"center center","background-size":"auto","background-attachment":"scroll","background-type":"","background-media":"","overlay-type":"","overlay-color":"","overlay-opacity":"","overlay-gradient":""},"tablet":{"background-color":"var(--ast-global-color-5)","background-image":"","background-repeat":"repeat","background-position":"center center","background-size":"auto","background-attachment":"scroll","background-type":"","background-media":"","overlay-type":"","overlay-color":"","overlay-opacity":"","overlay-gradient":""},"mobile":{"background-color":"var(--ast-global-color-5)","background-image":"","background-repeat":"repeat","background-position":"center center","background-size":"auto","background-attachment":"scroll","background-type":"","background-media":"","overlay-type":"","overlay-color":"","overlay-opacity":"","overlay-gradient":""}},"footnotes":""},"class_list":["post-2647","page","type-page","status-publish","hentry"],"post_mailing_queue_ids":[],"_links":{"self":[{"href":"https:\/\/agora.xtec.cat\/ceip-agaudi-castelldefels\/wp-json\/wp\/v2\/pages\/2647","targetHints":{"allow":["GET"]}}],"collection":[{"href":"https:\/\/agora.xtec.cat\/ceip-agaudi-castelldefels\/wp-json\/wp\/v2\/pages"}],"about":[{"href":"https:\/\/agora.xtec.cat\/ceip-agaudi-castelldefels\/wp-json\/wp\/v2\/types\/page"}],"author":[{"embeddable":true,"href":"https:\/\/agora.xtec.cat\/ceip-agaudi-castelldefels\/wp-json\/wp\/v2\/users\/5"}],"replies":[{"embeddable":true,"href":"https:\/\/agora.xtec.cat\/ceip-agaudi-castelldefels\/wp-json\/wp\/v2\/comments?post=2647"}],"version-history":[{"count":6,"href":"https:\/\/agora.xtec.cat\/ceip-agaudi-castelldefels\/wp-json\/wp\/v2\/pages\/2647\/revisions"}],"predecessor-version":[{"id":7482,"href":"https:\/\/agora.xtec.cat\/ceip-agaudi-castelldefels\/wp-json\/wp\/v2\/pages\/2647\/revisions\/7482"}],"up":[{"embeddable":true,"href":"https:\/\/agora.xtec.cat\/ceip-agaudi-castelldefels\/wp-json\/wp\/v2\/pages\/5085"}],"wp:attachment":[{"href":"https:\/\/agora.xtec.cat\/ceip-agaudi-castelldefels\/wp-json\/wp\/v2\/media?parent=2647"}],"curies":[{"name":"wp","href":"https:\/\/api.w.org\/{rel}","templated":true}]}}