{"id":1240,"date":"2020-01-22T16:06:40","date_gmt":"2020-01-22T15:06:40","guid":{"rendered":"http:\/\/agora.xtec.cat\/ceip-agaudi-castelldefels\/?page_id=1240"},"modified":"2026-01-26T11:32:04","modified_gmt":"2026-01-26T10:32:04","slug":"projectes-internacionals","status":"publish","type":"page","link":"https:\/\/agora.xtec.cat\/ceip-agaudi-castelldefels\/projectes\/projectes-internacionals\/","title":{"rendered":"Projectes Internacionals"},"content":{"rendered":"\n<p>A la nostra escola apostem per la internacionalitzaci\u00f3 com a eina per enriquir l\u2019aprenentatge i fomentar valors com la cooperaci\u00f3, la inclusi\u00f3 i el respecte, i per aix\u00f2 participem en el programa <strong>Erasmus+<\/strong>, una iniciativa europea que promou la <strong>cooperaci\u00f3<\/strong> i la <strong>innovaci\u00f3<\/strong> en l\u2019\u00e0mbit educatiu.<\/p>\n\n\n\n<p>Des de 2021, els nostres <strong>mestres han realitzat mobilitats<\/strong> a pa\u00efsos com els <strong>Irlanda<\/strong>, <strong>Noruega<\/strong>, <strong>Cro\u00e0cia<\/strong> o <strong>\u00c0ustria<\/strong>, entre d\u2019altres, enriquint la seva<strong> formaci\u00f3 <\/strong>i aportant noves metodologies al centre.<\/p>\n\n\n\n<div class=\"wp-block-media-text has-media-on-the-right is-stacked-on-mobile\"><div class=\"wp-block-media-text__content\">\n<p>Aquest apropament amb altres escoles europees ha fet possible que, des del 2023, diversos alumnes de 6\u00e8 de la nostra escola s\u2019hagin pogut beneficiar de la <strong>beca Erasmus+<\/strong> per participar en mobilitats internacionals a Cro\u00e0cia i It\u00e0lia, vivint experi\u00e8ncies interculturals que els obren a noves perspectives i fomenten la seva autonomia.<\/p>\n<\/div><figure class=\"wp-block-media-text__media\"><img loading=\"lazy\" decoding=\"async\" width=\"532\" height=\"520\" src=\"https:\/\/agora.xtec.cat\/ceip-agaudi-castelldefels\/wp-content\/uploads\/usu1623\/2026\/01\/Erasmus.png\" alt=\"\" class=\"wp-image-6895 size-full\" srcset=\"https:\/\/agora.xtec.cat\/ceip-agaudi-castelldefels\/wp-content\/uploads\/usu1623\/2026\/01\/Erasmus.png 532w, https:\/\/agora.xtec.cat\/ceip-agaudi-castelldefels\/wp-content\/uploads\/usu1623\/2026\/01\/Erasmus-300x293.png 300w\" sizes=\"auto, (max-width: 532px) 100vw, 532px\" \/><\/figure><\/div>\n\n\n\n<div class=\"wp-block-media-text is-stacked-on-mobile\"><figure class=\"wp-block-media-text__media\"><img loading=\"lazy\" decoding=\"async\" width=\"814\" height=\"451\" src=\"https:\/\/agora.xtec.cat\/ceip-agaudi-castelldefels\/wp-content\/uploads\/usu1623\/2026\/01\/Erasmus_nens.png\" alt=\"\" class=\"wp-image-6894 size-full\" srcset=\"https:\/\/agora.xtec.cat\/ceip-agaudi-castelldefels\/wp-content\/uploads\/usu1623\/2026\/01\/Erasmus_nens.png 814w, https:\/\/agora.xtec.cat\/ceip-agaudi-castelldefels\/wp-content\/uploads\/usu1623\/2026\/01\/Erasmus_nens-300x166.png 300w, https:\/\/agora.xtec.cat\/ceip-agaudi-castelldefels\/wp-content\/uploads\/usu1623\/2026\/01\/Erasmus_nens-768x426.png 768w\" sizes=\"auto, (max-width: 814px) 100vw, 814px\" \/><\/figure><div class=\"wp-block-media-text__content\">\n<p>Tot aix\u00f2 ha estat possible gr\u00e0cies a qu\u00e8 l\u2019escola compta amb l\u2019acreditaci\u00f3 Erasmus+ K120 fins al 2027 (prorrogable fins a 7 anys m\u00e9s) pel nostre projecte <em>Ready to Fly<\/em>, centrat en l\u2019<strong>impuls de la lectura<\/strong>, la <strong>internacionalitzaci\u00f3<\/strong> i el refor\u00e7 del <strong>sentiment europeu<\/strong>.<\/p>\n<\/div><\/div>\n\n\n\n<p>Creiem que aquestes experi\u00e8ncies contribueixen a formar ciutadans i ciutadanes europeus oberts, solidaris i compromesos amb els valors de cooperaci\u00f3, inclusi\u00f3 i respecte mutu.<\/p>\n\n\n<h1 style=\"text-align: center;\"><a href=\"https:\/\/sites.google.com\/gaudicastelldefels.cat\/mobilitats-erasmus\/inici\" target=\"_blank\" rel=\"noopener\">MOBILITATS<\/a><\/h1>\n<hr \/>\n<div class=\"canva-embed\" style=\"padding: 56.2500% 5px 5px 5px; background: rgba(0,0,0,0.03); border-radius: 8px;\" data-design-id=\"DADzzN-wdhI\" data-height-ratio=\"0.5625\">\u00a0<\/div>\n<p><script async src=\"https:&#x2F;&#x2F;sdk.canva.com&#x2F;v1&#x2F;embed.js\"><\/script><\/p>","protected":false},"excerpt":{"rendered":"<p>A la nostra escola apostem per la internacionalitzaci\u00f3 com a eina per enriquir l\u2019aprenentatge i fomentar valors com la cooperaci\u00f3, [&hellip;]<\/p>\n","protected":false},"author":1,"featured_media":0,"parent":671,"menu_order":0,"comment_status":"closed","ping_status":"closed","template":"","meta":{"_bbp_topic_count":0,"_bbp_reply_count":0,"_bbp_total_topic_count":0,"_bbp_total_reply_count":0,"_bbp_voice_count":0,"_bbp_anonymous_reply_count":0,"_bbp_topic_count_hidden":0,"_bbp_reply_count_hidden":0,"_bbp_forum_subforum_count":0,"site-sidebar-layout":"default","site-content-layout":"","ast-site-content-layout":"default","site-content-style":"default","site-sidebar-style":"default","ast-global-header-display":"","ast-banner-title-visibility":"","ast-main-header-display":"","ast-hfb-above-header-display":"","ast-hfb-below-header-display":"","ast-hfb-mobile-header-display":"","site-post-title":"","ast-breadcrumbs-content":"","ast-featured-img":"","footer-sml-layout":"","theme-transparent-header-meta":"","adv-header-id-meta":"","stick-header-meta":"","header-above-stick-meta":"","header-main-stick-meta":"","header-below-stick-meta":"","astra-migrate-meta-layouts":"set","ast-page-background-enabled":"default","ast-page-background-meta":{"desktop":{"background-color":"var(--ast-global-color-4)","background-image":"","background-repeat":"repeat","background-position":"center center","background-size":"auto","background-attachment":"scroll","background-type":"","background-media":"","overlay-type":"","overlay-color":"","overlay-opacity":"","overlay-gradient":""},"tablet":{"background-color":"","background-image":"","background-repeat":"repeat","background-position":"center center","background-size":"auto","background-attachment":"scroll","background-type":"","background-media":"","overlay-type":"","overlay-color":"","overlay-opacity":"","overlay-gradient":""},"mobile":{"background-color":"","background-image":"","background-repeat":"repeat","background-position":"center center","background-size":"auto","background-attachment":"scroll","background-type":"","background-media":"","overlay-type":"","overlay-color":"","overlay-opacity":"","overlay-gradient":""}},"ast-content-background-meta":{"desktop":{"background-color":"var(--ast-global-color-5)","background-image":"","background-repeat":"repeat","background-position":"center center","background-size":"auto","background-attachment":"scroll","background-type":"","background-media":"","overlay-type":"","overlay-color":"","overlay-opacity":"","overlay-gradient":""},"tablet":{"background-color":"var(--ast-global-color-5)","background-image":"","background-repeat":"repeat","background-position":"center center","background-size":"auto","background-attachment":"scroll","background-type":"","background-media":"","overlay-type":"","overlay-color":"","overlay-opacity":"","overlay-gradient":""},"mobile":{"background-color":"var(--ast-global-color-5)","background-image":"","background-repeat":"repeat","background-position":"center center","background-size":"auto","background-attachment":"scroll","background-type":"","background-media":"","overlay-type":"","overlay-color":"","overlay-opacity":"","overlay-gradient":""}},"footnotes":""},"class_list":["post-1240","page","type-page","status-publish","hentry"],"post_mailing_queue_ids":[],"_links":{"self":[{"href":"https:\/\/agora.xtec.cat\/ceip-agaudi-castelldefels\/wp-json\/wp\/v2\/pages\/1240","targetHints":{"allow":["GET"]}}],"collection":[{"href":"https:\/\/agora.xtec.cat\/ceip-agaudi-castelldefels\/wp-json\/wp\/v2\/pages"}],"about":[{"href":"https:\/\/agora.xtec.cat\/ceip-agaudi-castelldefels\/wp-json\/wp\/v2\/types\/page"}],"author":[{"embeddable":true,"href":"https:\/\/agora.xtec.cat\/ceip-agaudi-castelldefels\/wp-json\/wp\/v2\/users\/1"}],"replies":[{"embeddable":true,"href":"https:\/\/agora.xtec.cat\/ceip-agaudi-castelldefels\/wp-json\/wp\/v2\/comments?post=1240"}],"version-history":[{"count":6,"href":"https:\/\/agora.xtec.cat\/ceip-agaudi-castelldefels\/wp-json\/wp\/v2\/pages\/1240\/revisions"}],"predecessor-version":[{"id":6910,"href":"https:\/\/agora.xtec.cat\/ceip-agaudi-castelldefels\/wp-json\/wp\/v2\/pages\/1240\/revisions\/6910"}],"up":[{"embeddable":true,"href":"https:\/\/agora.xtec.cat\/ceip-agaudi-castelldefels\/wp-json\/wp\/v2\/pages\/671"}],"wp:attachment":[{"href":"https:\/\/agora.xtec.cat\/ceip-agaudi-castelldefels\/wp-json\/wp\/v2\/media?parent=1240"}],"curies":[{"name":"wp","href":"https:\/\/api.w.org\/{rel}","templated":true}]}}