{"id":640,"date":"2022-09-12T14:42:52","date_gmt":"2022-09-12T12:42:52","guid":{"rendered":"https:\/\/agora.xtec.cat\/ceip-abatoliba-cornella\/?page_id=640"},"modified":"2022-09-12T14:48:00","modified_gmt":"2022-09-12T12:48:00","slug":"curs-2019-2020","status":"publish","type":"page","link":"https:\/\/agora.xtec.cat\/ceip-abatoliba-cornella\/galeria\/curs-2019-2020\/","title":{"rendered":"Curs 2019-2020"},"content":{"rendered":"<pre>Aquest any ha estat una mica especial per la situaci\u00f3 que hem viscut amb el COVID-19. Aquest cop, us deixem tot el material que vam recollir durant el confinament.<\/pre>\n<h3><\/h3>\n<h3>BALL FINAL DE CURS 2019-2020 (online)<\/h3>\n<p><iframe loading=\"lazy\" src=\"https:\/\/www.youtube.com\/embed\/h9ZuQo_sSwc?feature=oembed\" width=\"840\" height=\"473\" frameborder=\"0\" allowfullscreen=\"allowfullscreen\" data-mce-fragment=\"1\"><\/iframe><\/p>\n<h3>MENJAR SALUDABLE<\/h3>\n<p><iframe loading=\"lazy\" src=\"https:\/\/www.youtube.com\/embed\/xF-t2s9iIVQ?feature=oembed\" width=\"840\" height=\"473\" frameborder=\"0\" allowfullscreen=\"allowfullscreen\" data-mce-fragment=\"1\"><\/iframe><\/p>\n<h5><strong>i aqu\u00ed teniu tots els merevallosos plats que heu fet aquesta setmana. Bon profit !! \ud83d\ude42\u00a0\u00a0<\/strong><\/h5>\n<p><iframe loading=\"lazy\" src=\"https:\/\/www.youtube.com\/embed\/7NWSZUYBQos?feature=oembed\" width=\"840\" height=\"473\" frameborder=\"0\" allowfullscreen=\"allowfullscreen\" data-mce-fragment=\"1\"><\/iframe><\/p>\n<hr \/>\n<h5><strong>Els\u00a0ciclistes de P5\u00a0envien uns v\u00eddeos al Follet Trapella, que s\u2019ha quedat a l\u2019escola, cuidant de la nostra classe.<\/strong><\/h5>\n<p><iframe loading=\"lazy\" src=\"https:\/\/www.youtube.com\/embed\/ppf5UzJRyMk?feature=oembed\" width=\"840\" height=\"473\" frameborder=\"0\" allowfullscreen=\"allowfullscreen\" data-mce-fragment=\"1\"><\/iframe><\/p>\n<h3>REPTE ACROSPORT<\/h3>\n<p><iframe loading=\"lazy\" src=\"https:\/\/www.youtube.com\/embed\/X-usjd_-cDc?feature=oembed\" width=\"840\" height=\"473\" frameborder=\"0\" allowfullscreen=\"allowfullscreen\" data-mce-fragment=\"1\"><\/iframe><\/p>\n<h5>OMBRES XINESES<\/h5>\n<p><iframe loading=\"lazy\" src=\"https:\/\/www.youtube.com\/embed\/787YzXYDX6s?feature=oembed\" width=\"840\" height=\"473\" frameborder=\"0\" allowfullscreen=\"allowfullscreen\" data-mce-fragment=\"1\"><\/iframe><\/p>\n<h5>ELS GRANS NO SOU ELS \u00daNICS QUE FEU MALABARS AMB AIX\u00d2 DEL CONFINAMENT<\/h5>\n<p>Mireu, mireu !!<\/p>\n<table>\n<tbody>\n<tr>\n<td><iframe loading=\"lazy\" src=\"https:\/\/www.youtube.com\/embed\/LrqTpcqUNQ4\" width=\"560\" height=\"315\" frameborder=\"0\" allowfullscreen=\"allowfullscreen\" data-mce-fragment=\"1\"><\/iframe><\/td>\n<td><iframe loading=\"lazy\" src=\"https:\/\/www.youtube.com\/embed\/PMYptdjmAtg\" width=\"560\" height=\"315\" frameborder=\"0\" allowfullscreen=\"allowfullscreen\" data-mce-fragment=\"1\"><\/iframe><\/td>\n<\/tr>\n<tr>\n<td><iframe loading=\"lazy\" src=\"https:\/\/www.youtube.com\/embed\/FwI8AtyNR9I\" width=\"560\" height=\"315\" frameborder=\"0\" allowfullscreen=\"allowfullscreen\" data-mce-fragment=\"1\"><\/iframe><\/td>\n<td><iframe loading=\"lazy\" src=\"https:\/\/www.youtube.com\/embed\/ZUoWB-IgL8w\" width=\"560\" height=\"315\" frameborder=\"0\" allowfullscreen=\"allowfullscreen\" data-mce-fragment=\"1\"><\/iframe><\/td>\n<\/tr>\n<tr>\n<td><iframe loading=\"lazy\" src=\"https:\/\/www.youtube.com\/embed\/WOEJxXQZbmI\" width=\"560\" height=\"315\" frameborder=\"0\" allowfullscreen=\"allowfullscreen\" data-mce-fragment=\"1\"><\/iframe><\/td>\n<td><iframe loading=\"lazy\" src=\"https:\/\/www.youtube.com\/embed\/_tnhnECVduI\" width=\"560\" height=\"315\" frameborder=\"0\" allowfullscreen=\"allowfullscreen\" data-mce-fragment=\"1\"><\/iframe><\/td>\n<\/tr>\n<tr>\n<td><iframe loading=\"lazy\" src=\"https:\/\/www.youtube.com\/embed\/szL-RUtSUE0\" width=\"560\" height=\"315\" frameborder=\"0\" allowfullscreen=\"allowfullscreen\" data-mce-fragment=\"1\"><\/iframe><\/td>\n<td><\/td>\n<\/tr>\n<\/tbody>\n<\/table>\n<h5>UNA MICA DE TOT<\/h5>\n<p>Us volem agrair a tots\/es tot el material que ens feu arribar amb les vostres activitats, reptes\u2026, gr\u00e0cies per compartir-ho i una forta abra\u00e7ada :<span class=\"hiddenGrammarError\">)<\/span><\/p>\n<table>\n<tbody>\n<tr>\n<td><iframe loading=\"lazy\" src=\"https:\/\/www.youtube.com\/embed\/4jkmMQFTbNg\" width=\"560\" height=\"315\" frameborder=\"0\" allowfullscreen=\"allowfullscreen\" data-mce-fragment=\"1\"><\/iframe><\/td>\n<td><iframe loading=\"lazy\" src=\"https:\/\/www.youtube.com\/embed\/GFKVWEJ6FuI\" width=\"560\" height=\"315\" frameborder=\"0\" allowfullscreen=\"allowfullscreen\" data-mce-fragment=\"1\"><\/iframe><\/td>\n<\/tr>\n<tr>\n<td><iframe loading=\"lazy\" src=\"https:\/\/www.youtube.com\/embed\/bwhKXqeJfKw\" width=\"560\" height=\"315\" frameborder=\"0\" allowfullscreen=\"allowfullscreen\" data-mce-fragment=\"1\"><\/iframe><\/td>\n<td><\/td>\n<\/tr>\n<\/tbody>\n<\/table>\n<h5>FELI\u00c7 SANT JORDI<\/h5>\n<p><iframe loading=\"lazy\" src=\"https:\/\/www.youtube.com\/embed\/SZmvDtQmtJ4?feature=oembed\" width=\"840\" height=\"473\" frameborder=\"0\" allowfullscreen=\"allowfullscreen\" data-mce-fragment=\"1\"><\/iframe><\/p>\n<h5>CARTES AMB COR<\/h5>\n<p><img loading=\"lazy\" decoding=\"async\" class=\"size-full wp-image-735 aligncenter\" src=\"http:\/\/blocs.xtec.cat\/escolaabatolibacornella\/files\/2017\/10\/cartas-amb-cor.jpg\" sizes=\"auto, (max-width: 680px) 85vw, 680px\" srcset=\"https:\/\/blocs.xtec.cat\/escolaabatolibacornella\/files\/2017\/10\/cartas-amb-cor.jpg 680w, https:\/\/blocs.xtec.cat\/escolaabatolibacornella\/files\/2017\/10\/cartas-amb-cor-300x169.jpg 300w\" alt=\"\" width=\"680\" height=\"384\" \/><\/p>\n<p><span class=\"hiddenGrammarError\">Hola!<\/span>\u00a0Des del cicle inicial de l\u2019escola hem portat a terme aquesta iniciativa i volem compartir-la amb tots vosaltres i animar-vos a participar. Envia un dibuix o una carta d\u2019\u00e0nims per als pacients que ara mateix estan als hospitals. L\u2019adre\u00e7a \u00e9s:\u00a0<a href=\"mailto:cartesquecuren@hospitaldelmar.cat\" target=\"_blank\" rel=\"noopener noreferrer\">cartesquecuren@hospitaldelmar.cat<\/a><\/p>\n<p>Una abra\u00e7ada! \ud83d\ude42<\/p>\n<h5>MOLTS \u00c0NIMS !!<\/h5>\n<p>Els alumnes de sis\u00e8 han treballat la t\u00e8cnica de la stop-motion a casa.<br \/>\nLa stop-motion \u00e9s una t\u00e8cnica que requereix paci\u00e8ncia, dedicaci\u00f3 i esfor\u00e7, ja que consisteix a fotografiar els objectes en totes les posicions que apareixeran i despr\u00e9s editar-lo per unir tots els fragments.<br \/>\nUs deixem un v\u00eddeo de la Clara i de la Luc\u00eda i la Berta perqu\u00e8 veieu de qu\u00e8 es tracta.<\/p>\n<p><strong><em>Molt\u00edssimes gr\u00e0cies a tots per la vostra col\u00b7laboraci\u00f3. \ud83d\ude42<\/em><\/strong><\/p>\n<table>\n<tbody>\n<tr>\n<td><iframe loading=\"lazy\" src=\"https:\/\/www.youtube.com\/embed\/o8XhnJCcjC0\" width=\"560\" height=\"315\" frameborder=\"0\" allowfullscreen=\"allowfullscreen\" data-mce-fragment=\"1\"><\/iframe><\/td>\n<td><iframe loading=\"lazy\" src=\"https:\/\/www.youtube.com\/embed\/Uq8y7o4S3ZY\" width=\"560\" height=\"315\" frameborder=\"0\" allowfullscreen=\"allowfullscreen\" data-mce-fragment=\"1\"><\/iframe><\/td>\n<\/tr>\n<\/tbody>\n<\/table>\n<p>Durant aquests dies els nens i nenes de l\u2019Abat tampoc han deixat de banda l\u2019activitat f\u00edsica. Aqu\u00ed teniu en resposta a la proposta setmanal d\u2019educaci\u00f3 f\u00edsica, alguns exemples de com podeu treballar a casa. Moltes gr\u00e0cies a tots, esportistes!!\u00a0 \ud83d\ude42<\/p>\n<table>\n<tbody>\n<tr>\n<td><iframe loading=\"lazy\" src=\"https:\/\/www.youtube.com\/embed\/PCJvm3BeNQY?rel=0\" width=\"560\" height=\"315\" frameborder=\"0\" allowfullscreen=\"allowfullscreen\" data-mce-fragment=\"1\"><\/iframe><\/td>\n<td><iframe loading=\"lazy\" src=\"https:\/\/www.youtube.com\/embed\/z1WCo_csw50?rel=0\" width=\"560\" height=\"315\" frameborder=\"0\" allowfullscreen=\"allowfullscreen\" data-mce-fragment=\"1\"><\/iframe><\/td>\n<\/tr>\n<tr>\n<td><iframe loading=\"lazy\" src=\"https:\/\/www.youtube.com\/embed\/QI12MAIPfEI?rel=0\" width=\"560\" height=\"315\" frameborder=\"0\" allowfullscreen=\"allowfullscreen\" data-mce-fragment=\"1\"><\/iframe><\/td>\n<td><iframe loading=\"lazy\" src=\"https:\/\/www.youtube.com\/embed\/GXrlS7wQPN4?rel=0\" width=\"560\" height=\"315\" frameborder=\"0\" allowfullscreen=\"allowfullscreen\" data-mce-fragment=\"1\"><\/iframe><\/td>\n<\/tr>\n<tr>\n<td><iframe loading=\"lazy\" src=\"https:\/\/www.youtube.com\/embed\/z3R3Hf0RjW8?rel=0\" width=\"560\" height=\"315\" frameborder=\"0\" allowfullscreen=\"allowfullscreen\" data-mce-fragment=\"1\"><\/iframe><\/td>\n<td><iframe loading=\"lazy\" src=\"https:\/\/www.youtube.com\/embed\/gQ2zoYLYKn0?rel=0\" width=\"560\" height=\"315\" frameborder=\"0\" allowfullscreen=\"allowfullscreen\" data-mce-fragment=\"1\"><\/iframe><\/td>\n<\/tr>\n<tr>\n<td><iframe loading=\"lazy\" src=\"https:\/\/www.youtube.com\/embed\/WMJdcKbtf5g?rel=0\" width=\"560\" height=\"315\" frameborder=\"0\" allowfullscreen=\"allowfullscreen\" data-mce-fragment=\"1\"><\/iframe><\/td>\n<td><iframe loading=\"lazy\" src=\"https:\/\/www.youtube.com\/embed\/1jQiCi4MT3A?rel=0\" width=\"560\" height=\"315\" frameborder=\"0\" allowfullscreen=\"allowfullscreen\" data-mce-fragment=\"1\"><\/iframe><\/td>\n<\/tr>\n<tr>\n<td><iframe loading=\"lazy\" src=\"https:\/\/www.youtube.com\/embed\/G4k3BHpH9Nc\" width=\"560\" height=\"315\" frameborder=\"0\" allowfullscreen=\"allowfullscreen\" data-mce-fragment=\"1\"><\/iframe><\/td>\n<td><iframe loading=\"lazy\" src=\"https:\/\/www.youtube.com\/embed\/elp9UNole7Q\" width=\"560\" height=\"315\" frameborder=\"0\" allowfullscreen=\"allowfullscreen\" data-mce-fragment=\"1\"><\/iframe><\/td>\n<\/tr>\n<\/tbody>\n<\/table>\n<h5>#joemquedoacasa<\/h5>\n<p>Demana als pares que et facin un v\u00eddeo amb el tel\u00e8fon\u00a0m\u00f2bil\u00a0explicant quines activitats fas aquests dies a casa!! No ha de ser molt llarg (m\u00e0xim 10-15 segons) i envia\u2019l a l\u2019adre\u00e7a electr\u00f2nica:\u00a0<strong><span class=\"hiddenGrammarError\">abatpicasa@gmail.com\u00a0<\/span><\/strong><\/p>\n<table>\n<tbody>\n<tr>\n<td><iframe loading=\"lazy\" src=\"https:\/\/www.youtube.com\/embed\/0U7cZwMGrF4\" width=\"560\" height=\"315\" frameborder=\"0\" allowfullscreen=\"allowfullscreen\" data-mce-fragment=\"1\"><\/iframe><\/td>\n<td><iframe loading=\"lazy\" src=\"https:\/\/www.youtube.com\/embed\/VafqIf4bWwk?rel=0\" width=\"560\" height=\"315\" frameborder=\"0\" allowfullscreen=\"allowfullscreen\" data-mce-fragment=\"1\"><\/iframe><\/td>\n<\/tr>\n<tr>\n<td><iframe loading=\"lazy\" src=\"https:\/\/www.youtube.com\/embed\/eL51izYYBs4\" width=\"560\" height=\"315\" frameborder=\"0\" allowfullscreen=\"allowfullscreen\" data-mce-fragment=\"1\"><\/iframe><\/td>\n<td><iframe loading=\"lazy\" src=\"https:\/\/www.youtube.com\/embed\/IaYlcfqMFF8\" width=\"560\" height=\"315\" frameborder=\"0\" allowfullscreen=\"allowfullscreen\" data-mce-fragment=\"1\"><\/iframe><\/td>\n<\/tr>\n<tr>\n<td><iframe loading=\"lazy\" src=\"https:\/\/www.youtube.com\/embed\/hqRM9WTOMYk\" width=\"560\" height=\"315\" frameborder=\"0\" allowfullscreen=\"allowfullscreen\" data-mce-fragment=\"1\"><\/iframe><\/td>\n<td><iframe loading=\"lazy\" src=\"https:\/\/www.youtube.com\/embed\/M0JT_TrKdhk\" width=\"560\" height=\"315\" frameborder=\"0\" allowfullscreen=\"allowfullscreen\" data-mce-fragment=\"1\"><\/iframe><\/td>\n<\/tr>\n<tr>\n<td><iframe loading=\"lazy\" src=\"https:\/\/www.youtube.com\/embed\/loOS32IjeFY\" width=\"560\" height=\"315\" frameborder=\"0\" allowfullscreen=\"allowfullscreen\" data-mce-fragment=\"1\"><\/iframe><\/td>\n<td><iframe loading=\"lazy\" src=\"https:\/\/www.youtube.com\/embed\/MlPXCj76MCA\" width=\"560\" height=\"315\" frameborder=\"0\" allowfullscreen=\"allowfullscreen\" data-mce-fragment=\"1\"><\/iframe><\/td>\n<\/tr>\n<tr>\n<td><iframe loading=\"lazy\" src=\"https:\/\/www.youtube.com\/embed\/uhxBn797Zjo\" width=\"560\" height=\"315\" frameborder=\"0\" allowfullscreen=\"allowfullscreen\" data-mce-fragment=\"1\"><\/iframe><\/td>\n<td><iframe loading=\"lazy\" src=\"https:\/\/www.youtube.com\/embed\/eXTkc9QVsVA\" width=\"560\" height=\"315\" frameborder=\"0\" allowfullscreen=\"allowfullscreen\" data-mce-fragment=\"1\"><\/iframe><\/td>\n<\/tr>\n<tr>\n<td><iframe loading=\"lazy\" src=\"https:\/\/www.youtube.com\/embed\/Qhar5KLITng\" width=\"560\" height=\"315\" frameborder=\"0\" allowfullscreen=\"allowfullscreen\" data-mce-fragment=\"1\"><\/iframe><\/td>\n<td><iframe loading=\"lazy\" src=\"https:\/\/www.youtube.com\/embed\/opN8itTpB_o\" width=\"560\" height=\"315\" frameborder=\"0\" allowfullscreen=\"allowfullscreen\" data-mce-fragment=\"1\"><\/iframe><\/td>\n<\/tr>\n<tr>\n<td><iframe loading=\"lazy\" src=\"https:\/\/www.youtube.com\/embed\/K-ZvKGmgcGs?rel=0\" width=\"560\" height=\"315\" frameborder=\"0\" allowfullscreen=\"allowfullscreen\" data-mce-fragment=\"1\"><\/iframe><\/td>\n<td><iframe loading=\"lazy\" src=\"https:\/\/www.youtube.com\/embed\/NRF_iUSacuI?rel=0\" width=\"560\" height=\"315\" frameborder=\"0\" allowfullscreen=\"allowfullscreen\" data-mce-fragment=\"1\"><\/iframe><\/td>\n<\/tr>\n<tr>\n<td><iframe loading=\"lazy\" src=\"https:\/\/www.youtube.com\/embed\/FeUHLzaQAZM\" width=\"560\" height=\"315\" frameborder=\"0\" allowfullscreen=\"allowfullscreen\" data-mce-fragment=\"1\"><\/iframe><\/td>\n<td><iframe loading=\"lazy\" src=\"https:\/\/www.youtube.com\/embed\/u8Lc25IEMnA\" width=\"560\" height=\"315\" frameborder=\"0\" allowfullscreen=\"allowfullscreen\" data-mce-fragment=\"1\"><\/iframe><\/td>\n<\/tr>\n<tr>\n<td><iframe loading=\"lazy\" src=\"https:\/\/www.youtube.com\/embed\/6XneXsYvlcc\" width=\"560\" height=\"315\" frameborder=\"0\" allowfullscreen=\"allowfullscreen\" data-mce-fragment=\"1\"><\/iframe><\/td>\n<td><iframe loading=\"lazy\" src=\"https:\/\/www.youtube.com\/embed\/R-CIbAnrmi4\" width=\"560\" height=\"315\" frameborder=\"0\" allowfullscreen=\"allowfullscreen\" data-mce-fragment=\"1\"><\/iframe><\/td>\n<\/tr>\n<tr>\n<td><iframe loading=\"lazy\" src=\"https:\/\/www.youtube.com\/embed\/K16m5s1yvtI\" width=\"560\" height=\"315\" frameborder=\"0\" allowfullscreen=\"allowfullscreen\" data-mce-fragment=\"1\"><\/iframe><\/td>\n<td><iframe loading=\"lazy\" src=\"https:\/\/www.youtube.com\/embed\/IgIn_EbnJjM\" width=\"560\" height=\"315\" frameborder=\"0\" allowfullscreen=\"allowfullscreen\" data-mce-fragment=\"1\"><\/iframe><\/td>\n<\/tr>\n<tr>\n<td><iframe loading=\"lazy\" src=\"https:\/\/www.youtube.com\/embed\/qkh0lrTOHJE\" width=\"560\" height=\"315\" frameborder=\"0\" allowfullscreen=\"allowfullscreen\" data-mce-fragment=\"1\"><\/iframe><\/td>\n<td><iframe loading=\"lazy\" src=\"https:\/\/www.youtube.com\/embed\/wR62y6xH-qk\" width=\"560\" height=\"315\" frameborder=\"0\" allowfullscreen=\"allowfullscreen\" data-mce-fragment=\"1\"><\/iframe><\/td>\n<\/tr>\n<tr>\n<td><iframe loading=\"lazy\" src=\"https:\/\/www.youtube.com\/embed\/w1e2QFFhHp4?rel=0\" width=\"560\" height=\"315\" frameborder=\"0\" allowfullscreen=\"allowfullscreen\" data-mce-fragment=\"1\"><\/iframe><\/td>\n<td><iframe loading=\"lazy\" src=\"https:\/\/www.youtube.com\/embed\/GWxPMMJFP-M?rel=0\" width=\"560\" height=\"315\" frameborder=\"0\" allowfullscreen=\"allowfullscreen\" data-mce-fragment=\"1\"><\/iframe><\/td>\n<\/tr>\n<tr>\n<td><iframe loading=\"lazy\" src=\"https:\/\/www.youtube.com\/embed\/TfXyFpoVCqQ\" width=\"560\" height=\"315\" frameborder=\"0\" allowfullscreen=\"allowfullscreen\" data-mce-fragment=\"1\"><\/iframe><\/td>\n<td><iframe loading=\"lazy\" src=\"https:\/\/www.youtube.com\/embed\/7uXC5OuB9zs\" width=\"560\" height=\"315\" frameborder=\"0\" allowfullscreen=\"allowfullscreen\" data-mce-fragment=\"1\"><\/iframe><\/td>\n<\/tr>\n<tr>\n<td><iframe loading=\"lazy\" src=\"https:\/\/www.youtube.com\/embed\/u5KK0EBGkpc\" width=\"560\" height=\"315\" frameborder=\"0\" allowfullscreen=\"allowfullscreen\" data-mce-fragment=\"1\"><\/iframe><\/td>\n<td><iframe loading=\"lazy\" src=\"https:\/\/www.youtube.com\/embed\/I-wL5MGUnOE?rel=0\" width=\"560\" height=\"315\" frameborder=\"0\" allowfullscreen=\"allowfullscreen\" data-mce-fragment=\"1\"><\/iframe><\/td>\n<\/tr>\n<tr>\n<td><iframe loading=\"lazy\" src=\"https:\/\/www.youtube.com\/embed\/jlaKHLrMPFg?rel=0\" width=\"560\" height=\"315\" frameborder=\"0\" allowfullscreen=\"allowfullscreen\" data-mce-fragment=\"1\"><\/iframe><\/td>\n<td><iframe loading=\"lazy\" src=\"https:\/\/www.youtube.com\/embed\/hnCkgWUPpCI\" width=\"560\" height=\"315\" frameborder=\"0\" allowfullscreen=\"allowfullscreen\" data-mce-fragment=\"1\"><\/iframe><\/td>\n<\/tr>\n<tr>\n<td><iframe loading=\"lazy\" src=\"https:\/\/www.youtube.com\/embed\/VfefUWCoNSY?rel=0\" width=\"560\" height=\"315\" frameborder=\"0\" allowfullscreen=\"allowfullscreen\" data-mce-fragment=\"1\"><\/iframe><\/td>\n<td><img loading=\"lazy\" decoding=\"async\" class=\"alignleft size-full wp-image-589\" src=\"http:\/\/blocs.xtec.cat\/escolaabatolibacornella\/files\/2017\/10\/acasa.jpg\" sizes=\"auto, (max-width: 512px) 85vw, 512px\" srcset=\"https:\/\/blocs.xtec.cat\/escolaabatolibacornella\/files\/2017\/10\/acasa.jpg 512w, https:\/\/blocs.xtec.cat\/escolaabatolibacornella\/files\/2017\/10\/acasa-300x234.jpg 300w\" alt=\"\" width=\"512\" height=\"399\" \/><\/td>\n<\/tr>\n<\/tbody>\n<\/table>\n","protected":false},"excerpt":{"rendered":"<p>Aquest any ha estat una mica especial per la situaci\u00f3 que hem viscut amb el COVID-19. Aquest cop, us deixem tot el material que vam recollir durant el confinament. BALL FINAL DE CURS 2019-2020 (online) MENJAR SALUDABLE i aqu\u00ed teniu tots els merevallosos plats que heu fet aquesta setmana. Bon profit !! \ud83d\ude42\u00a0\u00a0 Els\u00a0ciclistes de [&hellip;]<\/p>\n","protected":false},"author":1,"featured_media":0,"parent":618,"menu_order":0,"comment_status":"closed","ping_status":"closed","template":"","meta":{"_bbp_topic_count":0,"_bbp_reply_count":0,"_bbp_total_topic_count":0,"_bbp_total_reply_count":0,"_bbp_voice_count":0,"_bbp_anonymous_reply_count":0,"_bbp_topic_count_hidden":0,"_bbp_reply_count_hidden":0,"_bbp_forum_subforum_count":0,"site-sidebar-layout":"default","site-content-layout":"","ast-site-content-layout":"","site-content-style":"default","site-sidebar-style":"default","ast-global-header-display":"","ast-banner-title-visibility":"","ast-main-header-display":"","ast-hfb-above-header-display":"","ast-hfb-below-header-display":"","ast-hfb-mobile-header-display":"","site-post-title":"","ast-breadcrumbs-content":"","ast-featured-img":"","footer-sml-layout":"","theme-transparent-header-meta":"","adv-header-id-meta":"","stick-header-meta":"","header-above-stick-meta":"","header-main-stick-meta":"","header-below-stick-meta":"","astra-migrate-meta-layouts":"default","ast-page-background-enabled":"default","ast-page-background-meta":{"desktop":{"background-color":"var(--ast-global-color-4)","background-image":"","background-repeat":"repeat","background-position":"center center","background-size":"auto","background-attachment":"scroll","background-type":"","background-media":"","overlay-type":"","overlay-color":"","overlay-opacity":"","overlay-gradient":""},"tablet":{"background-color":"","background-image":"","background-repeat":"repeat","background-position":"center center","background-size":"auto","background-attachment":"scroll","background-type":"","background-media":"","overlay-type":"","overlay-color":"","overlay-opacity":"","overlay-gradient":""},"mobile":{"background-color":"","background-image":"","background-repeat":"repeat","background-position":"center center","background-size":"auto","background-attachment":"scroll","background-type":"","background-media":"","overlay-type":"","overlay-color":"","overlay-opacity":"","overlay-gradient":""}},"ast-content-background-meta":{"desktop":{"background-color":"var(--ast-global-color-5)","background-image":"","background-repeat":"repeat","background-position":"center center","background-size":"auto","background-attachment":"scroll","background-type":"","background-media":"","overlay-type":"","overlay-color":"","overlay-opacity":"","overlay-gradient":""},"tablet":{"background-color":"var(--ast-global-color-5)","background-image":"","background-repeat":"repeat","background-position":"center center","background-size":"auto","background-attachment":"scroll","background-type":"","background-media":"","overlay-type":"","overlay-color":"","overlay-opacity":"","overlay-gradient":""},"mobile":{"background-color":"var(--ast-global-color-5)","background-image":"","background-repeat":"repeat","background-position":"center center","background-size":"auto","background-attachment":"scroll","background-type":"","background-media":"","overlay-type":"","overlay-color":"","overlay-opacity":"","overlay-gradient":""}},"footnotes":""},"class_list":["post-640","page","type-page","status-publish","hentry"],"post_mailing_queue_ids":[],"_links":{"self":[{"href":"https:\/\/agora.xtec.cat\/ceip-abatoliba-cornella\/wp-json\/wp\/v2\/pages\/640","targetHints":{"allow":["GET"]}}],"collection":[{"href":"https:\/\/agora.xtec.cat\/ceip-abatoliba-cornella\/wp-json\/wp\/v2\/pages"}],"about":[{"href":"https:\/\/agora.xtec.cat\/ceip-abatoliba-cornella\/wp-json\/wp\/v2\/types\/page"}],"author":[{"embeddable":true,"href":"https:\/\/agora.xtec.cat\/ceip-abatoliba-cornella\/wp-json\/wp\/v2\/users\/1"}],"replies":[{"embeddable":true,"href":"https:\/\/agora.xtec.cat\/ceip-abatoliba-cornella\/wp-json\/wp\/v2\/comments?post=640"}],"version-history":[{"count":3,"href":"https:\/\/agora.xtec.cat\/ceip-abatoliba-cornella\/wp-json\/wp\/v2\/pages\/640\/revisions"}],"predecessor-version":[{"id":645,"href":"https:\/\/agora.xtec.cat\/ceip-abatoliba-cornella\/wp-json\/wp\/v2\/pages\/640\/revisions\/645"}],"up":[{"embeddable":true,"href":"https:\/\/agora.xtec.cat\/ceip-abatoliba-cornella\/wp-json\/wp\/v2\/pages\/618"}],"wp:attachment":[{"href":"https:\/\/agora.xtec.cat\/ceip-abatoliba-cornella\/wp-json\/wp\/v2\/media?parent=640"}],"curies":[{"name":"wp","href":"https:\/\/api.w.org\/{rel}","templated":true}]}}