{"id":1100,"date":"2023-02-09T16:15:31","date_gmt":"2023-02-09T15:15:31","guid":{"rendered":"https:\/\/agora.xtec.cat\/ceip-abatoliba-cornella\/?page_id=1100"},"modified":"2023-02-09T16:31:45","modified_gmt":"2023-02-09T15:31:45","slug":"qui-som","status":"publish","type":"page","link":"https:\/\/agora.xtec.cat\/ceip-abatoliba-cornella\/lescola\/qui-som\/","title":{"rendered":"Qui som"},"content":{"rendered":"<p><strong>Misi\u00f3<\/strong><\/p>\n<p><span style=\"font-weight: 400;\">L\u2019Abat Oliba \u00e9s una escola p\u00fablica viva, participativa, amb una metodologia de treball cada cop m\u00e9s activa, vivencial, competent per aix\u00f2 partim de la curiositat, inter\u00e8s i capacitat d\u2019observaci\u00f3 dels infants. Una escola que respecta els ritmes i els processos d\u2019aprenentatge,\u00a0 inclusiva on es contempla la coeducaci\u00f3 i la perspectiva de g\u00e8nere.<\/span><\/p>\n<p><span style=\"font-weight: 400;\">El prop\u00f2sit principal \u00e9s ajudar als infants a cr\u00e9ixer en dignitat i desenvolupar les compet\u00e8ncies per la vida. Infants que siguin lliures, amb capacitat cr\u00edtica per poder adquirir les eines democr\u00e0tiques necess\u00e0ries per aix\u00ed influir i transformar la nostra societat. \u00c9s per aquest motiu que donem molta import\u00e0ncia al di\u00e0leg, a l\u2019escolta activa i al raonament entre els infants.<\/span><\/p>\n<p><span style=\"font-weight: 400;\">Considerem els infants com persones que posseeixen les eines necess\u00e0ries per a poder aprendre i cr\u00e9ixer per ells mateixos; per aix\u00f2 el nostre paper \u00e9s sobretot de facilitadors, creant contextos rics on nosaltres fem de guies i acompanyants.\u00a0<\/span><\/p>\n<p><strong>Visi\u00f3<\/strong><\/p>\n<p><span style=\"font-weight: 400;\">&#8211; S\u2019utilitzen m\u00e8todes de treball flexibles basats en l\u2019experimentaci\u00f3 i la vivenciaci\u00f3 per tal de potenciar les habilitats socials, emocionals, cient\u00edfiques, art\u00edstiques dels nostres alumnes respectant les seves caracter\u00edstiques i capacitats.<\/span><\/p>\n<p><span style=\"font-weight: 400;\">&#8211; S\u2019ofereix als infants estrat\u00e8gies i eines per ser cada vegada m\u00e9s aut\u00f2noms en la construcci\u00f3 dels seus propis aprenentatges i, d\u2019aquesta manera, esdevenir el protagonista del seu proc\u00e9s d\u2019aprenentatge.<\/span><\/p>\n<p><span style=\"font-weight: 400;\">&#8211; S\u2019eduqui els infants per poder participar cr\u00edticament i creativament en la seva societat.<\/span><\/p>\n<p><span style=\"font-weight: 400;\">&#8211; Les TAC formen part del dia a dia de l\u2019aula.<\/span><\/p>\n<p><span style=\"font-weight: 400;\">&#8211; Es fomenta la participaci\u00f3 de les fam\u00edlies.<\/span><\/p>\n<p><span style=\"font-weight: 400;\">&#8211; L\u2019equip docent se sent acollit, escoltat, respectat i valorat.<\/span><\/p>\n<p><b>Valors<\/b><\/p>\n<p><span style=\"font-weight: 400;\">Tothom t\u00e9 les mateixes oportunitats:<\/span><\/p>\n<ul>\n<li><span style=\"font-weight: 400;\">R<\/span><span style=\"font-weight: 400;\">especte<\/span><\/li>\n<li><span style=\"font-weight: 400;\">I<\/span><span style=\"font-weight: 400;\">nclusi\u00f3\u00a0<\/span><\/li>\n<li><span style=\"font-weight: 400;\">Esfor\u00e7\u00a0<\/span><\/li>\n<li><span style=\"font-weight: 400;\">Confian\u00e7a<\/span><\/li>\n<li><span style=\"font-weight: 400;\">Curiositat<\/span><\/li>\n<li><span style=\"font-weight: 400;\">Coeducaci\u00f3\u00a0<\/span><\/li>\n<li><span style=\"font-weight: 400;\">Igualtat.<\/span><\/li>\n<li>Equitat<\/li>\n<\/ul>\n<p>&nbsp;<\/p>\n","protected":false},"excerpt":{"rendered":"<p>Misi\u00f3 L\u2019Abat Oliba \u00e9s una escola p\u00fablica viva, participativa, amb una metodologia de treball cada cop m\u00e9s activa, vivencial, competent per aix\u00f2 partim de la curiositat, inter\u00e8s i capacitat d\u2019observaci\u00f3 dels infants. Una escola que respecta els ritmes i els processos d\u2019aprenentatge,\u00a0 inclusiva on es contempla la coeducaci\u00f3 i la perspectiva de g\u00e8nere. El prop\u00f2sit [&hellip;]<\/p>\n","protected":false},"author":1,"featured_media":0,"parent":808,"menu_order":0,"comment_status":"closed","ping_status":"closed","template":"","meta":{"_bbp_topic_count":0,"_bbp_reply_count":0,"_bbp_total_topic_count":0,"_bbp_total_reply_count":0,"_bbp_voice_count":0,"_bbp_anonymous_reply_count":0,"_bbp_topic_count_hidden":0,"_bbp_reply_count_hidden":0,"_bbp_forum_subforum_count":0,"site-sidebar-layout":"default","site-content-layout":"","ast-site-content-layout":"","site-content-style":"default","site-sidebar-style":"default","ast-global-header-display":"","ast-banner-title-visibility":"","ast-main-header-display":"","ast-hfb-above-header-display":"","ast-hfb-below-header-display":"","ast-hfb-mobile-header-display":"","site-post-title":"","ast-breadcrumbs-content":"","ast-featured-img":"","footer-sml-layout":"","theme-transparent-header-meta":"","adv-header-id-meta":"","stick-header-meta":"","header-above-stick-meta":"","header-main-stick-meta":"","header-below-stick-meta":"","astra-migrate-meta-layouts":"default","ast-page-background-enabled":"default","ast-page-background-meta":{"desktop":{"background-color":"var(--ast-global-color-4)","background-image":"","background-repeat":"repeat","background-position":"center center","background-size":"auto","background-attachment":"scroll","background-type":"","background-media":"","overlay-type":"","overlay-color":"","overlay-opacity":"","overlay-gradient":""},"tablet":{"background-color":"","background-image":"","background-repeat":"repeat","background-position":"center center","background-size":"auto","background-attachment":"scroll","background-type":"","background-media":"","overlay-type":"","overlay-color":"","overlay-opacity":"","overlay-gradient":""},"mobile":{"background-color":"","background-image":"","background-repeat":"repeat","background-position":"center center","background-size":"auto","background-attachment":"scroll","background-type":"","background-media":"","overlay-type":"","overlay-color":"","overlay-opacity":"","overlay-gradient":""}},"ast-content-background-meta":{"desktop":{"background-color":"var(--ast-global-color-5)","background-image":"","background-repeat":"repeat","background-position":"center center","background-size":"auto","background-attachment":"scroll","background-type":"","background-media":"","overlay-type":"","overlay-color":"","overlay-opacity":"","overlay-gradient":""},"tablet":{"background-color":"var(--ast-global-color-5)","background-image":"","background-repeat":"repeat","background-position":"center center","background-size":"auto","background-attachment":"scroll","background-type":"","background-media":"","overlay-type":"","overlay-color":"","overlay-opacity":"","overlay-gradient":""},"mobile":{"background-color":"var(--ast-global-color-5)","background-image":"","background-repeat":"repeat","background-position":"center center","background-size":"auto","background-attachment":"scroll","background-type":"","background-media":"","overlay-type":"","overlay-color":"","overlay-opacity":"","overlay-gradient":""}},"footnotes":""},"class_list":["post-1100","page","type-page","status-publish","hentry"],"post_mailing_queue_ids":[],"_links":{"self":[{"href":"https:\/\/agora.xtec.cat\/ceip-abatoliba-cornella\/wp-json\/wp\/v2\/pages\/1100","targetHints":{"allow":["GET"]}}],"collection":[{"href":"https:\/\/agora.xtec.cat\/ceip-abatoliba-cornella\/wp-json\/wp\/v2\/pages"}],"about":[{"href":"https:\/\/agora.xtec.cat\/ceip-abatoliba-cornella\/wp-json\/wp\/v2\/types\/page"}],"author":[{"embeddable":true,"href":"https:\/\/agora.xtec.cat\/ceip-abatoliba-cornella\/wp-json\/wp\/v2\/users\/1"}],"replies":[{"embeddable":true,"href":"https:\/\/agora.xtec.cat\/ceip-abatoliba-cornella\/wp-json\/wp\/v2\/comments?post=1100"}],"version-history":[{"count":3,"href":"https:\/\/agora.xtec.cat\/ceip-abatoliba-cornella\/wp-json\/wp\/v2\/pages\/1100\/revisions"}],"predecessor-version":[{"id":1104,"href":"https:\/\/agora.xtec.cat\/ceip-abatoliba-cornella\/wp-json\/wp\/v2\/pages\/1100\/revisions\/1104"}],"up":[{"embeddable":true,"href":"https:\/\/agora.xtec.cat\/ceip-abatoliba-cornella\/wp-json\/wp\/v2\/pages\/808"}],"wp:attachment":[{"href":"https:\/\/agora.xtec.cat\/ceip-abatoliba-cornella\/wp-json\/wp\/v2\/media?parent=1100"}],"curies":[{"name":"wp","href":"https:\/\/api.w.org\/{rel}","templated":true}]}}