{"id":1011,"date":"2023-01-24T13:27:25","date_gmt":"2023-01-24T12:27:25","guid":{"rendered":"https:\/\/agora.xtec.cat\/ceip-abatoliba-cornella\/?page_id=1011"},"modified":"2025-02-21T15:35:27","modified_gmt":"2025-02-21T14:35:27","slug":"documents","status":"publish","type":"page","link":"https:\/\/agora.xtec.cat\/ceip-abatoliba-cornella\/documents\/","title":{"rendered":"Documents del centre"},"content":{"rendered":"<p><em>Documents i informacions, segons la Llei 19\/2014, del 29 de desembre, de transpar\u00e8ncia, acc\u00e9s a la informaci\u00f3 p\u00fablica i bon govern i la Instrucci\u00f3 2\/2019, de 25 de febrer, per a la tramitaci\u00f3 de les sol\u00b7licituds de dret d\u2019acc\u00e9s a la informaci\u00f3 p\u00fablica i al compliment de les obligacions de publicitat activa, obertura de dades p\u00fabliques, bon govern i participaci\u00f3 ciutadana:<\/em><\/p>\n<p><a href=\"https:\/\/drive.google.com\/file\/d\/1L3QHZQH0kp21p51axdrXbf-5fmpLz2bd\/view?usp=sharing\"><strong>PROJECTE EDUCATIU DE CENTRE (PEC)<\/strong><\/a>, on est\u00e0 incl\u00f2s el<strong> PROJECTE LING\u00dc\u00cdSTIC (PL)<\/strong>.<\/p>\n<p><a href=\"https:\/\/drive.google.com\/file\/d\/18uIBNOCYhYRNeuhmlzH3M7h8DdTXMdyn\/view?usp=sharing\"><strong>NORMES D&#8217;ORGANITZACI\u00d3 I FUNCIONAMENT DE CENTRE (NOFC)<\/strong><\/a>,\u00a0on est\u00e0 incl\u00f2s el\u00a0<strong>PROJECTE DE CONVIV\u00c8NCIA<\/strong>.<\/p>\n<p><a href=\"https:\/\/agora.xtec.cat\/ceip-abatoliba-cornella\/general\/sabers-del-centre\/?preview_id=2798&amp;preview_nonce=84b89b05df&amp;_thumbnail_id=-1&amp;preview=true\"><strong>SABERS DEL CURRICULUM. Decret 175\/2022<\/strong><\/a><\/p>\n<p><a href=\"https:\/\/drive.google.com\/file\/d\/1STjbw7enbYTQeSFKatfAq-O8-5GvuffC\/view?usp=sharing\"><strong>PLA D&#8217;EMERG\u00c8NCIA<\/strong><\/a><\/p>\n<p><strong>ORGANIGRAMA\u00a0<\/strong><\/p>\n<p><a href=\"https:\/\/drive.google.com\/file\/d\/1m4SVcmmAGela9lZwa5caL1Q1AJOcS5MZ\/view?usp=sharing\"><strong>PERSONAL DOCENT CURS 24-25<\/strong><\/a><\/p>\n<p><a href=\"https:\/\/agora.xtec.cat\/ceip-abatoliba-cornella\/wp-content\/uploads\/usu2331\/2024\/02\/Dades-del-pressupost-2024-signat.pdf\"><strong>DADES DEL PRESSUPOST 2024<\/strong><\/a><\/p>\n<p><a href=\"https:\/\/agora.xtec.cat\/ceip-abatoliba-cornella\/wp-content\/uploads\/usu2331\/2024\/02\/Liquidacio-del-pressupost-signat.pdf\"><strong>LIQUIDACI\u00d3 PRESSUPOST 2023<\/strong><\/a><\/p>\n<p>&nbsp;<\/p>\n<p>&nbsp;<\/p>\n","protected":false},"excerpt":{"rendered":"<p>Documents i informacions, segons la Llei 19\/2014, del 29 de desembre, de transpar\u00e8ncia, acc\u00e9s a la informaci\u00f3 p\u00fablica i bon govern i la Instrucci\u00f3 2\/2019, de 25 de febrer, per a la tramitaci\u00f3 de les sol\u00b7licituds de dret d\u2019acc\u00e9s a la informaci\u00f3 p\u00fablica i al compliment de les obligacions de publicitat activa, obertura de dades [&hellip;]<\/p>\n","protected":false},"author":1,"featured_media":0,"parent":0,"menu_order":0,"comment_status":"closed","ping_status":"closed","template":"","meta":{"_bbp_topic_count":0,"_bbp_reply_count":0,"_bbp_total_topic_count":0,"_bbp_total_reply_count":0,"_bbp_voice_count":0,"_bbp_anonymous_reply_count":0,"_bbp_topic_count_hidden":0,"_bbp_reply_count_hidden":0,"_bbp_forum_subforum_count":0,"site-sidebar-layout":"default","site-content-layout":"","ast-site-content-layout":"","site-content-style":"default","site-sidebar-style":"default","ast-global-header-display":"","ast-banner-title-visibility":"","ast-main-header-display":"","ast-hfb-above-header-display":"","ast-hfb-below-header-display":"","ast-hfb-mobile-header-display":"","site-post-title":"","ast-breadcrumbs-content":"","ast-featured-img":"","footer-sml-layout":"","theme-transparent-header-meta":"","adv-header-id-meta":"","stick-header-meta":"","header-above-stick-meta":"","header-main-stick-meta":"","header-below-stick-meta":"","astra-migrate-meta-layouts":"default","ast-page-background-enabled":"default","ast-page-background-meta":{"desktop":{"background-color":"var(--ast-global-color-4)","background-image":"","background-repeat":"repeat","background-position":"center center","background-size":"auto","background-attachment":"scroll","background-type":"","background-media":"","overlay-type":"","overlay-color":"","overlay-opacity":"","overlay-gradient":""},"tablet":{"background-color":"","background-image":"","background-repeat":"repeat","background-position":"center center","background-size":"auto","background-attachment":"scroll","background-type":"","background-media":"","overlay-type":"","overlay-color":"","overlay-opacity":"","overlay-gradient":""},"mobile":{"background-color":"","background-image":"","background-repeat":"repeat","background-position":"center center","background-size":"auto","background-attachment":"scroll","background-type":"","background-media":"","overlay-type":"","overlay-color":"","overlay-opacity":"","overlay-gradient":""}},"ast-content-background-meta":{"desktop":{"background-color":"var(--ast-global-color-5)","background-image":"","background-repeat":"repeat","background-position":"center center","background-size":"auto","background-attachment":"scroll","background-type":"","background-media":"","overlay-type":"","overlay-color":"","overlay-opacity":"","overlay-gradient":""},"tablet":{"background-color":"var(--ast-global-color-5)","background-image":"","background-repeat":"repeat","background-position":"center center","background-size":"auto","background-attachment":"scroll","background-type":"","background-media":"","overlay-type":"","overlay-color":"","overlay-opacity":"","overlay-gradient":""},"mobile":{"background-color":"var(--ast-global-color-5)","background-image":"","background-repeat":"repeat","background-position":"center center","background-size":"auto","background-attachment":"scroll","background-type":"","background-media":"","overlay-type":"","overlay-color":"","overlay-opacity":"","overlay-gradient":""}},"footnotes":""},"class_list":["post-1011","page","type-page","status-publish","hentry"],"post_mailing_queue_ids":[],"_links":{"self":[{"href":"https:\/\/agora.xtec.cat\/ceip-abatoliba-cornella\/wp-json\/wp\/v2\/pages\/1011","targetHints":{"allow":["GET"]}}],"collection":[{"href":"https:\/\/agora.xtec.cat\/ceip-abatoliba-cornella\/wp-json\/wp\/v2\/pages"}],"about":[{"href":"https:\/\/agora.xtec.cat\/ceip-abatoliba-cornella\/wp-json\/wp\/v2\/types\/page"}],"author":[{"embeddable":true,"href":"https:\/\/agora.xtec.cat\/ceip-abatoliba-cornella\/wp-json\/wp\/v2\/users\/1"}],"replies":[{"embeddable":true,"href":"https:\/\/agora.xtec.cat\/ceip-abatoliba-cornella\/wp-json\/wp\/v2\/comments?post=1011"}],"version-history":[{"count":7,"href":"https:\/\/agora.xtec.cat\/ceip-abatoliba-cornella\/wp-json\/wp\/v2\/pages\/1011\/revisions"}],"predecessor-version":[{"id":2818,"href":"https:\/\/agora.xtec.cat\/ceip-abatoliba-cornella\/wp-json\/wp\/v2\/pages\/1011\/revisions\/2818"}],"wp:attachment":[{"href":"https:\/\/agora.xtec.cat\/ceip-abatoliba-cornella\/wp-json\/wp\/v2\/media?parent=1011"}],"curies":[{"name":"wp","href":"https:\/\/api.w.org\/{rel}","templated":true}]}}