{"id":7212,"date":"2026-02-17T10:07:18","date_gmt":"2026-02-17T09:07:18","guid":{"rendered":"https:\/\/agora.xtec.cat\/ceip-25desetembre-rubi\/?page_id=7212"},"modified":"2026-03-06T11:51:38","modified_gmt":"2026-03-06T10:51:38","slug":"families-a-laula","status":"publish","type":"page","link":"https:\/\/agora.xtec.cat\/ceip-25desetembre-rubi\/families\/families-a-laula\/","title":{"rendered":"Fam\u00edlies a l&#8217;aula"},"content":{"rendered":"\n<figure class=\"wp-block-table\"><table class=\"has-fixed-layout\"><tbody><tr><td class=\"has-text-align-center\" data-align=\"center\"><strong>I3 <\/strong><br><a href=\"https:\/\/www.canva.com\/design\/DAGgM8WHQEo\/Ahb2-FgNz8nu4nvluo2yOA\/view\">Parla i consci\u00e8ncia<\/a><\/td><td class=\"has-text-align-center\" data-align=\"center\"><strong>I4 <\/strong><br><a href=\"https:\/\/www.canva.com\/design\/DAGe41CAWzM\/0Dx0rGG5KfVuE45aU1i7xw\/view\">Ambients<\/a><\/td><td class=\"has-text-align-center\" data-align=\"center\"><strong>I5 <\/strong><br><a href=\"https:\/\/www.canva.com\/design\/DAGe_K67BLI\/UknH5rz--JUMWJojZCbNDQ\/view\">Racons de llengua i matem\u00e0tiques<\/a><br><\/td><\/tr><tr><td class=\"has-text-align-center\" data-align=\"center\"><strong>1r<\/strong><br><a href=\"https:\/\/www.canva.com\/design\/DAGhg3cyXK0\/U0w-gjoyGg-uns9z4O_xJg\/view\">Racons<\/a><\/td><td class=\"has-text-align-center\" data-align=\"center\"><strong>2n<\/strong><br><a href=\"https:\/\/www.canva.com\/design\/DAGfi4wYGeQ\/SGdu_caqVJ5wVLf4HUs8kw\/view\">INNOVAMAT<\/a><\/td><td class=\"has-text-align-center\" data-align=\"center\"><strong>3r <\/strong><br><a href=\"https:\/\/www.canva.com\/design\/DAFbwSpk69I\/view\">Expressi\u00f3 escrita<\/a><\/td><\/tr><tr><td class=\"has-text-align-center\" data-align=\"center\"><strong>4t<\/strong> <br><a href=\"https:\/\/www.canva.com\/design\/DAGhDvy2_-I\/dIkukzD4H10EFGX0wAO1sA\/view\">Treball globalitzat: Sistema Solar<\/a><br><\/td><td class=\"has-text-align-center\" data-align=\"center\"><strong>5\u00e8\u00a0 <\/strong><br>Club de lectura i r\u00e0dio<\/td><td class=\"has-text-align-center\" data-align=\"center\"><strong>6\u00e8 <\/strong><br><a href=\"https:\/\/www.canva.com\/design\/DAHCzHWo6aE\/v4mMzhXInpWRs5SqPIt0tg\/view\">Centre d&#8217;inter\u00e8s AFECTIVO SEXUAL<\/a><\/td><\/tr><\/tbody><\/table><\/figure>\n\n\n\n<p><\/p>\n","protected":false},"excerpt":{"rendered":"<p>I3 Parla i consci\u00e8ncia I4 Ambients I5 Racons de llengua i matem\u00e0tiques 1rRacons 2nINNOVAMAT 3r Expressi\u00f3 escrita 4t Treball globalitzat: Sistema Solar 5\u00e8\u00a0 Club de lectura i r\u00e0dio 6\u00e8 Centre d&#8217;inter\u00e8s AFECTIVO SEXUAL<\/p>\n","protected":false},"author":1,"featured_media":0,"parent":4093,"menu_order":0,"comment_status":"closed","ping_status":"close","template":"","meta":{"_bbp_topic_count":0,"_bbp_reply_count":0,"_bbp_total_topic_count":0,"_bbp_total_reply_count":0,"_bbp_voice_count":0,"_bbp_anonymous_reply_count":0,"_bbp_topic_count_hidden":0,"_bbp_reply_count_hidden":0,"_bbp_forum_subforum_count":0,"site-sidebar-layout":"default","site-content-layout":"","ast-site-content-layout":"default","site-content-style":"default","site-sidebar-style":"default","ast-global-header-display":"","ast-banner-title-visibility":"","ast-main-header-display":"","ast-hfb-above-header-display":"","ast-hfb-below-header-display":"","ast-hfb-mobile-header-display":"","site-post-title":"","ast-breadcrumbs-content":"","ast-featured-img":"","footer-sml-layout":"","theme-transparent-header-meta":"","adv-header-id-meta":"","stick-header-meta":"","header-above-stick-meta":"","header-main-stick-meta":"","header-below-stick-meta":"","astra-migrate-meta-layouts":"set","ast-page-background-enabled":"default","ast-page-background-meta":{"desktop":{"background-color":"var(--ast-global-color-4)","background-image":"","background-repeat":"repeat","background-position":"center center","background-size":"auto","background-attachment":"scroll","background-type":"","background-media":"","overlay-type":"","overlay-color":"","overlay-opacity":"","overlay-gradient":""},"tablet":{"background-color":"","background-image":"","background-repeat":"repeat","background-position":"center center","background-size":"auto","background-attachment":"scroll","background-type":"","background-media":"","overlay-type":"","overlay-color":"","overlay-opacity":"","overlay-gradient":""},"mobile":{"background-color":"","background-image":"","background-repeat":"repeat","background-position":"center center","background-size":"auto","background-attachment":"scroll","background-type":"","background-media":"","overlay-type":"","overlay-color":"","overlay-opacity":"","overlay-gradient":""}},"ast-content-background-meta":{"desktop":{"background-color":"var(--ast-global-color-5)","background-image":"","background-repeat":"repeat","background-position":"center center","background-size":"auto","background-attachment":"scroll","background-type":"","background-media":"","overlay-type":"","overlay-color":"","overlay-opacity":"","overlay-gradient":""},"tablet":{"background-color":"var(--ast-global-color-5)","background-image":"","background-repeat":"repeat","background-position":"center center","background-size":"auto","background-attachment":"scroll","background-type":"","background-media":"","overlay-type":"","overlay-color":"","overlay-opacity":"","overlay-gradient":""},"mobile":{"background-color":"var(--ast-global-color-5)","background-image":"","background-repeat":"repeat","background-position":"center center","background-size":"auto","background-attachment":"scroll","background-type":"","background-media":"","overlay-type":"","overlay-color":"","overlay-opacity":"","overlay-gradient":""}},"footnotes":""},"class_list":["post-7212","page","type-page","status-publish","hentry"],"post_mailing_queue_ids":[],"_links":{"self":[{"href":"https:\/\/agora.xtec.cat\/ceip-25desetembre-rubi\/wp-json\/wp\/v2\/pages\/7212","targetHints":{"allow":["GET"]}}],"collection":[{"href":"https:\/\/agora.xtec.cat\/ceip-25desetembre-rubi\/wp-json\/wp\/v2\/pages"}],"about":[{"href":"https:\/\/agora.xtec.cat\/ceip-25desetembre-rubi\/wp-json\/wp\/v2\/types\/page"}],"author":[{"embeddable":true,"href":"https:\/\/agora.xtec.cat\/ceip-25desetembre-rubi\/wp-json\/wp\/v2\/users\/1"}],"replies":[{"embeddable":true,"href":"https:\/\/agora.xtec.cat\/ceip-25desetembre-rubi\/wp-json\/wp\/v2\/comments?post=7212"}],"version-history":[{"count":4,"href":"https:\/\/agora.xtec.cat\/ceip-25desetembre-rubi\/wp-json\/wp\/v2\/pages\/7212\/revisions"}],"predecessor-version":[{"id":7252,"href":"https:\/\/agora.xtec.cat\/ceip-25desetembre-rubi\/wp-json\/wp\/v2\/pages\/7212\/revisions\/7252"}],"up":[{"embeddable":true,"href":"https:\/\/agora.xtec.cat\/ceip-25desetembre-rubi\/wp-json\/wp\/v2\/pages\/4093"}],"wp:attachment":[{"href":"https:\/\/agora.xtec.cat\/ceip-25desetembre-rubi\/wp-json\/wp\/v2\/media?parent=7212"}],"curies":[{"name":"wp","href":"https:\/\/api.w.org\/{rel}","templated":true}]}}