{"id":342,"date":"2015-03-12T12:26:05","date_gmt":"2015-03-12T11:26:05","guid":{"rendered":"https:\/\/escola25setembre.wordpress.com\/?page_id=342"},"modified":"2026-01-08T09:35:23","modified_gmt":"2026-01-08T08:35:23","slug":"secretaria","status":"publish","type":"page","link":"https:\/\/agora.xtec.cat\/ceip-25desetembre-rubi\/lescola\/secretaria\/","title":{"rendered":"Secretaria"},"content":{"rendered":"<h4><b style=\"color: #000000; font-size: 1.125em;\"><br \/>\nHORARI D&#8217;ATENCI\u00d3 A LES FAM\u00cdLIES\u00a0<\/b><\/h4>\n<table style=\"height: 212px; width: 79.4955%; border-color: #f2eded;\">\n<tbody>\n<tr style=\"height: 53px;\">\n<td style=\"height: 53px; width: 12.1625%;\"><b>DILLUNS<\/b><\/td>\n<td style=\"height: 53px; width: 18.0138%;\"><b>DIMARTS<\/b><\/td>\n<td style=\"height: 53px; width: 17.3299%;\"><b>DIMECRES<\/b><\/td>\n<td style=\"height: 53px; width: 17.8338%;\"><b>DIJOUS<\/b><\/td>\n<td style=\"height: 53px; width: 13.4405%;\"><b>DIVENDRES<\/b><\/td>\n<\/tr>\n<tr style=\"height: 53px;\">\n<td style=\"height: 53px; width: 12.1625%;\">8h a 10h<\/td>\n<td style=\"height: 53px; width: 18.0138%;\">8h a 10h<\/td>\n<td style=\"height: 53px; width: 17.3299%;\">8h a 10h<\/td>\n<td style=\"height: 53px; width: 17.8338%;\">8h a 10h<\/td>\n<td style=\"height: 53px; width: 13.4405%;\">8h a 10h<\/td>\n<\/tr>\n<tr style=\"height: 53px;\">\n<td style=\"height: 53px; width: 12.1625%;\">12.30h a 13h<\/td>\n<td style=\"height: 53px; width: 18.0138%;\">12.30h a 13h<\/td>\n<td style=\"height: 53px; width: 17.3299%;\">12.30h a 13h<\/td>\n<td style=\"height: 53px; width: 17.8338%;\">12.30h a 13h<\/td>\n<td style=\"height: 53px; width: 13.4405%;\">12.30h a 13h<\/td>\n<\/tr>\n<tr style=\"height: 53px;\">\n<td style=\"height: 53px; width: 12.1625%;\">16h a 16.45h<\/td>\n<td style=\"height: 53px; width: 18.0138%;\"><\/td>\n<td style=\"height: 53px; width: 17.3299%;\">16h a 16.45h<\/td>\n<td style=\"height: 53px; width: 17.8338%;\"><\/td>\n<td style=\"height: 53px; width: 13.4405%;\"><\/td>\n<\/tr>\n<\/tbody>\n<\/table>\n<p><b>No cal demanar cita pr\u00e8via, per\u00f2 nom\u00e9s us podrem atendre en aquest horari.<\/b><\/p>\n<p><b>Si necessiteu resoldre algun dubte, podeu enviar un correu a secretaria@escola25desetembre.cat<\/b><\/p>\n<p>&nbsp;<\/p>\n","protected":false},"excerpt":{"rendered":"<p>HORARI D&#8217;ATENCI\u00d3 A LES FAM\u00cdLIES\u00a0 DILLUNS DIMARTS DIMECRES DIJOUS DIVENDRES 8h a 10h 8h a 10h 8h a 10h 8h a 10h 8h a 10h 12.30h a 13h 12.30h a 13h 12.30h a 13h 12.30h a 13h 12.30h a 13h 16h a 16.45h 16h a 16.45h No cal demanar cita pr\u00e8via, per\u00f2 nom\u00e9s us podrem [&hellip;]<\/p>\n","protected":false},"author":1,"featured_media":0,"parent":22,"menu_order":70,"comment_status":"closed","ping_status":"open","template":"","meta":{"_bbp_topic_count":0,"_bbp_reply_count":0,"_bbp_total_topic_count":0,"_bbp_total_reply_count":0,"_bbp_voice_count":0,"_bbp_anonymous_reply_count":0,"_bbp_topic_count_hidden":0,"_bbp_reply_count_hidden":0,"_bbp_forum_subforum_count":0,"site-sidebar-layout":"default","site-content-layout":"","ast-site-content-layout":"default","site-content-style":"default","site-sidebar-style":"default","ast-global-header-display":"","ast-banner-title-visibility":"","ast-main-header-display":"","ast-hfb-above-header-display":"","ast-hfb-below-header-display":"","ast-hfb-mobile-header-display":"","site-post-title":"","ast-breadcrumbs-content":"","ast-featured-img":"","footer-sml-layout":"","theme-transparent-header-meta":"default","adv-header-id-meta":"","stick-header-meta":"","header-above-stick-meta":"","header-main-stick-meta":"","header-below-stick-meta":"","astra-migrate-meta-layouts":"set","ast-page-background-enabled":"default","ast-page-background-meta":{"desktop":{"background-color":"var(--ast-global-color-4)","background-image":"","background-repeat":"repeat","background-position":"center center","background-size":"auto","background-attachment":"scroll","background-type":"","background-media":"","overlay-type":"","overlay-color":"","overlay-opacity":"","overlay-gradient":""},"tablet":{"background-color":"","background-image":"","background-repeat":"repeat","background-position":"center center","background-size":"auto","background-attachment":"scroll","background-type":"","background-media":"","overlay-type":"","overlay-color":"","overlay-opacity":"","overlay-gradient":""},"mobile":{"background-color":"","background-image":"","background-repeat":"repeat","background-position":"center center","background-size":"auto","background-attachment":"scroll","background-type":"","background-media":"","overlay-type":"","overlay-color":"","overlay-opacity":"","overlay-gradient":""}},"ast-content-background-meta":{"desktop":{"background-color":"var(--ast-global-color-5)","background-image":"","background-repeat":"repeat","background-position":"center center","background-size":"auto","background-attachment":"scroll","background-type":"","background-media":"","overlay-type":"","overlay-color":"","overlay-opacity":"","overlay-gradient":""},"tablet":{"background-color":"var(--ast-global-color-5)","background-image":"","background-repeat":"repeat","background-position":"center center","background-size":"auto","background-attachment":"scroll","background-type":"","background-media":"","overlay-type":"","overlay-color":"","overlay-opacity":"","overlay-gradient":""},"mobile":{"background-color":"var(--ast-global-color-5)","background-image":"","background-repeat":"repeat","background-position":"center center","background-size":"auto","background-attachment":"scroll","background-type":"","background-media":"","overlay-type":"","overlay-color":"","overlay-opacity":"","overlay-gradient":""}},"footnotes":""},"class_list":["post-342","page","type-page","status-publish","hentry"],"post_mailing_queue_ids":[],"_links":{"self":[{"href":"https:\/\/agora.xtec.cat\/ceip-25desetembre-rubi\/wp-json\/wp\/v2\/pages\/342","targetHints":{"allow":["GET"]}}],"collection":[{"href":"https:\/\/agora.xtec.cat\/ceip-25desetembre-rubi\/wp-json\/wp\/v2\/pages"}],"about":[{"href":"https:\/\/agora.xtec.cat\/ceip-25desetembre-rubi\/wp-json\/wp\/v2\/types\/page"}],"author":[{"embeddable":true,"href":"https:\/\/agora.xtec.cat\/ceip-25desetembre-rubi\/wp-json\/wp\/v2\/users\/1"}],"replies":[{"embeddable":true,"href":"https:\/\/agora.xtec.cat\/ceip-25desetembre-rubi\/wp-json\/wp\/v2\/comments?post=342"}],"version-history":[{"count":6,"href":"https:\/\/agora.xtec.cat\/ceip-25desetembre-rubi\/wp-json\/wp\/v2\/pages\/342\/revisions"}],"predecessor-version":[{"id":7124,"href":"https:\/\/agora.xtec.cat\/ceip-25desetembre-rubi\/wp-json\/wp\/v2\/pages\/342\/revisions\/7124"}],"up":[{"embeddable":true,"href":"https:\/\/agora.xtec.cat\/ceip-25desetembre-rubi\/wp-json\/wp\/v2\/pages\/22"}],"wp:attachment":[{"href":"https:\/\/agora.xtec.cat\/ceip-25desetembre-rubi\/wp-json\/wp\/v2\/media?parent=342"}],"curies":[{"name":"wp","href":"https:\/\/api.w.org\/{rel}","templated":true}]}}