{"id":703,"date":"2019-10-23T21:39:39","date_gmt":"2019-10-23T19:39:39","guid":{"rendered":"https:\/\/agora.xtec.cat\/ceevillajoana\/?page_id=703"},"modified":"2020-02-17T12:42:28","modified_gmt":"2020-02-17T11:42:28","slug":"lequip","status":"publish","type":"page","link":"https:\/\/agora.xtec.cat\/ceevillajoana\/lescola\/lequip\/","title":{"rendered":"L&#8217;equip"},"content":{"rendered":"<p><span style=\"font-weight: 400;\">La Instituci\u00f3 Vil\u00b7la Joana compta amb un equip multidisciplinar.\u00a0<\/span><\/p>\n<p><span style=\"font-weight: 400;\">L\u2019equip d\u2019atenci\u00f3 interna est\u00e0 format per educadors, mestres d\u2019educaci\u00f3 especial amb una funci\u00f3 tutorial, mestres especialitzats en diferents disciplines <\/span><span style=\"font-weight: 400;\">que donen un suport espec\u00edfic i, en molts casos, de forma individual (psicomotricista, mestra d\u2019audici\u00f3 i llenguatge, mestra de m\u00fasica, mediadora art\u00edstica, mestres individuals i un mestre de fusteria).\u00a0<\/span><\/p>\n<p><span style=\"font-weight: 400;\">El CEE Vil\u00b7la Joana compta amb<\/span><span style=\"font-weight: 400;\"> diversos psic\u00f2legs amb formaci\u00f3 cl\u00ednica d\u2019orientaci\u00f3 psicodin\u00e0mica, tres dels quals s\u00f3n referents de les Unitats d\u2019Atenci\u00f3 Interna. A m\u00e9s comptem amb una psic\u00f2loga que ofereix sessions de psicoter\u00e0pia individual a alguns alumnes.<\/span><\/p>\n<p><span style=\"font-weight: 400;\">L\u2019equip tamb\u00e9 compta amb el suport d\u2019una professional (psiquiatra consultora) a partir d\u2019un conveni entre el Consorci d\u2019Educaci\u00f3 de Barcelona i el CSMIJ de Les Corts. Aquesta professional orienta el claustre i l\u2019equip cl\u00ednic. Tamb\u00e9 es coordina, en cas que sigui necessari, amb els psiquiatres referents dels alumnes que en disposin per\u00f2, en cap cas, substitueix aquesta figura.\u00a0<\/span><\/p>\n<p><span style=\"font-weight: 400;\">Per altra banda molts dels alumnes i les seves fam\u00edlies presenten la necessitat d\u2019un treball social for\u00e7a intensiu amb el suport de professionals especialitzats.<\/span><\/p>\n<p><span style=\"font-weight: 400;\">Tamb\u00e9 formen part de l\u2019equip el personal d&#8217;administraci\u00f3 i serveis, i el personal de cuina i de neteja.<\/span><\/p>\n<p><span style=\"font-weight: 400;\">Els alumnes i les seves fam\u00edlies tenen a la seva disposici\u00f3 un servei extern gratu\u00eft de monitors d\u2019acompanyament per aquells que vulguin, puguin i ho necessitin entre el Baixador de Vallvidrera i la Pla\u00e7a Catalunya, fent servir la xarxa dels Ferrocarrils de la Generalitat. Si b\u00e9 ve aquest servei \u00e9s extern al centre, hi ha <\/span><span style=\"font-weight: 400;\">una coordinaci\u00f3 intensa amb l\u2019equip educatiu, cl\u00ednic i directiu del centre.<\/span><\/p>\n","protected":false},"excerpt":{"rendered":"<p>La Instituci\u00f3 Vil\u00b7la Joana compta amb un equip multidisciplinar.\u00a0<br \/>\nL\u2019equip d\u2019atenci\u00f3 interna est\u00e0 format per educadors, mestres d\u2019educaci\u00f3 especial amb una funci\u00f3 tutorial, mestres especialitzats en diferents disciplines que donen un suport espec\u00edfic i, en molts casos, de forma individual (psicomotricista, mestra d\u2019audici\u00f3 i llenguatge, mestra&hellip;  <a href=\"https:\/\/agora.xtec.cat\/ceevillajoana\/lescola\/lequip\/\" title=\"Read L&#8217;equip\">Llegeix m\u00e9s\u00bb<\/a><\/p>\n","protected":false},"author":1,"featured_media":0,"parent":638,"menu_order":0,"comment_status":"closed","ping_status":"closed","template":"","meta":{"_bbp_topic_count":0,"_bbp_reply_count":0,"_bbp_total_topic_count":0,"_bbp_total_reply_count":0,"_bbp_voice_count":0,"_bbp_anonymous_reply_count":0,"_bbp_topic_count_hidden":0,"_bbp_reply_count_hidden":0,"_bbp_forum_subforum_count":0,"footnotes":""},"class_list":["post-703","page","type-page","status-publish","hentry"],"post_mailing_queue_ids":[],"_links":{"self":[{"href":"https:\/\/agora.xtec.cat\/ceevillajoana\/wp-json\/wp\/v2\/pages\/703","targetHints":{"allow":["GET"]}}],"collection":[{"href":"https:\/\/agora.xtec.cat\/ceevillajoana\/wp-json\/wp\/v2\/pages"}],"about":[{"href":"https:\/\/agora.xtec.cat\/ceevillajoana\/wp-json\/wp\/v2\/types\/page"}],"author":[{"embeddable":true,"href":"https:\/\/agora.xtec.cat\/ceevillajoana\/wp-json\/wp\/v2\/users\/1"}],"replies":[{"embeddable":true,"href":"https:\/\/agora.xtec.cat\/ceevillajoana\/wp-json\/wp\/v2\/comments?post=703"}],"version-history":[{"count":3,"href":"https:\/\/agora.xtec.cat\/ceevillajoana\/wp-json\/wp\/v2\/pages\/703\/revisions"}],"predecessor-version":[{"id":843,"href":"https:\/\/agora.xtec.cat\/ceevillajoana\/wp-json\/wp\/v2\/pages\/703\/revisions\/843"}],"up":[{"embeddable":true,"href":"https:\/\/agora.xtec.cat\/ceevillajoana\/wp-json\/wp\/v2\/pages\/638"}],"wp:attachment":[{"href":"https:\/\/agora.xtec.cat\/ceevillajoana\/wp-json\/wp\/v2\/media?parent=703"}],"curies":[{"name":"wp","href":"https:\/\/api.w.org\/{rel}","templated":true}]}}