{"id":638,"date":"2019-06-26T09:16:34","date_gmt":"2019-06-26T07:16:34","guid":{"rendered":"https:\/\/agora.xtec.cat\/ceevillajoana\/?page_id=638"},"modified":"2019-10-30T14:14:55","modified_gmt":"2019-10-30T13:14:55","slug":"lescola","status":"publish","type":"page","link":"https:\/\/agora.xtec.cat\/ceevillajoana\/lescola\/","title":{"rendered":"La instituci\u00f3"},"content":{"rendered":"<p><span style=\"font-weight: 400;\">A principis del segle XX l\u2019Ajuntament de Barcelona, sensible i comprom\u00e8s en atendre els nois i noies amb necessitats educatives especials va crear, entre altres iniciatives, el Centre d\u2019Educaci\u00f3 Especial Vil\u00b7la Joana.\u00a0<\/span><\/p>\n<p><span style=\"font-weight: 400;\">\u00a0<\/span><span style=\"font-weight: 400;\">A Vil\u00b7la Joana es condensen tres vessants: la cl\u00ednica, la pedag\u00f2gica i la social. I no com a tres compartiments estancs o excloents, sin\u00f3 com a tres abordatges complementaris per facilitar les eines de creixement a un alumnat amb necessitats educatives, socials i ps\u00edquiques, molt singulars.<\/span><\/p>\n<p><span style=\"font-weight: 400;\">\u00a0<\/span><span style=\"font-weight: 400;\">Des de 1920 fins a l\u2019actualitat, l\u2019evoluci\u00f3 de la demanda i l\u2019especialitzaci\u00f3 del CEE Vil\u00b7la Joana fa que avui estiguem especialitzats <\/span><span style=\"font-weight: 400;\">en l\u2019atenci\u00f3 terap\u00e8utica i educativa d\u2019infants i adolescents amb trastorns mentals greus, del desenvolupament, autisme i alteracions greus del comportament.<\/span><\/p>\n<p><span style=\"font-weight: 400;\">L\u2019abordatge integral de les psicosis, els autismes, les patologies l\u00edmit i les seves diferents manifestacions simptom\u00e0tiques s\u00f3n el centre del nostre treball i la nostra proposta d\u2019actuaci\u00f3. La comprensi\u00f3, la cura, l\u2019atenci\u00f3, la motivaci\u00f3, l\u2019escolta activa, l\u2019acolliment i sobretot el bon tracte s\u00f3n els nostres recursos per aconseguir l\u2019assoliment de les eines que necessiten cada un dels nostres alumnes per a<\/span> <span style=\"font-weight: 400;\">que puguin aconseguir el m\u00e0xim nivell d\u2019inclusi\u00f3 a la nostra societat.<\/span><\/p>\n","protected":false},"excerpt":{"rendered":"<p>A principis del segle XX l\u2019Ajuntament de Barcelona, sensible i comprom\u00e8s en atendre els nois i noies amb necessitats educatives especials va crear, entre altres iniciatives, el Centre d\u2019Educaci\u00f3 Especial Vil\u00b7la Joana.\u00a0<br \/>\n\u00a0A Vil\u00b7la Joana es condensen tres vessants: la cl\u00ednica, la pedag\u00f2gica i la social.&hellip;  <a href=\"https:\/\/agora.xtec.cat\/ceevillajoana\/lescola\/\" title=\"Read La instituci\u00f3\">Llegeix m\u00e9s\u00bb<\/a><\/p>\n","protected":false},"author":1,"featured_media":0,"parent":0,"menu_order":0,"comment_status":"closed","ping_status":"closed","template":"","meta":{"_bbp_topic_count":0,"_bbp_reply_count":0,"_bbp_total_topic_count":0,"_bbp_total_reply_count":0,"_bbp_voice_count":0,"_bbp_anonymous_reply_count":0,"_bbp_topic_count_hidden":0,"_bbp_reply_count_hidden":0,"_bbp_forum_subforum_count":0,"footnotes":""},"class_list":["post-638","page","type-page","status-publish","hentry"],"post_mailing_queue_ids":[],"_links":{"self":[{"href":"https:\/\/agora.xtec.cat\/ceevillajoana\/wp-json\/wp\/v2\/pages\/638","targetHints":{"allow":["GET"]}}],"collection":[{"href":"https:\/\/agora.xtec.cat\/ceevillajoana\/wp-json\/wp\/v2\/pages"}],"about":[{"href":"https:\/\/agora.xtec.cat\/ceevillajoana\/wp-json\/wp\/v2\/types\/page"}],"author":[{"embeddable":true,"href":"https:\/\/agora.xtec.cat\/ceevillajoana\/wp-json\/wp\/v2\/users\/1"}],"replies":[{"embeddable":true,"href":"https:\/\/agora.xtec.cat\/ceevillajoana\/wp-json\/wp\/v2\/comments?post=638"}],"version-history":[{"count":3,"href":"https:\/\/agora.xtec.cat\/ceevillajoana\/wp-json\/wp\/v2\/pages\/638\/revisions"}],"predecessor-version":[{"id":758,"href":"https:\/\/agora.xtec.cat\/ceevillajoana\/wp-json\/wp\/v2\/pages\/638\/revisions\/758"}],"wp:attachment":[{"href":"https:\/\/agora.xtec.cat\/ceevillajoana\/wp-json\/wp\/v2\/media?parent=638"}],"curies":[{"name":"wp","href":"https:\/\/api.w.org\/{rel}","templated":true}]}}