{"id":19,"date":"2014-09-17T14:56:56","date_gmt":"2014-09-17T14:56:56","guid":{"rendered":"http:\/\/agora.xtec.cat\/ceevillajoana\/?page_id=19"},"modified":"2019-10-30T14:16:08","modified_gmt":"2019-10-30T13:16:08","slug":"escola","status":"publish","type":"page","link":"https:\/\/agora.xtec.cat\/ceevillajoana\/lescola\/escola\/","title":{"rendered":"Hist\u00f2ria"},"content":{"rendered":"\r\n\t<div class=\"slideshow_container slideshow_container_style-light\" style=\"height: 300px; \" data-slideshow-id=\"508\" data-style-name=\"style-light\" data-style-version=\"2.3.1\" >\r\n\r\n\t\t\t\t\t<div class=\"slideshow_loading_icon\"><\/div>\r\n\t\t\r\n\t\t<div class=\"slideshow_content\" style=\"display: none;\">\r\n\r\n\t\t\t<div class=\"slideshow_view\">\r\n\t\t\t\t<div class=\"slideshow_slide slideshow_slide_image\">\r\n\t\t\t\t\t\t\t\t\t\t\t<img src=\"https:\/\/agora.xtec.cat\/ceevillajoana\/wp-content\/uploads\/usu1970\/2019\/01\/imatgesllibre7-001.jpg\" alt=\"imatgesllibre7 001\" width=\"472\" height=\"223\" \/>\r\n\t\t\t\t\t\t\t\t\t\t<div class=\"slideshow_description_box slideshow_transparent\">\r\n\t\t\t\t\t\t<div class=\"slideshow_title\">imatgesllibre7 001<\/div>\t\t\t\t\t\t\t\t\t\t\t<\/div>\r\n\t\t\t\t<\/div>\r\n\r\n\t\t\t\t\t\t<div style=\"clear: both;\"><\/div><\/div><div class=\"slideshow_view\">\r\n\t\t\t\t<div class=\"slideshow_slide slideshow_slide_image\">\r\n\t\t\t\t\t\t\t\t\t\t\t<img src=\"https:\/\/agora.xtec.cat\/ceevillajoana\/wp-content\/uploads\/usu1970\/2019\/01\/imatgesllibre5-001.jpg\" alt=\"imatgesllibre5 001\" width=\"472\" height=\"708\" \/>\r\n\t\t\t\t\t\t\t\t\t\t<div class=\"slideshow_description_box slideshow_transparent\">\r\n\t\t\t\t\t\t<div class=\"slideshow_title\">imatgesllibre5 001<\/div>\t\t\t\t\t\t\t\t\t\t\t<\/div>\r\n\t\t\t\t<\/div>\r\n\r\n\t\t\t\t\t\t<div style=\"clear: both;\"><\/div><\/div><div class=\"slideshow_view\">\r\n\t\t\t\t<div class=\"slideshow_slide slideshow_slide_image\">\r\n\t\t\t\t\t\t\t\t\t\t\t<img src=\"https:\/\/agora.xtec.cat\/ceevillajoana\/wp-content\/uploads\/usu1970\/2019\/01\/imatgesllibre8-001.jpg\" alt=\"imatgesllibre8 001\" width=\"472\" height=\"336\" \/>\r\n\t\t\t\t\t\t\t\t\t\t<div class=\"slideshow_description_box slideshow_transparent\">\r\n\t\t\t\t\t\t<div class=\"slideshow_title\">imatgesllibre8 001<\/div>\t\t\t\t\t\t\t\t\t\t\t<\/div>\r\n\t\t\t\t<\/div>\r\n\r\n\t\t\t\t\t\t<div style=\"clear: both;\"><\/div><\/div><div class=\"slideshow_view\">\r\n\t\t\t\t<div class=\"slideshow_slide slideshow_slide_image\">\r\n\t\t\t\t\t\t\t\t\t\t\t<img src=\"https:\/\/agora.xtec.cat\/ceevillajoana\/wp-content\/uploads\/usu1970\/2019\/01\/imatgellibre1-001.jpg\" alt=\"imatgellibre1 001\" width=\"236\" height=\"331\" \/>\r\n\t\t\t\t\t\t\t\t\t\t<div class=\"slideshow_description_box slideshow_transparent\">\r\n\t\t\t\t\t\t<div class=\"slideshow_title\">imatgellibre1 001<\/div>\t\t\t\t\t\t\t\t\t\t\t<\/div>\r\n\t\t\t\t<\/div>\r\n\r\n\t\t\t\t\t\t<div style=\"clear: both;\"><\/div><\/div>\r\n\t\t<\/div>\r\n\r\n\t\t<div class=\"slideshow_controlPanel slideshow_transparent\" style=\"display: none;\"><ul><li class=\"slideshow_togglePlay\" data-play-text=\"Visualitza\" data-pause-text=\"Pausa\"><\/li><\/ul><\/div>\r\n\r\n\t\t<div class=\"slideshow_button slideshow_previous slideshow_transparent\" role=\"button\" data-previous-text=\"Anterior\" style=\"display: none;\"><\/div>\r\n\t\t<div class=\"slideshow_button slideshow_next slideshow_transparent\" role=\"button\" data-next-text=\"Seg\u00fcent\" style=\"display: none;\"><\/div>\r\n\r\n\t\t<div class=\"slideshow_pagination\" style=\"display: none;\" data-go-to-text=\"V\u00e9s a la diapositiva\"><div class=\"slideshow_pagination_center\"><\/div><\/div>\r\n\r\n\t\t<!-- WordPress Slideshow Version 2.3.1 -->\r\n\r\n\t\t\t<\/div>\r\n\r\n\n<p><span style=\"font-weight: 400;\">Des del comen\u00e7ament del segle XIX, l&#8217;Ajuntament de Barcelona va mostrar inter\u00e8s en un camp educatiu <\/span><span style=\"font-weight: 400;\">on <\/span><span style=\"font-weight: 400;\">cap administraci\u00f3 no dedicava atenci\u00f3 ni recursos: als infants amb discapacitat. La cessi\u00f3 de locals primer i, m\u00e9s endavant, la creaci\u00f3 oficial d&#8217;escoles municipals, amb el nomenament dels corresponents mestres especialistes, va permetre crear l&#8217;embri\u00f3 del que ja en ple segle XX ser\u00e0 l&#8217;Institut Vil\u00b7la Joana, que va assolir un alt nivell cient\u00edfic \u00e0mpliament reconegut.<\/span><\/p>\n<p><span style=\"font-weight: 400;\">El 1917 gr\u00e0cies a l&#8217;impuls del president de la Comissi\u00f3 de Cultura, Manuel Ainaud, es van crear nous centres educatius i es van fer projectes innovadors en diverses etapes educatives. Fruit d&#8217;aquest impuls es va crear una escola conjunta amb seccions per a alumnat cec, sordmut i ps\u00edquic, amb la voluntat d&#8217;aplicar metodologies inspirades en els corrents pedag\u00f2gics m\u00e9s innovadors.<\/span><\/p>\n<p><span style=\"font-weight: 400;\">El 1920 aquesta escola es va traslladar a Vil\u00b7la Joana (actual museu Verdaguer: <\/span><a href=\"http:\/\/ajuntament.barcelona.cat\/museuhistoria\/ca\/muhba-villa-joana\"><span style=\"font-weight: 400;\">http:\/\/ajuntament.barcelona.cat\/museuhistoria\/ca\/muhba-villa-joana<\/span><\/a><span style=\"font-weight: 400;\">), on es va comptar amb laboratoris d&#8217;estudi i investigaci\u00f3 en els quals van col\u00b7laborar els millors especialistes del moment: Pere Barnils, Alzina i Melis i Joan LLongueres.<\/span><\/p>\n<p><span style=\"font-weight: 400;\">El 1973 la instituci\u00f3 Vil\u00b7la Joana es va traslladar a un nou edifici, un complex de cinc pavellons al mateix vessant de la muntanya a Vallvidrera.<\/span><\/p>\n<p><span style=\"font-weight: 400;\">Al<\/span> <span style=\"font-weight: 400;\">novembre de l&#8217;any 2006 el CEE Vil\u00b7la Joana, despr\u00e9s d&#8217;unes obres de remodelaci\u00f3 de l&#8217;edifici, es va resituar a la seva ubicaci\u00f3 actual a Vallvidrera.<\/span><\/p>\n<p><span style=\"font-weight: 400;\">La instituci\u00f3 va continuar al llarg del segle XX i fins a l&#8217;actualitat, adaptant-se a les necessitats educatives de l&#8217;alumnat i actualment s\u2019especialitza en l\u2019atenci\u00f3 d\u2019infants i adolescents amb trastorns mentals greus. <\/span><\/p>\n\r\n\t<div class=\"slideshow_container slideshow_container_style-light\" style=\" \" data-slideshow-id=\"484\" data-style-name=\"style-light\" data-style-version=\"2.3.1\" >\r\n\r\n\t\t\t\t\t<div class=\"slideshow_loading_icon\"><\/div>\r\n\t\t\r\n\t\t<div class=\"slideshow_content\" style=\"display: none;\">\r\n\r\n\t\t\t<div class=\"slideshow_view\">\r\n\t\t\t\t<div class=\"slideshow_slide slideshow_slide_image\">\r\n\t\t\t\t\t\t\t\t\t\t\t<img src=\"https:\/\/agora.xtec.cat\/ceevillajoana\/wp-content\/uploads\/usu1970\/2019\/01\/imatgellibre2-001.jpg\" alt=\"imatgellibre2 001\" width=\"472\" height=\"302\" \/>\r\n\t\t\t\t\t\t\t\t\t\t<div class=\"slideshow_description_box slideshow_transparent\">\r\n\t\t\t\t\t\t<div class=\"slideshow_title\">imatgellibre2 001<\/div>\t\t\t\t\t\t\t\t\t\t\t<\/div>\r\n\t\t\t\t<\/div>\r\n\r\n\t\t\t\t\t\t<div style=\"clear: both;\"><\/div><\/div><div class=\"slideshow_view\">\r\n\t\t\t\t<div class=\"slideshow_slide slideshow_slide_image\">\r\n\t\t\t\t\t\t\t\t\t\t\t<img src=\"https:\/\/agora.xtec.cat\/ceevillajoana\/wp-content\/uploads\/usu1970\/2019\/01\/espais-010.jpg\" alt=\"espais 010\" width=\"467\" height=\"350\" \/>\r\n\t\t\t\t\t\t\t\t\t\t<div class=\"slideshow_description_box slideshow_transparent\">\r\n\t\t\t\t\t\t<div class=\"slideshow_title\">espais 010<\/div>\t\t\t\t\t\t\t\t\t\t\t<\/div>\r\n\t\t\t\t<\/div>\r\n\r\n\t\t\t\t\t\t<div style=\"clear: both;\"><\/div><\/div><div class=\"slideshow_view\">\r\n\t\t\t\t<div class=\"slideshow_slide slideshow_slide_image\">\r\n\t\t\t\t\t\t\t\t\t\t\t<img src=\"https:\/\/agora.xtec.cat\/ceevillajoana\/wp-content\/uploads\/usu1970\/2019\/01\/SAM_0682.jpg\" alt=\"SAM_0682\" width=\"378\" height=\"504\" \/>\r\n\t\t\t\t\t\t\t\t\t\t<div class=\"slideshow_description_box slideshow_transparent\">\r\n\t\t\t\t\t\t<div class=\"slideshow_title\">SAM_0682<\/div>\t\t\t\t\t\t\t\t\t\t\t<\/div>\r\n\t\t\t\t<\/div>\r\n\r\n\t\t\t\t\t\t<div style=\"clear: both;\"><\/div><\/div><div class=\"slideshow_view\">\r\n\t\t\t\t<div class=\"slideshow_slide slideshow_slide_image\">\r\n\t\t\t\t\t\t\t\t\t\t\t<img src=\"https:\/\/agora.xtec.cat\/ceevillajoana\/wp-content\/uploads\/usu1970\/2019\/01\/SAM_0681.jpg\" alt=\"SAM_0681\" width=\"378\" height=\"504\" \/>\r\n\t\t\t\t\t\t\t\t\t\t<div class=\"slideshow_description_box slideshow_transparent\">\r\n\t\t\t\t\t\t<div class=\"slideshow_title\">SAM_0681<\/div>\t\t\t\t\t\t\t\t\t\t\t<\/div>\r\n\t\t\t\t<\/div>\r\n\r\n\t\t\t\t\t\t<div style=\"clear: both;\"><\/div><\/div>\r\n\t\t<\/div>\r\n\r\n\t\t<div class=\"slideshow_controlPanel slideshow_transparent\" style=\"display: none;\"><ul><li class=\"slideshow_togglePlay\" data-play-text=\"Visualitza\" data-pause-text=\"Pausa\"><\/li><\/ul><\/div>\r\n\r\n\t\t<div class=\"slideshow_button slideshow_previous slideshow_transparent\" role=\"button\" data-previous-text=\"Anterior\" style=\"display: none;\"><\/div>\r\n\t\t<div class=\"slideshow_button slideshow_next slideshow_transparent\" role=\"button\" data-next-text=\"Seg\u00fcent\" style=\"display: none;\"><\/div>\r\n\r\n\t\t<div class=\"slideshow_pagination\" style=\"display: none;\" data-go-to-text=\"V\u00e9s a la diapositiva\"><div class=\"slideshow_pagination_center\"><\/div><\/div>\r\n\r\n\t\t<!-- WordPress Slideshow Version 2.3.1 -->\r\n\r\n\t\t\t<\/div>\r\n\r\n\n","protected":false},"excerpt":{"rendered":"<p>\t\t\t\t\t\timatgesllibre7 001\t\t\t\t\t\t\t\t\t\t\t<\/p>\n<p>\t\t\t\t\t\timatgesllibre5 001\t\t\t\t\t\t\t\t\t\t\t<\/p>\n<p>\t\t\t\t\t\timatgesllibre8 001\t\t\t\t\t\t\t\t\t\t\t<\/p>\n<p>\t\t\t\t\t\timatgellibre1 001\t\t\t\t\t\t\t\t\t\t\t<\/p>\n<ul>\n<li class=\"slideshow_togglePlay\" data-play-text=\"Visualitza\" data-pause-text=\"Pausa\"><\/li>\n<\/ul>\n<p>Des del comen\u00e7ament del segle XIX, l&#8217;Ajuntament de Barcelona va mostrar inter\u00e8s en un camp educatiu on cap administraci\u00f3 no dedicava atenci\u00f3 ni recursos: als infants amb discapacitat. La cessi\u00f3 de locals primer i, m\u00e9s endavant, la creaci\u00f3&hellip;  <a href=\"https:\/\/agora.xtec.cat\/ceevillajoana\/lescola\/escola\/\" title=\"Read Hist\u00f2ria\">Llegeix m\u00e9s\u00bb<\/a><\/p>\n","protected":false},"author":1,"featured_media":0,"parent":638,"menu_order":0,"comment_status":"closed","ping_status":"closed","template":"","meta":{"_bbp_topic_count":0,"_bbp_reply_count":0,"_bbp_total_topic_count":0,"_bbp_total_reply_count":0,"_bbp_voice_count":0,"_bbp_anonymous_reply_count":0,"_bbp_topic_count_hidden":0,"_bbp_reply_count_hidden":0,"_bbp_forum_subforum_count":0,"footnotes":""},"class_list":["post-19","page","type-page","status-publish","hentry"],"post_mailing_queue_ids":[],"_links":{"self":[{"href":"https:\/\/agora.xtec.cat\/ceevillajoana\/wp-json\/wp\/v2\/pages\/19","targetHints":{"allow":["GET"]}}],"collection":[{"href":"https:\/\/agora.xtec.cat\/ceevillajoana\/wp-json\/wp\/v2\/pages"}],"about":[{"href":"https:\/\/agora.xtec.cat\/ceevillajoana\/wp-json\/wp\/v2\/types\/page"}],"author":[{"embeddable":true,"href":"https:\/\/agora.xtec.cat\/ceevillajoana\/wp-json\/wp\/v2\/users\/1"}],"replies":[{"embeddable":true,"href":"https:\/\/agora.xtec.cat\/ceevillajoana\/wp-json\/wp\/v2\/comments?post=19"}],"version-history":[{"count":4,"href":"https:\/\/agora.xtec.cat\/ceevillajoana\/wp-json\/wp\/v2\/pages\/19\/revisions"}],"predecessor-version":[{"id":760,"href":"https:\/\/agora.xtec.cat\/ceevillajoana\/wp-json\/wp\/v2\/pages\/19\/revisions\/760"}],"up":[{"embeddable":true,"href":"https:\/\/agora.xtec.cat\/ceevillajoana\/wp-json\/wp\/v2\/pages\/638"}],"wp:attachment":[{"href":"https:\/\/agora.xtec.cat\/ceevillajoana\/wp-json\/wp\/v2\/media?parent=19"}],"curies":[{"name":"wp","href":"https:\/\/api.w.org\/{rel}","templated":true}]}}