{"id":836,"date":"2020-02-03T09:52:25","date_gmt":"2020-02-03T08:52:25","guid":{"rendered":"https:\/\/agora.xtec.cat\/ceeventijollaselva\/?page_id=836"},"modified":"2020-02-03T10:07:45","modified_gmt":"2020-02-03T09:07:45","slug":"material-adaptat-logopedia","status":"publish","type":"page","link":"https:\/\/agora.xtec.cat\/ceeventijollaselva\/material-adaptat-logopedia\/","title":{"rendered":"Material adaptat logop\u00e8dia"},"content":{"rendered":"<p>A continuaci\u00f3 us presentem alguns recursos que us poden ser de servei.<\/p>\n<p>&nbsp;<\/p>\n<p><strong>ARASAAC<\/strong><\/p>\n<p>A l&#8217;escola utilitzem majorit\u00e0riament els pictogrames Arasaac com a recurs gr\u00e0fic per facilitar la comunicaci\u00f3.<\/p>\n<p>Si cliqueu a la imatge podreu accedir a la p\u00e0gina web oficial.<\/p>\n<p><a href=\"https:\/\/agora.xtec.cat\/ceeventijollaselva\/wp-content\/uploads\/usu2015\/2020\/01\/arasaac_titulo.png\"><img loading=\"lazy\" decoding=\"async\" class=\"alignnone size-medium wp-image-734\" src=\"https:\/\/agora.xtec.cat\/ceeventijollaselva\/wp-content\/uploads\/usu2015\/2020\/01\/arasaac_titulo-300x67.png\" alt=\"\" width=\"300\" height=\"67\" \/><\/a><\/p>\n<p><strong>PLAPHOONS<\/strong><\/p>\n<p>Alguns alumnes de l&#8217;escola utilitzen com a suport un plaf\u00f3 de comunicaci\u00f3 basat en el sistema de programari lliure Plaphoons.<\/p>\n<p>Podeu descarregar-lo clicant sobre la imatge.<\/p>\n<p><a href=\"http:\/\/projectefressa.blogspot.com\/\"><img loading=\"lazy\" decoding=\"async\" class=\"alignnone wp-image-735 size-medium\" src=\"https:\/\/agora.xtec.cat\/ceeventijollaselva\/wp-content\/uploads\/usu2015\/2020\/01\/captura-describir-objetos-300x169.jpg\" alt=\"\" width=\"300\" height=\"169\" \/><\/a><\/p>\n<p>&nbsp;<\/p>\n<p><strong>COMUNICACI\u00d3 BIMODAL<\/strong><\/p>\n<p>\u200bUs de s\u00edmbols gestuals alhora que la parla durant la comunicaci\u00f3 realitzant una parla signada.<\/p>\n<p>Es tracta d&#8217;un dels sistemes alternatius i\/o augmentatius m\u00e9s facilitador.<\/p>\n<p>Si cliqueu a la imatge trobareu m\u00e9s informaci\u00f3.<\/p>\n<p><a href=\"https:\/\/ioc.xtec.cat\/materials\/FP\/Materials\/1753_ISO\/ISO_1753_M05\/web\/html\/WebContent\/u3\/a1\/continguts.html\"><img loading=\"lazy\" decoding=\"async\" class=\"alignnone wp-image-736\" src=\"https:\/\/agora.xtec.cat\/ceeventijollaselva\/wp-content\/uploads\/usu2015\/2020\/01\/47-0-275x300.jpg\" alt=\"\" width=\"148\" height=\"161\" \/><\/a><\/p>\n<p>&nbsp;<\/p>\n<p class=\"font_7\"><strong><span class=\"color_15\">NIKI TALK<\/span><\/strong><\/p>\n<p class=\"font_8\">Aplicaci\u00f3 amb un sistema augmentatiu i alternatiu de la comunicaci\u00f3 amb acc\u00e9s a trav\u00e9s de la tablet.<\/p>\n<p><a href=\"http:\/\/www.nikitalk.com\/\"><img loading=\"lazy\" decoding=\"async\" class=\"alignnone wp-image-843\" src=\"https:\/\/agora.xtec.cat\/ceeventijollaselva\/wp-content\/uploads\/usu2015\/2020\/02\/51wz6LFcGcL-300x300.png\" alt=\"\" width=\"213\" height=\"213\" srcset=\"https:\/\/agora.xtec.cat\/ceeventijollaselva\/wp-content\/uploads\/usu2015\/2020\/02\/51wz6LFcGcL-300x300.png 300w, https:\/\/agora.xtec.cat\/ceeventijollaselva\/wp-content\/uploads\/usu2015\/2020\/02\/51wz6LFcGcL-150x150.png 150w, https:\/\/agora.xtec.cat\/ceeventijollaselva\/wp-content\/uploads\/usu2015\/2020\/02\/51wz6LFcGcL.png 512w\" sizes=\"auto, (max-width: 213px) 100vw, 213px\" \/><\/a><\/p>\n<p>&nbsp;<\/p>\n<p class=\"font_7\"><strong><span class=\"color_15\">BJ ADAPTACIONES<\/span><\/strong><\/p>\n<p class=\"font_8\"><span class=\"color_15\">\u200b<\/span>P\u00e0gina de productes adaptats de suport a la comunicaci\u00f3 i a la vida diaria en general de persones amb discapacitat.<\/p>\n<p><a href=\"https:\/\/bjadaptaciones.com\/\"><img loading=\"lazy\" decoding=\"async\" class=\"alignnone size-medium wp-image-844\" src=\"https:\/\/agora.xtec.cat\/ceeventijollaselva\/wp-content\/uploads\/usu2015\/2020\/02\/descarga-300x68.png\" alt=\"\" width=\"300\" height=\"68\" srcset=\"https:\/\/agora.xtec.cat\/ceeventijollaselva\/wp-content\/uploads\/usu2015\/2020\/02\/descarga-300x68.png 300w, https:\/\/agora.xtec.cat\/ceeventijollaselva\/wp-content\/uploads\/usu2015\/2020\/02\/descarga.png 470w\" sizes=\"auto, (max-width: 300px) 100vw, 300px\" \/><\/a><\/p>\n<p>&nbsp;<\/p>\n<p class=\"font_7\"><strong>HOPTOYS<\/strong><\/p>\n<p class=\"font_8\"><span class=\"color_15\">\u200b<\/span>Una altra p\u00e0gina de productes i jocs adaptats.<\/p>\n<p><a href=\"https:\/\/www.hoptoys.es\/\"><img loading=\"lazy\" decoding=\"async\" class=\"alignnone size-medium wp-image-846\" src=\"https:\/\/agora.xtec.cat\/ceeventijollaselva\/wp-content\/uploads\/usu2015\/2020\/02\/hoptoyses-logo-14652017133-300x102.jpg\" alt=\"\" width=\"300\" height=\"102\" srcset=\"https:\/\/agora.xtec.cat\/ceeventijollaselva\/wp-content\/uploads\/usu2015\/2020\/02\/hoptoyses-logo-14652017133-300x102.jpg 300w, https:\/\/agora.xtec.cat\/ceeventijollaselva\/wp-content\/uploads\/usu2015\/2020\/02\/hoptoyses-logo-14652017133.jpg 340w\" sizes=\"auto, (max-width: 300px) 100vw, 300px\" \/><\/a><\/p>\n<p>&nbsp;<\/p>\n<p><strong>HANDYCAT<\/strong><\/p>\n<p>P\u00e0gina web amb m\u00e9s productes per a l&#8217;habilitaci\u00f3 de l&#8217;espai per persones amb discapacitat.<\/p>\n<p><a href=\"https:\/\/www.handycat.com\/es\/\"><img loading=\"lazy\" decoding=\"async\" class=\"alignnone wp-image-845\" src=\"https:\/\/agora.xtec.cat\/ceeventijollaselva\/wp-content\/uploads\/usu2015\/2020\/02\/handycat.jpg\" alt=\"\" width=\"163\" height=\"163\" srcset=\"https:\/\/agora.xtec.cat\/ceeventijollaselva\/wp-content\/uploads\/usu2015\/2020\/02\/handycat.jpg 240w, https:\/\/agora.xtec.cat\/ceeventijollaselva\/wp-content\/uploads\/usu2015\/2020\/02\/handycat-150x150.jpg 150w\" sizes=\"auto, (max-width: 163px) 100vw, 163px\" \/><\/a><\/p>\n<p>&nbsp;<\/p>\n<p><strong>SOY VISUAL<\/strong><\/p>\n<p>P\u00e0gina web creada i gestionada per Fundaci\u00f3n Orange, on es poden trobar recursos, formaci\u00f3, material i noticies d&#8217;actualitat. Encarada a la comunicaci\u00f3 Augmentativa amb persones amb Autisme i altres capacitats.<\/p>\n<p><a href=\"https:\/\/www.soyvisual.org\/\"><img loading=\"lazy\" decoding=\"async\" class=\"alignnone wp-image-847\" src=\"https:\/\/agora.xtec.cat\/ceeventijollaselva\/wp-content\/uploads\/usu2015\/2020\/02\/lanzamiento-00-300x226.png\" alt=\"\" width=\"246\" height=\"185\" srcset=\"https:\/\/agora.xtec.cat\/ceeventijollaselva\/wp-content\/uploads\/usu2015\/2020\/02\/lanzamiento-00-300x226.png 300w, https:\/\/agora.xtec.cat\/ceeventijollaselva\/wp-content\/uploads\/usu2015\/2020\/02\/lanzamiento-00-768x578.png 768w, https:\/\/agora.xtec.cat\/ceeventijollaselva\/wp-content\/uploads\/usu2015\/2020\/02\/lanzamiento-00-1024x771.png 1024w, https:\/\/agora.xtec.cat\/ceeventijollaselva\/wp-content\/uploads\/usu2015\/2020\/02\/lanzamiento-00-200x150.png 200w, https:\/\/agora.xtec.cat\/ceeventijollaselva\/wp-content\/uploads\/usu2015\/2020\/02\/lanzamiento-00.png 1600w\" sizes=\"auto, (max-width: 246px) 100vw, 246px\" \/><\/a><\/p>\n<p>&nbsp;<\/p>\n","protected":false},"excerpt":{"rendered":"<p>A continuaci\u00f3 us presentem alguns recursos que us poden ser de servei. &nbsp; ARASAAC A l&#8217;escola utilitzem majorit\u00e0riament els pictogrames Arasaac com a recurs gr\u00e0fic per facilitar la comunicaci\u00f3. Si cliqueu a la imatge podreu accedir a la p\u00e0gina web oficial. PLAPHOONS Alguns alumnes de l&#8217;escola utilitzen com a suport un plaf\u00f3 de comunicaci\u00f3 basat [&hellip;]<\/p>\n","protected":false},"author":3,"featured_media":0,"parent":0,"menu_order":0,"comment_status":"closed","ping_status":"closed","template":"","meta":{"_bbp_topic_count":0,"_bbp_reply_count":0,"_bbp_total_topic_count":0,"_bbp_total_reply_count":0,"_bbp_voice_count":0,"_bbp_anonymous_reply_count":0,"_bbp_topic_count_hidden":0,"_bbp_reply_count_hidden":0,"_bbp_forum_subforum_count":0,"site-sidebar-layout":"default","site-content-layout":"","ast-site-content-layout":"","site-content-style":"default","site-sidebar-style":"default","ast-global-header-display":"","ast-banner-title-visibility":"","ast-main-header-display":"","ast-hfb-above-header-display":"","ast-hfb-below-header-display":"","ast-hfb-mobile-header-display":"","site-post-title":"","ast-breadcrumbs-content":"","ast-featured-img":"","footer-sml-layout":"","theme-transparent-header-meta":"","adv-header-id-meta":"","stick-header-meta":"","header-above-stick-meta":"","header-main-stick-meta":"","header-below-stick-meta":"","astra-migrate-meta-layouts":"default","ast-page-background-enabled":"default","ast-page-background-meta":{"desktop":{"background-color":"var(--ast-global-color-4)","background-image":"","background-repeat":"repeat","background-position":"center center","background-size":"auto","background-attachment":"scroll","background-type":"","background-media":"","overlay-type":"","overlay-color":"","overlay-opacity":"","overlay-gradient":""},"tablet":{"background-color":"","background-image":"","background-repeat":"repeat","background-position":"center center","background-size":"auto","background-attachment":"scroll","background-type":"","background-media":"","overlay-type":"","overlay-color":"","overlay-opacity":"","overlay-gradient":""},"mobile":{"background-color":"","background-image":"","background-repeat":"repeat","background-position":"center center","background-size":"auto","background-attachment":"scroll","background-type":"","background-media":"","overlay-type":"","overlay-color":"","overlay-opacity":"","overlay-gradient":""}},"ast-content-background-meta":{"desktop":{"background-color":"var(--ast-global-color-5)","background-image":"","background-repeat":"repeat","background-position":"center center","background-size":"auto","background-attachment":"scroll","background-type":"","background-media":"","overlay-type":"","overlay-color":"","overlay-opacity":"","overlay-gradient":""},"tablet":{"background-color":"var(--ast-global-color-5)","background-image":"","background-repeat":"repeat","background-position":"center center","background-size":"auto","background-attachment":"scroll","background-type":"","background-media":"","overlay-type":"","overlay-color":"","overlay-opacity":"","overlay-gradient":""},"mobile":{"background-color":"var(--ast-global-color-5)","background-image":"","background-repeat":"repeat","background-position":"center center","background-size":"auto","background-attachment":"scroll","background-type":"","background-media":"","overlay-type":"","overlay-color":"","overlay-opacity":"","overlay-gradient":""}},"footnotes":""},"class_list":["post-836","page","type-page","status-publish","hentry"],"post_mailing_queue_ids":[],"_links":{"self":[{"href":"https:\/\/agora.xtec.cat\/ceeventijollaselva\/wp-json\/wp\/v2\/pages\/836","targetHints":{"allow":["GET"]}}],"collection":[{"href":"https:\/\/agora.xtec.cat\/ceeventijollaselva\/wp-json\/wp\/v2\/pages"}],"about":[{"href":"https:\/\/agora.xtec.cat\/ceeventijollaselva\/wp-json\/wp\/v2\/types\/page"}],"author":[{"embeddable":true,"href":"https:\/\/agora.xtec.cat\/ceeventijollaselva\/wp-json\/wp\/v2\/users\/3"}],"replies":[{"embeddable":true,"href":"https:\/\/agora.xtec.cat\/ceeventijollaselva\/wp-json\/wp\/v2\/comments?post=836"}],"version-history":[{"count":3,"href":"https:\/\/agora.xtec.cat\/ceeventijollaselva\/wp-json\/wp\/v2\/pages\/836\/revisions"}],"predecessor-version":[{"id":849,"href":"https:\/\/agora.xtec.cat\/ceeventijollaselva\/wp-json\/wp\/v2\/pages\/836\/revisions\/849"}],"wp:attachment":[{"href":"https:\/\/agora.xtec.cat\/ceeventijollaselva\/wp-json\/wp\/v2\/media?parent=836"}],"curies":[{"name":"wp","href":"https:\/\/api.w.org\/{rel}","templated":true}]}}