{"id":73,"date":"2014-09-18T14:01:51","date_gmt":"2014-09-18T13:01:51","guid":{"rendered":"http:\/\/agora.xtec.cat\/ceeventijollaselva\/?page_id=73"},"modified":"2026-04-08T10:43:18","modified_gmt":"2026-04-08T08:43:18","slug":"menjador-escolar","status":"publish","type":"page","link":"https:\/\/agora.xtec.cat\/ceeventijollaselva\/serveis\/menjador-escolar\/","title":{"rendered":"MENJADOR ESCOLAR"},"content":{"rendered":"<p>El Consell Comarcal de la Selva \u00e9s qui gestiona el servei de menjador a trav\u00e9s de l\u00b4empresa Aliment Art.<\/p>\n<p>L\u00b4horari de menjador \u00e9s de 12.00h a 15.00h.<\/p>\n<p>Per poder trobar informaci\u00f3 sobre l&#8217;empresa que gestiona el servei de menjador, cliqueu sobre la imatge.<\/p>\n<p><a href=\"https:\/\/alimentart.com\/index.html\"><img loading=\"lazy\" decoding=\"async\" class=\"size-full wp-image-19689 alignleft\" src=\"https:\/\/agora.xtec.cat\/ceeventijollaselva\/wp-content\/uploads\/usu2015\/2021\/09\/logo.png\" alt=\"\" width=\"193\" height=\"94\" \/><\/a><\/p>\n<p>&nbsp;<\/p>\n<p>&nbsp;<\/p>\n<p>&nbsp;<\/p>\n<p>Clicant a l&#8217;enlla\u00e7 trobareu el men\u00fa de l&#8217;escola.<\/p>\n<p><a style=\"font-size: 16px; font-style: normal; font-weight: 400; color: #3a3a3a;\" href=\"https:\/\/agora.xtec.cat\/ceeventijollaselva\/wp-content\/uploads\/usu2015\/2026\/04\/menu-basal-abril-2026_escola-ventijol.pdf\">men\u00fa basal abril 2026_escola<\/a> ventijol<\/p>\n<p><a href=\"https:\/\/agora.xtec.cat\/ceeventijollaselva\/wp-content\/uploads\/usu2015\/2026\/04\/Captura-de-pantalla-2026-04-08-103946.png\"><img loading=\"lazy\" decoding=\"async\" class=\"aligncenter wp-image-21741 size-full\" src=\"https:\/\/agora.xtec.cat\/ceeventijollaselva\/wp-content\/uploads\/usu2015\/2026\/04\/Captura-de-pantalla-2026-04-08-103946.png\" alt=\"\" width=\"1125\" height=\"794\" srcset=\"https:\/\/agora.xtec.cat\/ceeventijollaselva\/wp-content\/uploads\/usu2015\/2026\/04\/Captura-de-pantalla-2026-04-08-103946.png 1125w, https:\/\/agora.xtec.cat\/ceeventijollaselva\/wp-content\/uploads\/usu2015\/2026\/04\/Captura-de-pantalla-2026-04-08-103946-300x212.png 300w, https:\/\/agora.xtec.cat\/ceeventijollaselva\/wp-content\/uploads\/usu2015\/2026\/04\/Captura-de-pantalla-2026-04-08-103946-1024x723.png 1024w, https:\/\/agora.xtec.cat\/ceeventijollaselva\/wp-content\/uploads\/usu2015\/2026\/04\/Captura-de-pantalla-2026-04-08-103946-768x542.png 768w\" sizes=\"auto, (max-width: 1125px) 100vw, 1125px\" \/><\/a><\/p>\n<p>&nbsp;<\/p>\n<p>&nbsp;<\/p>\n<p>&nbsp;<\/p>\n<p>&nbsp;<\/p>\n<p>&nbsp;<\/p>\n<p>&nbsp;<\/p>\n<p><!-- x-tinymce\/html --><!-- x-tinymce\/html --><\/p>\n","protected":false},"excerpt":{"rendered":"<p>El Consell Comarcal de la Selva \u00e9s qui gestiona el servei de menjador a trav\u00e9s de l\u00b4empresa Aliment Art. L\u00b4horari de menjador \u00e9s de 12.00h a 15.00h. Per poder trobar informaci\u00f3 sobre l&#8217;empresa que gestiona el servei de menjador, cliqueu sobre la imatge. &nbsp; &nbsp; &nbsp; Clicant a l&#8217;enlla\u00e7 trobareu el men\u00fa de l&#8217;escola. men\u00fa [&hellip;]<\/p>\n","protected":false},"author":1,"featured_media":0,"parent":66,"menu_order":30,"comment_status":"closed","ping_status":"closed","template":"","meta":{"_bbp_topic_count":0,"_bbp_reply_count":0,"_bbp_total_topic_count":0,"_bbp_total_reply_count":0,"_bbp_voice_count":0,"_bbp_anonymous_reply_count":0,"_bbp_topic_count_hidden":0,"_bbp_reply_count_hidden":0,"_bbp_forum_subforum_count":0,"site-sidebar-layout":"default","site-content-layout":"","ast-site-content-layout":"default","site-content-style":"default","site-sidebar-style":"default","ast-global-header-display":"","ast-banner-title-visibility":"","ast-main-header-display":"","ast-hfb-above-header-display":"","ast-hfb-below-header-display":"","ast-hfb-mobile-header-display":"","site-post-title":"","ast-breadcrumbs-content":"","ast-featured-img":"","footer-sml-layout":"","theme-transparent-header-meta":"default","adv-header-id-meta":"","stick-header-meta":"","header-above-stick-meta":"","header-main-stick-meta":"","header-below-stick-meta":"","astra-migrate-meta-layouts":"set","ast-page-background-enabled":"default","ast-page-background-meta":{"desktop":{"background-color":"var(--ast-global-color-4)","background-image":"","background-repeat":"repeat","background-position":"center center","background-size":"auto","background-attachment":"scroll","background-type":"","background-media":"","overlay-type":"","overlay-color":"","overlay-opacity":"","overlay-gradient":""},"tablet":{"background-color":"","background-image":"","background-repeat":"repeat","background-position":"center center","background-size":"auto","background-attachment":"scroll","background-type":"","background-media":"","overlay-type":"","overlay-color":"","overlay-opacity":"","overlay-gradient":""},"mobile":{"background-color":"","background-image":"","background-repeat":"repeat","background-position":"center center","background-size":"auto","background-attachment":"scroll","background-type":"","background-media":"","overlay-type":"","overlay-color":"","overlay-opacity":"","overlay-gradient":""}},"ast-content-background-meta":{"desktop":{"background-color":"var(--ast-global-color-5)","background-image":"","background-repeat":"repeat","background-position":"center center","background-size":"auto","background-attachment":"scroll","background-type":"","background-media":"","overlay-type":"","overlay-color":"","overlay-opacity":"","overlay-gradient":""},"tablet":{"background-color":"var(--ast-global-color-5)","background-image":"","background-repeat":"repeat","background-position":"center center","background-size":"auto","background-attachment":"scroll","background-type":"","background-media":"","overlay-type":"","overlay-color":"","overlay-opacity":"","overlay-gradient":""},"mobile":{"background-color":"var(--ast-global-color-5)","background-image":"","background-repeat":"repeat","background-position":"center center","background-size":"auto","background-attachment":"scroll","background-type":"","background-media":"","overlay-type":"","overlay-color":"","overlay-opacity":"","overlay-gradient":""}},"footnotes":""},"class_list":["post-73","page","type-page","status-publish","hentry"],"post_mailing_queue_ids":[],"_links":{"self":[{"href":"https:\/\/agora.xtec.cat\/ceeventijollaselva\/wp-json\/wp\/v2\/pages\/73","targetHints":{"allow":["GET"]}}],"collection":[{"href":"https:\/\/agora.xtec.cat\/ceeventijollaselva\/wp-json\/wp\/v2\/pages"}],"about":[{"href":"https:\/\/agora.xtec.cat\/ceeventijollaselva\/wp-json\/wp\/v2\/types\/page"}],"author":[{"embeddable":true,"href":"https:\/\/agora.xtec.cat\/ceeventijollaselva\/wp-json\/wp\/v2\/users\/1"}],"replies":[{"embeddable":true,"href":"https:\/\/agora.xtec.cat\/ceeventijollaselva\/wp-json\/wp\/v2\/comments?post=73"}],"version-history":[{"count":8,"href":"https:\/\/agora.xtec.cat\/ceeventijollaselva\/wp-json\/wp\/v2\/pages\/73\/revisions"}],"predecessor-version":[{"id":21742,"href":"https:\/\/agora.xtec.cat\/ceeventijollaselva\/wp-json\/wp\/v2\/pages\/73\/revisions\/21742"}],"up":[{"embeddable":true,"href":"https:\/\/agora.xtec.cat\/ceeventijollaselva\/wp-json\/wp\/v2\/pages\/66"}],"wp:attachment":[{"href":"https:\/\/agora.xtec.cat\/ceeventijollaselva\/wp-json\/wp\/v2\/media?parent=73"}],"curies":[{"name":"wp","href":"https:\/\/api.w.org\/{rel}","templated":true}]}}