{"id":38,"date":"2014-09-18T12:34:08","date_gmt":"2014-09-18T11:34:08","guid":{"rendered":"http:\/\/agora.xtec.cat\/ceeventijollaselva\/?page_id=38"},"modified":"2022-01-10T12:53:29","modified_gmt":"2022-01-10T11:53:29","slug":"salut","status":"publish","type":"page","link":"https:\/\/agora.xtec.cat\/ceeventijollaselva\/pagines-dinici\/lescola\/salut\/","title":{"rendered":"Salut\/Covid"},"content":{"rendered":"<p>En aquest apartat podreu trobar les informacions i actualitzacions de salut del centre.<\/p>\n<p>En ella hi trobareu les informacions entorn a les mesures COVID, que promouen i ens marquen des del Departament d&#8217;Educaci\u00f3.<\/p>\n<p>Adjuntem les mesures COVID pel curs 2021-2022.<\/p>\n<p><a href=\"https:\/\/agora.xtec.cat\/ceeventijollaselva\/wp-content\/uploads\/usu2015\/2021\/09\/gestio-casos-centres-educatius.pdf\">Gestio de casos<\/a><\/p>\n<p><a href=\"https:\/\/agora.xtec.cat\/ceeventijollaselva\/wp-content\/uploads\/usu2015\/2021\/09\/pla-dorganitzacio-covid-21-22.pdf\">Pla d&#8217;organitzaci\u00f3 covid 21-22<\/a><\/p>\n<p><a href=\"https:\/\/agora.xtec.cat\/ceeventijollaselva\/wp-content\/uploads\/usu2015\/2022\/01\/Protocol-COVID-19.pdf\">Informaci\u00f3 actualitzada Protocol COVID-19 (Gener 2022)<\/a><\/p>\n<p>&nbsp;<\/p>\n<p>&nbsp;<\/p>\n<p>&nbsp;<\/p>\n<p>&nbsp;<\/p>\n","protected":false},"excerpt":{"rendered":"<p>En aquest apartat podreu trobar les informacions i actualitzacions de salut del centre. En ella hi trobareu les informacions entorn a les mesures COVID, que promouen i ens marquen des del Departament d&#8217;Educaci\u00f3. Adjuntem les mesures COVID pel curs 2021-2022. Gestio de casos Pla d&#8217;organitzaci\u00f3 covid 21-22 Informaci\u00f3 actualitzada Protocol COVID-19 (Gener 2022) &nbsp; &nbsp; [&hellip;]<\/p>\n","protected":false},"author":1,"featured_media":0,"parent":22,"menu_order":80,"comment_status":"closed","ping_status":"closed","template":"page-templates\/side-menu.php","meta":{"_bbp_topic_count":0,"_bbp_reply_count":0,"_bbp_total_topic_count":0,"_bbp_total_reply_count":0,"_bbp_voice_count":0,"_bbp_anonymous_reply_count":0,"_bbp_topic_count_hidden":0,"_bbp_reply_count_hidden":0,"_bbp_forum_subforum_count":0,"site-sidebar-layout":"default","site-content-layout":"","ast-site-content-layout":"","site-content-style":"default","site-sidebar-style":"default","ast-global-header-display":"","ast-banner-title-visibility":"","ast-main-header-display":"","ast-hfb-above-header-display":"","ast-hfb-below-header-display":"","ast-hfb-mobile-header-display":"","site-post-title":"","ast-breadcrumbs-content":"","ast-featured-img":"","footer-sml-layout":"","theme-transparent-header-meta":"","adv-header-id-meta":"","stick-header-meta":"","header-above-stick-meta":"","header-main-stick-meta":"","header-below-stick-meta":"","astra-migrate-meta-layouts":"default","ast-page-background-enabled":"default","ast-page-background-meta":{"desktop":{"background-color":"var(--ast-global-color-4)","background-image":"","background-repeat":"repeat","background-position":"center center","background-size":"auto","background-attachment":"scroll","background-type":"","background-media":"","overlay-type":"","overlay-color":"","overlay-opacity":"","overlay-gradient":""},"tablet":{"background-color":"","background-image":"","background-repeat":"repeat","background-position":"center center","background-size":"auto","background-attachment":"scroll","background-type":"","background-media":"","overlay-type":"","overlay-color":"","overlay-opacity":"","overlay-gradient":""},"mobile":{"background-color":"","background-image":"","background-repeat":"repeat","background-position":"center center","background-size":"auto","background-attachment":"scroll","background-type":"","background-media":"","overlay-type":"","overlay-color":"","overlay-opacity":"","overlay-gradient":""}},"ast-content-background-meta":{"desktop":{"background-color":"var(--ast-global-color-5)","background-image":"","background-repeat":"repeat","background-position":"center center","background-size":"auto","background-attachment":"scroll","background-type":"","background-media":"","overlay-type":"","overlay-color":"","overlay-opacity":"","overlay-gradient":""},"tablet":{"background-color":"var(--ast-global-color-5)","background-image":"","background-repeat":"repeat","background-position":"center center","background-size":"auto","background-attachment":"scroll","background-type":"","background-media":"","overlay-type":"","overlay-color":"","overlay-opacity":"","overlay-gradient":""},"mobile":{"background-color":"var(--ast-global-color-5)","background-image":"","background-repeat":"repeat","background-position":"center center","background-size":"auto","background-attachment":"scroll","background-type":"","background-media":"","overlay-type":"","overlay-color":"","overlay-opacity":"","overlay-gradient":""}},"footnotes":""},"class_list":["post-38","page","type-page","status-publish","hentry"],"post_mailing_queue_ids":[],"_links":{"self":[{"href":"https:\/\/agora.xtec.cat\/ceeventijollaselva\/wp-json\/wp\/v2\/pages\/38","targetHints":{"allow":["GET"]}}],"collection":[{"href":"https:\/\/agora.xtec.cat\/ceeventijollaselva\/wp-json\/wp\/v2\/pages"}],"about":[{"href":"https:\/\/agora.xtec.cat\/ceeventijollaselva\/wp-json\/wp\/v2\/types\/page"}],"author":[{"embeddable":true,"href":"https:\/\/agora.xtec.cat\/ceeventijollaselva\/wp-json\/wp\/v2\/users\/1"}],"replies":[{"embeddable":true,"href":"https:\/\/agora.xtec.cat\/ceeventijollaselva\/wp-json\/wp\/v2\/comments?post=38"}],"version-history":[{"count":3,"href":"https:\/\/agora.xtec.cat\/ceeventijollaselva\/wp-json\/wp\/v2\/pages\/38\/revisions"}],"predecessor-version":[{"id":20023,"href":"https:\/\/agora.xtec.cat\/ceeventijollaselva\/wp-json\/wp\/v2\/pages\/38\/revisions\/20023"}],"up":[{"embeddable":true,"href":"https:\/\/agora.xtec.cat\/ceeventijollaselva\/wp-json\/wp\/v2\/pages\/22"}],"wp:attachment":[{"href":"https:\/\/agora.xtec.cat\/ceeventijollaselva\/wp-json\/wp\/v2\/media?parent=38"}],"curies":[{"name":"wp","href":"https:\/\/api.w.org\/{rel}","templated":true}]}}