{"id":34,"date":"2014-09-18T12:32:18","date_gmt":"2014-09-18T11:32:18","guid":{"rendered":"http:\/\/agora.xtec.cat\/ceeventijollaselva\/?page_id=34"},"modified":"2019-04-30T16:17:23","modified_gmt":"2019-04-30T14:17:23","slug":"oferta-educativa","status":"publish","type":"page","link":"https:\/\/agora.xtec.cat\/ceeventijollaselva\/pagines-dinici\/lescola\/oferta-educativa\/","title":{"rendered":"Oferta educativa"},"content":{"rendered":"<header class=\"entry-header\">\n<h1 class=\"entry-title\"><\/h1>\n<\/header>\n<div class=\"entry-content\">\n<p>El centre fomenta els valors i principis propis d\u2019una societat democr\u00e0tica i plural.<\/p>\n<ul>\n<li>Educaci\u00f3 com a proc\u00e9s integral.<\/li>\n<li>Educaci\u00f3 per a la diversitat.<\/li>\n<li>Educaci\u00f3 que defensa la pau, la solidaritat, la comprensi\u00f3 i la toler\u00e0ncia.<\/li>\n<li>Educaci\u00f3 respectuosa amb el medi ambient i els b\u00e9ns individuals i col\u00b7lectius.<\/li>\n<li>Educaci\u00f3 per a la salut i el consum racional.<\/li>\n<li>Educaci\u00f3 que afavoreixi un esperit cr\u00edtic, respon sable i cient\u00edfic.<\/li>\n<li>Educaci\u00f3 que fomenti la integraci\u00f3, la inclusi\u00f3 i afavoreixi el respecte i l\u2019acceptaci\u00f3 de la difer\u00e8ncia.<\/li>\n<\/ul>\n<p><strong>Potenciem un aprenentatge:<\/strong><\/p>\n<\/div>\n","protected":false},"excerpt":{"rendered":"<p>El centre fomenta els valors i principis propis d\u2019una societat democr\u00e0tica i plural. Educaci\u00f3 com a proc\u00e9s integral. Educaci\u00f3 per a la diversitat. Educaci\u00f3 que defensa la pau, la solidaritat, la comprensi\u00f3 i la toler\u00e0ncia. Educaci\u00f3 respectuosa amb el medi ambient i els b\u00e9ns individuals i col\u00b7lectius. Educaci\u00f3 per a la salut i el consum [&hellip;]<\/p>\n","protected":false},"author":1,"featured_media":0,"parent":22,"menu_order":60,"comment_status":"closed","ping_status":"closed","template":"page-templates\/side-menu.php","meta":{"_bbp_topic_count":0,"_bbp_reply_count":0,"_bbp_total_topic_count":0,"_bbp_total_reply_count":0,"_bbp_voice_count":0,"_bbp_anonymous_reply_count":0,"_bbp_topic_count_hidden":0,"_bbp_reply_count_hidden":0,"_bbp_forum_subforum_count":0,"site-sidebar-layout":"default","site-content-layout":"","ast-site-content-layout":"","site-content-style":"default","site-sidebar-style":"default","ast-global-header-display":"","ast-banner-title-visibility":"","ast-main-header-display":"","ast-hfb-above-header-display":"","ast-hfb-below-header-display":"","ast-hfb-mobile-header-display":"","site-post-title":"","ast-breadcrumbs-content":"","ast-featured-img":"","footer-sml-layout":"","theme-transparent-header-meta":"","adv-header-id-meta":"","stick-header-meta":"","header-above-stick-meta":"","header-main-stick-meta":"","header-below-stick-meta":"","astra-migrate-meta-layouts":"default","ast-page-background-enabled":"default","ast-page-background-meta":{"desktop":{"background-color":"var(--ast-global-color-4)","background-image":"","background-repeat":"repeat","background-position":"center center","background-size":"auto","background-attachment":"scroll","background-type":"","background-media":"","overlay-type":"","overlay-color":"","overlay-opacity":"","overlay-gradient":""},"tablet":{"background-color":"","background-image":"","background-repeat":"repeat","background-position":"center center","background-size":"auto","background-attachment":"scroll","background-type":"","background-media":"","overlay-type":"","overlay-color":"","overlay-opacity":"","overlay-gradient":""},"mobile":{"background-color":"","background-image":"","background-repeat":"repeat","background-position":"center center","background-size":"auto","background-attachment":"scroll","background-type":"","background-media":"","overlay-type":"","overlay-color":"","overlay-opacity":"","overlay-gradient":""}},"ast-content-background-meta":{"desktop":{"background-color":"var(--ast-global-color-5)","background-image":"","background-repeat":"repeat","background-position":"center center","background-size":"auto","background-attachment":"scroll","background-type":"","background-media":"","overlay-type":"","overlay-color":"","overlay-opacity":"","overlay-gradient":""},"tablet":{"background-color":"var(--ast-global-color-5)","background-image":"","background-repeat":"repeat","background-position":"center center","background-size":"auto","background-attachment":"scroll","background-type":"","background-media":"","overlay-type":"","overlay-color":"","overlay-opacity":"","overlay-gradient":""},"mobile":{"background-color":"var(--ast-global-color-5)","background-image":"","background-repeat":"repeat","background-position":"center center","background-size":"auto","background-attachment":"scroll","background-type":"","background-media":"","overlay-type":"","overlay-color":"","overlay-opacity":"","overlay-gradient":""}},"footnotes":""},"class_list":["post-34","page","type-page","status-publish","hentry"],"post_mailing_queue_ids":[],"_links":{"self":[{"href":"https:\/\/agora.xtec.cat\/ceeventijollaselva\/wp-json\/wp\/v2\/pages\/34","targetHints":{"allow":["GET"]}}],"collection":[{"href":"https:\/\/agora.xtec.cat\/ceeventijollaselva\/wp-json\/wp\/v2\/pages"}],"about":[{"href":"https:\/\/agora.xtec.cat\/ceeventijollaselva\/wp-json\/wp\/v2\/types\/page"}],"author":[{"embeddable":true,"href":"https:\/\/agora.xtec.cat\/ceeventijollaselva\/wp-json\/wp\/v2\/users\/1"}],"replies":[{"embeddable":true,"href":"https:\/\/agora.xtec.cat\/ceeventijollaselva\/wp-json\/wp\/v2\/comments?post=34"}],"version-history":[{"count":2,"href":"https:\/\/agora.xtec.cat\/ceeventijollaselva\/wp-json\/wp\/v2\/pages\/34\/revisions"}],"predecessor-version":[{"id":517,"href":"https:\/\/agora.xtec.cat\/ceeventijollaselva\/wp-json\/wp\/v2\/pages\/34\/revisions\/517"}],"up":[{"embeddable":true,"href":"https:\/\/agora.xtec.cat\/ceeventijollaselva\/wp-json\/wp\/v2\/pages\/22"}],"wp:attachment":[{"href":"https:\/\/agora.xtec.cat\/ceeventijollaselva\/wp-json\/wp\/v2\/media?parent=34"}],"curies":[{"name":"wp","href":"https:\/\/api.w.org\/{rel}","templated":true}]}}