{"id":26,"date":"2014-09-18T12:24:32","date_gmt":"2014-09-18T11:24:32","guid":{"rendered":"http:\/\/agora.xtec.cat\/ceeventijollaselva\/?page_id=26"},"modified":"2019-03-26T13:51:13","modified_gmt":"2019-03-26T12:51:13","slug":"historia","status":"publish","type":"page","link":"https:\/\/agora.xtec.cat\/ceeventijollaselva\/pagines-dinici\/lescola\/historia\/","title":{"rendered":"Hist\u00f2ria"},"content":{"rendered":"<p>El centre escolar va passar a la xarxa p\u00fablica amb el decret 233\/22 de juliol de 1982 amb el nom de : Centre d&#8217;Educaci\u00f3 Especial Mare de D\u00e9u de l&#8217;Eperan\u00e7a. El canvi de denominaci\u00f3 del centre es produeix amb el DOGC , Ordre del 5 de maig de 1983 i es dir\u00e0 Centre d&#8217;Educaci\u00f3 Especial Ventijol ( aquest nom \u00e9s un vent de la comarca, una brisa suau.<\/p>\n<p>El nou edifici escolar , espec\u00edfic per alumnes discapacitats ps\u00edquics, comen\u00e7a les classes el 26 de setembre de 1983 amb 57 alumnes. Des de 1983\/84 i fins el novembre de 2009 tamb\u00e9 ha estat en el mateix edifici la seu del : CRP, EAP, INSPECCI\u00d3.<\/p>\n<p>Inicialment l&#8217;escola estava preparada per alumnes amb discapcitat ps\u00edquica per\u00f2 al llarg dels anys hi hagut tres canvis significatius que han obligat a adaptar el centre a les noves realitats.<\/p>\n<ul>\n<li>A partir del curs 1999\/00 ba haver-hi un augment signifcaitu d&#8217;alumnes amb trastorn motru greu, fet que va produ\u00efr una adaptaci\u00f3 paulatina del centre a les noves caracter\u00edstiques dels alumnes que s&#8217;atenien : lavabos i dutxes adaptades, instal\u00b7laci\u00f3 de l&#8217;ascensor, realitzaci\u00f3 de la piscina climatitzada en el 2001, entre altres adaptacions que s&#8217;han anat millorant fins al 2018 amb l&#8217;ampliaci\u00f3 de les portes per al pas de les cadires de rodes o l&#8217;ampliaci\u00f3 de lavabos i dutxes adaptades..<\/li>\n<li>En el 2003 va ser un dels primers centres de Catalunya amb un conveni amb Sanitat per col\u00b7laborar amb el CSMIJ ( centre de salut mental infantil i juvenil) motivat per l&#8217;incerement d&#8217;alumnes amb trastonr mental i disminuci\u00f3 d&#8217;alumnes amb retard mental, que s&#8217;integraven amb m\u00e9s facilitat a l&#8217;escola ordin\u00e0ria.<\/li>\n<li>En el curs 2016\/17 es va iniciar un programa singular per alumnes de 16 a 20 anys de transici\u00f3 a la vida laboral, que ha estimulat a buscar nous espais, en aquest cas utilitzant unes aules de l&#8217;escola Carles Faust.<\/li>\n<\/ul>\n","protected":false},"excerpt":{"rendered":"<p>El centre escolar va passar a la xarxa p\u00fablica amb el decret 233\/22 de juliol de 1982 amb el nom de : Centre d&#8217;Educaci\u00f3 Especial Mare de D\u00e9u de l&#8217;Eperan\u00e7a. El canvi de denominaci\u00f3 del centre es produeix amb el DOGC , Ordre del 5 de maig de 1983 i es dir\u00e0 Centre d&#8217;Educaci\u00f3 Especial [&hellip;]<\/p>\n","protected":false},"author":1,"featured_media":0,"parent":22,"menu_order":20,"comment_status":"closed","ping_status":"closed","template":"page-templates\/side-menu.php","meta":{"_bbp_topic_count":0,"_bbp_reply_count":0,"_bbp_total_topic_count":0,"_bbp_total_reply_count":0,"_bbp_voice_count":0,"_bbp_anonymous_reply_count":0,"_bbp_topic_count_hidden":0,"_bbp_reply_count_hidden":0,"_bbp_forum_subforum_count":0,"site-sidebar-layout":"default","site-content-layout":"","ast-site-content-layout":"","site-content-style":"default","site-sidebar-style":"default","ast-global-header-display":"","ast-banner-title-visibility":"","ast-main-header-display":"","ast-hfb-above-header-display":"","ast-hfb-below-header-display":"","ast-hfb-mobile-header-display":"","site-post-title":"","ast-breadcrumbs-content":"","ast-featured-img":"","footer-sml-layout":"","theme-transparent-header-meta":"","adv-header-id-meta":"","stick-header-meta":"","header-above-stick-meta":"","header-main-stick-meta":"","header-below-stick-meta":"","astra-migrate-meta-layouts":"default","ast-page-background-enabled":"default","ast-page-background-meta":{"desktop":{"background-color":"var(--ast-global-color-4)","background-image":"","background-repeat":"repeat","background-position":"center center","background-size":"auto","background-attachment":"scroll","background-type":"","background-media":"","overlay-type":"","overlay-color":"","overlay-opacity":"","overlay-gradient":""},"tablet":{"background-color":"","background-image":"","background-repeat":"repeat","background-position":"center center","background-size":"auto","background-attachment":"scroll","background-type":"","background-media":"","overlay-type":"","overlay-color":"","overlay-opacity":"","overlay-gradient":""},"mobile":{"background-color":"","background-image":"","background-repeat":"repeat","background-position":"center center","background-size":"auto","background-attachment":"scroll","background-type":"","background-media":"","overlay-type":"","overlay-color":"","overlay-opacity":"","overlay-gradient":""}},"ast-content-background-meta":{"desktop":{"background-color":"var(--ast-global-color-5)","background-image":"","background-repeat":"repeat","background-position":"center center","background-size":"auto","background-attachment":"scroll","background-type":"","background-media":"","overlay-type":"","overlay-color":"","overlay-opacity":"","overlay-gradient":""},"tablet":{"background-color":"var(--ast-global-color-5)","background-image":"","background-repeat":"repeat","background-position":"center center","background-size":"auto","background-attachment":"scroll","background-type":"","background-media":"","overlay-type":"","overlay-color":"","overlay-opacity":"","overlay-gradient":""},"mobile":{"background-color":"var(--ast-global-color-5)","background-image":"","background-repeat":"repeat","background-position":"center center","background-size":"auto","background-attachment":"scroll","background-type":"","background-media":"","overlay-type":"","overlay-color":"","overlay-opacity":"","overlay-gradient":""}},"footnotes":""},"class_list":["post-26","page","type-page","status-publish","hentry"],"post_mailing_queue_ids":[],"_links":{"self":[{"href":"https:\/\/agora.xtec.cat\/ceeventijollaselva\/wp-json\/wp\/v2\/pages\/26","targetHints":{"allow":["GET"]}}],"collection":[{"href":"https:\/\/agora.xtec.cat\/ceeventijollaselva\/wp-json\/wp\/v2\/pages"}],"about":[{"href":"https:\/\/agora.xtec.cat\/ceeventijollaselva\/wp-json\/wp\/v2\/types\/page"}],"author":[{"embeddable":true,"href":"https:\/\/agora.xtec.cat\/ceeventijollaselva\/wp-json\/wp\/v2\/users\/1"}],"replies":[{"embeddable":true,"href":"https:\/\/agora.xtec.cat\/ceeventijollaselva\/wp-json\/wp\/v2\/comments?post=26"}],"version-history":[{"count":1,"href":"https:\/\/agora.xtec.cat\/ceeventijollaselva\/wp-json\/wp\/v2\/pages\/26\/revisions"}],"predecessor-version":[{"id":505,"href":"https:\/\/agora.xtec.cat\/ceeventijollaselva\/wp-json\/wp\/v2\/pages\/26\/revisions\/505"}],"up":[{"embeddable":true,"href":"https:\/\/agora.xtec.cat\/ceeventijollaselva\/wp-json\/wp\/v2\/pages\/22"}],"wp:attachment":[{"href":"https:\/\/agora.xtec.cat\/ceeventijollaselva\/wp-json\/wp\/v2\/media?parent=26"}],"curies":[{"name":"wp","href":"https:\/\/api.w.org\/{rel}","templated":true}]}}