{"id":80,"date":"2014-09-18T14:09:48","date_gmt":"2014-09-18T13:09:48","guid":{"rendered":"http:\/\/agora.xtec.cat\/ceesiloe\/?page_id=80"},"modified":"2025-09-05T14:52:09","modified_gmt":"2025-09-05T12:52:09","slug":"transport-escolar","status":"publish","type":"page","link":"https:\/\/agora.xtec.cat\/ceesiloe\/serveis\/transport-escolar\/","title":{"rendered":"Transport Escolar"},"content":{"rendered":"<p>El servei de transport escolar el realitzen les empreses Gamon i Aler a trav\u00e9s del Consell Comarcal del Pla d&#8217;Urgell.<\/p>\n<p>Els horaris de les rutes de transport per aquest curs 2025-26 s\u00f3n els seg\u00fcents:<\/p>\n<p><a href=\"https:\/\/agora.xtec.cat\/ceesiloe\/wp-content\/uploads\/usu1624\/2025\/09\/transport1.png\"><img loading=\"lazy\" decoding=\"async\" class=\"alignnone size-full wp-image-4084\" src=\"https:\/\/agora.xtec.cat\/ceesiloe\/wp-content\/uploads\/usu1624\/2025\/09\/transport1.png\" alt=\"\" width=\"529\" height=\"695\" srcset=\"https:\/\/agora.xtec.cat\/ceesiloe\/wp-content\/uploads\/usu1624\/2025\/09\/transport1.png 529w, https:\/\/agora.xtec.cat\/ceesiloe\/wp-content\/uploads\/usu1624\/2025\/09\/transport1-228x300.png 228w\" sizes=\"auto, (max-width: 529px) 100vw, 529px\" \/><\/a> <a href=\"https:\/\/agora.xtec.cat\/ceesiloe\/wp-content\/uploads\/usu1624\/2025\/09\/transport2.png\"><img loading=\"lazy\" decoding=\"async\" class=\"alignnone size-large wp-image-4085\" src=\"https:\/\/agora.xtec.cat\/ceesiloe\/wp-content\/uploads\/usu1624\/2025\/09\/transport2.png\" alt=\"\" width=\"538\" height=\"621\" srcset=\"https:\/\/agora.xtec.cat\/ceesiloe\/wp-content\/uploads\/usu1624\/2025\/09\/transport2.png 538w, https:\/\/agora.xtec.cat\/ceesiloe\/wp-content\/uploads\/usu1624\/2025\/09\/transport2-260x300.png 260w\" sizes=\"auto, (max-width: 538px) 100vw, 538px\" \/><\/a><\/p>\n","protected":false},"excerpt":{"rendered":"<p>El servei de transport escolar el realitzen les empreses Gamon i Aler a trav\u00e9s del Consell Comarcal del Pla d&#8217;Urgell. Els horaris de les rutes de transport per aquest curs 2025-26 s\u00f3n els seg\u00fcents:<\/p>\n","protected":false},"author":1,"featured_media":0,"parent":66,"menu_order":40,"comment_status":"closed","ping_status":"closed","template":"","meta":{"_bbp_topic_count":0,"_bbp_reply_count":0,"_bbp_total_topic_count":0,"_bbp_total_reply_count":0,"_bbp_voice_count":0,"_bbp_anonymous_reply_count":0,"_bbp_topic_count_hidden":0,"_bbp_reply_count_hidden":0,"_bbp_forum_subforum_count":0,"site-sidebar-layout":"default","site-content-layout":"","ast-site-content-layout":"default","site-content-style":"default","site-sidebar-style":"default","ast-global-header-display":"","ast-banner-title-visibility":"","ast-main-header-display":"","ast-hfb-above-header-display":"","ast-hfb-below-header-display":"","ast-hfb-mobile-header-display":"","site-post-title":"","ast-breadcrumbs-content":"","ast-featured-img":"","footer-sml-layout":"","theme-transparent-header-meta":"default","adv-header-id-meta":"","stick-header-meta":"","header-above-stick-meta":"","header-main-stick-meta":"","header-below-stick-meta":"","astra-migrate-meta-layouts":"set","ast-page-background-enabled":"default","ast-page-background-meta":{"desktop":{"background-color":"var(--ast-global-color-4)","background-image":"","background-repeat":"repeat","background-position":"center center","background-size":"auto","background-attachment":"scroll","background-type":"","background-media":"","overlay-type":"","overlay-color":"","overlay-opacity":"","overlay-gradient":""},"tablet":{"background-color":"","background-image":"","background-repeat":"repeat","background-position":"center center","background-size":"auto","background-attachment":"scroll","background-type":"","background-media":"","overlay-type":"","overlay-color":"","overlay-opacity":"","overlay-gradient":""},"mobile":{"background-color":"","background-image":"","background-repeat":"repeat","background-position":"center center","background-size":"auto","background-attachment":"scroll","background-type":"","background-media":"","overlay-type":"","overlay-color":"","overlay-opacity":"","overlay-gradient":""}},"ast-content-background-meta":{"desktop":{"background-color":"var(--ast-global-color-5)","background-image":"","background-repeat":"repeat","background-position":"center center","background-size":"auto","background-attachment":"scroll","background-type":"","background-media":"","overlay-type":"","overlay-color":"","overlay-opacity":"","overlay-gradient":""},"tablet":{"background-color":"var(--ast-global-color-5)","background-image":"","background-repeat":"repeat","background-position":"center center","background-size":"auto","background-attachment":"scroll","background-type":"","background-media":"","overlay-type":"","overlay-color":"","overlay-opacity":"","overlay-gradient":""},"mobile":{"background-color":"var(--ast-global-color-5)","background-image":"","background-repeat":"repeat","background-position":"center center","background-size":"auto","background-attachment":"scroll","background-type":"","background-media":"","overlay-type":"","overlay-color":"","overlay-opacity":"","overlay-gradient":""}},"footnotes":""},"class_list":["post-80","page","type-page","status-publish","hentry"],"post_mailing_queue_ids":[],"_links":{"self":[{"href":"https:\/\/agora.xtec.cat\/ceesiloe\/wp-json\/wp\/v2\/pages\/80","targetHints":{"allow":["GET"]}}],"collection":[{"href":"https:\/\/agora.xtec.cat\/ceesiloe\/wp-json\/wp\/v2\/pages"}],"about":[{"href":"https:\/\/agora.xtec.cat\/ceesiloe\/wp-json\/wp\/v2\/types\/page"}],"author":[{"embeddable":true,"href":"https:\/\/agora.xtec.cat\/ceesiloe\/wp-json\/wp\/v2\/users\/1"}],"replies":[{"embeddable":true,"href":"https:\/\/agora.xtec.cat\/ceesiloe\/wp-json\/wp\/v2\/comments?post=80"}],"version-history":[{"count":6,"href":"https:\/\/agora.xtec.cat\/ceesiloe\/wp-json\/wp\/v2\/pages\/80\/revisions"}],"predecessor-version":[{"id":4086,"href":"https:\/\/agora.xtec.cat\/ceesiloe\/wp-json\/wp\/v2\/pages\/80\/revisions\/4086"}],"up":[{"embeddable":true,"href":"https:\/\/agora.xtec.cat\/ceesiloe\/wp-json\/wp\/v2\/pages\/66"}],"wp:attachment":[{"href":"https:\/\/agora.xtec.cat\/ceesiloe\/wp-json\/wp\/v2\/media?parent=80"}],"curies":[{"name":"wp","href":"https:\/\/api.w.org\/{rel}","templated":true}]}}