{"id":73,"date":"2014-09-18T14:01:51","date_gmt":"2014-09-18T13:01:51","guid":{"rendered":"http:\/\/agora.xtec.cat\/ceesiloe\/?page_id=73"},"modified":"2025-09-05T14:54:40","modified_gmt":"2025-09-05T12:54:40","slug":"menjador","status":"publish","type":"page","link":"https:\/\/agora.xtec.cat\/ceesiloe\/serveis\/menjador\/","title":{"rendered":"Menjador Escolar"},"content":{"rendered":"<div id=\"post-body-8033672493394497055\" class=\"post-body entry-content\">\n<div><\/div>\n<div>El servei de menjador escolar el realitza l&#8217;empresa <a href=\"http:\/\/www.sercodaga.com\/\">SERCODAGA<\/a> a trav\u00e9s del Consell Comarcal del Pla d&#8217;Urgell<b>.<\/b><br \/>\n<b><br \/>\n<\/b><\/div>\n<div><a href=\"https:\/\/www.sercodaga.com\/\">Podeu consultar el men\u00fa a la web de l&#8217;empresa.<\/a><\/div>\n<div><\/div>\n<ul>\n<li>El preu del menjador per aquest curs 2024-25 \u00e9s de <strong>14,47\u20ac per nen\/a i dia.<\/strong><\/li>\n<li>Si heu de comunicar una alta\/baixa, espor\u00e0dics, abs\u00e8ncies es pot fer fins a les 15 hores del dia anterior trucant a l&#8217;escola.<\/li>\n<\/ul>\n<div>Les comunicacions amb l&#8217;empresa SERCODAGA es poden fer via:<\/div>\n<div><\/div>\n<div>Tel\u00e8fon:\u00a0<b><span class=\"LrzXr zdqRlf kno-fv\"><span data-dtype=\"d3ph\" data-local-attribute=\"d3ph\">973 25 70 43<\/span><\/span><\/b><\/div>\n<div>\n<p>Correu electr\u00f2nic:\u00a0<b>daga@sercodaga.com<\/b><\/p>\n<p>&nbsp;<\/p>\n<p>&nbsp;<\/p>\n<\/div>\n<\/div>\n","protected":false},"excerpt":{"rendered":"<p>El servei de menjador escolar el realitza l&#8217;empresa SERCODAGA a trav\u00e9s del Consell Comarcal del Pla d&#8217;Urgell. Podeu consultar el men\u00fa a la web de l&#8217;empresa. El preu del menjador per aquest curs 2024-25 \u00e9s de 14,47\u20ac per nen\/a i dia. Si heu de comunicar una alta\/baixa, espor\u00e0dics, abs\u00e8ncies es pot fer fins a les [&hellip;]<\/p>\n","protected":false},"author":1,"featured_media":0,"parent":66,"menu_order":30,"comment_status":"closed","ping_status":"closed","template":"","meta":{"_bbp_topic_count":0,"_bbp_reply_count":0,"_bbp_total_topic_count":0,"_bbp_total_reply_count":0,"_bbp_voice_count":0,"_bbp_anonymous_reply_count":0,"_bbp_topic_count_hidden":0,"_bbp_reply_count_hidden":0,"_bbp_forum_subforum_count":0,"site-sidebar-layout":"default","site-content-layout":"","ast-site-content-layout":"default","site-content-style":"default","site-sidebar-style":"default","ast-global-header-display":"","ast-banner-title-visibility":"","ast-main-header-display":"","ast-hfb-above-header-display":"","ast-hfb-below-header-display":"","ast-hfb-mobile-header-display":"","site-post-title":"","ast-breadcrumbs-content":"","ast-featured-img":"","footer-sml-layout":"","theme-transparent-header-meta":"default","adv-header-id-meta":"","stick-header-meta":"","header-above-stick-meta":"","header-main-stick-meta":"","header-below-stick-meta":"","astra-migrate-meta-layouts":"set","ast-page-background-enabled":"default","ast-page-background-meta":{"desktop":{"background-color":"var(--ast-global-color-4)","background-image":"","background-repeat":"repeat","background-position":"center center","background-size":"auto","background-attachment":"scroll","background-type":"","background-media":"","overlay-type":"","overlay-color":"","overlay-opacity":"","overlay-gradient":""},"tablet":{"background-color":"","background-image":"","background-repeat":"repeat","background-position":"center center","background-size":"auto","background-attachment":"scroll","background-type":"","background-media":"","overlay-type":"","overlay-color":"","overlay-opacity":"","overlay-gradient":""},"mobile":{"background-color":"","background-image":"","background-repeat":"repeat","background-position":"center center","background-size":"auto","background-attachment":"scroll","background-type":"","background-media":"","overlay-type":"","overlay-color":"","overlay-opacity":"","overlay-gradient":""}},"ast-content-background-meta":{"desktop":{"background-color":"var(--ast-global-color-5)","background-image":"","background-repeat":"repeat","background-position":"center center","background-size":"auto","background-attachment":"scroll","background-type":"","background-media":"","overlay-type":"","overlay-color":"","overlay-opacity":"","overlay-gradient":""},"tablet":{"background-color":"var(--ast-global-color-5)","background-image":"","background-repeat":"repeat","background-position":"center center","background-size":"auto","background-attachment":"scroll","background-type":"","background-media":"","overlay-type":"","overlay-color":"","overlay-opacity":"","overlay-gradient":""},"mobile":{"background-color":"var(--ast-global-color-5)","background-image":"","background-repeat":"repeat","background-position":"center center","background-size":"auto","background-attachment":"scroll","background-type":"","background-media":"","overlay-type":"","overlay-color":"","overlay-opacity":"","overlay-gradient":""}},"footnotes":""},"class_list":["post-73","page","type-page","status-publish","hentry"],"post_mailing_queue_ids":[],"_links":{"self":[{"href":"https:\/\/agora.xtec.cat\/ceesiloe\/wp-json\/wp\/v2\/pages\/73","targetHints":{"allow":["GET"]}}],"collection":[{"href":"https:\/\/agora.xtec.cat\/ceesiloe\/wp-json\/wp\/v2\/pages"}],"about":[{"href":"https:\/\/agora.xtec.cat\/ceesiloe\/wp-json\/wp\/v2\/types\/page"}],"author":[{"embeddable":true,"href":"https:\/\/agora.xtec.cat\/ceesiloe\/wp-json\/wp\/v2\/users\/1"}],"replies":[{"embeddable":true,"href":"https:\/\/agora.xtec.cat\/ceesiloe\/wp-json\/wp\/v2\/comments?post=73"}],"version-history":[{"count":7,"href":"https:\/\/agora.xtec.cat\/ceesiloe\/wp-json\/wp\/v2\/pages\/73\/revisions"}],"predecessor-version":[{"id":4087,"href":"https:\/\/agora.xtec.cat\/ceesiloe\/wp-json\/wp\/v2\/pages\/73\/revisions\/4087"}],"up":[{"embeddable":true,"href":"https:\/\/agora.xtec.cat\/ceesiloe\/wp-json\/wp\/v2\/pages\/66"}],"wp:attachment":[{"href":"https:\/\/agora.xtec.cat\/ceesiloe\/wp-json\/wp\/v2\/media?parent=73"}],"curies":[{"name":"wp","href":"https:\/\/api.w.org\/{rel}","templated":true}]}}