{"id":486,"date":"2017-02-10T14:53:20","date_gmt":"2017-02-10T13:53:20","guid":{"rendered":"http:\/\/agora.xtec.cat\/ceesiloe\/?page_id=486"},"modified":"2026-04-09T10:46:04","modified_gmt":"2026-04-09T08:46:04","slug":"claustre","status":"publish","type":"page","link":"https:\/\/agora.xtec.cat\/ceesiloe\/claustre\/","title":{"rendered":"Claustre"},"content":{"rendered":"<p><b>Equip directiu:<\/b><\/p>\n<ul>\n<li style=\"font-weight: 400;\"><span style=\"font-weight: 400;\">Directora: Agn\u00e8s Rubinat<br \/>\n<\/span><\/li>\n<li style=\"font-weight: 400;\"><span style=\"font-weight: 400;\">Cap d\u2019estudis: Arnau Galit\u00f3<\/span><\/li>\n<li style=\"font-weight: 400;\"><span style=\"font-weight: 400;\">Secret\u00e0ria: Sara Palau<br \/>\n<\/span><\/li>\n<\/ul>\n<p><b>Mestres:<\/b><\/p>\n<ul>\n<li style=\"font-weight: 400;\"><span style=\"font-weight: 400;\">GRUP 1 &#8211; Sara Santaengracia<\/span><\/li>\n<li style=\"font-weight: 400;\"><span style=\"font-weight: 400;\">GRUP 2 &#8211; Gemma Porta<\/span><\/li>\n<li><span style=\"font-weight: 400;\">GRUP 3 &#8211; Eric Gili<br \/>\n<\/span><\/li>\n<li style=\"font-weight: 400;\"><span style=\"font-weight: 400;\">GRUP 4 &#8211; Sara Palau<\/span><\/li>\n<li style=\"font-weight: 400;\"><span style=\"font-weight: 400;\">GRUP 5 &#8211; Vanessa Ca\u00f1izares<br \/>\n<\/span><\/li>\n<li>GRUP 6 &#8211; Lola Herzog<\/li>\n<li style=\"font-weight: 400;\"><span style=\"font-weight: 400;\">AUDICI\u00d3 I LLENGUATGE &#8211; N\u00faria Duat<\/span><\/li>\n<li style=\"font-weight: 400;\"><span style=\"font-weight: 400;\">EDUCACI\u00d3 MUSICAL &#8211; Anna Velasco<\/span><\/li>\n<li>MESTRE DE SUPORT: Marta Solsona<\/li>\n<li>CEEPSIR: No\u00e8lia Vallverd\u00fa, Andrea Asensio, Sheila Moreno i Arnau Galit\u00f3<\/li>\n<\/ul>\n<p><b>Educadors\/es:<\/b><\/p>\n<ul>\n<li style=\"font-weight: 400;\">Roser Teixidor<\/li>\n<li style=\"font-weight: 400;\"><span style=\"font-weight: 400;\">M. Carmen Esp\u00edtia<\/span><\/li>\n<li>Marina Mesa i N\u00faria Uson<\/li>\n<li>Anna Misut<\/li>\n<\/ul>\n<p><b>Administratiu: <\/b><span style=\"font-weight: 400;\">Vicent Porta<\/span><\/p>\n<p><b>EAP:<\/b><\/p>\n<ul>\n<li><span style=\"font-weight: 400;\">Psicopedagoga &#8211; Llu\u00efsa Coll <\/span><\/li>\n<li><span style=\"font-weight: 400;\">Fisioterapeuta &#8211; Carmina Luque <\/span><\/li>\n<li><span style=\"font-weight: 400;\">Treballadora Social &#8211; Eva Carcasona<\/span><\/li>\n<\/ul>\n<p><b>Inspectora:<\/b><span style=\"font-weight: 400;\"> Marta Castell\u00e0<\/span><\/p>\n","protected":false},"excerpt":{"rendered":"<p>Equip directiu: Directora: Agn\u00e8s Rubinat Cap d\u2019estudis: Arnau Galit\u00f3 Secret\u00e0ria: Sara Palau Mestres: GRUP 1 &#8211; Sara Santaengracia GRUP 2 &#8211; Gemma Porta GRUP 3 &#8211; Eric Gili GRUP 4 &#8211; Sara Palau GRUP 5 &#8211; Vanessa Ca\u00f1izares GRUP 6 &#8211; Lola Herzog AUDICI\u00d3 I LLENGUATGE &#8211; N\u00faria Duat EDUCACI\u00d3 MUSICAL &#8211; Anna Velasco MESTRE [&hellip;]<\/p>\n","protected":false},"author":1,"featured_media":0,"parent":0,"menu_order":0,"comment_status":"closed","ping_status":"closed","template":"","meta":{"_bbp_topic_count":0,"_bbp_reply_count":0,"_bbp_total_topic_count":0,"_bbp_total_reply_count":0,"_bbp_voice_count":0,"_bbp_anonymous_reply_count":0,"_bbp_topic_count_hidden":0,"_bbp_reply_count_hidden":0,"_bbp_forum_subforum_count":0,"site-sidebar-layout":"default","site-content-layout":"","ast-site-content-layout":"default","site-content-style":"default","site-sidebar-style":"default","ast-global-header-display":"","ast-banner-title-visibility":"","ast-main-header-display":"","ast-hfb-above-header-display":"","ast-hfb-below-header-display":"","ast-hfb-mobile-header-display":"","site-post-title":"","ast-breadcrumbs-content":"","ast-featured-img":"","footer-sml-layout":"","theme-transparent-header-meta":"","adv-header-id-meta":"","stick-header-meta":"","header-above-stick-meta":"","header-main-stick-meta":"","header-below-stick-meta":"","astra-migrate-meta-layouts":"set","ast-page-background-enabled":"default","ast-page-background-meta":{"desktop":{"background-color":"var(--ast-global-color-4)","background-image":"","background-repeat":"repeat","background-position":"center center","background-size":"auto","background-attachment":"scroll","background-type":"","background-media":"","overlay-type":"","overlay-color":"","overlay-opacity":"","overlay-gradient":""},"tablet":{"background-color":"","background-image":"","background-repeat":"repeat","background-position":"center center","background-size":"auto","background-attachment":"scroll","background-type":"","background-media":"","overlay-type":"","overlay-color":"","overlay-opacity":"","overlay-gradient":""},"mobile":{"background-color":"","background-image":"","background-repeat":"repeat","background-position":"center center","background-size":"auto","background-attachment":"scroll","background-type":"","background-media":"","overlay-type":"","overlay-color":"","overlay-opacity":"","overlay-gradient":""}},"ast-content-background-meta":{"desktop":{"background-color":"var(--ast-global-color-5)","background-image":"","background-repeat":"repeat","background-position":"center center","background-size":"auto","background-attachment":"scroll","background-type":"","background-media":"","overlay-type":"","overlay-color":"","overlay-opacity":"","overlay-gradient":""},"tablet":{"background-color":"var(--ast-global-color-5)","background-image":"","background-repeat":"repeat","background-position":"center center","background-size":"auto","background-attachment":"scroll","background-type":"","background-media":"","overlay-type":"","overlay-color":"","overlay-opacity":"","overlay-gradient":""},"mobile":{"background-color":"var(--ast-global-color-5)","background-image":"","background-repeat":"repeat","background-position":"center center","background-size":"auto","background-attachment":"scroll","background-type":"","background-media":"","overlay-type":"","overlay-color":"","overlay-opacity":"","overlay-gradient":""}},"footnotes":""},"class_list":["post-486","page","type-page","status-publish","hentry"],"post_mailing_queue_ids":[],"_links":{"self":[{"href":"https:\/\/agora.xtec.cat\/ceesiloe\/wp-json\/wp\/v2\/pages\/486","targetHints":{"allow":["GET"]}}],"collection":[{"href":"https:\/\/agora.xtec.cat\/ceesiloe\/wp-json\/wp\/v2\/pages"}],"about":[{"href":"https:\/\/agora.xtec.cat\/ceesiloe\/wp-json\/wp\/v2\/types\/page"}],"author":[{"embeddable":true,"href":"https:\/\/agora.xtec.cat\/ceesiloe\/wp-json\/wp\/v2\/users\/1"}],"replies":[{"embeddable":true,"href":"https:\/\/agora.xtec.cat\/ceesiloe\/wp-json\/wp\/v2\/comments?post=486"}],"version-history":[{"count":6,"href":"https:\/\/agora.xtec.cat\/ceesiloe\/wp-json\/wp\/v2\/pages\/486\/revisions"}],"predecessor-version":[{"id":4471,"href":"https:\/\/agora.xtec.cat\/ceesiloe\/wp-json\/wp\/v2\/pages\/486\/revisions\/4471"}],"wp:attachment":[{"href":"https:\/\/agora.xtec.cat\/ceesiloe\/wp-json\/wp\/v2\/media?parent=486"}],"curies":[{"name":"wp","href":"https:\/\/api.w.org\/{rel}","templated":true}]}}