{"id":28,"date":"2014-09-18T12:29:35","date_gmt":"2014-09-18T11:29:35","guid":{"rendered":"http:\/\/agora.xtec.cat\/ceesiloe\/?page_id=28"},"modified":"2026-04-09T10:41:29","modified_gmt":"2026-04-09T08:41:29","slug":"consell-escolar","status":"publish","type":"page","link":"https:\/\/agora.xtec.cat\/ceesiloe\/lescola\/consell-escolar\/","title":{"rendered":"Consell escolar"},"content":{"rendered":"<p style=\"color: #444444;\">El consell escolar \u00e9s l&#8217;\u00f2rgan de participaci\u00f3 dels diferents sectors de la comunitat educativa en el govern dels centres.<\/p>\n<p style=\"color: #444444;\">El formen els representants de tota la comunitat educativa:<\/p>\n<ul>\n<li style=\"color: #444444;\">Presidenta:\n<ul>\n<li style=\"color: #444444;\">Agn\u00e8s Rubinat Arqu\u00e9, directora de l&#8217;escola<\/li>\n<\/ul>\n<\/li>\n<li>Cap d&#8217;Estudis:\n<ul>\n<li>Arnau Galit\u00f3 Trilla<\/li>\n<\/ul>\n<\/li>\n<li>Representant dels mestres\n<ul>\n<li>Vanessa Ca\u00f1izares Aguirre (2029)<\/li>\n<li>Andrea Asensio D\u00edaz (2027)<\/li>\n<li>Anna Velasco Blazquez (2029)<\/li>\n<\/ul>\n<\/li>\n<li>Representant del Personal d&#8217;Atenci\u00f3 Educativa:\n<ul>\n<li>Anna Misut Sanjuan (2027)<\/li>\n<\/ul>\n<\/li>\n<li>Representant del Personal d&#8217;Administraci\u00f3 i Serveis:\n<ul>\n<li>Vicent Porta Rubi\u00f3<\/li>\n<\/ul>\n<\/li>\n<li>Representants dels pares:\n<ul>\n<li>N\u00faria Cam\u00ed Guiu (2027)<\/li>\n<li>Mireia Batlle Besora (2029)<\/li>\n<\/ul>\n<\/li>\n<li>Representant AFA:\n<ul>\n<li>David Moncl\u00fas L\u00f3pez<\/li>\n<\/ul>\n<\/li>\n<li>\u00a0Representant Ajuntament:\n<ul>\n<li style=\"list-style-type: none;\">\n<ul>\n<li>Ester Gasol Dea<\/li>\n<\/ul>\n<\/li>\n<\/ul>\n<\/li>\n<li>Secret\u00e0ria:\n<ul>\n<li>Sara Palau Segri\u00e0<\/li>\n<\/ul>\n<\/li>\n<\/ul>\n<p>La funci\u00f3 principal del consell escolar \u00e9s participar en la presa de decisions en relaci\u00f3 amb aquells temes importants per al funcionament i l&#8217;organitzaci\u00f3 del centre: el projecte educatiu, la programaci\u00f3 general, la gesti\u00f3 econ\u00f2mica, la resoluci\u00f3 dels conflictes, les activitats extraescolars, l&#8217;horari lectiu, etc.<\/p>\n<p style=\"color: #444444;\"><a href=\"http:\/\/familiaiescola.gencat.cat\/ca\/escolaritat\/participacio-compromis\/participacio-coresponsabilitzacio\/participacio-funcionament-centre\/consell-escolar\/\">M\u00e9s informaci\u00f3 sobre els Consells Escolars.<\/a><\/p>\n","protected":false},"excerpt":{"rendered":"<p>El consell escolar \u00e9s l&#8217;\u00f2rgan de participaci\u00f3 dels diferents sectors de la comunitat educativa en el govern dels centres. El formen els representants de tota la comunitat educativa: Presidenta: Agn\u00e8s Rubinat Arqu\u00e9, directora de l&#8217;escola Cap d&#8217;Estudis: Arnau Galit\u00f3 Trilla Representant dels mestres Vanessa Ca\u00f1izares Aguirre (2029) Andrea Asensio D\u00edaz (2027) Anna Velasco Blazquez (2029) [&hellip;]<\/p>\n","protected":false},"author":1,"featured_media":0,"parent":22,"menu_order":30,"comment_status":"closed","ping_status":"closed","template":"","meta":{"_bbp_topic_count":0,"_bbp_reply_count":0,"_bbp_total_topic_count":0,"_bbp_total_reply_count":0,"_bbp_voice_count":0,"_bbp_anonymous_reply_count":0,"_bbp_topic_count_hidden":0,"_bbp_reply_count_hidden":0,"_bbp_forum_subforum_count":0,"site-sidebar-layout":"default","site-content-layout":"","ast-site-content-layout":"default","site-content-style":"default","site-sidebar-style":"default","ast-global-header-display":"","ast-banner-title-visibility":"","ast-main-header-display":"","ast-hfb-above-header-display":"","ast-hfb-below-header-display":"","ast-hfb-mobile-header-display":"","site-post-title":"","ast-breadcrumbs-content":"","ast-featured-img":"","footer-sml-layout":"","theme-transparent-header-meta":"","adv-header-id-meta":"","stick-header-meta":"","header-above-stick-meta":"","header-main-stick-meta":"","header-below-stick-meta":"","astra-migrate-meta-layouts":"set","ast-page-background-enabled":"default","ast-page-background-meta":{"desktop":{"background-color":"var(--ast-global-color-4)","background-image":"","background-repeat":"repeat","background-position":"center center","background-size":"auto","background-attachment":"scroll","background-type":"","background-media":"","overlay-type":"","overlay-color":"","overlay-opacity":"","overlay-gradient":""},"tablet":{"background-color":"","background-image":"","background-repeat":"repeat","background-position":"center center","background-size":"auto","background-attachment":"scroll","background-type":"","background-media":"","overlay-type":"","overlay-color":"","overlay-opacity":"","overlay-gradient":""},"mobile":{"background-color":"","background-image":"","background-repeat":"repeat","background-position":"center center","background-size":"auto","background-attachment":"scroll","background-type":"","background-media":"","overlay-type":"","overlay-color":"","overlay-opacity":"","overlay-gradient":""}},"ast-content-background-meta":{"desktop":{"background-color":"var(--ast-global-color-5)","background-image":"","background-repeat":"repeat","background-position":"center center","background-size":"auto","background-attachment":"scroll","background-type":"","background-media":"","overlay-type":"","overlay-color":"","overlay-opacity":"","overlay-gradient":""},"tablet":{"background-color":"var(--ast-global-color-5)","background-image":"","background-repeat":"repeat","background-position":"center center","background-size":"auto","background-attachment":"scroll","background-type":"","background-media":"","overlay-type":"","overlay-color":"","overlay-opacity":"","overlay-gradient":""},"mobile":{"background-color":"var(--ast-global-color-5)","background-image":"","background-repeat":"repeat","background-position":"center center","background-size":"auto","background-attachment":"scroll","background-type":"","background-media":"","overlay-type":"","overlay-color":"","overlay-opacity":"","overlay-gradient":""}},"footnotes":""},"class_list":["post-28","page","type-page","status-publish","hentry"],"post_mailing_queue_ids":[],"_links":{"self":[{"href":"https:\/\/agora.xtec.cat\/ceesiloe\/wp-json\/wp\/v2\/pages\/28","targetHints":{"allow":["GET"]}}],"collection":[{"href":"https:\/\/agora.xtec.cat\/ceesiloe\/wp-json\/wp\/v2\/pages"}],"about":[{"href":"https:\/\/agora.xtec.cat\/ceesiloe\/wp-json\/wp\/v2\/types\/page"}],"author":[{"embeddable":true,"href":"https:\/\/agora.xtec.cat\/ceesiloe\/wp-json\/wp\/v2\/users\/1"}],"replies":[{"embeddable":true,"href":"https:\/\/agora.xtec.cat\/ceesiloe\/wp-json\/wp\/v2\/comments?post=28"}],"version-history":[{"count":6,"href":"https:\/\/agora.xtec.cat\/ceesiloe\/wp-json\/wp\/v2\/pages\/28\/revisions"}],"predecessor-version":[{"id":4470,"href":"https:\/\/agora.xtec.cat\/ceesiloe\/wp-json\/wp\/v2\/pages\/28\/revisions\/4470"}],"up":[{"embeddable":true,"href":"https:\/\/agora.xtec.cat\/ceesiloe\/wp-json\/wp\/v2\/pages\/22"}],"wp:attachment":[{"href":"https:\/\/agora.xtec.cat\/ceesiloe\/wp-json\/wp\/v2\/media?parent=28"}],"curies":[{"name":"wp","href":"https:\/\/api.w.org\/{rel}","templated":true}]}}