{"id":22,"date":"2014-09-18T12:19:57","date_gmt":"2014-09-18T11:19:57","guid":{"rendered":"http:\/\/agora.xtec.cat\/ceesiloe\/?page_id=22"},"modified":"2025-09-12T11:26:20","modified_gmt":"2025-09-12T09:26:20","slug":"lescola","status":"publish","type":"page","link":"https:\/\/agora.xtec.cat\/ceesiloe\/lescola\/","title":{"rendered":"L&#8217;escola"},"content":{"rendered":"<p>L\u2019any 1975 un grup de fam\u00edlies de Mollerussa van constituir l\u2019associaci\u00f3 ACUDAM amb l\u2019objectiu d\u2019ajudar i donar respostes a les necessitats de les persones amb discapacitat intel\u00b7lectual de la comarca. Els primers esfor\u00e7os de l\u2019associaci\u00f3 es van encaminar en la creaci\u00f3 d\u2019una escola d\u2019educaci\u00f3 especial, a la que li posaren el nom de SILO\u00c9.<\/p>\n<p>El setembre de 1975 es va iniciar el primer curs escolar en un xalet al mig de la poblaci\u00f3 de Mollerussa amb quinze nens i nenes i tres mestres. M\u00e9s endavant es va comen\u00e7ar la construcci\u00f3 d\u2019un nou centre a les afores de Mollerussa, a l\u2019actual Parc de la Serra i es va fer el trasp\u00e0s dels diferents serveis del centre a la Xarxa de Centres P\u00fablics d\u2019Ensenyament de la Generalitat. El 12 de setembre de 1984 en Joan Guitart i Agell, Conseller d\u2019Ensenyament va inaugurar l\u2019edifici nou.<\/p>\n<p>Des d\u2019aleshores i durant tots aquests anys, l\u2019escola ha anat desenvolupant programes educatius i projectes d\u2019investigaci\u00f3 i experimentaci\u00f3, incorporant nous professionals (mestres d\u2019educaci\u00f3 especial, logopeda, educadores) i augmentant les dotacions de recursos materials, t\u00e8cnics, inform\u00e0tics i de serveis espec\u00edfics.<\/p>\n","protected":false},"excerpt":{"rendered":"<p>L\u2019any 1975 un grup de fam\u00edlies de Mollerussa van constituir l\u2019associaci\u00f3 ACUDAM amb l\u2019objectiu d\u2019ajudar i donar respostes a les necessitats de les persones amb discapacitat intel\u00b7lectual de la comarca. Els primers esfor\u00e7os de l\u2019associaci\u00f3 es van encaminar en la creaci\u00f3 d\u2019una escola d\u2019educaci\u00f3 especial, a la que li posaren el nom de SILO\u00c9. El [&hellip;]<\/p>\n","protected":false},"author":1,"featured_media":0,"parent":0,"menu_order":0,"comment_status":"closed","ping_status":"closed","template":"","meta":{"_bbp_topic_count":0,"_bbp_reply_count":0,"_bbp_total_topic_count":0,"_bbp_total_reply_count":0,"_bbp_voice_count":0,"_bbp_anonymous_reply_count":0,"_bbp_topic_count_hidden":0,"_bbp_reply_count_hidden":0,"_bbp_forum_subforum_count":0,"site-sidebar-layout":"default","site-content-layout":"","ast-site-content-layout":"default","site-content-style":"default","site-sidebar-style":"default","ast-global-header-display":"","ast-banner-title-visibility":"","ast-main-header-display":"","ast-hfb-above-header-display":"","ast-hfb-below-header-display":"","ast-hfb-mobile-header-display":"","site-post-title":"","ast-breadcrumbs-content":"","ast-featured-img":"","footer-sml-layout":"","theme-transparent-header-meta":"","adv-header-id-meta":"","stick-header-meta":"","header-above-stick-meta":"","header-main-stick-meta":"","header-below-stick-meta":"","astra-migrate-meta-layouts":"set","ast-page-background-enabled":"default","ast-page-background-meta":{"desktop":{"background-color":"var(--ast-global-color-4)","background-image":"","background-repeat":"repeat","background-position":"center center","background-size":"auto","background-attachment":"scroll","background-type":"","background-media":"","overlay-type":"","overlay-color":"","overlay-opacity":"","overlay-gradient":""},"tablet":{"background-color":"","background-image":"","background-repeat":"repeat","background-position":"center center","background-size":"auto","background-attachment":"scroll","background-type":"","background-media":"","overlay-type":"","overlay-color":"","overlay-opacity":"","overlay-gradient":""},"mobile":{"background-color":"","background-image":"","background-repeat":"repeat","background-position":"center center","background-size":"auto","background-attachment":"scroll","background-type":"","background-media":"","overlay-type":"","overlay-color":"","overlay-opacity":"","overlay-gradient":""}},"ast-content-background-meta":{"desktop":{"background-color":"var(--ast-global-color-5)","background-image":"","background-repeat":"repeat","background-position":"center center","background-size":"auto","background-attachment":"scroll","background-type":"","background-media":"","overlay-type":"","overlay-color":"","overlay-opacity":"","overlay-gradient":""},"tablet":{"background-color":"var(--ast-global-color-5)","background-image":"","background-repeat":"repeat","background-position":"center center","background-size":"auto","background-attachment":"scroll","background-type":"","background-media":"","overlay-type":"","overlay-color":"","overlay-opacity":"","overlay-gradient":""},"mobile":{"background-color":"var(--ast-global-color-5)","background-image":"","background-repeat":"repeat","background-position":"center center","background-size":"auto","background-attachment":"scroll","background-type":"","background-media":"","overlay-type":"","overlay-color":"","overlay-opacity":"","overlay-gradient":""}},"footnotes":""},"class_list":["post-22","page","type-page","status-publish","hentry"],"post_mailing_queue_ids":[],"_links":{"self":[{"href":"https:\/\/agora.xtec.cat\/ceesiloe\/wp-json\/wp\/v2\/pages\/22","targetHints":{"allow":["GET"]}}],"collection":[{"href":"https:\/\/agora.xtec.cat\/ceesiloe\/wp-json\/wp\/v2\/pages"}],"about":[{"href":"https:\/\/agora.xtec.cat\/ceesiloe\/wp-json\/wp\/v2\/types\/page"}],"author":[{"embeddable":true,"href":"https:\/\/agora.xtec.cat\/ceesiloe\/wp-json\/wp\/v2\/users\/1"}],"replies":[{"embeddable":true,"href":"https:\/\/agora.xtec.cat\/ceesiloe\/wp-json\/wp\/v2\/comments?post=22"}],"version-history":[{"count":2,"href":"https:\/\/agora.xtec.cat\/ceesiloe\/wp-json\/wp\/v2\/pages\/22\/revisions"}],"predecessor-version":[{"id":4103,"href":"https:\/\/agora.xtec.cat\/ceesiloe\/wp-json\/wp\/v2\/pages\/22\/revisions\/4103"}],"wp:attachment":[{"href":"https:\/\/agora.xtec.cat\/ceesiloe\/wp-json\/wp\/v2\/media?parent=22"}],"curies":[{"name":"wp","href":"https:\/\/api.w.org\/{rel}","templated":true}]}}