{"id":3237,"date":"2024-09-06T13:14:13","date_gmt":"2024-09-06T11:14:13","guid":{"rendered":"https:\/\/agora.xtec.cat\/ceeramonsurinach\/?page_id=3237"},"modified":"2025-09-22T16:14:40","modified_gmt":"2025-09-22T14:14:40","slug":"el-pas-del-temps","status":"publish","type":"page","link":"https:\/\/agora.xtec.cat\/ceeramonsurinach\/el-pas-del-temps\/","title":{"rendered":"Sabors amb sentits"},"content":{"rendered":"<p>\ud835\udc0f\ud835\udc2b\ud835\udc28\ud835\udc23\ud835\udc1e\ud835\udc1c\ud835\udc2d\ud835\udc1e \ud835\udc1a\ud835\udc27\ud835\udc2e\ud835\udc1a\ud835\udc25<\/p>\n<p><img loading=\"lazy\" decoding=\"async\" class=\"an1\" draggable=\"false\" src=\"https:\/\/fonts.gstatic.com\/s\/e\/notoemoji\/16.0\/1f34e\/72.png\" alt=\"\ud83c\udf4e\" width=\"18\" height=\"18\" data-emoji=\"\ud83c\udf4e\" aria-label=\"\ud83c\udf4e\" \/><img loading=\"lazy\" decoding=\"async\" class=\"an1\" draggable=\"false\" src=\"https:\/\/fonts.gstatic.com\/s\/e\/notoemoji\/16.0\/1f966\/72.png\" alt=\"\ud83e\udd66\" width=\"21\" height=\"21\" data-emoji=\"\ud83e\udd66\" aria-label=\"\ud83e\udd66\" \/>\u00a0SABORS AMB SENTITS\u00a0<img loading=\"lazy\" decoding=\"async\" class=\"an1\" draggable=\"false\" src=\"https:\/\/fonts.gstatic.com\/s\/e\/notoemoji\/16.0\/1f347\/72.png\" alt=\"\ud83c\udf47\" width=\"21\" height=\"21\" data-emoji=\"\ud83c\udf47\" aria-label=\"\ud83c\udf47\" \/><img loading=\"lazy\" decoding=\"async\" class=\"an1\" draggable=\"false\" src=\"https:\/\/fonts.gstatic.com\/s\/e\/notoemoji\/16.0\/1f35e\/72.png\" alt=\"\ud83c\udf5e\" width=\"21\" height=\"21\" data-emoji=\"\ud83c\udf5e\" aria-label=\"\ud83c\udf5e\" \/><\/p>\n<p>Iniciem el projecte d\u2019aquest curs sobre l\u2019alimentaci\u00f3 saludable i conscient. Amb \u201cSabors amb sentits\u201d volem:<br \/>\n<img loading=\"lazy\" decoding=\"async\" class=\"an1\" draggable=\"false\" src=\"https:\/\/fonts.gstatic.com\/s\/e\/notoemoji\/16.0\/1f445\/72.png\" alt=\"\ud83d\udc45\" width=\"22\" height=\"22\" data-emoji=\"\ud83d\udc45\" aria-label=\"\ud83d\udc45\" \/>\u00a0Descobrir nous gustos i textures<br \/>\n<img loading=\"lazy\" decoding=\"async\" class=\"an1\" draggable=\"false\" src=\"https:\/\/fonts.gstatic.com\/s\/e\/notoemoji\/16.0\/1f9e0\/72.png\" alt=\"\ud83e\udde0\" width=\"19\" height=\"19\" data-emoji=\"\ud83e\udde0\" aria-label=\"\ud83e\udde0\" \/>\u00a0Entendre la import\u00e0ncia d\u2019una bona alimentaci\u00f3<br \/>\n<img loading=\"lazy\" decoding=\"async\" class=\"an1\" draggable=\"false\" src=\"https:\/\/fonts.gstatic.com\/s\/e\/notoemoji\/16.0\/1f30d\/72.png\" alt=\"\ud83c\udf0d\" width=\"20\" height=\"20\" data-emoji=\"\ud83c\udf0d\" aria-label=\"\ud83c\udf0d\" \/>\u00a0Valorar els productes de proximitat i de temporada<br \/>\n<img loading=\"lazy\" decoding=\"async\" class=\"an1\" draggable=\"false\" src=\"https:\/\/fonts.gstatic.com\/s\/e\/notoemoji\/16.0\/1f932\/72.png\" alt=\"\ud83e\udd32\" width=\"21\" height=\"21\" data-emoji=\"\ud83e\udd32\" aria-label=\"\ud83e\udd32\" \/>\u00a0Gaudir d\u2019activitats pr\u00e0ctiques i participatives<\/p>\n<p>L\u2019alumnat experimenta, crea i apr\u00e8n amb els cinc sentits, tot donant valor als h\u00e0bits que ens ajuden a cr\u00e9ixer sans i feli\u00e7os!<\/p>\n","protected":false},"excerpt":{"rendered":"<p>\ud835\udc0f\ud835\udc2b\ud835\udc28\ud835\udc23\ud835\udc1e\ud835\udc1c\ud835\udc2d\ud835\udc1e \ud835\udc1a\ud835\udc27\ud835\udc2e\ud835\udc1a\ud835\udc25 \u00a0SABORS AMB SENTITS\u00a0 Iniciem el projecte d\u2019aquest curs sobre l\u2019alimentaci\u00f3 saludable i conscient. Amb \u201cSabors amb sentits\u201d volem: \u00a0Descobrir nous gustos i textures \u00a0Entendre la import\u00e0ncia d\u2019una bona alimentaci\u00f3 \u00a0Valorar els productes de proximitat i de temporada \u00a0Gaudir d\u2019activitats pr\u00e0ctiques i participatives L\u2019alumnat experimenta, crea i apr\u00e8n amb els cinc sentits, tot donant [&hellip;]<\/p>\n","protected":false},"author":1,"featured_media":0,"parent":0,"menu_order":0,"comment_status":"closed","ping_status":"closed","template":"","meta":{"_bbp_topic_count":0,"_bbp_reply_count":0,"_bbp_total_topic_count":0,"_bbp_total_reply_count":0,"_bbp_voice_count":0,"_bbp_anonymous_reply_count":0,"_bbp_topic_count_hidden":0,"_bbp_reply_count_hidden":0,"_bbp_forum_subforum_count":0,"site-sidebar-layout":"default","site-content-layout":"","ast-site-content-layout":"","site-content-style":"default","site-sidebar-style":"default","ast-global-header-display":"","ast-banner-title-visibility":"","ast-main-header-display":"","ast-hfb-above-header-display":"","ast-hfb-below-header-display":"","ast-hfb-mobile-header-display":"","site-post-title":"","ast-breadcrumbs-content":"","ast-featured-img":"","footer-sml-layout":"","theme-transparent-header-meta":"","adv-header-id-meta":"","stick-header-meta":"","header-above-stick-meta":"","header-main-stick-meta":"","header-below-stick-meta":"","astra-migrate-meta-layouts":"default","ast-page-background-enabled":"default","ast-page-background-meta":{"desktop":{"background-color":"var(--ast-global-color-4)","background-image":"","background-repeat":"repeat","background-position":"center center","background-size":"auto","background-attachment":"scroll","background-type":"","background-media":"","overlay-type":"","overlay-color":"","overlay-opacity":"","overlay-gradient":""},"tablet":{"background-color":"","background-image":"","background-repeat":"repeat","background-position":"center center","background-size":"auto","background-attachment":"scroll","background-type":"","background-media":"","overlay-type":"","overlay-color":"","overlay-opacity":"","overlay-gradient":""},"mobile":{"background-color":"","background-image":"","background-repeat":"repeat","background-position":"center center","background-size":"auto","background-attachment":"scroll","background-type":"","background-media":"","overlay-type":"","overlay-color":"","overlay-opacity":"","overlay-gradient":""}},"ast-content-background-meta":{"desktop":{"background-color":"var(--ast-global-color-5)","background-image":"","background-repeat":"repeat","background-position":"center center","background-size":"auto","background-attachment":"scroll","background-type":"","background-media":"","overlay-type":"","overlay-color":"","overlay-opacity":"","overlay-gradient":""},"tablet":{"background-color":"var(--ast-global-color-5)","background-image":"","background-repeat":"repeat","background-position":"center center","background-size":"auto","background-attachment":"scroll","background-type":"","background-media":"","overlay-type":"","overlay-color":"","overlay-opacity":"","overlay-gradient":""},"mobile":{"background-color":"var(--ast-global-color-5)","background-image":"","background-repeat":"repeat","background-position":"center center","background-size":"auto","background-attachment":"scroll","background-type":"","background-media":"","overlay-type":"","overlay-color":"","overlay-opacity":"","overlay-gradient":""}},"footnotes":""},"class_list":["post-3237","page","type-page","status-publish","hentry"],"post_mailing_queue_ids":[],"_links":{"self":[{"href":"https:\/\/agora.xtec.cat\/ceeramonsurinach\/wp-json\/wp\/v2\/pages\/3237","targetHints":{"allow":["GET"]}}],"collection":[{"href":"https:\/\/agora.xtec.cat\/ceeramonsurinach\/wp-json\/wp\/v2\/pages"}],"about":[{"href":"https:\/\/agora.xtec.cat\/ceeramonsurinach\/wp-json\/wp\/v2\/types\/page"}],"author":[{"embeddable":true,"href":"https:\/\/agora.xtec.cat\/ceeramonsurinach\/wp-json\/wp\/v2\/users\/1"}],"replies":[{"embeddable":true,"href":"https:\/\/agora.xtec.cat\/ceeramonsurinach\/wp-json\/wp\/v2\/comments?post=3237"}],"version-history":[{"count":7,"href":"https:\/\/agora.xtec.cat\/ceeramonsurinach\/wp-json\/wp\/v2\/pages\/3237\/revisions"}],"predecessor-version":[{"id":3536,"href":"https:\/\/agora.xtec.cat\/ceeramonsurinach\/wp-json\/wp\/v2\/pages\/3237\/revisions\/3536"}],"wp:attachment":[{"href":"https:\/\/agora.xtec.cat\/ceeramonsurinach\/wp-json\/wp\/v2\/media?parent=3237"}],"curies":[{"name":"wp","href":"https:\/\/api.w.org\/{rel}","templated":true}]}}