{"id":2868,"date":"2023-11-02T13:11:41","date_gmt":"2023-11-02T12:11:41","guid":{"rendered":"https:\/\/agora.xtec.cat\/ceeramonsurinach\/?page_id=2868"},"modified":"2024-02-07T13:04:33","modified_gmt":"2024-02-07T12:04:33","slug":"g1","status":"publish","type":"page","link":"https:\/\/agora.xtec.cat\/ceeramonsurinach\/grups-de-lescola\/g1\/","title":{"rendered":"G1"},"content":{"rendered":"<p>Aquest curs treballem el projecte <em>&#8221; l&#8217;Univers del Suri&#8221;<\/em><a href=\"https:\/\/agora.xtec.cat\/ceeramonsurinach\/wp-content\/uploads\/usu150\/2024\/02\/univers-3.png\"><img loading=\"lazy\" decoding=\"async\" class=\"wp-image-3035 alignright\" src=\"https:\/\/agora.xtec.cat\/ceeramonsurinach\/wp-content\/uploads\/usu150\/2024\/02\/univers-3.png\" alt=\"\" width=\"110\" height=\"110\" srcset=\"https:\/\/agora.xtec.cat\/ceeramonsurinach\/wp-content\/uploads\/usu150\/2024\/02\/univers-3.png 500w, https:\/\/agora.xtec.cat\/ceeramonsurinach\/wp-content\/uploads\/usu150\/2024\/02\/univers-3-300x300.png 300w, https:\/\/agora.xtec.cat\/ceeramonsurinach\/wp-content\/uploads\/usu150\/2024\/02\/univers-3-150x150.png 150w\" sizes=\"auto, (max-width: 110px) 100vw, 110px\" \/><\/a><\/p>\n<p>Aquesta \u00e9s la nostra can\u00e7\u00f3 de cap\u00e7alera: \u00a0\u00a0<a href=\"https:\/\/youtu.be\/CKqrP5ZfyPw?si=n55Tz-_XZPOwg1Oj\">LILDAMI T&#8217;estimo Igual<\/a><\/p>\n<p>&nbsp;<\/p>\n<p>&nbsp;<\/p>\n<p>&nbsp;<\/p>\n<p>&nbsp;<\/p>\n","protected":false},"excerpt":{"rendered":"<p>Aquest curs treballem el projecte &#8221; l&#8217;Univers del Suri&#8221; Aquesta \u00e9s la nostra can\u00e7\u00f3 de cap\u00e7alera: \u00a0\u00a0LILDAMI T&#8217;estimo Igual &nbsp; &nbsp; &nbsp; &nbsp;<\/p>\n","protected":false},"author":1,"featured_media":0,"parent":2867,"menu_order":1,"comment_status":"closed","ping_status":"closed","template":"","meta":{"_bbp_topic_count":0,"_bbp_reply_count":0,"_bbp_total_topic_count":0,"_bbp_total_reply_count":0,"_bbp_voice_count":0,"_bbp_anonymous_reply_count":0,"_bbp_topic_count_hidden":0,"_bbp_reply_count_hidden":0,"_bbp_forum_subforum_count":0,"site-sidebar-layout":"default","site-content-layout":"","ast-site-content-layout":"","site-content-style":"default","site-sidebar-style":"default","ast-global-header-display":"","ast-banner-title-visibility":"","ast-main-header-display":"","ast-hfb-above-header-display":"","ast-hfb-below-header-display":"","ast-hfb-mobile-header-display":"","site-post-title":"","ast-breadcrumbs-content":"","ast-featured-img":"","footer-sml-layout":"","theme-transparent-header-meta":"","adv-header-id-meta":"","stick-header-meta":"","header-above-stick-meta":"","header-main-stick-meta":"","header-below-stick-meta":"","astra-migrate-meta-layouts":"default","ast-page-background-enabled":"default","ast-page-background-meta":{"desktop":{"background-color":"var(--ast-global-color-4)","background-image":"","background-repeat":"repeat","background-position":"center center","background-size":"auto","background-attachment":"scroll","background-type":"","background-media":"","overlay-type":"","overlay-color":"","overlay-opacity":"","overlay-gradient":""},"tablet":{"background-color":"","background-image":"","background-repeat":"repeat","background-position":"center center","background-size":"auto","background-attachment":"scroll","background-type":"","background-media":"","overlay-type":"","overlay-color":"","overlay-opacity":"","overlay-gradient":""},"mobile":{"background-color":"","background-image":"","background-repeat":"repeat","background-position":"center center","background-size":"auto","background-attachment":"scroll","background-type":"","background-media":"","overlay-type":"","overlay-color":"","overlay-opacity":"","overlay-gradient":""}},"ast-content-background-meta":{"desktop":{"background-color":"var(--ast-global-color-5)","background-image":"","background-repeat":"repeat","background-position":"center center","background-size":"auto","background-attachment":"scroll","background-type":"","background-media":"","overlay-type":"","overlay-color":"","overlay-opacity":"","overlay-gradient":""},"tablet":{"background-color":"var(--ast-global-color-5)","background-image":"","background-repeat":"repeat","background-position":"center center","background-size":"auto","background-attachment":"scroll","background-type":"","background-media":"","overlay-type":"","overlay-color":"","overlay-opacity":"","overlay-gradient":""},"mobile":{"background-color":"var(--ast-global-color-5)","background-image":"","background-repeat":"repeat","background-position":"center center","background-size":"auto","background-attachment":"scroll","background-type":"","background-media":"","overlay-type":"","overlay-color":"","overlay-opacity":"","overlay-gradient":""}},"footnotes":""},"class_list":["post-2868","page","type-page","status-publish","hentry"],"post_mailing_queue_ids":[],"_links":{"self":[{"href":"https:\/\/agora.xtec.cat\/ceeramonsurinach\/wp-json\/wp\/v2\/pages\/2868","targetHints":{"allow":["GET"]}}],"collection":[{"href":"https:\/\/agora.xtec.cat\/ceeramonsurinach\/wp-json\/wp\/v2\/pages"}],"about":[{"href":"https:\/\/agora.xtec.cat\/ceeramonsurinach\/wp-json\/wp\/v2\/types\/page"}],"author":[{"embeddable":true,"href":"https:\/\/agora.xtec.cat\/ceeramonsurinach\/wp-json\/wp\/v2\/users\/1"}],"replies":[{"embeddable":true,"href":"https:\/\/agora.xtec.cat\/ceeramonsurinach\/wp-json\/wp\/v2\/comments?post=2868"}],"version-history":[{"count":4,"href":"https:\/\/agora.xtec.cat\/ceeramonsurinach\/wp-json\/wp\/v2\/pages\/2868\/revisions"}],"predecessor-version":[{"id":3045,"href":"https:\/\/agora.xtec.cat\/ceeramonsurinach\/wp-json\/wp\/v2\/pages\/2868\/revisions\/3045"}],"up":[{"embeddable":true,"href":"https:\/\/agora.xtec.cat\/ceeramonsurinach\/wp-json\/wp\/v2\/pages\/2867"}],"wp:attachment":[{"href":"https:\/\/agora.xtec.cat\/ceeramonsurinach\/wp-json\/wp\/v2\/media?parent=2868"}],"curies":[{"name":"wp","href":"https:\/\/api.w.org\/{rel}","templated":true}]}}