{"id":6201,"date":"2022-05-18T09:39:32","date_gmt":"2022-05-18T07:39:32","guid":{"rendered":"https:\/\/agora.xtec.cat\/ceepalau\/?page_id=6201"},"modified":"2025-09-30T11:51:50","modified_gmt":"2025-09-30T09:51:50","slug":"formacio-de-centre","status":"publish","type":"page","link":"https:\/\/agora.xtec.cat\/ceepalau\/formacio-de-centre\/","title":{"rendered":"Acollida digital de Centre"},"content":{"rendered":"<p><a href=\"https:\/\/drive.google.com\/file\/d\/1F_dZk_vuZ_j2i6QwEkEHQrIVblCI_EkX\/view?usp=drive_link\">C\u00e0psula d&#8217;aprenentatge fam\u00edlies.<\/a><\/p>\n<p><a href=\"https:\/\/www.canva.com\/design\/DAGRNn0q5CI\/HqjQWwS9OpDt3MMOdZ4KfA\/view?utm_content=DAGRNn0q5CI&amp;utm_campaign=designshare&amp;utm_medium=link2&amp;utm_source=uniquelinks&amp;utlId=ha9cfa6a6d9\">C\u00e0psula d&#8217;aprenentatge TAC a mestres<\/a><\/p>\n<p><a href=\"https:\/\/www.canva.com\/design\/DAGzJAdXReY\/6p782DrNMYzOBKMIUGUWHg\/edit?utm_content=DAGzJAdXReY&amp;utm_campaign=designshare&amp;utm_medium=link2&amp;utm_source=sharebutton\">C\u00e0psula d&#8217;aprenentatge d&#8217;alimentaci\u00f3 I.<\/a><\/p>\n<p><a href=\"https:\/\/youtu.be\/ny_PwNs1kuw\">C\u00e0psula d&#8217;aprenentatge sobre Salut i Escola.<\/a><\/p>\n<p><a href=\"https:\/\/youtu.be\/i6nNjWkbstA\">C\u00e0psula d&#8217;aprenentatge sobre factors que afavoreixen el Benestar F\u00edsic dels nostres alumnes.<\/a><\/p>\n\n\n<p><\/p>\n","protected":false},"excerpt":{"rendered":"<p>C\u00e0psula d&#8217;aprenentatge fam\u00edlies. C\u00e0psula d&#8217;aprenentatge TAC a mestres C\u00e0psula d&#8217;aprenentatge d&#8217;alimentaci\u00f3 I. C\u00e0psula d&#8217;aprenentatge sobre Salut i Escola. C\u00e0psula d&#8217;aprenentatge [&hellip;]<\/p>\n","protected":false},"author":15,"featured_media":0,"parent":0,"menu_order":0,"comment_status":"closed","ping_status":"closed","template":"","meta":{"_bbp_topic_count":0,"_bbp_reply_count":0,"_bbp_total_topic_count":0,"_bbp_total_reply_count":0,"_bbp_voice_count":0,"_bbp_anonymous_reply_count":0,"_bbp_topic_count_hidden":0,"_bbp_reply_count_hidden":0,"_bbp_forum_subforum_count":0,"site-sidebar-layout":"default","site-content-layout":"","ast-site-content-layout":"default","site-content-style":"default","site-sidebar-style":"default","ast-global-header-display":"","ast-banner-title-visibility":"","ast-main-header-display":"","ast-hfb-above-header-display":"","ast-hfb-below-header-display":"","ast-hfb-mobile-header-display":"","site-post-title":"","ast-breadcrumbs-content":"","ast-featured-img":"","footer-sml-layout":"","theme-transparent-header-meta":"","adv-header-id-meta":"","stick-header-meta":"","header-above-stick-meta":"","header-main-stick-meta":"","header-below-stick-meta":"","astra-migrate-meta-layouts":"set","ast-page-background-enabled":"default","ast-page-background-meta":{"desktop":{"background-color":"var(--ast-global-color-4)","background-image":"","background-repeat":"repeat","background-position":"center center","background-size":"auto","background-attachment":"scroll","background-type":"","background-media":"","overlay-type":"","overlay-color":"","overlay-opacity":"","overlay-gradient":""},"tablet":{"background-color":"","background-image":"","background-repeat":"repeat","background-position":"center center","background-size":"auto","background-attachment":"scroll","background-type":"","background-media":"","overlay-type":"","overlay-color":"","overlay-opacity":"","overlay-gradient":""},"mobile":{"background-color":"","background-image":"","background-repeat":"repeat","background-position":"center center","background-size":"auto","background-attachment":"scroll","background-type":"","background-media":"","overlay-type":"","overlay-color":"","overlay-opacity":"","overlay-gradient":""}},"ast-content-background-meta":{"desktop":{"background-color":"var(--ast-global-color-5)","background-image":"","background-repeat":"repeat","background-position":"center center","background-size":"auto","background-attachment":"scroll","background-type":"","background-media":"","overlay-type":"","overlay-color":"","overlay-opacity":"","overlay-gradient":""},"tablet":{"background-color":"var(--ast-global-color-5)","background-image":"","background-repeat":"repeat","background-position":"center center","background-size":"auto","background-attachment":"scroll","background-type":"","background-media":"","overlay-type":"","overlay-color":"","overlay-opacity":"","overlay-gradient":""},"mobile":{"background-color":"var(--ast-global-color-5)","background-image":"","background-repeat":"repeat","background-position":"center center","background-size":"auto","background-attachment":"scroll","background-type":"","background-media":"","overlay-type":"","overlay-color":"","overlay-opacity":"","overlay-gradient":""}},"footnotes":""},"class_list":["post-6201","page","type-page","status-publish","hentry"],"post_mailing_queue_ids":[],"_links":{"self":[{"href":"https:\/\/agora.xtec.cat\/ceepalau\/wp-json\/wp\/v2\/pages\/6201","targetHints":{"allow":["GET"]}}],"collection":[{"href":"https:\/\/agora.xtec.cat\/ceepalau\/wp-json\/wp\/v2\/pages"}],"about":[{"href":"https:\/\/agora.xtec.cat\/ceepalau\/wp-json\/wp\/v2\/types\/page"}],"author":[{"embeddable":true,"href":"https:\/\/agora.xtec.cat\/ceepalau\/wp-json\/wp\/v2\/users\/15"}],"replies":[{"embeddable":true,"href":"https:\/\/agora.xtec.cat\/ceepalau\/wp-json\/wp\/v2\/comments?post=6201"}],"version-history":[{"count":6,"href":"https:\/\/agora.xtec.cat\/ceepalau\/wp-json\/wp\/v2\/pages\/6201\/revisions"}],"predecessor-version":[{"id":8717,"href":"https:\/\/agora.xtec.cat\/ceepalau\/wp-json\/wp\/v2\/pages\/6201\/revisions\/8717"}],"wp:attachment":[{"href":"https:\/\/agora.xtec.cat\/ceepalau\/wp-json\/wp\/v2\/media?parent=6201"}],"curies":[{"name":"wp","href":"https:\/\/api.w.org\/{rel}","templated":true}]}}