{"id":517,"date":"2016-10-19T19:14:59","date_gmt":"2016-10-19T17:14:59","guid":{"rendered":"http:\/\/agora.xtec.cat\/ceepalau\/?page_id=517"},"modified":"2016-11-14T11:05:34","modified_gmt":"2016-11-14T10:05:34","slug":"treballador-social","status":"publish","type":"page","link":"https:\/\/agora.xtec.cat\/ceepalau\/projecte-educatiu\/treballador-social\/","title":{"rendered":"Treballador social"},"content":{"rendered":"<p style=\"text-align: justify;\"><strong>Treballador Social de Equip d&#8217;Assessorament Psicopedag\u00f2gic (EAP) Giron\u00e8s Oest<\/strong><\/p>\n<p style=\"text-align: justify;\"><strong><a href=\"http:\/\/agora.xtec.cat\/ceepalau\/wp-content\/uploads\/usu1486\/2016\/10\/trabajador_social.png\"><img loading=\"lazy\" decoding=\"async\" class=\"wp-image-591 size-medium alignright\" src=\"http:\/\/agora.xtec.cat\/ceepalau\/wp-content\/uploads\/usu1486\/2016\/10\/trabajador_social-300x300.png\" alt=\"trabajador_social\" width=\"300\" height=\"300\" srcset=\"https:\/\/agora.xtec.cat\/ceepalau\/wp-content\/uploads\/usu1486\/2016\/10\/trabajador_social-300x300.png 300w, https:\/\/agora.xtec.cat\/ceepalau\/wp-content\/uploads\/usu1486\/2016\/10\/trabajador_social-150x150.png 150w, https:\/\/agora.xtec.cat\/ceepalau\/wp-content\/uploads\/usu1486\/2016\/10\/trabajador_social.png 500w\" sizes=\"auto, (max-width: 300px) 100vw, 300px\" \/><\/a><\/strong><\/p>\n<p style=\"text-align: justify;\"><strong>Funcions:\u00a0<\/strong><\/p>\n<p style=\"text-align: justify;\">1 &#8211; Col\u00b7laboraci\u00f3 en l\u2019atenci\u00f3 i resposta a fam\u00edlies i alumnat amb necessitats educatives especials\u00a0 (amb discapacitats) en aspectes de matriculaci\u00f3, d\u2019ajuts, canvis d\u2019escolaritzaci\u00f3. Informaci\u00f3 dels serveis i recursos.<\/p>\n<p style=\"text-align: justify;\">2 &#8211; Seguiment dels alumnes amb necessitats educatives vinculades a condicions socioculturals desfavorides, de manera especial en els moments de crisis, de canvis d\u2019etapa i en el proc\u00e9s de transici\u00f3 a la vida activa (inserci\u00f3 laboral i social).<\/p>\n<p style=\"text-align: justify;\">3 &#8211; Assessorament als centres i al professorat en la identificaci\u00f3 de necessitats educatives\u00a0de l\u2019alumnat vinculades a l\u2019entorn social i familiar, i col\u00b7laboraci\u00f3 en la planificaci\u00f3 d\u2019actuacions de resposta educativa en l\u2019entorn escolar, familiar i social.<\/p>\n<p style=\"text-align: justify;\">4 &#8211; Coordinaci\u00f3 i col\u00b7laboraci\u00f3 amb els serveis i institucions de la zona per donar resposta coherent i adequada a les necessitats de l\u2019alumnat des d\u2019un punt de vista integral.<\/p>\n<p style=\"text-align: justify;\">5 &#8211; Elaboraci\u00f3 d\u2019informes referents a alumnes amb necessitats educatives espec\u00edfiques vinculades a situacions socioecon\u00f2miques o socioculturals que dificulten el seu desenvolupament personal.<\/p>\n<p style=\"text-align: justify;\">6 &#8211; Afavorir l\u2019entesa, la col\u00b7laboraci\u00f3 i la confian\u00e7a m\u00fatua entre les fam\u00edlies de l\u2019alumnat\u00a0amb risc d\u2019exclusi\u00f3 i els centres educatius.<\/p>\n<p>&nbsp;<\/p>\n<p>&nbsp;<\/p>\n","protected":false},"excerpt":{"rendered":"<p>Treballador Social de Equip d&#8217;Assessorament Psicopedag\u00f2gic (EAP) Giron\u00e8s Oest Funcions:\u00a0 1 &#8211; Col\u00b7laboraci\u00f3 en l\u2019atenci\u00f3 i resposta a fam\u00edlies i [&hellip;]<\/p>\n","protected":false},"author":1,"featured_media":0,"parent":64,"menu_order":0,"comment_status":"closed","ping_status":"closed","template":"","meta":{"_bbp_topic_count":0,"_bbp_reply_count":0,"_bbp_total_topic_count":0,"_bbp_total_reply_count":0,"_bbp_voice_count":0,"_bbp_anonymous_reply_count":0,"_bbp_topic_count_hidden":0,"_bbp_reply_count_hidden":0,"_bbp_forum_subforum_count":0,"site-sidebar-layout":"default","site-content-layout":"","ast-site-content-layout":"","site-content-style":"default","site-sidebar-style":"default","ast-global-header-display":"","ast-banner-title-visibility":"","ast-main-header-display":"","ast-hfb-above-header-display":"","ast-hfb-below-header-display":"","ast-hfb-mobile-header-display":"","site-post-title":"","ast-breadcrumbs-content":"","ast-featured-img":"","footer-sml-layout":"","theme-transparent-header-meta":"","adv-header-id-meta":"","stick-header-meta":"","header-above-stick-meta":"","header-main-stick-meta":"","header-below-stick-meta":"","astra-migrate-meta-layouts":"default","ast-page-background-enabled":"default","ast-page-background-meta":{"desktop":{"background-color":"var(--ast-global-color-4)","background-image":"","background-repeat":"repeat","background-position":"center center","background-size":"auto","background-attachment":"scroll","background-type":"","background-media":"","overlay-type":"","overlay-color":"","overlay-opacity":"","overlay-gradient":""},"tablet":{"background-color":"","background-image":"","background-repeat":"repeat","background-position":"center center","background-size":"auto","background-attachment":"scroll","background-type":"","background-media":"","overlay-type":"","overlay-color":"","overlay-opacity":"","overlay-gradient":""},"mobile":{"background-color":"","background-image":"","background-repeat":"repeat","background-position":"center center","background-size":"auto","background-attachment":"scroll","background-type":"","background-media":"","overlay-type":"","overlay-color":"","overlay-opacity":"","overlay-gradient":""}},"ast-content-background-meta":{"desktop":{"background-color":"var(--ast-global-color-5)","background-image":"","background-repeat":"repeat","background-position":"center center","background-size":"auto","background-attachment":"scroll","background-type":"","background-media":"","overlay-type":"","overlay-color":"","overlay-opacity":"","overlay-gradient":""},"tablet":{"background-color":"var(--ast-global-color-5)","background-image":"","background-repeat":"repeat","background-position":"center center","background-size":"auto","background-attachment":"scroll","background-type":"","background-media":"","overlay-type":"","overlay-color":"","overlay-opacity":"","overlay-gradient":""},"mobile":{"background-color":"var(--ast-global-color-5)","background-image":"","background-repeat":"repeat","background-position":"center center","background-size":"auto","background-attachment":"scroll","background-type":"","background-media":"","overlay-type":"","overlay-color":"","overlay-opacity":"","overlay-gradient":""}},"footnotes":""},"class_list":["post-517","page","type-page","status-publish","hentry"],"post_mailing_queue_ids":[],"_links":{"self":[{"href":"https:\/\/agora.xtec.cat\/ceepalau\/wp-json\/wp\/v2\/pages\/517","targetHints":{"allow":["GET"]}}],"collection":[{"href":"https:\/\/agora.xtec.cat\/ceepalau\/wp-json\/wp\/v2\/pages"}],"about":[{"href":"https:\/\/agora.xtec.cat\/ceepalau\/wp-json\/wp\/v2\/types\/page"}],"author":[{"embeddable":true,"href":"https:\/\/agora.xtec.cat\/ceepalau\/wp-json\/wp\/v2\/users\/1"}],"replies":[{"embeddable":true,"href":"https:\/\/agora.xtec.cat\/ceepalau\/wp-json\/wp\/v2\/comments?post=517"}],"version-history":[{"count":2,"href":"https:\/\/agora.xtec.cat\/ceepalau\/wp-json\/wp\/v2\/pages\/517\/revisions"}],"predecessor-version":[{"id":592,"href":"https:\/\/agora.xtec.cat\/ceepalau\/wp-json\/wp\/v2\/pages\/517\/revisions\/592"}],"up":[{"embeddable":true,"href":"https:\/\/agora.xtec.cat\/ceepalau\/wp-json\/wp\/v2\/pages\/64"}],"wp:attachment":[{"href":"https:\/\/agora.xtec.cat\/ceepalau\/wp-json\/wp\/v2\/media?parent=517"}],"curies":[{"name":"wp","href":"https:\/\/api.w.org\/{rel}","templated":true}]}}