{"id":513,"date":"2016-06-02T12:13:25","date_gmt":"2016-06-02T11:13:25","guid":{"rendered":"http:\/\/agora.xtec.cat\/ceenostrasradelmar\/?page_id=513"},"modified":"2026-04-13T13:37:17","modified_gmt":"2026-04-13T11:37:17","slug":"natacio","status":"publish","type":"page","link":"https:\/\/agora.xtec.cat\/ceenostrasradelmar\/serveis\/natacio\/","title":{"rendered":"Nataci\u00f3"},"content":{"rendered":"\n<figure class=\"wp-block-image alignleft is-resized\"><img loading=\"lazy\" decoding=\"async\" width=\"943\" height=\"683\" src=\"http:\/\/agora.xtec.cat\/ceenostrasradelmar\/wp-content\/uploads\/usu1306\/2016\/06\/piscina-reus.jpg\" alt=\"\" class=\"wp-image-1706\" style=\"width:424px;height:auto\" srcset=\"https:\/\/agora.xtec.cat\/ceenostrasradelmar\/wp-content\/uploads\/usu1306\/2016\/06\/piscina-reus.jpg 943w, https:\/\/agora.xtec.cat\/ceenostrasradelmar\/wp-content\/uploads\/usu1306\/2016\/06\/piscina-reus-300x217.jpg 300w, https:\/\/agora.xtec.cat\/ceenostrasradelmar\/wp-content\/uploads\/usu1306\/2016\/06\/piscina-reus-768x556.jpg 768w\" sizes=\"auto, (max-width: 943px) 100vw, 943px\" \/><\/figure>\n\n\n\n<p class=\"has-medium-font-size\">Cada curs realitzem&nbsp; l\u2019activitat de piscina gr\u00e0cies a la iniciativa que promociona l\u2019\u00e0rea Esport i Lleure de l\u2019Ajuntament de Reus per a les escoles del nostre municipi.<br>La nostra escola, hi portem als alumn@s que creiem que per les seves necessitats \u00e9s un benefici molt <a href=\"http:\/\/agora.xtec.cat\/ceenostrasradelmar\/wp-content\/uploads\/usu1306\/2016\/06\/piscina-reus.jpg\">positiu.<\/a><\/p>\n\n\n\n<p>A m\u00e9s de realitzar esport en un medi tan agradable com \u00e9s l\u2019aigua, i tots els beneficis que comporta, s\u2019hi poden treballar diferents aspectes per a l\u2018alumn@ com s\u00f3n l\u2019autonomia<a href=\"http:\/\/agora.xtec.cat\/ceenostrasradelmar\/wp-content\/uploads\/usu1306\/2016\/06\/piscina-reus.jpg\"> personal , els h\u00e0bits d\u2019higiene<\/a> i<a href=\"http:\/\/agora.xtec.cat\/ceenostrasradelmar\/wp-content\/uploads\/usu1306\/2016\/06\/piscina-reus.jpg\"> &nbsp;les relacions interpersonals, tots aquests aspectes<\/a> &nbsp;incideixen positivament en el seu creixement personal i emocional.<\/p>\n\n\n\n<p>En aquesta activitat els responsables del curset de nataci\u00f3 s\u00f3n els monitors del Reus Deportiu , per\u00f2 els professionals de l\u2019escola aprofiten aquesta ocasi\u00f3 per fomentar h\u00e0bits d\u2019autonomia personal i col\u00b7laboren amb els monitors davant possibles dificultats per atendre els alumnes.<\/p>\n\n\n\n<p>Des d\u2019aqu\u00ed donem les gr\u00e0cies a l\u2019Ajuntament que, un curs m\u00e9s podem gaudir-ho cada setmana que hi anem!<br><strong>ESPORT= SALUT<\/strong><br>Gr\u00e0cies!!!<\/p>\n\n\n\n<p class=\"has-medium-font-size\">L&#8217;organitzaci\u00f3 tamb\u00e9 cobreix el transport dels alumnes des de l&#8217;escola a les piscines i l&#8217;asseguran\u00e7a dels participants.<\/p>\n\n\n\n<p>&nbsp;<\/p>\n","protected":false},"excerpt":{"rendered":"<p>Cada curs realitzem&nbsp; l\u2019activitat de piscina gr\u00e0cies a la iniciativa que promociona l\u2019\u00e0rea Esport i Lleure de l\u2019Ajuntament de Reus per a les escoles del nostre municipi.La nostra escola, hi portem als alumn@s que creiem que per les seves necessitats \u00e9s un benefici molt positiu. A m\u00e9s de realitzar esport en un medi tan agradable [&hellip;]<\/p>\n","protected":false},"author":1,"featured_media":0,"parent":66,"menu_order":30,"comment_status":"closed","ping_status":"closed","template":"","meta":{"_bbp_topic_count":0,"_bbp_reply_count":0,"_bbp_total_topic_count":0,"_bbp_total_reply_count":0,"_bbp_voice_count":0,"_bbp_anonymous_reply_count":0,"_bbp_topic_count_hidden":0,"_bbp_reply_count_hidden":0,"_bbp_forum_subforum_count":0,"site-sidebar-layout":"default","site-content-layout":"","ast-site-content-layout":"default","site-content-style":"default","site-sidebar-style":"default","ast-global-header-display":"","ast-banner-title-visibility":"","ast-main-header-display":"","ast-hfb-above-header-display":"","ast-hfb-below-header-display":"","ast-hfb-mobile-header-display":"","site-post-title":"","ast-breadcrumbs-content":"","ast-featured-img":"","footer-sml-layout":"","theme-transparent-header-meta":"","adv-header-id-meta":"","stick-header-meta":"","header-above-stick-meta":"","header-main-stick-meta":"","header-below-stick-meta":"","astra-migrate-meta-layouts":"set","ast-page-background-enabled":"default","ast-page-background-meta":{"desktop":{"background-color":"var(--ast-global-color-4)","background-image":"","background-repeat":"repeat","background-position":"center center","background-size":"auto","background-attachment":"scroll","background-type":"","background-media":"","overlay-type":"","overlay-color":"","overlay-opacity":"","overlay-gradient":""},"tablet":{"background-color":"","background-image":"","background-repeat":"repeat","background-position":"center center","background-size":"auto","background-attachment":"scroll","background-type":"","background-media":"","overlay-type":"","overlay-color":"","overlay-opacity":"","overlay-gradient":""},"mobile":{"background-color":"","background-image":"","background-repeat":"repeat","background-position":"center center","background-size":"auto","background-attachment":"scroll","background-type":"","background-media":"","overlay-type":"","overlay-color":"","overlay-opacity":"","overlay-gradient":""}},"ast-content-background-meta":{"desktop":{"background-color":"var(--ast-global-color-5)","background-image":"","background-repeat":"repeat","background-position":"center center","background-size":"auto","background-attachment":"scroll","background-type":"","background-media":"","overlay-type":"","overlay-color":"","overlay-opacity":"","overlay-gradient":""},"tablet":{"background-color":"var(--ast-global-color-5)","background-image":"","background-repeat":"repeat","background-position":"center center","background-size":"auto","background-attachment":"scroll","background-type":"","background-media":"","overlay-type":"","overlay-color":"","overlay-opacity":"","overlay-gradient":""},"mobile":{"background-color":"var(--ast-global-color-5)","background-image":"","background-repeat":"repeat","background-position":"center center","background-size":"auto","background-attachment":"scroll","background-type":"","background-media":"","overlay-type":"","overlay-color":"","overlay-opacity":"","overlay-gradient":""}},"footnotes":""},"class_list":["post-513","page","type-page","status-publish","hentry"],"post_mailing_queue_ids":[],"_links":{"self":[{"href":"https:\/\/agora.xtec.cat\/ceenostrasradelmar\/wp-json\/wp\/v2\/pages\/513","targetHints":{"allow":["GET"]}}],"collection":[{"href":"https:\/\/agora.xtec.cat\/ceenostrasradelmar\/wp-json\/wp\/v2\/pages"}],"about":[{"href":"https:\/\/agora.xtec.cat\/ceenostrasradelmar\/wp-json\/wp\/v2\/types\/page"}],"author":[{"embeddable":true,"href":"https:\/\/agora.xtec.cat\/ceenostrasradelmar\/wp-json\/wp\/v2\/users\/1"}],"replies":[{"embeddable":true,"href":"https:\/\/agora.xtec.cat\/ceenostrasradelmar\/wp-json\/wp\/v2\/comments?post=513"}],"version-history":[{"count":6,"href":"https:\/\/agora.xtec.cat\/ceenostrasradelmar\/wp-json\/wp\/v2\/pages\/513\/revisions"}],"predecessor-version":[{"id":5055,"href":"https:\/\/agora.xtec.cat\/ceenostrasradelmar\/wp-json\/wp\/v2\/pages\/513\/revisions\/5055"}],"up":[{"embeddable":true,"href":"https:\/\/agora.xtec.cat\/ceenostrasradelmar\/wp-json\/wp\/v2\/pages\/66"}],"wp:attachment":[{"href":"https:\/\/agora.xtec.cat\/ceenostrasradelmar\/wp-json\/wp\/v2\/media?parent=513"}],"curies":[{"name":"wp","href":"https:\/\/api.w.org\/{rel}","templated":true}]}}