{"id":491,"date":"2016-06-02T11:17:48","date_gmt":"2016-06-02T10:17:48","guid":{"rendered":"http:\/\/agora.xtec.cat\/ceenostrasradelmar\/?page_id=491"},"modified":"2024-09-23T19:42:23","modified_gmt":"2024-09-23T17:42:23","slug":"equip-huma","status":"publish","type":"page","link":"https:\/\/agora.xtec.cat\/ceenostrasradelmar\/lescola\/equip-huma\/","title":{"rendered":"Equip hum\u00e0"},"content":{"rendered":"<p><span style=\"color: #3366ff;\"><strong>L&#8217;equip hum\u00e0<\/strong> <\/span>el conformen:<br \/>\n&#8211; 8 tutors<\/p>\n<p>&#8211; 2 mestres<br \/>\n&#8211; 5 educadors<br \/>\n&#8211; 1 grau mig<br \/>\n&#8211; 1 mestre taller<br \/>\n&#8211; 1 fisioterapeuta<br \/>\n&#8211; 1 MALL:\u00a0<em>mestr<\/em>a especialista en\u00a0<em>audici\u00f3 i llenguatge<\/em>.<br \/>\n&#8211; 2 psic\u00f2logues<br \/>\n&#8211; 1 administrativa<\/p>\n<p><span style=\"color: #3366ff;\"><strong>Professionals externs que col.laboren amb l&#8217;escola<\/strong><\/span><\/p>\n<ul>\n<li style=\"font-weight: 400;\" aria-level=\"1\"><span style=\"font-weight: 400;\">C.S.M.I.J. Centre de Salut Mental infantil-juvenil.<\/span><\/li>\n<li style=\"font-weight: 400;\" aria-level=\"1\"><span style=\"font-weight: 400;\">S.E.M.S.D.I. Servei especialitzat en Salut Mental dirigit a persones amb discapacitat intel\u00b7lectual.<\/span><\/li>\n<li style=\"font-weight: 400;\" aria-level=\"1\"><span style=\"font-weight: 400;\">E.A.I.A. Equips d\u2019Atenci\u00f3 a la Inf\u00e0ncia i l\u2019Adolesc\u00e8ncia.<\/span><\/li>\n<li style=\"font-weight: 400;\" aria-level=\"1\"><span style=\"font-weight: 400;\">E.A.P. Equip d\u2019Assessorament Psicopedag\u00f2gic.<\/span><\/li>\n<li style=\"font-weight: 400;\" aria-level=\"1\"><span style=\"font-weight: 400;\">\u00c0MBIT DE DINAMITZACI\u00d3 COMUNIT\u00c0RIA I COHESI\u00d3 SOCIAL ZONA SUD: CENTRE C\u00cdVIC MIGJORN.<\/span><\/li>\n<li style=\"font-weight: 400;\" aria-level=\"1\"><span style=\"font-weight: 400;\">GRANJA ESCOLA CORRAL DEL NERI. (EL CATLLAR)<\/span><\/li>\n<li style=\"font-weight: 400;\" aria-level=\"1\"><span style=\"font-weight: 400;\">QUADRES D\u2019EN BLAI (REUS-RIUDOMS)<\/span><\/li>\n<li style=\"font-weight: 400;\" aria-level=\"1\"><span style=\"font-weight: 400;\">Professionals dels centres ordinaris que comparteixen el nostre alumnat.<\/span><\/li>\n<\/ul>\n<ul>\n<li style=\"font-weight: 400;\" aria-level=\"1\"><span style=\"font-weight: 400;\">Gabinets i professionals que atenen alumnes del centre.<\/span><\/li>\n<li style=\"font-weight: 400;\" aria-level=\"1\"><span style=\"font-weight: 400;\">Responsables del Pla de l\u2019entorn de Reus.<\/span><\/li>\n<li style=\"font-weight: 400;\" aria-level=\"1\"><span style=\"font-weight: 400;\">Mossos d\u2019Esquadra.<\/span><\/li>\n<\/ul>\n<p><span style=\"font-weight: 400;\">Altres empreses que col\u00b7laboren amb l\u2019escola:<\/span><\/p>\n<ul>\n<li style=\"font-weight: 400;\" aria-level=\"1\"><span style=\"font-weight: 400;\">APRODISCA<\/span><\/li>\n<li style=\"font-weight: 400;\" aria-level=\"1\"><span style=\"font-weight: 400;\">Taller Baix Camp<\/span><\/li>\n<li style=\"font-weight: 400;\" aria-level=\"1\"><span style=\"font-weight: 400;\">IES d\u2019Horticultura i Jardineria de Reus\/ Bar de l\u2019IES Horticultura i Jardineria de Reus<\/span><\/li>\n<li style=\"font-weight: 400;\" aria-level=\"1\"><span style=\"font-weight: 400;\">Fundaci\u00f3 Onada.<\/span><\/li>\n<li style=\"font-weight: 400;\" aria-level=\"1\"><span style=\"font-weight: 400;\">Port de Tarragona<\/span><\/li>\n<\/ul>\n<p>&nbsp;<\/p>\n<p>&nbsp;<\/p>\n","protected":false},"excerpt":{"rendered":"<p>L&#8217;equip hum\u00e0 el conformen: &#8211; 8 tutors &#8211; 2 mestres &#8211; 5 educadors &#8211; 1 grau mig &#8211; 1 mestre taller &#8211; 1 fisioterapeuta &#8211; 1 MALL:\u00a0mestra especialista en\u00a0audici\u00f3 i llenguatge. &#8211; 2 psic\u00f2logues &#8211; 1 administrativa Professionals externs que col.laboren amb l&#8217;escola C.S.M.I.J. Centre de Salut Mental infantil-juvenil. S.E.M.S.D.I. Servei especialitzat en Salut Mental [&hellip;]<\/p>\n","protected":false},"author":1,"featured_media":0,"parent":22,"menu_order":2,"comment_status":"closed","ping_status":"closed","template":"page-templates\/side-menu.php","meta":{"_bbp_topic_count":0,"_bbp_reply_count":0,"_bbp_total_topic_count":0,"_bbp_total_reply_count":0,"_bbp_voice_count":0,"_bbp_anonymous_reply_count":0,"_bbp_topic_count_hidden":0,"_bbp_reply_count_hidden":0,"_bbp_forum_subforum_count":0,"site-sidebar-layout":"default","site-content-layout":"","ast-site-content-layout":"","site-content-style":"default","site-sidebar-style":"default","ast-global-header-display":"","ast-banner-title-visibility":"","ast-main-header-display":"","ast-hfb-above-header-display":"","ast-hfb-below-header-display":"","ast-hfb-mobile-header-display":"","site-post-title":"","ast-breadcrumbs-content":"","ast-featured-img":"","footer-sml-layout":"","theme-transparent-header-meta":"","adv-header-id-meta":"","stick-header-meta":"","header-above-stick-meta":"","header-main-stick-meta":"","header-below-stick-meta":"","astra-migrate-meta-layouts":"default","ast-page-background-enabled":"default","ast-page-background-meta":{"desktop":{"background-color":"var(--ast-global-color-4)","background-image":"","background-repeat":"repeat","background-position":"center center","background-size":"auto","background-attachment":"scroll","background-type":"","background-media":"","overlay-type":"","overlay-color":"","overlay-opacity":"","overlay-gradient":""},"tablet":{"background-color":"","background-image":"","background-repeat":"repeat","background-position":"center center","background-size":"auto","background-attachment":"scroll","background-type":"","background-media":"","overlay-type":"","overlay-color":"","overlay-opacity":"","overlay-gradient":""},"mobile":{"background-color":"","background-image":"","background-repeat":"repeat","background-position":"center center","background-size":"auto","background-attachment":"scroll","background-type":"","background-media":"","overlay-type":"","overlay-color":"","overlay-opacity":"","overlay-gradient":""}},"ast-content-background-meta":{"desktop":{"background-color":"var(--ast-global-color-5)","background-image":"","background-repeat":"repeat","background-position":"center center","background-size":"auto","background-attachment":"scroll","background-type":"","background-media":"","overlay-type":"","overlay-color":"","overlay-opacity":"","overlay-gradient":""},"tablet":{"background-color":"var(--ast-global-color-5)","background-image":"","background-repeat":"repeat","background-position":"center center","background-size":"auto","background-attachment":"scroll","background-type":"","background-media":"","overlay-type":"","overlay-color":"","overlay-opacity":"","overlay-gradient":""},"mobile":{"background-color":"var(--ast-global-color-5)","background-image":"","background-repeat":"repeat","background-position":"center center","background-size":"auto","background-attachment":"scroll","background-type":"","background-media":"","overlay-type":"","overlay-color":"","overlay-opacity":"","overlay-gradient":""}},"footnotes":""},"class_list":["post-491","page","type-page","status-publish","hentry"],"post_mailing_queue_ids":[],"_links":{"self":[{"href":"https:\/\/agora.xtec.cat\/ceenostrasradelmar\/wp-json\/wp\/v2\/pages\/491","targetHints":{"allow":["GET"]}}],"collection":[{"href":"https:\/\/agora.xtec.cat\/ceenostrasradelmar\/wp-json\/wp\/v2\/pages"}],"about":[{"href":"https:\/\/agora.xtec.cat\/ceenostrasradelmar\/wp-json\/wp\/v2\/types\/page"}],"author":[{"embeddable":true,"href":"https:\/\/agora.xtec.cat\/ceenostrasradelmar\/wp-json\/wp\/v2\/users\/1"}],"replies":[{"embeddable":true,"href":"https:\/\/agora.xtec.cat\/ceenostrasradelmar\/wp-json\/wp\/v2\/comments?post=491"}],"version-history":[{"count":4,"href":"https:\/\/agora.xtec.cat\/ceenostrasradelmar\/wp-json\/wp\/v2\/pages\/491\/revisions"}],"predecessor-version":[{"id":4613,"href":"https:\/\/agora.xtec.cat\/ceenostrasradelmar\/wp-json\/wp\/v2\/pages\/491\/revisions\/4613"}],"up":[{"embeddable":true,"href":"https:\/\/agora.xtec.cat\/ceenostrasradelmar\/wp-json\/wp\/v2\/pages\/22"}],"wp:attachment":[{"href":"https:\/\/agora.xtec.cat\/ceenostrasradelmar\/wp-json\/wp\/v2\/media?parent=491"}],"curies":[{"name":"wp","href":"https:\/\/api.w.org\/{rel}","templated":true}]}}