{"id":1571,"date":"2017-11-18T22:50:16","date_gmt":"2017-11-18T21:50:16","guid":{"rendered":"http:\/\/agora.xtec.cat\/ceenostrasradelmar\/?page_id=1571"},"modified":"2024-06-26T21:17:11","modified_gmt":"2024-06-26T19:17:11","slug":"fotos-i-videos","status":"publish","type":"page","link":"https:\/\/agora.xtec.cat\/ceenostrasradelmar\/fotos-i-videos\/","title":{"rendered":"Estrategia Digital de Centre (EDC)"},"content":{"rendered":"<h1 style=\"text-align: center;\"><\/h1>\n<table style=\"height: 157px; width: 97.8916%; border-collapse: collapse;\">\n<tbody>\n<tr style=\"height: 32px;\">\n<td style=\"width: 31.1102%; height: 32px; background-color: #94ebe6;\">\n<h1 style=\"text-align: center;\"><strong><a href=\"https:\/\/drive.google.com\/file\/d\/1-HalGt9nFXmXfBAQZdCsbL0rQbwXtK7D\/view?usp=sharing\" target=\"_blank\" rel=\"noopener\">EDC<\/a><\/strong><\/h1>\n<h1 style=\"text-align: center;\"><a href=\"https:\/\/drive.google.com\/file\/d\/1-HalGt9nFXmXfBAQZdCsbL0rQbwXtK7D\/view?usp=sharing\" target=\"_blank\" rel=\"noopener\"><img loading=\"lazy\" decoding=\"async\" class=\"alignleft wp-image-4572 size-full\" src=\"https:\/\/agora.xtec.cat\/ceenostrasradelmar\/wp-content\/uploads\/usu1306\/2024\/06\/edc-e1719429384376.png\" alt=\"\" width=\"404\" height=\"216\" srcset=\"https:\/\/agora.xtec.cat\/ceenostrasradelmar\/wp-content\/uploads\/usu1306\/2024\/06\/edc-e1719429384376.png 404w, https:\/\/agora.xtec.cat\/ceenostrasradelmar\/wp-content\/uploads\/usu1306\/2024\/06\/edc-e1719429384376-300x160.png 300w\" sizes=\"auto, (max-width: 404px) 100vw, 404px\" \/><\/a><\/h1>\n<p>&nbsp;<\/td>\n<td style=\"width: 68.8898%; height: 32px; background-color: #e599f7;\">&nbsp;<\/p>\n<h1 style=\"text-align: center;\">CULTURA DIGITAL<\/h1>\n<table style=\"border-collapse: collapse; width: 100%; height: 209px;\">\n<tbody>\n<tr style=\"height: 209px;\">\n<td style=\"width: 20%; height: 209px;\"><a href=\"https:\/\/agora.xtec.cat\/ceenostrasradelmar\/wp-content\/uploads\/usu1306\/2024\/06\/serveis-e1718350579517.png\"><img loading=\"lazy\" decoding=\"async\" class=\"alignleft size-full wp-image-4546\" src=\"https:\/\/agora.xtec.cat\/ceenostrasradelmar\/wp-content\/uploads\/usu1306\/2024\/06\/serveis-e1718350579517.png\" alt=\"\" width=\"140\" height=\"152\" \/><\/a><\/p>\n<h6><\/h6>\n<h6><\/h6>\n<h6><\/h6>\n<h6><\/h6>\n<h6><\/h6>\n<h6><\/h6>\n<p>&nbsp;<\/p>\n<h6 style=\"text-align: center;\"><a href=\"https:\/\/drive.google.com\/file\/d\/1MwyJBOro4BGAzH644Dk-wwSS0GMfMXDi\/view?usp=sharing\" target=\"_blank\" rel=\"noopener\">DESCRIPCI\u00d3 DE SERVEIS<\/a><\/h6>\n<\/td>\n<td style=\"width: 20%; height: 209px;\"><a href=\"https:\/\/agora.xtec.cat\/ceenostrasradelmar\/wp-content\/uploads\/usu1306\/2024\/06\/acollida-families-1-e1718350740755.png\"><img loading=\"lazy\" decoding=\"async\" class=\"alignleft size-full wp-image-4548\" src=\"https:\/\/agora.xtec.cat\/ceenostrasradelmar\/wp-content\/uploads\/usu1306\/2024\/06\/acollida-families-1-e1718350740755.png\" alt=\"\" width=\"218\" height=\"124\" \/><\/a><\/p>\n<h6><\/h6>\n<h6><\/h6>\n<h6><\/h6>\n<h6><\/h6>\n<p>&nbsp;<\/p>\n<h6 style=\"text-align: center;\"><a href=\"https:\/\/drive.google.com\/file\/d\/1hUpdMr9C7yWh73I7gws8fEILWX1FDpa5\/view?usp=sharing\" target=\"_blank\" rel=\"noopener\">ACOLLIDA DIGITAL FAM\u00cdLIES<\/a><\/h6>\n<\/td>\n<td style=\"width: 20%; height: 209px;\"><a href=\"https:\/\/agora.xtec.cat\/ceenostrasradelmar\/wp-content\/uploads\/usu1306\/2024\/06\/comunicacio-e1718350960330.jpeg\"><img loading=\"lazy\" decoding=\"async\" class=\"alignleft size-full wp-image-4550\" src=\"https:\/\/agora.xtec.cat\/ceenostrasradelmar\/wp-content\/uploads\/usu1306\/2024\/06\/comunicacio-e1718350960330.jpeg\" alt=\"\" width=\"225\" height=\"179\" \/><\/a><\/p>\n<h6><\/h6>\n<h6><\/h6>\n<h6><\/h6>\n<h6><\/h6>\n<h6><\/h6>\n<p>&nbsp;<\/p>\n<h6 style=\"text-align: center;\"><a href=\"https:\/\/drive.google.com\/file\/d\/1ihGbI-xy0kK6iHnYedDWIWKDGiHO5156\/view?usp=sharing\" target=\"_blank\" rel=\"noopener\">COMUNICACI\u00d3 DE LA COMUNITAT EDUCATIVA<\/a><\/h6>\n<\/td>\n<td style=\"width: 20%; height: 209px;\"><a href=\"https:\/\/agora.xtec.cat\/ceenostrasradelmar\/wp-content\/uploads\/usu1306\/2024\/06\/xarxes-socials-e1718351048867.jpeg\"><img loading=\"lazy\" decoding=\"async\" class=\"alignleft size-full wp-image-4551\" src=\"https:\/\/agora.xtec.cat\/ceenostrasradelmar\/wp-content\/uploads\/usu1306\/2024\/06\/xarxes-socials-e1718351048867.jpeg\" alt=\"\" width=\"185\" height=\"157\" \/><\/a><\/p>\n<h6><\/h6>\n<h6><\/h6>\n<h6><\/h6>\n<h6><\/h6>\n<h6><\/h6>\n<p>&nbsp;<\/p>\n<h6 style=\"text-align: center;\"><a href=\"https:\/\/drive.google.com\/file\/d\/1ikWw07DoXBpgxIFHpDYZ76GXALqbG8_7\/view?usp=sharing\" target=\"_blank\" rel=\"noopener\">XARXES SOCIALS<\/a><\/h6>\n<p>&nbsp;<\/td>\n<td style=\"width: 20%; height: 209px;\">\n<h6><a href=\"https:\/\/agora.xtec.cat\/ceenostrasradelmar\/wp-content\/uploads\/usu1306\/2024\/06\/ACOLLIDA-PROFESIONALS-e1718352668811.jpeg\"><img loading=\"lazy\" decoding=\"async\" class=\"alignleft size-full wp-image-4556\" src=\"https:\/\/agora.xtec.cat\/ceenostrasradelmar\/wp-content\/uploads\/usu1306\/2024\/06\/ACOLLIDA-PROFESIONALS-e1718352668811.jpeg\" alt=\"\" width=\"241\" height=\"150\" \/><\/a><\/h6>\n<h6><\/h6>\n<h6><\/h6>\n<h6><\/h6>\n<h6><\/h6>\n<p>&nbsp;<\/p>\n<h6 style=\"text-align: center;\"><a href=\"https:\/\/drive.google.com\/file\/d\/1_SBbKM2BhDKFzLLlx3iO5LL7iAtD21kU\/view?usp=sharing\" target=\"_blank\" rel=\"noopener\">ACOLLIDA DIGITAL DELS PROFESIONALS DEL CENTRE<\/a><\/h6>\n<\/td>\n<\/tr>\n<\/tbody>\n<\/table>\n<\/td>\n<\/tr>\n<\/tbody>\n<\/table>\n<p>&nbsp;<\/p>\n<p>&nbsp;<\/p>\n<p>&nbsp;<\/p>\n","protected":false},"excerpt":{"rendered":"<p>EDC &nbsp; &nbsp; CULTURA DIGITAL &nbsp; DESCRIPCI\u00d3 DE SERVEIS &nbsp; ACOLLIDA DIGITAL FAM\u00cdLIES &nbsp; COMUNICACI\u00d3 DE LA COMUNITAT EDUCATIVA &nbsp; XARXES SOCIALS &nbsp; &nbsp; ACOLLIDA DIGITAL DELS PROFESIONALS DEL CENTRE &nbsp; &nbsp; &nbsp;<\/p>\n","protected":false},"author":1,"featured_media":0,"parent":0,"menu_order":0,"comment_status":"closed","ping_status":"closed","template":"","meta":{"_bbp_topic_count":0,"_bbp_reply_count":0,"_bbp_total_topic_count":0,"_bbp_total_reply_count":0,"_bbp_voice_count":0,"_bbp_anonymous_reply_count":0,"_bbp_topic_count_hidden":0,"_bbp_reply_count_hidden":0,"_bbp_forum_subforum_count":0,"site-sidebar-layout":"default","site-content-layout":"","ast-site-content-layout":"","site-content-style":"default","site-sidebar-style":"default","ast-global-header-display":"","ast-banner-title-visibility":"","ast-main-header-display":"","ast-hfb-above-header-display":"","ast-hfb-below-header-display":"","ast-hfb-mobile-header-display":"","site-post-title":"","ast-breadcrumbs-content":"","ast-featured-img":"","footer-sml-layout":"","theme-transparent-header-meta":"","adv-header-id-meta":"","stick-header-meta":"","header-above-stick-meta":"","header-main-stick-meta":"","header-below-stick-meta":"","astra-migrate-meta-layouts":"default","ast-page-background-enabled":"default","ast-page-background-meta":{"desktop":{"background-color":"var(--ast-global-color-4)","background-image":"","background-repeat":"repeat","background-position":"center center","background-size":"auto","background-attachment":"scroll","background-type":"","background-media":"","overlay-type":"","overlay-color":"","overlay-opacity":"","overlay-gradient":""},"tablet":{"background-color":"","background-image":"","background-repeat":"repeat","background-position":"center center","background-size":"auto","background-attachment":"scroll","background-type":"","background-media":"","overlay-type":"","overlay-color":"","overlay-opacity":"","overlay-gradient":""},"mobile":{"background-color":"","background-image":"","background-repeat":"repeat","background-position":"center center","background-size":"auto","background-attachment":"scroll","background-type":"","background-media":"","overlay-type":"","overlay-color":"","overlay-opacity":"","overlay-gradient":""}},"ast-content-background-meta":{"desktop":{"background-color":"var(--ast-global-color-5)","background-image":"","background-repeat":"repeat","background-position":"center center","background-size":"auto","background-attachment":"scroll","background-type":"","background-media":"","overlay-type":"","overlay-color":"","overlay-opacity":"","overlay-gradient":""},"tablet":{"background-color":"var(--ast-global-color-5)","background-image":"","background-repeat":"repeat","background-position":"center center","background-size":"auto","background-attachment":"scroll","background-type":"","background-media":"","overlay-type":"","overlay-color":"","overlay-opacity":"","overlay-gradient":""},"mobile":{"background-color":"var(--ast-global-color-5)","background-image":"","background-repeat":"repeat","background-position":"center center","background-size":"auto","background-attachment":"scroll","background-type":"","background-media":"","overlay-type":"","overlay-color":"","overlay-opacity":"","overlay-gradient":""}},"footnotes":""},"class_list":["post-1571","page","type-page","status-publish","hentry"],"post_mailing_queue_ids":[],"_links":{"self":[{"href":"https:\/\/agora.xtec.cat\/ceenostrasradelmar\/wp-json\/wp\/v2\/pages\/1571","targetHints":{"allow":["GET"]}}],"collection":[{"href":"https:\/\/agora.xtec.cat\/ceenostrasradelmar\/wp-json\/wp\/v2\/pages"}],"about":[{"href":"https:\/\/agora.xtec.cat\/ceenostrasradelmar\/wp-json\/wp\/v2\/types\/page"}],"author":[{"embeddable":true,"href":"https:\/\/agora.xtec.cat\/ceenostrasradelmar\/wp-json\/wp\/v2\/users\/1"}],"replies":[{"embeddable":true,"href":"https:\/\/agora.xtec.cat\/ceenostrasradelmar\/wp-json\/wp\/v2\/comments?post=1571"}],"version-history":[{"count":7,"href":"https:\/\/agora.xtec.cat\/ceenostrasradelmar\/wp-json\/wp\/v2\/pages\/1571\/revisions"}],"predecessor-version":[{"id":4577,"href":"https:\/\/agora.xtec.cat\/ceenostrasradelmar\/wp-json\/wp\/v2\/pages\/1571\/revisions\/4577"}],"wp:attachment":[{"href":"https:\/\/agora.xtec.cat\/ceenostrasradelmar\/wp-json\/wp\/v2\/media?parent=1571"}],"curies":[{"name":"wp","href":"https:\/\/api.w.org\/{rel}","templated":true}]}}