{"id":643,"date":"2024-04-10T20:11:40","date_gmt":"2024-04-10T18:11:40","guid":{"rendered":"https:\/\/agora.xtec.cat\/ceemmontero\/?page_id=643"},"modified":"2024-04-24T09:09:13","modified_gmt":"2024-04-24T07:09:13","slug":"avaluacio-i-millora","status":"publish","type":"page","link":"https:\/\/agora.xtec.cat\/ceemmontero\/projecte-educatiu\/estrategia-digital-de-centre\/avaluacio-i-millora\/","title":{"rendered":"AVALUACI\u00d3 I MILLORA"},"content":{"rendered":"<p style=\"text-align: left;\">L\u2019avaluaci\u00f3 de l\u2019Estrat\u00e8gia Digital de Centre s\u2019efectuar\u00e0 al llarg de tres fases diferenciades: l\u2019avaluaci\u00f3<br \/>\ninicial, l\u2019avaluaci\u00f3 cont\u00ednua i l\u2019avaluaci\u00f3 final. L\u2019avaluaci\u00f3 ser\u00e0 principalment cont\u00ednua i es realitza al<br \/>\nllarg de l\u2019execuci\u00f3 de les activitats tot que no resta import\u00e0ncia a l\u2019avaluaci\u00f3 inicial i final.<\/p>\n<p style=\"text-align: left;\">\nEn un inici, es presenta al claustre les activitats que es realitzaran al llarg del trimestre, amb les<br \/>\nindicacions necess\u00e0ries per dur-les a terme amb garantia d\u2019\u00e8xit, \u00e9s <strong>l\u2019avaluaci\u00f3 inicial<\/strong>. A partir de la<br \/>\nPGA del centre, la comissi\u00f3 d\u2019Estrat\u00e8gia Digital de Centre, presenta al claustre les activitats que duran<br \/>\na terme al llarg del curs amb l\u2019objectiu d\u2019anar alineats i coordinats, consensuant i que els docents<br \/>\ntinguin present que han de fer, en quin moment ho han de fer i com ho han de fer. Cal tenir present<br \/>\nel punt de partida de cada activitat.<\/p>\n<p style=\"text-align: left;\">\nAl llarg del trimestre, es fa <strong>l\u2019avaluaci\u00f3 cont\u00ednua<\/strong>. A mesura que s\u2019executen les activitats dissenyades<br \/>\nper la Comissi\u00f3 Digital, tenint en compte, per a cada activitat, el punt de partida, es podr\u00e0 fer un<br \/>\nseguiment de com evoluciona l\u2019activitat a trav\u00e9s del responsable de l\u2019activitat en coordinaci\u00f3 amb la<br \/>\ncomissi\u00f3 digital. Un cop acabada l\u2019activitat es passar\u00e0 a registrar la informaci\u00f3 a la graella indicant el<br \/>\nnivell assolit i % d\u2019\u00e8xit i es far\u00e0 una proposta de millora, si s\u2019escau. A trav\u00e9s del membre de l\u2019Equip<br \/>\nDirectiu de la Comissi\u00f3 Digital, informar\u00e0 direcci\u00f3 trimestralment per fer una valoraci\u00f3 de les tasques<br \/>\nacomplides i posteriorment es comunicar\u00e0 al Claustre de l\u2019evoluci\u00f3 de les activitats i de les noves<br \/>\nactivitats a realitzar al llarg del seg\u00fcent trimestre. La comissi\u00f3 en aquesta fase, pot anar decidint i<br \/>\nadequant canvis per garantir l\u2019\u00e8xit de l\u2019activitat.<\/p>\n<p style=\"text-align: left;\">\nAl final del curs, es fa <strong>l\u2019avaluaci\u00f3 final<\/strong>. Aquesta fase consisteix a fer una revisi\u00f3 dels indicadors i %<br \/>\nd\u2019\u00e8xit dels objectius, i es passar\u00e0 a registrar a la graella amb propostes de millora per al curs vinent.<br \/>\nUn cop finalitzat aquest proc\u00e9s, es presentar\u00e0 al Claustre i al Consell Escolar.<br \/>\nLes propostes de millora, aix\u00ed com les possibles activitats que no s\u2019hagin dut a terme, quedaran<br \/>\nreflectides a la Mem\u00f2ria del Pla Anual; les modificacions, si s\u2019escau, de l\u2019EDC quedaran reflectides a<br \/>\nles fitxes de seguiment de l\u2019EDC que estan publicades a la web del centre i formaran part dels<br \/>\nobjectius de la PGA del curs seg\u00fcent.<\/p>\n","protected":false},"excerpt":{"rendered":"<p>L\u2019avaluaci\u00f3 de l\u2019Estrat\u00e8gia Digital de Centre s\u2019efectuar\u00e0 al llarg de tres fases diferenciades: l\u2019avaluaci\u00f3<br \/>\ninicial, l\u2019avaluaci\u00f3 cont\u00ednua i l\u2019avaluaci\u00f3 final. L\u2019avaluaci\u00f3 ser\u00e0 principalment cont\u00ednua i es realitza al<br \/>\nllarg de l\u2019execuci\u00f3 de les activitats tot que no resta import\u00e0ncia a l\u2019avaluaci\u00f3 inicial i final.<\/p>\n<p>En un inici, es&hellip;  <a href=\"https:\/\/agora.xtec.cat\/ceemmontero\/projecte-educatiu\/estrategia-digital-de-centre\/avaluacio-i-millora\/\" title=\"Read AVALUACI\u00d3 I MILLORA\">Llegeix m\u00e9s\u00bb<\/a><\/p>\n","protected":false},"author":1,"featured_media":0,"parent":535,"menu_order":0,"comment_status":"closed","ping_status":"closed","template":"page-templates\/side-menu.php","meta":{"_bbp_topic_count":0,"_bbp_reply_count":0,"_bbp_total_topic_count":0,"_bbp_total_reply_count":0,"_bbp_voice_count":0,"_bbp_anonymous_reply_count":0,"_bbp_topic_count_hidden":0,"_bbp_reply_count_hidden":0,"_bbp_forum_subforum_count":0,"footnotes":""},"class_list":["post-643","page","type-page","status-publish","hentry"],"post_mailing_queue_ids":[],"_links":{"self":[{"href":"https:\/\/agora.xtec.cat\/ceemmontero\/wp-json\/wp\/v2\/pages\/643","targetHints":{"allow":["GET"]}}],"collection":[{"href":"https:\/\/agora.xtec.cat\/ceemmontero\/wp-json\/wp\/v2\/pages"}],"about":[{"href":"https:\/\/agora.xtec.cat\/ceemmontero\/wp-json\/wp\/v2\/types\/page"}],"author":[{"embeddable":true,"href":"https:\/\/agora.xtec.cat\/ceemmontero\/wp-json\/wp\/v2\/users\/1"}],"replies":[{"embeddable":true,"href":"https:\/\/agora.xtec.cat\/ceemmontero\/wp-json\/wp\/v2\/comments?post=643"}],"version-history":[{"count":3,"href":"https:\/\/agora.xtec.cat\/ceemmontero\/wp-json\/wp\/v2\/pages\/643\/revisions"}],"predecessor-version":[{"id":684,"href":"https:\/\/agora.xtec.cat\/ceemmontero\/wp-json\/wp\/v2\/pages\/643\/revisions\/684"}],"up":[{"embeddable":true,"href":"https:\/\/agora.xtec.cat\/ceemmontero\/wp-json\/wp\/v2\/pages\/535"}],"wp:attachment":[{"href":"https:\/\/agora.xtec.cat\/ceemmontero\/wp-json\/wp\/v2\/media?parent=643"}],"curies":[{"name":"wp","href":"https:\/\/api.w.org\/{rel}","templated":true}]}}