{"id":636,"date":"2024-04-10T19:57:15","date_gmt":"2024-04-10T17:57:15","guid":{"rendered":"https:\/\/agora.xtec.cat\/ceemmontero\/?page_id=636"},"modified":"2024-04-10T20:24:05","modified_gmt":"2024-04-10T18:24:05","slug":"diagnosi","status":"publish","type":"page","link":"https:\/\/agora.xtec.cat\/ceemmontero\/projecte-educatiu\/estrategia-digital-de-centre\/diagnosi\/","title":{"rendered":"DIAGNOSI"},"content":{"rendered":"<p style=\"text-align: left;\">Per fer la diagnosi, la <strong>Comissi\u00f3 Digital<\/strong> del centre, s\u2019ha adaptat a les necessitats i tipologia de centre i s\u2019han utilitzat les seg\u00fcents eines:<\/p>\n<p style=\"text-align: left;\">\n\u25cf <strong>Enquesta a l&#8217;equip directiu i al docent: <\/strong>S&#8217;ha fet servir l&#8217;eina Selfie adaptada a un q\u00fcestionari. La participaci\u00f3 ha estat de 22 docents d\u2019un total de 44, que representa el 50%<\/p>\n<p style=\"text-align: left;\">\u25cf<strong> Enquesta a les fam\u00edlies: <\/strong>\u00a0A partir de l\u2019enquesta de la web de suport, la Comissi\u00f3 Digital i la Mentora Digital, ha fet una modificaci\u00f3 per tal de reflectir la realitat del centre. La participaci\u00f3 ha estat d\u2019un total de 30 fam\u00edlies de 120 fam\u00edlies<\/p>\n<p style=\"text-align: left;\">\u25cf <strong>Entrevistes informals amb la direcci\u00f3 del centre: <\/strong>\u00a0Al llarg del proc\u00e9s de creaci\u00f3 hi ha hagut un constant feedback en les diferents fases de l\u2019elaboraci\u00f3 de l\u2019EDC per a consensuar i acordar aspectes rellevants de l\u2019EDC.<\/p>\n<p style=\"text-align: left;\">\u25cf <strong>Enquesta t\u00e8cnica als docents: <\/strong>\u00a0Enquesta per determinar el nivell de la compet\u00e8ncia digital dels docents del centre. El formulari va ser enviat a 62 persones que formen part del personal de l\u2019escola i ha rebut 44 respostes que representa el 70,96% del personal.<\/p>\n<p style=\"text-align: left;\">\u25cf <strong>Valoraci\u00f3 dels resultats<\/strong> de les enquestes i les entrevistes entre la Comissi\u00f3 Digital, la Comissi\u00f3 Digital i la Mentora Digital.\u00c7<\/p>\n<p>&nbsp;<\/p>\n","protected":false},"excerpt":{"rendered":"<p>Per fer la diagnosi, la Comissi\u00f3 Digital del centre, s\u2019ha adaptat a les necessitats i tipologia de centre i s\u2019han utilitzat les seg\u00fcents eines:<\/p>\n<p>\u25cf Enquesta a l&#8217;equip directiu i al docent: S&#8217;ha fet servir l&#8217;eina Selfie adaptada a un q\u00fcestionari. La participaci\u00f3 ha estat de&hellip;  <a href=\"https:\/\/agora.xtec.cat\/ceemmontero\/projecte-educatiu\/estrategia-digital-de-centre\/diagnosi\/\" title=\"Read DIAGNOSI\">Llegeix m\u00e9s\u00bb<\/a><\/p>\n","protected":false},"author":1,"featured_media":0,"parent":535,"menu_order":0,"comment_status":"closed","ping_status":"closed","template":"page-templates\/side-menu.php","meta":{"_bbp_topic_count":0,"_bbp_reply_count":0,"_bbp_total_topic_count":0,"_bbp_total_reply_count":0,"_bbp_voice_count":0,"_bbp_anonymous_reply_count":0,"_bbp_topic_count_hidden":0,"_bbp_reply_count_hidden":0,"_bbp_forum_subforum_count":0,"footnotes":""},"class_list":["post-636","page","type-page","status-publish","hentry"],"post_mailing_queue_ids":[],"_links":{"self":[{"href":"https:\/\/agora.xtec.cat\/ceemmontero\/wp-json\/wp\/v2\/pages\/636","targetHints":{"allow":["GET"]}}],"collection":[{"href":"https:\/\/agora.xtec.cat\/ceemmontero\/wp-json\/wp\/v2\/pages"}],"about":[{"href":"https:\/\/agora.xtec.cat\/ceemmontero\/wp-json\/wp\/v2\/types\/page"}],"author":[{"embeddable":true,"href":"https:\/\/agora.xtec.cat\/ceemmontero\/wp-json\/wp\/v2\/users\/1"}],"replies":[{"embeddable":true,"href":"https:\/\/agora.xtec.cat\/ceemmontero\/wp-json\/wp\/v2\/comments?post=636"}],"version-history":[{"count":5,"href":"https:\/\/agora.xtec.cat\/ceemmontero\/wp-json\/wp\/v2\/pages\/636\/revisions"}],"predecessor-version":[{"id":647,"href":"https:\/\/agora.xtec.cat\/ceemmontero\/wp-json\/wp\/v2\/pages\/636\/revisions\/647"}],"up":[{"embeddable":true,"href":"https:\/\/agora.xtec.cat\/ceemmontero\/wp-json\/wp\/v2\/pages\/535"}],"wp:attachment":[{"href":"https:\/\/agora.xtec.cat\/ceemmontero\/wp-json\/wp\/v2\/media?parent=636"}],"curies":[{"name":"wp","href":"https:\/\/api.w.org\/{rel}","templated":true}]}}