{"id":30,"date":"2014-09-18T12:30:23","date_gmt":"2014-09-18T11:30:23","guid":{"rendered":"http:\/\/agora.xtec.cat\/ceemmontero\/?page_id=30"},"modified":"2024-04-10T09:00:10","modified_gmt":"2024-04-10T07:00:10","slug":"instal%c2%b7lacions","status":"publish","type":"page","link":"https:\/\/agora.xtec.cat\/ceemmontero\/lescola\/instal%c2%b7lacions\/","title":{"rendered":"Instal\u00b7lacions"},"content":{"rendered":"<p style=\"text-align: justify;\">L\u2019escola est\u00e0 situada al cam\u00ed de Santa Quit\u00e8ria s\/n, a les rodalies de la ciutat de Granollers, sobre la serra de Palou, comunicat per la carretera de Valldoriolf\u00a0 BV-5159, que va des de la Torreta\u00a0 fins a Vilanova de la Roca, constru\u00efda sobre un espai de 2,5 hect\u00e0rees de terreny, el que permet disposar d&#8217;una gran quantitat d\u2019espais oberts.<\/p>\n<p style=\"text-align: justify;\"><img decoding=\"async\" src=\"https:\/\/www.granollers.cat\/sites\/default\/files\/styles\/galeria_noticia\/public\/pagina\/2017\/01\/edifici.jpg?itok=aXywZ6RI\" \/><\/p>\n<p>Consta de 5 pavellons que donen cabuda a les diferents etapes escolars:<\/p>\n<p><strong>Pavell\u00f3 Central:<\/strong> Sala d&#8217;actes, Cuina i menjador, Oficines<\/p>\n<p><strong>Pavell\u00f3 1:<\/strong> Infantil i Prim\u00e0ria.<\/p>\n<p><strong>Pavell\u00f3 2:<\/strong> AGA (Alumnes Greument Afectats)<\/p>\n<p><strong>Pavell\u00f3 3:<\/strong> ESO i ESO2.<\/p>\n<p><strong>Pavell\u00f3 4:<\/strong> Aula de m\u00fasica, Aula de dom\u00e8stic, Gimn\u00e0s i Piscina.<\/p>\n<p>&nbsp;<\/p>\n<p><img decoding=\"async\" src=\"https:\/\/www.granollers.cat\/sites\/default\/files\/styles\/galeria_noticia\/public\/pagina\/2017\/01\/edifici2.jpg?itok=nOQqLkWY\" \/><\/p>\n","protected":false},"excerpt":{"rendered":"<p>L\u2019escola est\u00e0 situada al cam\u00ed de Santa Quit\u00e8ria s\/n, a les rodalies de la ciutat de Granollers, sobre la serra de Palou, comunicat per la carretera de Valldoriolf\u00a0 BV-5159, que va des de la Torreta\u00a0 fins a Vilanova de la Roca, constru\u00efda sobre un espai&hellip;  <a href=\"https:\/\/agora.xtec.cat\/ceemmontero\/lescola\/instal%c2%b7lacions\/\" title=\"Read Instal\u00b7lacions\">Llegeix m\u00e9s\u00bb<\/a><\/p>\n","protected":false},"author":1,"featured_media":0,"parent":22,"menu_order":40,"comment_status":"closed","ping_status":"closed","template":"page-templates\/side-menu.php","meta":{"_bbp_topic_count":0,"_bbp_reply_count":0,"_bbp_total_topic_count":0,"_bbp_total_reply_count":0,"_bbp_voice_count":0,"_bbp_anonymous_reply_count":0,"_bbp_topic_count_hidden":0,"_bbp_reply_count_hidden":0,"_bbp_forum_subforum_count":0,"footnotes":""},"class_list":["post-30","page","type-page","status-publish","hentry"],"post_mailing_queue_ids":[],"_links":{"self":[{"href":"https:\/\/agora.xtec.cat\/ceemmontero\/wp-json\/wp\/v2\/pages\/30","targetHints":{"allow":["GET"]}}],"collection":[{"href":"https:\/\/agora.xtec.cat\/ceemmontero\/wp-json\/wp\/v2\/pages"}],"about":[{"href":"https:\/\/agora.xtec.cat\/ceemmontero\/wp-json\/wp\/v2\/types\/page"}],"author":[{"embeddable":true,"href":"https:\/\/agora.xtec.cat\/ceemmontero\/wp-json\/wp\/v2\/users\/1"}],"replies":[{"embeddable":true,"href":"https:\/\/agora.xtec.cat\/ceemmontero\/wp-json\/wp\/v2\/comments?post=30"}],"version-history":[{"count":4,"href":"https:\/\/agora.xtec.cat\/ceemmontero\/wp-json\/wp\/v2\/pages\/30\/revisions"}],"predecessor-version":[{"id":630,"href":"https:\/\/agora.xtec.cat\/ceemmontero\/wp-json\/wp\/v2\/pages\/30\/revisions\/630"}],"up":[{"embeddable":true,"href":"https:\/\/agora.xtec.cat\/ceemmontero\/wp-json\/wp\/v2\/pages\/22"}],"wp:attachment":[{"href":"https:\/\/agora.xtec.cat\/ceemmontero\/wp-json\/wp\/v2\/media?parent=30"}],"curies":[{"name":"wp","href":"https:\/\/api.w.org\/{rel}","templated":true}]}}