{"id":71,"date":"2014-09-18T12:44:56","date_gmt":"2014-09-18T11:44:56","guid":{"rendered":"http:\/\/agora.xtec.cat\/ceemdm\/?page_id=71"},"modified":"2024-10-14T21:20:38","modified_gmt":"2024-10-14T19:20:38","slug":"serveis-digitals","status":"publish","type":"page","link":"https:\/\/agora.xtec.cat\/ceemdm\/serveis\/serveis-digitals\/","title":{"rendered":"Serveis digitals"},"content":{"rendered":"<p dir=\"ltr\">Actualment, el centre compta amb una aula TAC equipada amb ordinadors de sobretaula (dotaci\u00f3 mixta per part del Departament i recursos propis del centre)\u00a0 i altre equipament espec\u00edfic de centre (impressora braille i perif\u00e8rics com commutadors, teclats adaptats i altres elements d\u2019atenci\u00f3 a la diversitat). Totes les aules compten amb sistemes de projecci\u00f3, no sempre interactius (prop del 90%).<\/p>\n<p dir=\"ltr\">Seguint amb el desplegament de les &#8220;Aules Vivencials&#8221; (Pla d\u2019Educaci\u00f3 Digital de Catalunya (PEDC), un projecte d\u2019estrat\u00e8gia d\u2019impuls digital cofinan\u00e7at pel Departament, el Ministeri d\u2019Educaci\u00f3 i la Uni\u00f3 Europea \u2013 Next Generation EU a trav\u00e9s del Mecanisme per a la Recuperaci\u00f3 i la Resili\u00e8ncia (MRR)) per als centres d&#8217;educaci\u00f3 especial, s&#8217;ha dotat al centre amb material tecnol\u00f2gic divers per a l&#8217;alumnat (tauletes, ordinadors port\u00e0tils, perif\u00e8rics, commutadors, taules de llum, blue bots, lego spike, etc.)<\/p>\n<p dir=\"ltr\">L\u2019equip docent i el Personal d\u2019Atenci\u00f3 Educativa (PAE) disposa d\u2019ordinadors port\u00e0tils per a la seva tasca educativa.<\/p>\n<p dir=\"ltr\">El centre disposa de domini propi a Google Workspace (marededeudelmont.cat), aix\u00ed com Entorn Virtual d\u2019Aprenentatge (Moodle) per als grups d\u2019Educaci\u00f3 Secund\u00e0ria Obligat\u00f2ria, malgrat que avui en dia no est\u00e0 en funcionament.<\/p>\n<p dir=\"ltr\">Es proporciona un compte de correu corporatiu de centre tant al personal docent com al PAE per la tasca educativa. I tamb\u00e9 a alguns alumnes pel treball a l&#8217;aula.<\/p>\n<p dir=\"ltr\">\u00das de l&#8217;app educativa EDUGESTI\u00d3 per la comunicaci\u00f3 escola &#8211; fam\u00edlies.<\/p>\n","protected":false},"excerpt":{"rendered":"<p>Actualment, el centre compta amb una aula TAC equipada amb ordinadors de sobretaula (dotaci\u00f3 mixta per part del Departament i recursos propis del centre)\u00a0 i altre equipament espec\u00edfic de centre (impressora braille i perif\u00e8rics com commutadors, teclats adaptats i altres elements d\u2019atenci\u00f3 a la diversitat). Totes les aules compten amb sistemes de projecci\u00f3, no sempre [&hellip;]<\/p>\n","protected":false},"author":1,"featured_media":0,"parent":66,"menu_order":10,"comment_status":"closed","ping_status":"closed","template":"page-templates\/side-menu.php","meta":{"_bbp_topic_count":0,"_bbp_reply_count":0,"_bbp_total_topic_count":0,"_bbp_total_reply_count":0,"_bbp_voice_count":0,"_bbp_anonymous_reply_count":0,"_bbp_topic_count_hidden":0,"_bbp_reply_count_hidden":0,"_bbp_forum_subforum_count":0,"site-sidebar-layout":"default","site-content-layout":"","ast-site-content-layout":"","site-content-style":"default","site-sidebar-style":"default","ast-global-header-display":"","ast-banner-title-visibility":"","ast-main-header-display":"","ast-hfb-above-header-display":"","ast-hfb-below-header-display":"","ast-hfb-mobile-header-display":"","site-post-title":"","ast-breadcrumbs-content":"","ast-featured-img":"","footer-sml-layout":"","theme-transparent-header-meta":"","adv-header-id-meta":"","stick-header-meta":"","header-above-stick-meta":"","header-main-stick-meta":"","header-below-stick-meta":"","astra-migrate-meta-layouts":"default","ast-page-background-enabled":"default","ast-page-background-meta":{"desktop":{"background-color":"var(--ast-global-color-4)","background-image":"","background-repeat":"repeat","background-position":"center center","background-size":"auto","background-attachment":"scroll","background-type":"","background-media":"","overlay-type":"","overlay-color":"","overlay-opacity":"","overlay-gradient":""},"tablet":{"background-color":"","background-image":"","background-repeat":"repeat","background-position":"center center","background-size":"auto","background-attachment":"scroll","background-type":"","background-media":"","overlay-type":"","overlay-color":"","overlay-opacity":"","overlay-gradient":""},"mobile":{"background-color":"","background-image":"","background-repeat":"repeat","background-position":"center center","background-size":"auto","background-attachment":"scroll","background-type":"","background-media":"","overlay-type":"","overlay-color":"","overlay-opacity":"","overlay-gradient":""}},"ast-content-background-meta":{"desktop":{"background-color":"var(--ast-global-color-5)","background-image":"","background-repeat":"repeat","background-position":"center center","background-size":"auto","background-attachment":"scroll","background-type":"","background-media":"","overlay-type":"","overlay-color":"","overlay-opacity":"","overlay-gradient":""},"tablet":{"background-color":"var(--ast-global-color-5)","background-image":"","background-repeat":"repeat","background-position":"center center","background-size":"auto","background-attachment":"scroll","background-type":"","background-media":"","overlay-type":"","overlay-color":"","overlay-opacity":"","overlay-gradient":""},"mobile":{"background-color":"var(--ast-global-color-5)","background-image":"","background-repeat":"repeat","background-position":"center center","background-size":"auto","background-attachment":"scroll","background-type":"","background-media":"","overlay-type":"","overlay-color":"","overlay-opacity":"","overlay-gradient":""}},"footnotes":""},"class_list":["post-71","page","type-page","status-publish","hentry"],"post_mailing_queue_ids":[],"_links":{"self":[{"href":"https:\/\/agora.xtec.cat\/ceemdm\/wp-json\/wp\/v2\/pages\/71","targetHints":{"allow":["GET"]}}],"collection":[{"href":"https:\/\/agora.xtec.cat\/ceemdm\/wp-json\/wp\/v2\/pages"}],"about":[{"href":"https:\/\/agora.xtec.cat\/ceemdm\/wp-json\/wp\/v2\/types\/page"}],"author":[{"embeddable":true,"href":"https:\/\/agora.xtec.cat\/ceemdm\/wp-json\/wp\/v2\/users\/1"}],"replies":[{"embeddable":true,"href":"https:\/\/agora.xtec.cat\/ceemdm\/wp-json\/wp\/v2\/comments?post=71"}],"version-history":[{"count":3,"href":"https:\/\/agora.xtec.cat\/ceemdm\/wp-json\/wp\/v2\/pages\/71\/revisions"}],"predecessor-version":[{"id":1587,"href":"https:\/\/agora.xtec.cat\/ceemdm\/wp-json\/wp\/v2\/pages\/71\/revisions\/1587"}],"up":[{"embeddable":true,"href":"https:\/\/agora.xtec.cat\/ceemdm\/wp-json\/wp\/v2\/pages\/66"}],"wp:attachment":[{"href":"https:\/\/agora.xtec.cat\/ceemdm\/wp-json\/wp\/v2\/media?parent=71"}],"curies":[{"name":"wp","href":"https:\/\/api.w.org\/{rel}","templated":true}]}}