{"id":28,"date":"2014-09-18T12:29:35","date_gmt":"2014-09-18T11:29:35","guid":{"rendered":"http:\/\/agora.xtec.cat\/ceemdm\/?page_id=28"},"modified":"2024-10-14T13:32:09","modified_gmt":"2024-10-14T11:32:09","slug":"consell-escolar","status":"publish","type":"page","link":"https:\/\/agora.xtec.cat\/ceemdm\/lescola\/consell-escolar\/","title":{"rendered":"Consell escolar"},"content":{"rendered":"<div style=\"text-align: left;\">\n<p><u>CONSELL ESCOLAR: Funcionament<\/u><\/p>\n<p>&#8211; El Consell Escolar del centre es reuneix preceptivament una vegada el trimestre i sempre el convoca el seu president. A m\u00e9s, preceptivament, es fa una reuni\u00f3 a l&#8217;inici del curs i una altra, a final. Aquestes reunions es faran, de moment, per videoconfer\u00e8ncia.<\/p>\n<p>&#8211; Les reunions del Consell Escolar se celebren en un horari que permet l\u2019assist\u00e8ncia dels\/de les representants de tots\/es els\/les membres. Generalment, es realitzen a les 17:30 hores.<\/p>\n<p>&#8211; La convocat\u00f2ria de les reunions ordin\u00e0ries i extraordin\u00e0ries \u00e9s tramesa pel president als\/a les membres del consell amb una antelaci\u00f3 m\u00ednima de quaranta-vuit hores, llevat de cas d&#8217;urg\u00e8ncia apreciada pel president, la qual es far\u00e0 constar a la convocat\u00f2ria.<\/p>\n<p>&#8211; La confecci\u00f3 de l\u2019ordre del dia de les sessions incorpora els punts que pugui sol\u00b7licitar el sector de mares i pares, d\u2019acord amb les funcions normativament atribu\u00efdes.<\/p>\n<p>&#8211;\u00a0 Nom\u00e9s poden ser tractats els punts que figuren en l&#8217;ordre del dia, llevat que en sigui declarada la urg\u00e8ncia per acord de la majoria absoluta dels\/de les seus\/seves membres.<\/p>\n<p>&#8211; De cada sessi\u00f3 de treball, la secret\u00e0ria n&#8217;aixeca acta, la qual ha de contenir la indicaci\u00f3 de persones que hi han intervingut, les circumst\u00e0ncies de lloc i de temps que han tingut, els punts principals de les deliberacions, la forma i els resultats de les votacions i el contingut dels acords presos.<\/p>\n<p>&#8211; L&#8217;acta ha d&#8217;anar signada per la secret\u00e0ria amb el vistiplau del president i s&#8217;ha d&#8217;aprovar en la seg\u00fcent reuni\u00f3. El centre ha de tenir a disposici\u00f3 del sector de mares i pares membres del Consell Escolar les actes de les sessions del Consell.<\/p>\n<p>&#8211; Els acords del Consell Escolar que, a criteri dels\/de les seus\/seves membres, s\u00f3n considerats\u00a0 d\u2019inter\u00e8s\u00a0 general,\u00a0 es\u00a0 difonen\u00a0 a\u00a0 tota la comunitat educativa, a trav\u00e9s dels mecanismes que estableix el Consell.<\/p>\n<p>&#8211; El llibre d\u2019actes ha de romandre al centre i no se\u2019n pot fer c\u00f2pia per cap mitj\u00e0.<\/p>\n<p>&#8211; S\u00f3n membres de l\u2019actual Consell Escolar:<\/p>\n<p>Director \/ President:<\/p>\n<ul>\n<li>Josep Roquer Padrosa<\/li>\n<\/ul>\n<p>Cap d\u2019Estudis:<\/p>\n<ul>\n<li>Anna Serra Rispau<\/li>\n<\/ul>\n<p>Representant de l\u2019Ajuntament:<\/p>\n<ul>\n<li>Meritxell Novillo Romero<\/li>\n<\/ul>\n<p>Representants del Professorat:<\/p>\n<ul>\n<li>Anna M. Cullell Guillamet<\/li>\n<li>Carina Gispert Bagu\u00e9<\/li>\n<li>Melanie Llenas F\u00e4rber<\/li>\n<li>Laura Serra Botello<\/li>\n<li>Carolina Da\u00f1obeitia Bustillo<\/li>\n<li>S\u00edlvia Sellabona Pujol<\/li>\n<li>Esther Verg\u00e9s Terradas<\/li>\n<\/ul>\n<p>Representants Pares:<\/p>\n<ul>\n<li>Tamara Carranza Mu\u00f1oz<\/li>\n<li><span style=\"font-family: inherit; font-size: 1em;\">Mercedes Torres Morantes.<\/span><\/li>\n<li><span style=\"font-family: inherit; font-size: 1em;\">M\u00f3nica Sabater Romero<\/span><\/li>\n<li>Lucia Cortes Soriano<\/li>\n<li><span style=\"font-family: inherit; font-size: 1em;\">Neringa Jasaityt\u00e9<\/span><\/li>\n<li><span style=\"font-family: inherit; font-size: 1em;\">Veronica Santiago Compan<\/span><\/li>\n<\/ul>\n<p>Representant AMPA:<\/p>\n<ul>\n<li>Mireia Gibert Ortensi<\/li>\n<\/ul>\n<p>Representant PAEC:<\/p>\n<ul>\n<li>Merc\u00e8 Ribot Pons<\/li>\n<\/ul>\n<p>Representant PAS:<\/p>\n<ul>\n<li>Elisenda Pujolar Abell\u00ed<\/li>\n<\/ul>\n<p>Secret\u00e0ria:<\/p>\n<ul>\n<li>\u00c0urea Macias Montes<\/li>\n<\/ul>\n<\/div>\n","protected":false},"excerpt":{"rendered":"<p>CONSELL ESCOLAR: Funcionament &#8211; El Consell Escolar del centre es reuneix preceptivament una vegada el trimestre i sempre el convoca el seu president. A m\u00e9s, preceptivament, es fa una reuni\u00f3 a l&#8217;inici del curs i una altra, a final. Aquestes reunions es faran, de moment, per videoconfer\u00e8ncia. &#8211; Les reunions del Consell Escolar se celebren [&hellip;]<\/p>\n","protected":false},"author":1,"featured_media":0,"parent":22,"menu_order":30,"comment_status":"closed","ping_status":"closed","template":"page-templates\/side-menu.php","meta":{"_bbp_topic_count":0,"_bbp_reply_count":0,"_bbp_total_topic_count":0,"_bbp_total_reply_count":0,"_bbp_voice_count":0,"_bbp_anonymous_reply_count":0,"_bbp_topic_count_hidden":0,"_bbp_reply_count_hidden":0,"_bbp_forum_subforum_count":0,"site-sidebar-layout":"default","site-content-layout":"","ast-site-content-layout":"","site-content-style":"default","site-sidebar-style":"default","ast-global-header-display":"","ast-banner-title-visibility":"","ast-main-header-display":"","ast-hfb-above-header-display":"","ast-hfb-below-header-display":"","ast-hfb-mobile-header-display":"","site-post-title":"","ast-breadcrumbs-content":"","ast-featured-img":"","footer-sml-layout":"","theme-transparent-header-meta":"","adv-header-id-meta":"","stick-header-meta":"","header-above-stick-meta":"","header-main-stick-meta":"","header-below-stick-meta":"","astra-migrate-meta-layouts":"default","ast-page-background-enabled":"default","ast-page-background-meta":{"desktop":{"background-color":"var(--ast-global-color-4)","background-image":"","background-repeat":"repeat","background-position":"center center","background-size":"auto","background-attachment":"scroll","background-type":"","background-media":"","overlay-type":"","overlay-color":"","overlay-opacity":"","overlay-gradient":""},"tablet":{"background-color":"","background-image":"","background-repeat":"repeat","background-position":"center center","background-size":"auto","background-attachment":"scroll","background-type":"","background-media":"","overlay-type":"","overlay-color":"","overlay-opacity":"","overlay-gradient":""},"mobile":{"background-color":"","background-image":"","background-repeat":"repeat","background-position":"center center","background-size":"auto","background-attachment":"scroll","background-type":"","background-media":"","overlay-type":"","overlay-color":"","overlay-opacity":"","overlay-gradient":""}},"ast-content-background-meta":{"desktop":{"background-color":"var(--ast-global-color-5)","background-image":"","background-repeat":"repeat","background-position":"center center","background-size":"auto","background-attachment":"scroll","background-type":"","background-media":"","overlay-type":"","overlay-color":"","overlay-opacity":"","overlay-gradient":""},"tablet":{"background-color":"var(--ast-global-color-5)","background-image":"","background-repeat":"repeat","background-position":"center center","background-size":"auto","background-attachment":"scroll","background-type":"","background-media":"","overlay-type":"","overlay-color":"","overlay-opacity":"","overlay-gradient":""},"mobile":{"background-color":"var(--ast-global-color-5)","background-image":"","background-repeat":"repeat","background-position":"center center","background-size":"auto","background-attachment":"scroll","background-type":"","background-media":"","overlay-type":"","overlay-color":"","overlay-opacity":"","overlay-gradient":""}},"footnotes":""},"class_list":["post-28","page","type-page","status-publish","hentry"],"post_mailing_queue_ids":[],"_links":{"self":[{"href":"https:\/\/agora.xtec.cat\/ceemdm\/wp-json\/wp\/v2\/pages\/28","targetHints":{"allow":["GET"]}}],"collection":[{"href":"https:\/\/agora.xtec.cat\/ceemdm\/wp-json\/wp\/v2\/pages"}],"about":[{"href":"https:\/\/agora.xtec.cat\/ceemdm\/wp-json\/wp\/v2\/types\/page"}],"author":[{"embeddable":true,"href":"https:\/\/agora.xtec.cat\/ceemdm\/wp-json\/wp\/v2\/users\/1"}],"replies":[{"embeddable":true,"href":"https:\/\/agora.xtec.cat\/ceemdm\/wp-json\/wp\/v2\/comments?post=28"}],"version-history":[{"count":4,"href":"https:\/\/agora.xtec.cat\/ceemdm\/wp-json\/wp\/v2\/pages\/28\/revisions"}],"predecessor-version":[{"id":1572,"href":"https:\/\/agora.xtec.cat\/ceemdm\/wp-json\/wp\/v2\/pages\/28\/revisions\/1572"}],"up":[{"embeddable":true,"href":"https:\/\/agora.xtec.cat\/ceemdm\/wp-json\/wp\/v2\/pages\/22"}],"wp:attachment":[{"href":"https:\/\/agora.xtec.cat\/ceemdm\/wp-json\/wp\/v2\/media?parent=28"}],"curies":[{"name":"wp","href":"https:\/\/api.w.org\/{rel}","templated":true}]}}