{"id":8888,"date":"2025-03-04T20:50:59","date_gmt":"2025-03-04T19:50:59","guid":{"rendered":"https:\/\/agora.xtec.cat\/ceelesaigues\/?page_id=8888"},"modified":"2025-03-04T20:50:59","modified_gmt":"2025-03-04T19:50:59","slug":"activitats-extraescolars","status":"publish","type":"page","link":"https:\/\/agora.xtec.cat\/ceelesaigues\/afa\/activitats-extraescolars\/","title":{"rendered":"ACTIVITATS EXTRAESCOLARS"},"content":{"rendered":"<div>\n<p>FENT CLIC SOBRE LA FLETXA TROBAREU UN RECULL D\u2019ACTIVITATS EXTRAESCOLARS QUE PODEN SER DEL VOSTRE INTER\u00c9S.<\/p>\n<\/div>\n<p><a href=\"https:\/\/drive.google.com\/file\/d\/10bXK20qQX1aodZBHscqNJLuUXw3zzGZQ\/view\"><img loading=\"lazy\" decoding=\"async\" class=\"aligncenter\" src=\"https:\/\/agora.xtec.cat\/ceip-v-aleixandre\/wp-content\/uploads\/usu457\/2019\/10\/fletxa.png\" alt=\"fletxa | Escola Vicente Aleixandre\" width=\"352\" height=\"177\" \/><br \/>\n<\/a><\/p>\n<div>\n<p>LES ACTIVITATS ESTAN CLASSIFICADES SEGONS ES FAN A LA CIUTAT DE MATAR\u00d3 O \u00a0FORA DE MATAR\u00d3.<\/p>\n<\/div>\n<div>\n<p>SEGONS ANEM TENINT M\u00c9S INFORMACI\u00d3 D\u2019ACTIVITATS, LES ANIREM AFEGINT!<\/p>\n<\/div>\n<div>\n<p>US ANIMEM A QUE COMPARTIU LES ACTIVITATS QUE CONEIXEU! HO PODEU FER ENVIANT COMENTARIS A AQUEST ARTICLE.<\/p>\n<\/div>\n<div>\n<p>MOLTES GR\u00c0CIES PER LA VOSTRA COL.LABORACI\u00d3!<\/p>\n<\/div>\n","protected":false},"excerpt":{"rendered":"<p>FENT CLIC SOBRE LA FLETXA TROBAREU UN RECULL D\u2019ACTIVITATS EXTRAESCOLARS QUE PODEN SER DEL VOSTRE INTER\u00c9S. LES ACTIVITATS ESTAN CLASSIFICADES SEGONS ES FAN A LA CIUTAT DE MATAR\u00d3 O \u00a0FORA DE MATAR\u00d3. SEGONS ANEM TENINT M\u00c9S INFORMACI\u00d3 D\u2019ACTIVITATS, LES ANIREM AFEGINT! US ANIMEM A QUE COMPARTIU LES ACTIVITATS QUE CONEIXEU! HO PODEU FER ENVIANT COMENTARIS [&hellip;]<\/p>\n","protected":false},"author":1,"featured_media":0,"parent":8817,"menu_order":0,"comment_status":"closed","ping_status":"closed","template":"page-templates\/side-menu.php","meta":{"_bbp_topic_count":0,"_bbp_reply_count":0,"_bbp_total_topic_count":0,"_bbp_total_reply_count":0,"_bbp_voice_count":0,"_bbp_anonymous_reply_count":0,"_bbp_topic_count_hidden":0,"_bbp_reply_count_hidden":0,"_bbp_forum_subforum_count":0,"site-sidebar-layout":"default","site-content-layout":"","ast-site-content-layout":"","site-content-style":"default","site-sidebar-style":"default","ast-global-header-display":"","ast-banner-title-visibility":"","ast-main-header-display":"","ast-hfb-above-header-display":"","ast-hfb-below-header-display":"","ast-hfb-mobile-header-display":"","site-post-title":"","ast-breadcrumbs-content":"","ast-featured-img":"","footer-sml-layout":"","theme-transparent-header-meta":"","adv-header-id-meta":"","stick-header-meta":"","header-above-stick-meta":"","header-main-stick-meta":"","header-below-stick-meta":"","astra-migrate-meta-layouts":"default","ast-page-background-enabled":"default","ast-page-background-meta":{"desktop":{"background-color":"var(--ast-global-color-4)","background-image":"","background-repeat":"repeat","background-position":"center center","background-size":"auto","background-attachment":"scroll","background-type":"","background-media":"","overlay-type":"","overlay-color":"","overlay-opacity":"","overlay-gradient":""},"tablet":{"background-color":"","background-image":"","background-repeat":"repeat","background-position":"center center","background-size":"auto","background-attachment":"scroll","background-type":"","background-media":"","overlay-type":"","overlay-color":"","overlay-opacity":"","overlay-gradient":""},"mobile":{"background-color":"","background-image":"","background-repeat":"repeat","background-position":"center center","background-size":"auto","background-attachment":"scroll","background-type":"","background-media":"","overlay-type":"","overlay-color":"","overlay-opacity":"","overlay-gradient":""}},"ast-content-background-meta":{"desktop":{"background-color":"var(--ast-global-color-5)","background-image":"","background-repeat":"repeat","background-position":"center center","background-size":"auto","background-attachment":"scroll","background-type":"","background-media":"","overlay-type":"","overlay-color":"","overlay-opacity":"","overlay-gradient":""},"tablet":{"background-color":"var(--ast-global-color-5)","background-image":"","background-repeat":"repeat","background-position":"center center","background-size":"auto","background-attachment":"scroll","background-type":"","background-media":"","overlay-type":"","overlay-color":"","overlay-opacity":"","overlay-gradient":""},"mobile":{"background-color":"var(--ast-global-color-5)","background-image":"","background-repeat":"repeat","background-position":"center center","background-size":"auto","background-attachment":"scroll","background-type":"","background-media":"","overlay-type":"","overlay-color":"","overlay-opacity":"","overlay-gradient":""}},"footnotes":""},"class_list":["post-8888","page","type-page","status-publish","hentry"],"post_mailing_queue_ids":[],"_links":{"self":[{"href":"https:\/\/agora.xtec.cat\/ceelesaigues\/wp-json\/wp\/v2\/pages\/8888","targetHints":{"allow":["GET"]}}],"collection":[{"href":"https:\/\/agora.xtec.cat\/ceelesaigues\/wp-json\/wp\/v2\/pages"}],"about":[{"href":"https:\/\/agora.xtec.cat\/ceelesaigues\/wp-json\/wp\/v2\/types\/page"}],"author":[{"embeddable":true,"href":"https:\/\/agora.xtec.cat\/ceelesaigues\/wp-json\/wp\/v2\/users\/1"}],"replies":[{"embeddable":true,"href":"https:\/\/agora.xtec.cat\/ceelesaigues\/wp-json\/wp\/v2\/comments?post=8888"}],"version-history":[{"count":1,"href":"https:\/\/agora.xtec.cat\/ceelesaigues\/wp-json\/wp\/v2\/pages\/8888\/revisions"}],"predecessor-version":[{"id":8889,"href":"https:\/\/agora.xtec.cat\/ceelesaigues\/wp-json\/wp\/v2\/pages\/8888\/revisions\/8889"}],"up":[{"embeddable":true,"href":"https:\/\/agora.xtec.cat\/ceelesaigues\/wp-json\/wp\/v2\/pages\/8817"}],"wp:attachment":[{"href":"https:\/\/agora.xtec.cat\/ceelesaigues\/wp-json\/wp\/v2\/media?parent=8888"}],"curies":[{"name":"wp","href":"https:\/\/api.w.org\/{rel}","templated":true}]}}