{"id":8817,"date":"2025-03-04T11:19:25","date_gmt":"2025-03-04T10:19:25","guid":{"rendered":"https:\/\/agora.xtec.cat\/ceelesaigues\/?page_id=8817"},"modified":"2025-03-04T20:48:43","modified_gmt":"2025-03-04T19:48:43","slug":"afa","status":"publish","type":"page","link":"https:\/\/agora.xtec.cat\/ceelesaigues\/afa\/","title":{"rendered":"AFA"},"content":{"rendered":"<div>\n<p>L\u2019associaci\u00f3 de pares i mares del Cee Les Aig\u00fces de Matar\u00f3 \u00e9s una entitat sense afany de lucre que agrupa tots els pares i mares dels alumnes que hi vulguin pert\u00e0nyer. Est\u00e0 reconeguda legalment en el Registre d\u2019Associacions i les seves funcions estan regulades peel corresponent Decret de la Generalitat de Catalunya.<\/p>\n<\/div>\n<div>\n<p>L\u2019objectiu fonamental \u00e9s contribuir a la millora de la qualitat de l\u2019ensenyament que reben els nois i noies de l\u2019escola. El funcionament es basa en el di\u00e0leg i en la col\u00b7laboraci\u00f3 amb els diversos sectors de la comunitat educativa. Els seus \u00f2rgans s\u00f3n: L\u2019Assamblea General i la Junta Directiva.<\/p>\n<\/div>\n<div>\n<p class=\"fs1\">L\u2019Assemblea General \u00e9s l\u2019\u00f2rgan sobir\u00e0 de l\u2019AMPA i es reuneix en sessi\u00f3 ordin\u00e0ria un cop a l\u2019any, durant el primer trimestre de cada curs acad\u00e8mic, per tal d\u2019examinar la mem\u00f2ria anual, el balan\u00e7 econ\u00f2mic i el pressupost del nou exercici. L\u2019Assemblea genral es reuneix en sessi\u00f3 extraordin\u00e0ria sempre que ho acordi la Junta Directiva o ho demani per escrit el 20% dels associats.<\/p>\n<\/div>\n<div>\n<p class=\"fs1\">La Junta Directiva \u00e9s l\u2019\u00f2gan de gesti\u00f3, representaci\u00f3 i administraci\u00f3 de l\u2019AMPA. Els c\u00e0rrecs de President, Vice- president, secretari i tresorer, juntament amb el vocal de Relacions Laborals constitueixen la Comissi\u00f3 Permanent de la Junta.<\/p>\n<\/div>\n<div>\n<p>L\u2019AMPA de l\u2019escola organitza i gestiona el menjador escolar i totes les activitats de migdia. Amb aquest motiu t\u00e9 setze monitors, amb el seu coordinador, un equip de cuina integrat per tres persones (una cuinera i dos auxiliars).<\/p>\n<\/div>\n<div>\n<p class=\"fs1\">Amb la fi de guanyar operativitat en l\u2019assoliment dels objectius que l\u2019AMPA defineix per cada curs, s\u2019organitzen comissions integrades per membres de l\u2019Associaci\u00f3 que vulguin participar-hi.<\/p>\n<\/div>\n","protected":false},"excerpt":{"rendered":"<p>L\u2019associaci\u00f3 de pares i mares del Cee Les Aig\u00fces de Matar\u00f3 \u00e9s una entitat sense afany de lucre que agrupa tots els pares i mares dels alumnes que hi vulguin pert\u00e0nyer. Est\u00e0 reconeguda legalment en el Registre d\u2019Associacions i les seves funcions estan regulades peel corresponent Decret de la Generalitat de Catalunya. L\u2019objectiu fonamental \u00e9s [&hellip;]<\/p>\n","protected":false},"author":1,"featured_media":0,"parent":0,"menu_order":0,"comment_status":"closed","ping_status":"closed","template":"page-templates\/side-menu.php","meta":{"_bbp_topic_count":0,"_bbp_reply_count":0,"_bbp_total_topic_count":0,"_bbp_total_reply_count":0,"_bbp_voice_count":0,"_bbp_anonymous_reply_count":0,"_bbp_topic_count_hidden":0,"_bbp_reply_count_hidden":0,"_bbp_forum_subforum_count":0,"site-sidebar-layout":"default","site-content-layout":"","ast-site-content-layout":"","site-content-style":"default","site-sidebar-style":"default","ast-global-header-display":"","ast-banner-title-visibility":"","ast-main-header-display":"","ast-hfb-above-header-display":"","ast-hfb-below-header-display":"","ast-hfb-mobile-header-display":"","site-post-title":"","ast-breadcrumbs-content":"","ast-featured-img":"","footer-sml-layout":"","theme-transparent-header-meta":"","adv-header-id-meta":"","stick-header-meta":"","header-above-stick-meta":"","header-main-stick-meta":"","header-below-stick-meta":"","astra-migrate-meta-layouts":"default","ast-page-background-enabled":"default","ast-page-background-meta":{"desktop":{"background-color":"var(--ast-global-color-4)","background-image":"","background-repeat":"repeat","background-position":"center center","background-size":"auto","background-attachment":"scroll","background-type":"","background-media":"","overlay-type":"","overlay-color":"","overlay-opacity":"","overlay-gradient":""},"tablet":{"background-color":"","background-image":"","background-repeat":"repeat","background-position":"center center","background-size":"auto","background-attachment":"scroll","background-type":"","background-media":"","overlay-type":"","overlay-color":"","overlay-opacity":"","overlay-gradient":""},"mobile":{"background-color":"","background-image":"","background-repeat":"repeat","background-position":"center center","background-size":"auto","background-attachment":"scroll","background-type":"","background-media":"","overlay-type":"","overlay-color":"","overlay-opacity":"","overlay-gradient":""}},"ast-content-background-meta":{"desktop":{"background-color":"var(--ast-global-color-5)","background-image":"","background-repeat":"repeat","background-position":"center center","background-size":"auto","background-attachment":"scroll","background-type":"","background-media":"","overlay-type":"","overlay-color":"","overlay-opacity":"","overlay-gradient":""},"tablet":{"background-color":"var(--ast-global-color-5)","background-image":"","background-repeat":"repeat","background-position":"center center","background-size":"auto","background-attachment":"scroll","background-type":"","background-media":"","overlay-type":"","overlay-color":"","overlay-opacity":"","overlay-gradient":""},"mobile":{"background-color":"var(--ast-global-color-5)","background-image":"","background-repeat":"repeat","background-position":"center center","background-size":"auto","background-attachment":"scroll","background-type":"","background-media":"","overlay-type":"","overlay-color":"","overlay-opacity":"","overlay-gradient":""}},"footnotes":""},"class_list":["post-8817","page","type-page","status-publish","hentry"],"post_mailing_queue_ids":[],"_links":{"self":[{"href":"https:\/\/agora.xtec.cat\/ceelesaigues\/wp-json\/wp\/v2\/pages\/8817","targetHints":{"allow":["GET"]}}],"collection":[{"href":"https:\/\/agora.xtec.cat\/ceelesaigues\/wp-json\/wp\/v2\/pages"}],"about":[{"href":"https:\/\/agora.xtec.cat\/ceelesaigues\/wp-json\/wp\/v2\/types\/page"}],"author":[{"embeddable":true,"href":"https:\/\/agora.xtec.cat\/ceelesaigues\/wp-json\/wp\/v2\/users\/1"}],"replies":[{"embeddable":true,"href":"https:\/\/agora.xtec.cat\/ceelesaigues\/wp-json\/wp\/v2\/comments?post=8817"}],"version-history":[{"count":2,"href":"https:\/\/agora.xtec.cat\/ceelesaigues\/wp-json\/wp\/v2\/pages\/8817\/revisions"}],"predecessor-version":[{"id":8886,"href":"https:\/\/agora.xtec.cat\/ceelesaigues\/wp-json\/wp\/v2\/pages\/8817\/revisions\/8886"}],"wp:attachment":[{"href":"https:\/\/agora.xtec.cat\/ceelesaigues\/wp-json\/wp\/v2\/media?parent=8817"}],"curies":[{"name":"wp","href":"https:\/\/api.w.org\/{rel}","templated":true}]}}