{"id":80,"date":"2014-09-18T14:09:48","date_gmt":"2014-09-18T13:09:48","guid":{"rendered":"http:\/\/agora.xtec.cat\/ceelesaigues\/?page_id=80"},"modified":"2025-03-04T20:13:25","modified_gmt":"2025-03-04T19:13:25","slug":"transport-escolar","status":"publish","type":"page","link":"https:\/\/agora.xtec.cat\/ceelesaigues\/serveis\/transport-escolar\/","title":{"rendered":"TRANSPORT ESCOLAR"},"content":{"rendered":"<p style=\"color: #666666;\">El CEE Les Aig\u00fces, \u00e9s un centre d\u2019\u00e0mbit comarcal on la gran majoria dels alumnes del centre arriben<br \/>\namb transport escolar.<\/p>\n<p style=\"color: #666666;\">Actualment tenim 8 rutes d&#8217;autocar i un servei de taxi.<\/p>\n<p style=\"color: #666666;\">Les rutes s\u00f3n les seg\u00fcents.<\/p>\n<p style=\"color: #666666;\">&#8211; <strong>Tiana &#8211; Mongat &#8211; Alella.<\/strong><br \/>\n&#8211; <strong>Masnou-Tei\u00e0-Premi\u00e0 de Dalt.<\/strong><br \/>\n&#8211; <strong>Vilassar de Mar &#8211; Vilassar de Dalt &#8211; Premi\u00e0 &#8211; Cabrera.<\/strong><br \/>\n&#8211; <strong>Vilassar de Mar &#8211; Argentona.<\/strong><br \/>\n<strong>&#8211; Arenys de Mar &#8211; Arenys de Munt &#8211; Caldes d\u2019Estrach.<\/strong><br \/>\n<strong>&#8211; Sant Vicen\u00e7 de Montalt &#8211; Llavaneres.<\/strong><br \/>\n<strong>&#8211; Matar\u00f3 Nord.<\/strong><br \/>\n<strong>&#8211; Matar\u00f3 Sud.<\/strong><br \/>\n<strong>&#8211;\u00a0<\/strong><\/p>\n","protected":false},"excerpt":{"rendered":"<p>El CEE Les Aig\u00fces, \u00e9s un centre d\u2019\u00e0mbit comarcal on la gran majoria dels alumnes del centre arriben amb transport escolar. Actualment tenim 8 rutes d&#8217;autocar i un servei de taxi. Les rutes s\u00f3n les seg\u00fcents. &#8211; Tiana &#8211; Mongat &#8211; Alella. &#8211; Masnou-Tei\u00e0-Premi\u00e0 de Dalt. &#8211; Vilassar de Mar &#8211; Vilassar de Dalt &#8211; [&hellip;]<\/p>\n","protected":false},"author":1,"featured_media":0,"parent":66,"menu_order":40,"comment_status":"closed","ping_status":"closed","template":"page-templates\/side-menu.php","meta":{"_bbp_topic_count":0,"_bbp_reply_count":0,"_bbp_total_topic_count":0,"_bbp_total_reply_count":0,"_bbp_voice_count":0,"_bbp_anonymous_reply_count":0,"_bbp_topic_count_hidden":0,"_bbp_reply_count_hidden":0,"_bbp_forum_subforum_count":0,"site-sidebar-layout":"default","site-content-layout":"","ast-site-content-layout":"","site-content-style":"default","site-sidebar-style":"default","ast-global-header-display":"","ast-banner-title-visibility":"","ast-main-header-display":"","ast-hfb-above-header-display":"","ast-hfb-below-header-display":"","ast-hfb-mobile-header-display":"","site-post-title":"","ast-breadcrumbs-content":"","ast-featured-img":"","footer-sml-layout":"","theme-transparent-header-meta":"","adv-header-id-meta":"","stick-header-meta":"","header-above-stick-meta":"","header-main-stick-meta":"","header-below-stick-meta":"","astra-migrate-meta-layouts":"default","ast-page-background-enabled":"default","ast-page-background-meta":{"desktop":{"background-color":"var(--ast-global-color-4)","background-image":"","background-repeat":"repeat","background-position":"center center","background-size":"auto","background-attachment":"scroll","background-type":"","background-media":"","overlay-type":"","overlay-color":"","overlay-opacity":"","overlay-gradient":""},"tablet":{"background-color":"","background-image":"","background-repeat":"repeat","background-position":"center center","background-size":"auto","background-attachment":"scroll","background-type":"","background-media":"","overlay-type":"","overlay-color":"","overlay-opacity":"","overlay-gradient":""},"mobile":{"background-color":"","background-image":"","background-repeat":"repeat","background-position":"center center","background-size":"auto","background-attachment":"scroll","background-type":"","background-media":"","overlay-type":"","overlay-color":"","overlay-opacity":"","overlay-gradient":""}},"ast-content-background-meta":{"desktop":{"background-color":"var(--ast-global-color-5)","background-image":"","background-repeat":"repeat","background-position":"center center","background-size":"auto","background-attachment":"scroll","background-type":"","background-media":"","overlay-type":"","overlay-color":"","overlay-opacity":"","overlay-gradient":""},"tablet":{"background-color":"var(--ast-global-color-5)","background-image":"","background-repeat":"repeat","background-position":"center center","background-size":"auto","background-attachment":"scroll","background-type":"","background-media":"","overlay-type":"","overlay-color":"","overlay-opacity":"","overlay-gradient":""},"mobile":{"background-color":"var(--ast-global-color-5)","background-image":"","background-repeat":"repeat","background-position":"center center","background-size":"auto","background-attachment":"scroll","background-type":"","background-media":"","overlay-type":"","overlay-color":"","overlay-opacity":"","overlay-gradient":""}},"footnotes":""},"class_list":["post-80","page","type-page","status-publish","hentry"],"post_mailing_queue_ids":[],"_links":{"self":[{"href":"https:\/\/agora.xtec.cat\/ceelesaigues\/wp-json\/wp\/v2\/pages\/80","targetHints":{"allow":["GET"]}}],"collection":[{"href":"https:\/\/agora.xtec.cat\/ceelesaigues\/wp-json\/wp\/v2\/pages"}],"about":[{"href":"https:\/\/agora.xtec.cat\/ceelesaigues\/wp-json\/wp\/v2\/types\/page"}],"author":[{"embeddable":true,"href":"https:\/\/agora.xtec.cat\/ceelesaigues\/wp-json\/wp\/v2\/users\/1"}],"replies":[{"embeddable":true,"href":"https:\/\/agora.xtec.cat\/ceelesaigues\/wp-json\/wp\/v2\/comments?post=80"}],"version-history":[{"count":2,"href":"https:\/\/agora.xtec.cat\/ceelesaigues\/wp-json\/wp\/v2\/pages\/80\/revisions"}],"predecessor-version":[{"id":8869,"href":"https:\/\/agora.xtec.cat\/ceelesaigues\/wp-json\/wp\/v2\/pages\/80\/revisions\/8869"}],"up":[{"embeddable":true,"href":"https:\/\/agora.xtec.cat\/ceelesaigues\/wp-json\/wp\/v2\/pages\/66"}],"wp:attachment":[{"href":"https:\/\/agora.xtec.cat\/ceelesaigues\/wp-json\/wp\/v2\/media?parent=80"}],"curies":[{"name":"wp","href":"https:\/\/api.w.org\/{rel}","templated":true}]}}