{"id":711,"date":"2019-10-14T15:57:35","date_gmt":"2019-10-14T13:57:35","guid":{"rendered":"https:\/\/agora.xtec.cat\/ceelesaigues\/?page_id=711"},"modified":"2022-11-14T20:13:50","modified_gmt":"2022-11-14T19:13:50","slug":"equip-docent-de-post-obligatoria","status":"publish","type":"page","link":"https:\/\/agora.xtec.cat\/ceelesaigues\/equip-docent-de-post-obligatoria\/","title":{"rendered":"EQUIP DOCENT DE POST OBLIGAT\u00d2RIA"},"content":{"rendered":"<p><img loading=\"lazy\" decoding=\"async\" class=\"aligncenter  wp-image-6206\" src=\"https:\/\/agora.xtec.cat\/ceelesaigues\/wp-content\/uploads\/usu1225\/2022\/11\/Captura-de-pantalla-2022-11-14-a-les-20.09.08.png\" alt=\"\" width=\"795\" height=\"504\" srcset=\"https:\/\/agora.xtec.cat\/ceelesaigues\/wp-content\/uploads\/usu1225\/2022\/11\/Captura-de-pantalla-2022-11-14-a-les-20.09.08.png 1016w, https:\/\/agora.xtec.cat\/ceelesaigues\/wp-content\/uploads\/usu1225\/2022\/11\/Captura-de-pantalla-2022-11-14-a-les-20.09.08-300x190.png 300w, https:\/\/agora.xtec.cat\/ceelesaigues\/wp-content\/uploads\/usu1225\/2022\/11\/Captura-de-pantalla-2022-11-14-a-les-20.09.08-768x487.png 768w\" sizes=\"auto, (max-width: 795px) 100vw, 795px\" \/><\/p>\n<p>L&#8217;equip docent de l&#8217;etapa est\u00e0 format per:<\/p>\n<p><strong>D&#8217;esquerra a dreta (1a. fila):<\/strong> Maria Llorens, Helena Velaure, Roser Antonell, Ferran Punz\u00f3n, S\u00edlvia Pascual i Jordi Ball\u00fas.<\/p>\n<p><strong>D&#8217;esquerra a dreta (2a. fila):<\/strong> N\u00faria Mart\u00ednez, Ariana Luis, Irene Soto, Esther Veciana, Anna Casaponsa, Marta Angl\u00e9s, Eugenia Mirete i Sndra Serrano.<\/p>\n<p><strong>D&#8217;esquerra a dreta (3a. fila):<\/strong> Estefania Pons, No\u00e8lia Lara, Pilar Navarro, N\u00e0dia Garrell, Sara Ribas , Pilar P\u00e9rez, Paqui Belmonte, Cristina Castellv\u00ed.<\/p>\n<p><strong>D&#8217;esquerra a dreta (4a. fila):<\/strong> Neus Escuder, Meritxell Forn\u00e9s i Montse Matamoros.<\/p>\n","protected":false},"excerpt":{"rendered":"<p>L&#8217;equip docent de l&#8217;etapa est\u00e0 format per: D&#8217;esquerra a dreta (1a. fila): Maria Llorens, Helena Velaure, Roser Antonell, Ferran Punz\u00f3n, S\u00edlvia Pascual i Jordi Ball\u00fas. D&#8217;esquerra a dreta (2a. fila): N\u00faria Mart\u00ednez, Ariana Luis, Irene Soto, Esther Veciana, Anna Casaponsa, Marta Angl\u00e9s, Eugenia Mirete i Sndra Serrano. D&#8217;esquerra a dreta (3a. fila): Estefania Pons, No\u00e8lia [&hellip;]<\/p>\n","protected":false},"author":1,"featured_media":0,"parent":0,"menu_order":0,"comment_status":"closed","ping_status":"closed","template":"","meta":{"_bbp_topic_count":0,"_bbp_reply_count":0,"_bbp_total_topic_count":0,"_bbp_total_reply_count":0,"_bbp_voice_count":0,"_bbp_anonymous_reply_count":0,"_bbp_topic_count_hidden":0,"_bbp_reply_count_hidden":0,"_bbp_forum_subforum_count":0,"site-sidebar-layout":"default","site-content-layout":"","ast-site-content-layout":"","site-content-style":"default","site-sidebar-style":"default","ast-global-header-display":"","ast-banner-title-visibility":"","ast-main-header-display":"","ast-hfb-above-header-display":"","ast-hfb-below-header-display":"","ast-hfb-mobile-header-display":"","site-post-title":"","ast-breadcrumbs-content":"","ast-featured-img":"","footer-sml-layout":"","theme-transparent-header-meta":"","adv-header-id-meta":"","stick-header-meta":"","header-above-stick-meta":"","header-main-stick-meta":"","header-below-stick-meta":"","astra-migrate-meta-layouts":"default","ast-page-background-enabled":"default","ast-page-background-meta":{"desktop":{"background-color":"var(--ast-global-color-4)","background-image":"","background-repeat":"repeat","background-position":"center center","background-size":"auto","background-attachment":"scroll","background-type":"","background-media":"","overlay-type":"","overlay-color":"","overlay-opacity":"","overlay-gradient":""},"tablet":{"background-color":"","background-image":"","background-repeat":"repeat","background-position":"center center","background-size":"auto","background-attachment":"scroll","background-type":"","background-media":"","overlay-type":"","overlay-color":"","overlay-opacity":"","overlay-gradient":""},"mobile":{"background-color":"","background-image":"","background-repeat":"repeat","background-position":"center center","background-size":"auto","background-attachment":"scroll","background-type":"","background-media":"","overlay-type":"","overlay-color":"","overlay-opacity":"","overlay-gradient":""}},"ast-content-background-meta":{"desktop":{"background-color":"var(--ast-global-color-5)","background-image":"","background-repeat":"repeat","background-position":"center center","background-size":"auto","background-attachment":"scroll","background-type":"","background-media":"","overlay-type":"","overlay-color":"","overlay-opacity":"","overlay-gradient":""},"tablet":{"background-color":"var(--ast-global-color-5)","background-image":"","background-repeat":"repeat","background-position":"center center","background-size":"auto","background-attachment":"scroll","background-type":"","background-media":"","overlay-type":"","overlay-color":"","overlay-opacity":"","overlay-gradient":""},"mobile":{"background-color":"var(--ast-global-color-5)","background-image":"","background-repeat":"repeat","background-position":"center center","background-size":"auto","background-attachment":"scroll","background-type":"","background-media":"","overlay-type":"","overlay-color":"","overlay-opacity":"","overlay-gradient":""}},"footnotes":""},"class_list":["post-711","page","type-page","status-publish","hentry"],"post_mailing_queue_ids":[],"_links":{"self":[{"href":"https:\/\/agora.xtec.cat\/ceelesaigues\/wp-json\/wp\/v2\/pages\/711","targetHints":{"allow":["GET"]}}],"collection":[{"href":"https:\/\/agora.xtec.cat\/ceelesaigues\/wp-json\/wp\/v2\/pages"}],"about":[{"href":"https:\/\/agora.xtec.cat\/ceelesaigues\/wp-json\/wp\/v2\/types\/page"}],"author":[{"embeddable":true,"href":"https:\/\/agora.xtec.cat\/ceelesaigues\/wp-json\/wp\/v2\/users\/1"}],"replies":[{"embeddable":true,"href":"https:\/\/agora.xtec.cat\/ceelesaigues\/wp-json\/wp\/v2\/comments?post=711"}],"version-history":[{"count":3,"href":"https:\/\/agora.xtec.cat\/ceelesaigues\/wp-json\/wp\/v2\/pages\/711\/revisions"}],"predecessor-version":[{"id":6208,"href":"https:\/\/agora.xtec.cat\/ceelesaigues\/wp-json\/wp\/v2\/pages\/711\/revisions\/6208"}],"wp:attachment":[{"href":"https:\/\/agora.xtec.cat\/ceelesaigues\/wp-json\/wp\/v2\/media?parent=711"}],"curies":[{"name":"wp","href":"https:\/\/api.w.org\/{rel}","templated":true}]}}