{"id":707,"date":"2019-10-14T15:55:11","date_gmt":"2019-10-14T13:55:11","guid":{"rendered":"https:\/\/agora.xtec.cat\/ceelesaigues\/?page_id=707"},"modified":"2022-11-14T20:02:39","modified_gmt":"2022-11-14T19:02:39","slug":"equip-docent-de-primaria","status":"publish","type":"page","link":"https:\/\/agora.xtec.cat\/ceelesaigues\/equip-docent-de-primaria\/","title":{"rendered":"EQUIP DOCENT DE PRIM\u00c0RIA"},"content":{"rendered":"<p><img loading=\"lazy\" decoding=\"async\" class=\"aligncenter wp-image-6199 size-large\" src=\"https:\/\/agora.xtec.cat\/ceelesaigues\/wp-content\/uploads\/usu1225\/2022\/11\/etapa-Inf-Prim-1024x768.jpg\" alt=\"\" width=\"1024\" height=\"768\" srcset=\"https:\/\/agora.xtec.cat\/ceelesaigues\/wp-content\/uploads\/usu1225\/2022\/11\/etapa-Inf-Prim-1024x768.jpg 1024w, https:\/\/agora.xtec.cat\/ceelesaigues\/wp-content\/uploads\/usu1225\/2022\/11\/etapa-Inf-Prim-300x225.jpg 300w, https:\/\/agora.xtec.cat\/ceelesaigues\/wp-content\/uploads\/usu1225\/2022\/11\/etapa-Inf-Prim-768x576.jpg 768w, https:\/\/agora.xtec.cat\/ceelesaigues\/wp-content\/uploads\/usu1225\/2022\/11\/etapa-Inf-Prim-1536x1152.jpg 1536w, https:\/\/agora.xtec.cat\/ceelesaigues\/wp-content\/uploads\/usu1225\/2022\/11\/etapa-Inf-Prim-200x150.jpg 200w, https:\/\/agora.xtec.cat\/ceelesaigues\/wp-content\/uploads\/usu1225\/2022\/11\/etapa-Inf-Prim.jpg 1651w\" sizes=\"auto, (max-width: 1024px) 100vw, 1024px\" \/><\/p>\n<p>L&#8217;equip docent de l&#8217;etapa d&#8217;infantil-Prim\u00e0ria est\u00e0 format per:<\/p>\n<p><strong>D&#8217;esquerra a dreta (assegudes):<\/strong> Esther Blasco, Lourdes Boltes, Ver\u00f3nica P\u00e9rez, Sam Oribes, Anna fornos i Montserrat Godayol.<\/p>\n<p><strong>D&#8217;esquerra a dreta (a peu dret): <\/strong>Tere Oliva, Elena L\u00f3pez, In\u00e9s Rodr\u00edguez, S\u00f3nia Bernal i Marta S\u00e1nchez.<\/p>\n","protected":false},"excerpt":{"rendered":"<p>L&#8217;equip docent de l&#8217;etapa d&#8217;infantil-Prim\u00e0ria est\u00e0 format per: D&#8217;esquerra a dreta (assegudes): Esther Blasco, Lourdes Boltes, Ver\u00f3nica P\u00e9rez, Sam Oribes, Anna fornos i Montserrat Godayol. D&#8217;esquerra a dreta (a peu dret): Tere Oliva, Elena L\u00f3pez, In\u00e9s Rodr\u00edguez, S\u00f3nia Bernal i Marta S\u00e1nchez.<\/p>\n","protected":false},"author":1,"featured_media":0,"parent":0,"menu_order":0,"comment_status":"closed","ping_status":"closed","template":"","meta":{"_bbp_topic_count":0,"_bbp_reply_count":0,"_bbp_total_topic_count":0,"_bbp_total_reply_count":0,"_bbp_voice_count":0,"_bbp_anonymous_reply_count":0,"_bbp_topic_count_hidden":0,"_bbp_reply_count_hidden":0,"_bbp_forum_subforum_count":0,"site-sidebar-layout":"default","site-content-layout":"","ast-site-content-layout":"","site-content-style":"default","site-sidebar-style":"default","ast-global-header-display":"","ast-banner-title-visibility":"","ast-main-header-display":"","ast-hfb-above-header-display":"","ast-hfb-below-header-display":"","ast-hfb-mobile-header-display":"","site-post-title":"","ast-breadcrumbs-content":"","ast-featured-img":"","footer-sml-layout":"","theme-transparent-header-meta":"","adv-header-id-meta":"","stick-header-meta":"","header-above-stick-meta":"","header-main-stick-meta":"","header-below-stick-meta":"","astra-migrate-meta-layouts":"default","ast-page-background-enabled":"default","ast-page-background-meta":{"desktop":{"background-color":"var(--ast-global-color-4)","background-image":"","background-repeat":"repeat","background-position":"center center","background-size":"auto","background-attachment":"scroll","background-type":"","background-media":"","overlay-type":"","overlay-color":"","overlay-opacity":"","overlay-gradient":""},"tablet":{"background-color":"","background-image":"","background-repeat":"repeat","background-position":"center center","background-size":"auto","background-attachment":"scroll","background-type":"","background-media":"","overlay-type":"","overlay-color":"","overlay-opacity":"","overlay-gradient":""},"mobile":{"background-color":"","background-image":"","background-repeat":"repeat","background-position":"center center","background-size":"auto","background-attachment":"scroll","background-type":"","background-media":"","overlay-type":"","overlay-color":"","overlay-opacity":"","overlay-gradient":""}},"ast-content-background-meta":{"desktop":{"background-color":"var(--ast-global-color-5)","background-image":"","background-repeat":"repeat","background-position":"center center","background-size":"auto","background-attachment":"scroll","background-type":"","background-media":"","overlay-type":"","overlay-color":"","overlay-opacity":"","overlay-gradient":""},"tablet":{"background-color":"var(--ast-global-color-5)","background-image":"","background-repeat":"repeat","background-position":"center center","background-size":"auto","background-attachment":"scroll","background-type":"","background-media":"","overlay-type":"","overlay-color":"","overlay-opacity":"","overlay-gradient":""},"mobile":{"background-color":"var(--ast-global-color-5)","background-image":"","background-repeat":"repeat","background-position":"center center","background-size":"auto","background-attachment":"scroll","background-type":"","background-media":"","overlay-type":"","overlay-color":"","overlay-opacity":"","overlay-gradient":""}},"footnotes":""},"class_list":["post-707","page","type-page","status-publish","hentry"],"post_mailing_queue_ids":[],"_links":{"self":[{"href":"https:\/\/agora.xtec.cat\/ceelesaigues\/wp-json\/wp\/v2\/pages\/707","targetHints":{"allow":["GET"]}}],"collection":[{"href":"https:\/\/agora.xtec.cat\/ceelesaigues\/wp-json\/wp\/v2\/pages"}],"about":[{"href":"https:\/\/agora.xtec.cat\/ceelesaigues\/wp-json\/wp\/v2\/types\/page"}],"author":[{"embeddable":true,"href":"https:\/\/agora.xtec.cat\/ceelesaigues\/wp-json\/wp\/v2\/users\/1"}],"replies":[{"embeddable":true,"href":"https:\/\/agora.xtec.cat\/ceelesaigues\/wp-json\/wp\/v2\/comments?post=707"}],"version-history":[{"count":3,"href":"https:\/\/agora.xtec.cat\/ceelesaigues\/wp-json\/wp\/v2\/pages\/707\/revisions"}],"predecessor-version":[{"id":6201,"href":"https:\/\/agora.xtec.cat\/ceelesaigues\/wp-json\/wp\/v2\/pages\/707\/revisions\/6201"}],"wp:attachment":[{"href":"https:\/\/agora.xtec.cat\/ceelesaigues\/wp-json\/wp\/v2\/media?parent=707"}],"curies":[{"name":"wp","href":"https:\/\/api.w.org\/{rel}","templated":true}]}}