{"id":705,"date":"2019-10-14T15:54:15","date_gmt":"2019-10-14T13:54:15","guid":{"rendered":"https:\/\/agora.xtec.cat\/ceelesaigues\/?page_id=705"},"modified":"2023-10-11T08:06:26","modified_gmt":"2023-10-11T06:06:26","slug":"informacio-general-primaria","status":"publish","type":"page","link":"https:\/\/agora.xtec.cat\/ceelesaigues\/informacio-general-primaria\/","title":{"rendered":"INFORMACI\u00d3 GENERAL PRIM\u00c0RIA"},"content":{"rendered":"<p>A l\u2019etapa de\u00a0<strong>Prim\u00e0ria<\/strong>\u00a0atenem els nens i nenes que tenen entre 7 i 12 anys.<\/p>\n<p>Aquest curs 23-24 a l&#8217;etapa hi ha\u00a0 <strong>4 tutories<\/strong> amb un total de 18 alumnes.<\/p>\n<p>Els grups tutories d&#8217;aquest curs s\u00f3n (en construcci\u00f3)<\/p>\n<table style=\"width: 695px;\">\n<tbody>\n<tr>\n<td style=\"width: 342.727px;\">.<\/td>\n<td style=\"width: 344.545px;\">.<\/td>\n<\/tr>\n<tr>\n<td style=\"width: 342.727px;\"><strong>Alumnes:\u00a0<\/strong><br \/>\n<strong>Tutora:<\/strong> Marta Angl\u00e8s<br \/>\n<strong>Educadora:<\/strong> Lourdes Boltes<\/td>\n<td style=\"width: 344.545px;\"><strong>Alumnes:\u00a0<\/strong><br \/>\n<strong>Tutora:<\/strong> Esther Blasco.<br \/>\n<strong>Educadora:<\/strong> Pilar P\u00e9rez<\/td>\n<\/tr>\n<tr>\n<td style=\"width: 342.727px;\"><strong>\u00a0<\/strong><\/td>\n<td style=\"width: 344.545px;\"><\/td>\n<\/tr>\n<tr>\n<td style=\"width: 342.727px;\"><strong>Alumnes:\u00a0<\/strong><br \/>\n<strong>Tutora:<\/strong> S\u00edlvia Serret<br \/>\n<strong>Educadora:<\/strong> Marta S\u00e1nchez<\/p>\n<p>&nbsp;<\/td>\n<td style=\"width: 344.545px;\"><strong>Alumnes:\u00a0<\/strong><br \/>\n<strong>Tutora:<\/strong> Anna Fornos<br \/>\n<strong>Educadora:<\/strong> Elena L\u00f3pez<\/td>\n<\/tr>\n<\/tbody>\n<\/table>\n<p>Aprenem a fer-nos grans gr\u00e0cies a totes les\u00a0<strong>activitats<\/strong>\u00a0que anem realitzant al llarg de l\u2019etapa: esport, psicomotricitat, pl\u00e0stica, m\u00fasica, piscina, menjador,etc. Anem al pati gran i cada dia sabem fer m\u00e9s coses sols.<\/p>\n<p>Treballem per\u00a0<strong>projectes<\/strong>\u00a0molts temes sobre el m\u00f3n que ens envolta: els oficis, les plantes, els aliments&#8230; i ens agrada molt fer\u00a0<strong>sortides<\/strong>\u00a0i\u00a0anar tots junts de\u00a0<strong>col\u00f2nies<\/strong>\u00a0perqu\u00e8, a m\u00e9s de divertir-no,s ens ajuda a consolidar els aprenentatges que fem a l\u2019aula, com s\u00f3n la llengua, les matem\u00e0tiques, el coneixement del medi &#8230;<\/p>\n<p>Tamb\u00e9 ens relacionem for\u00e7a amb l\u2019escola \u201cCam\u00ed del cros\u201c, que est\u00e0 al costat de la nostra: fem sortides, fem psicopl\u00e0stica i compartim algunes festes.<\/p>\n<p>Participem en altres activitats esportives, al llarg de l\u2019any, com poden ser les olimp\u00edades i l\u2019open day i&#8230;<\/p>\n<p>Ens ho passem molt i molt b\u00e9 !!!<\/p>\n<p>&nbsp;<\/p>\n","protected":false},"excerpt":{"rendered":"<p>A l\u2019etapa de\u00a0Prim\u00e0ria\u00a0atenem els nens i nenes que tenen entre 7 i 12 anys. Aquest curs 23-24 a l&#8217;etapa hi ha\u00a0 4 tutories amb un total de 18 alumnes. Els grups tutories d&#8217;aquest curs s\u00f3n (en construcci\u00f3) . . Alumnes:\u00a0 Tutora: Marta Angl\u00e8s Educadora: Lourdes Boltes Alumnes:\u00a0 Tutora: Esther Blasco. Educadora: Pilar P\u00e9rez \u00a0 Alumnes:\u00a0 [&hellip;]<\/p>\n","protected":false},"author":1,"featured_media":0,"parent":0,"menu_order":0,"comment_status":"closed","ping_status":"closed","template":"","meta":{"_bbp_topic_count":0,"_bbp_reply_count":0,"_bbp_total_topic_count":0,"_bbp_total_reply_count":0,"_bbp_voice_count":0,"_bbp_anonymous_reply_count":0,"_bbp_topic_count_hidden":0,"_bbp_reply_count_hidden":0,"_bbp_forum_subforum_count":0,"site-sidebar-layout":"default","site-content-layout":"","ast-site-content-layout":"","site-content-style":"default","site-sidebar-style":"default","ast-global-header-display":"","ast-banner-title-visibility":"","ast-main-header-display":"","ast-hfb-above-header-display":"","ast-hfb-below-header-display":"","ast-hfb-mobile-header-display":"","site-post-title":"","ast-breadcrumbs-content":"","ast-featured-img":"","footer-sml-layout":"","theme-transparent-header-meta":"","adv-header-id-meta":"","stick-header-meta":"","header-above-stick-meta":"","header-main-stick-meta":"","header-below-stick-meta":"","astra-migrate-meta-layouts":"default","ast-page-background-enabled":"default","ast-page-background-meta":{"desktop":{"background-color":"var(--ast-global-color-4)","background-image":"","background-repeat":"repeat","background-position":"center center","background-size":"auto","background-attachment":"scroll","background-type":"","background-media":"","overlay-type":"","overlay-color":"","overlay-opacity":"","overlay-gradient":""},"tablet":{"background-color":"","background-image":"","background-repeat":"repeat","background-position":"center center","background-size":"auto","background-attachment":"scroll","background-type":"","background-media":"","overlay-type":"","overlay-color":"","overlay-opacity":"","overlay-gradient":""},"mobile":{"background-color":"","background-image":"","background-repeat":"repeat","background-position":"center center","background-size":"auto","background-attachment":"scroll","background-type":"","background-media":"","overlay-type":"","overlay-color":"","overlay-opacity":"","overlay-gradient":""}},"ast-content-background-meta":{"desktop":{"background-color":"var(--ast-global-color-5)","background-image":"","background-repeat":"repeat","background-position":"center center","background-size":"auto","background-attachment":"scroll","background-type":"","background-media":"","overlay-type":"","overlay-color":"","overlay-opacity":"","overlay-gradient":""},"tablet":{"background-color":"var(--ast-global-color-5)","background-image":"","background-repeat":"repeat","background-position":"center center","background-size":"auto","background-attachment":"scroll","background-type":"","background-media":"","overlay-type":"","overlay-color":"","overlay-opacity":"","overlay-gradient":""},"mobile":{"background-color":"var(--ast-global-color-5)","background-image":"","background-repeat":"repeat","background-position":"center center","background-size":"auto","background-attachment":"scroll","background-type":"","background-media":"","overlay-type":"","overlay-color":"","overlay-opacity":"","overlay-gradient":""}},"footnotes":""},"class_list":["post-705","page","type-page","status-publish","hentry"],"post_mailing_queue_ids":[],"_links":{"self":[{"href":"https:\/\/agora.xtec.cat\/ceelesaigues\/wp-json\/wp\/v2\/pages\/705","targetHints":{"allow":["GET"]}}],"collection":[{"href":"https:\/\/agora.xtec.cat\/ceelesaigues\/wp-json\/wp\/v2\/pages"}],"about":[{"href":"https:\/\/agora.xtec.cat\/ceelesaigues\/wp-json\/wp\/v2\/types\/page"}],"author":[{"embeddable":true,"href":"https:\/\/agora.xtec.cat\/ceelesaigues\/wp-json\/wp\/v2\/users\/1"}],"replies":[{"embeddable":true,"href":"https:\/\/agora.xtec.cat\/ceelesaigues\/wp-json\/wp\/v2\/comments?post=705"}],"version-history":[{"count":5,"href":"https:\/\/agora.xtec.cat\/ceelesaigues\/wp-json\/wp\/v2\/pages\/705\/revisions"}],"predecessor-version":[{"id":7285,"href":"https:\/\/agora.xtec.cat\/ceelesaigues\/wp-json\/wp\/v2\/pages\/705\/revisions\/7285"}],"wp:attachment":[{"href":"https:\/\/agora.xtec.cat\/ceelesaigues\/wp-json\/wp\/v2\/media?parent=705"}],"curies":[{"name":"wp","href":"https:\/\/api.w.org\/{rel}","templated":true}]}}