{"id":693,"date":"2019-10-14T15:14:39","date_gmt":"2019-10-14T13:14:39","guid":{"rendered":"https:\/\/agora.xtec.cat\/ceelesaigues\/?page_id=693"},"modified":"2023-10-11T08:02:19","modified_gmt":"2023-10-11T06:02:19","slug":"informacio-general-infantil","status":"publish","type":"page","link":"https:\/\/agora.xtec.cat\/ceelesaigues\/informacio-general-infantil\/","title":{"rendered":"INFORMACI\u00d3 GENERAL INFANTIL"},"content":{"rendered":"<div class=\"article-content\">\n<p>L&#8217;<strong>etapa d&#8217;infantil\u00a0<\/strong>acull\u00a0alumnes amb edats compreses entre 3 i \u00a07 anys.<\/p>\n<p>Aquest curs 23-24\u00a0 l&#8217;etapa est\u00e0 formada per 2\u00a0 tutories amb un total de 9 alumnes.<\/p>\n<p>Els grups tutories\u00a0\u00a0s\u00f3n:<\/p>\n<table>\n<tbody>\n<tr>\n<td><\/td>\n<td>.<\/td>\n<\/tr>\n<tr>\n<td><strong>Alumnes (d&#8217;esquerra a dreta):<\/strong><br \/>\n<strong>Tutora:<\/strong> In\u00e9s Rodr\u00edguez<br \/>\n<strong>Educadora:<\/strong> S\u00f2nia Bernal<\/td>\n<td><strong>Alumnes (d&#8217;esquerra a dreta): <\/strong>A<br \/>\n<strong>Tutora:<\/strong> Tere Oliva<br \/>\n<strong>Educadora:<\/strong> Montserrat Godayol<\/td>\n<\/tr>\n<\/tbody>\n<\/table>\n<p>Les\u00a0<strong>\u00e0rees<\/strong> que es treballen s\u00f3n la descoberta d\u2019un mateix (h\u00e0bits i rutines) i del seu entorn (els animals i les festes i tradicions); comunicaci\u00f3 i llenguatge (incl\u00f2s el llenguatge visual i pl\u00e0stic i la m\u00fasica) i el joc.<\/p>\n<p>Les\u00a0<strong>activitats que complementen\u00a0<\/strong>aquestes \u00e0rees s\u00f3n; la psicomotricitat,\u00a0 la logop\u00e8dia, la fisioter\u00e0pia i la sala multsensorial.<\/p>\n<p>Per\u00f2 tamb\u00e9 s\u00f3n importants les excursions que es porten a terme durant tot el curs ja que esta relacionades amb els temes que es treballen .<\/p>\n<\/div>\n<p><span class=\"article_separator\">\u00a0<\/span><\/p>\n","protected":false},"excerpt":{"rendered":"<p>L&#8217;etapa d&#8217;infantil\u00a0acull\u00a0alumnes amb edats compreses entre 3 i \u00a07 anys. Aquest curs 23-24\u00a0 l&#8217;etapa est\u00e0 formada per 2\u00a0 tutories amb un total de 9 alumnes. Els grups tutories\u00a0\u00a0s\u00f3n: . Alumnes (d&#8217;esquerra a dreta): Tutora: In\u00e9s Rodr\u00edguez Educadora: S\u00f2nia Bernal Alumnes (d&#8217;esquerra a dreta): A Tutora: Tere Oliva Educadora: Montserrat Godayol Les\u00a0\u00e0rees que es treballen s\u00f3n [&hellip;]<\/p>\n","protected":false},"author":1,"featured_media":0,"parent":0,"menu_order":0,"comment_status":"closed","ping_status":"closed","template":"","meta":{"_bbp_topic_count":0,"_bbp_reply_count":0,"_bbp_total_topic_count":0,"_bbp_total_reply_count":0,"_bbp_voice_count":0,"_bbp_anonymous_reply_count":0,"_bbp_topic_count_hidden":0,"_bbp_reply_count_hidden":0,"_bbp_forum_subforum_count":0,"site-sidebar-layout":"default","site-content-layout":"","ast-site-content-layout":"","site-content-style":"default","site-sidebar-style":"default","ast-global-header-display":"","ast-banner-title-visibility":"","ast-main-header-display":"","ast-hfb-above-header-display":"","ast-hfb-below-header-display":"","ast-hfb-mobile-header-display":"","site-post-title":"","ast-breadcrumbs-content":"","ast-featured-img":"","footer-sml-layout":"","theme-transparent-header-meta":"","adv-header-id-meta":"","stick-header-meta":"","header-above-stick-meta":"","header-main-stick-meta":"","header-below-stick-meta":"","astra-migrate-meta-layouts":"default","ast-page-background-enabled":"default","ast-page-background-meta":{"desktop":{"background-color":"var(--ast-global-color-4)","background-image":"","background-repeat":"repeat","background-position":"center center","background-size":"auto","background-attachment":"scroll","background-type":"","background-media":"","overlay-type":"","overlay-color":"","overlay-opacity":"","overlay-gradient":""},"tablet":{"background-color":"","background-image":"","background-repeat":"repeat","background-position":"center center","background-size":"auto","background-attachment":"scroll","background-type":"","background-media":"","overlay-type":"","overlay-color":"","overlay-opacity":"","overlay-gradient":""},"mobile":{"background-color":"","background-image":"","background-repeat":"repeat","background-position":"center center","background-size":"auto","background-attachment":"scroll","background-type":"","background-media":"","overlay-type":"","overlay-color":"","overlay-opacity":"","overlay-gradient":""}},"ast-content-background-meta":{"desktop":{"background-color":"var(--ast-global-color-5)","background-image":"","background-repeat":"repeat","background-position":"center center","background-size":"auto","background-attachment":"scroll","background-type":"","background-media":"","overlay-type":"","overlay-color":"","overlay-opacity":"","overlay-gradient":""},"tablet":{"background-color":"var(--ast-global-color-5)","background-image":"","background-repeat":"repeat","background-position":"center center","background-size":"auto","background-attachment":"scroll","background-type":"","background-media":"","overlay-type":"","overlay-color":"","overlay-opacity":"","overlay-gradient":""},"mobile":{"background-color":"var(--ast-global-color-5)","background-image":"","background-repeat":"repeat","background-position":"center center","background-size":"auto","background-attachment":"scroll","background-type":"","background-media":"","overlay-type":"","overlay-color":"","overlay-opacity":"","overlay-gradient":""}},"footnotes":""},"class_list":["post-693","page","type-page","status-publish","hentry"],"post_mailing_queue_ids":[],"_links":{"self":[{"href":"https:\/\/agora.xtec.cat\/ceelesaigues\/wp-json\/wp\/v2\/pages\/693","targetHints":{"allow":["GET"]}}],"collection":[{"href":"https:\/\/agora.xtec.cat\/ceelesaigues\/wp-json\/wp\/v2\/pages"}],"about":[{"href":"https:\/\/agora.xtec.cat\/ceelesaigues\/wp-json\/wp\/v2\/types\/page"}],"author":[{"embeddable":true,"href":"https:\/\/agora.xtec.cat\/ceelesaigues\/wp-json\/wp\/v2\/users\/1"}],"replies":[{"embeddable":true,"href":"https:\/\/agora.xtec.cat\/ceelesaigues\/wp-json\/wp\/v2\/comments?post=693"}],"version-history":[{"count":4,"href":"https:\/\/agora.xtec.cat\/ceelesaigues\/wp-json\/wp\/v2\/pages\/693\/revisions"}],"predecessor-version":[{"id":7284,"href":"https:\/\/agora.xtec.cat\/ceelesaigues\/wp-json\/wp\/v2\/pages\/693\/revisions\/7284"}],"wp:attachment":[{"href":"https:\/\/agora.xtec.cat\/ceelesaigues\/wp-json\/wp\/v2\/media?parent=693"}],"curies":[{"name":"wp","href":"https:\/\/api.w.org\/{rel}","templated":true}]}}