{"id":6814,"date":"2023-03-22T21:39:33","date_gmt":"2023-03-22T20:39:33","guid":{"rendered":"https:\/\/agora.xtec.cat\/ceelesaigues\/?page_id=6814"},"modified":"2025-03-04T20:31:53","modified_gmt":"2025-03-04T19:31:53","slug":"els-nostres-objectius","status":"publish","type":"page","link":"https:\/\/agora.xtec.cat\/ceelesaigues\/afa\/els-nostres-objectius\/","title":{"rendered":"ELS NOSTRES OBJECTIUS"},"content":{"rendered":"<p style=\"font-weight: 400;\"><strong>ELS NOSTRES OBJECTIUS<\/strong><\/p>\n<ul style=\"font-weight: 400;\">\n<li>Col\u00b7laborar amb l&#8217;escola per complementar la tasca educativa dels alumnes.<\/li>\n<li>Crear ponts de confian\u00e7a entre professionals de l&#8217;escola i fam\u00edlies.<\/li>\n<li>Contactar amb les diferents administracions sempre que sigui necessari.<\/li>\n<\/ul>\n<p>&nbsp;<\/p>\n<p style=\"font-weight: 400;\"><strong><u>TASQUES DE L&#8217;AFA<\/u><\/strong><\/p>\n<ul>\n<li style=\"font-weight: 400;\"><strong>Organitzem els serveis de menjador escolar i monitoratge.<\/strong><\/li>\n<\/ul>\n<p>&nbsp;<\/p>\n<ul>\n<li style=\"font-weight: 400;\"><strong>Subvencionem activitats complementaries dins l&#8217;horari escolar:<\/strong>\n<ul>\n<li>Activitats relacionades amb l&#8217;esport (Hipoter\u00e0pia i Vela)<\/li>\n<li>Sortides l\u00fadiques<\/li>\n<li>Sortides relacionades amb els projectes i \u00e0rees que es treballen a l&#8217;escola. (visites a museus, teatre, tallers&#8230;..)<\/li>\n<li>Col\u00f2nies i viatge de post obligat\u00f2ria.<\/li>\n<\/ul>\n<\/li>\n<\/ul>\n<p>&nbsp;<\/p>\n<ul>\n<li style=\"font-weight: 400;\"><strong>Col\u00b7laborem\u00a0amb l&#8217;escola en l&#8217;adquisici\u00f3 de material pedag\u00f2gic, aix\u00ed com en el manteniment i la renovaci\u00f3 dels diferents espais escolars.\u00a0<\/strong><\/li>\n<\/ul>\n<p>&nbsp;<\/p>\n<ul>\n<li style=\"font-weight: 400;\"><strong>Col\u00b7laborem\u00a0en l&#8217;acollida de les fam\u00edlies noves al centre.\u00a0<\/strong><\/li>\n<\/ul>\n<p>&nbsp;<\/p>\n<ul>\n<li style=\"font-weight: 400;\"><strong>Organitzar, conjuntament amb l&#8217;escola la festa de fi de curs per les fam\u00edlies.<\/strong><\/li>\n<\/ul>\n","protected":false},"excerpt":{"rendered":"<p>ELS NOSTRES OBJECTIUS Col\u00b7laborar amb l&#8217;escola per complementar la tasca educativa dels alumnes. Crear ponts de confian\u00e7a entre professionals de l&#8217;escola i fam\u00edlies. Contactar amb les diferents administracions sempre que sigui necessari. &nbsp; TASQUES DE L&#8217;AFA Organitzem els serveis de menjador escolar i monitoratge. &nbsp; Subvencionem activitats complementaries dins l&#8217;horari escolar: Activitats relacionades amb l&#8217;esport [&hellip;]<\/p>\n","protected":false},"author":1,"featured_media":0,"parent":8817,"menu_order":0,"comment_status":"closed","ping_status":"closed","template":"page-templates\/side-menu.php","meta":{"_bbp_topic_count":0,"_bbp_reply_count":0,"_bbp_total_topic_count":0,"_bbp_total_reply_count":0,"_bbp_voice_count":0,"_bbp_anonymous_reply_count":0,"_bbp_topic_count_hidden":0,"_bbp_reply_count_hidden":0,"_bbp_forum_subforum_count":0,"site-sidebar-layout":"default","site-content-layout":"","ast-site-content-layout":"","site-content-style":"default","site-sidebar-style":"default","ast-global-header-display":"","ast-banner-title-visibility":"","ast-main-header-display":"","ast-hfb-above-header-display":"","ast-hfb-below-header-display":"","ast-hfb-mobile-header-display":"","site-post-title":"","ast-breadcrumbs-content":"","ast-featured-img":"","footer-sml-layout":"","theme-transparent-header-meta":"","adv-header-id-meta":"","stick-header-meta":"","header-above-stick-meta":"","header-main-stick-meta":"","header-below-stick-meta":"","astra-migrate-meta-layouts":"default","ast-page-background-enabled":"default","ast-page-background-meta":{"desktop":{"background-color":"var(--ast-global-color-4)","background-image":"","background-repeat":"repeat","background-position":"center center","background-size":"auto","background-attachment":"scroll","background-type":"","background-media":"","overlay-type":"","overlay-color":"","overlay-opacity":"","overlay-gradient":""},"tablet":{"background-color":"","background-image":"","background-repeat":"repeat","background-position":"center center","background-size":"auto","background-attachment":"scroll","background-type":"","background-media":"","overlay-type":"","overlay-color":"","overlay-opacity":"","overlay-gradient":""},"mobile":{"background-color":"","background-image":"","background-repeat":"repeat","background-position":"center center","background-size":"auto","background-attachment":"scroll","background-type":"","background-media":"","overlay-type":"","overlay-color":"","overlay-opacity":"","overlay-gradient":""}},"ast-content-background-meta":{"desktop":{"background-color":"var(--ast-global-color-5)","background-image":"","background-repeat":"repeat","background-position":"center center","background-size":"auto","background-attachment":"scroll","background-type":"","background-media":"","overlay-type":"","overlay-color":"","overlay-opacity":"","overlay-gradient":""},"tablet":{"background-color":"var(--ast-global-color-5)","background-image":"","background-repeat":"repeat","background-position":"center center","background-size":"auto","background-attachment":"scroll","background-type":"","background-media":"","overlay-type":"","overlay-color":"","overlay-opacity":"","overlay-gradient":""},"mobile":{"background-color":"var(--ast-global-color-5)","background-image":"","background-repeat":"repeat","background-position":"center center","background-size":"auto","background-attachment":"scroll","background-type":"","background-media":"","overlay-type":"","overlay-color":"","overlay-opacity":"","overlay-gradient":""}},"footnotes":""},"class_list":["post-6814","page","type-page","status-publish","hentry"],"post_mailing_queue_ids":[],"_links":{"self":[{"href":"https:\/\/agora.xtec.cat\/ceelesaigues\/wp-json\/wp\/v2\/pages\/6814","targetHints":{"allow":["GET"]}}],"collection":[{"href":"https:\/\/agora.xtec.cat\/ceelesaigues\/wp-json\/wp\/v2\/pages"}],"about":[{"href":"https:\/\/agora.xtec.cat\/ceelesaigues\/wp-json\/wp\/v2\/types\/page"}],"author":[{"embeddable":true,"href":"https:\/\/agora.xtec.cat\/ceelesaigues\/wp-json\/wp\/v2\/users\/1"}],"replies":[{"embeddable":true,"href":"https:\/\/agora.xtec.cat\/ceelesaigues\/wp-json\/wp\/v2\/comments?post=6814"}],"version-history":[{"count":2,"href":"https:\/\/agora.xtec.cat\/ceelesaigues\/wp-json\/wp\/v2\/pages\/6814\/revisions"}],"predecessor-version":[{"id":8879,"href":"https:\/\/agora.xtec.cat\/ceelesaigues\/wp-json\/wp\/v2\/pages\/6814\/revisions\/8879"}],"up":[{"embeddable":true,"href":"https:\/\/agora.xtec.cat\/ceelesaigues\/wp-json\/wp\/v2\/pages\/8817"}],"wp:attachment":[{"href":"https:\/\/agora.xtec.cat\/ceelesaigues\/wp-json\/wp\/v2\/media?parent=6814"}],"curies":[{"name":"wp","href":"https:\/\/api.w.org\/{rel}","templated":true}]}}