{"id":30,"date":"2014-09-18T12:30:23","date_gmt":"2014-09-18T11:30:23","guid":{"rendered":"http:\/\/agora.xtec.cat\/ceelesaigues\/?page_id=30"},"modified":"2025-03-04T11:01:37","modified_gmt":"2025-03-04T10:01:37","slug":"instal%c2%b7lacions","status":"publish","type":"page","link":"https:\/\/agora.xtec.cat\/ceelesaigues\/lescola\/instal%c2%b7lacions\/","title":{"rendered":"INSTAL.LACIONS"},"content":{"rendered":"<p>L&#8217;escola Les Aig\u00fces est\u00e0 situada al barri de Cerdanyola, zona perif\u00e8rica i industrial de Matar\u00f3.\u00a0La superf\u00edcie del solar \u00e9s d&#8217;uns 8.000 m2, m\u00e9s uns\u00a07.000 m2 d&#8217;hort escolar i granja-escola.<\/p>\n<p><img loading=\"lazy\" decoding=\"async\" src=\"https:\/\/www.ceelesaigues.com\/images\/phocagallery\/instalacions\/espais%20(5).JPG\" alt=\"espais (5)\" width=\"245\" height=\"137\" \/>\u00a0\u00a0 \u00a0<img loading=\"lazy\" decoding=\"async\" src=\"https:\/\/www.ceelesaigues.com\/images\/phocagallery\/instalacions\/DSC_0074.JPG\" alt=\"DSC 0074\" width=\"240\" height=\"137\" \/>\u00a0\u00a0\u00a0 \u00a0<img loading=\"lazy\" decoding=\"async\" src=\"https:\/\/www.ceelesaigues.com\/images\/phocagallery\/instalacions\/espais%20(4).JPG\" alt=\"espais (4)\" width=\"253\" height=\"137\" \/>\u00a0\u00a0\u00a0\u00a0<img loading=\"lazy\" decoding=\"async\" src=\"https:\/\/www.ceelesaigues.com\/images\/phocagallery\/instalacions\/gallines-cros%20(91).JPG\" alt=\"gallines-cros (91)\" width=\"204\" height=\"137\" \/><\/p>\n<p>L&#8217;edifici escolar \u00e9s d&#8217;obra vista, tot planta baixa, sense barreres arquitect\u00f2niques i est\u00e0 orientat cap el Sud-Est.<\/p>\n<p>Les aules i les altres depend\u00e8ncies estan distribu\u00efdes en un edifici central d&#8217;on surten tres m\u00f2duls i un m\u00f2dul prefabricat<\/p>\n<p><strong>Disposem de:<\/strong><\/p>\n<p style=\"text-align: justify;\">\u2013 Aula de m\u00fasica.<br \/>\n\u2013 Aula de psicomotricitat<br \/>\n\u2013 Aula de pl\u00e0stica<br \/>\n\u2013 Sala multisensorial<br \/>\n\u2013 Taller de cer\u00e0mica<br \/>\n\u2013 Sala d&#8217;actes<br \/>\n\u2013 Gimn\u00e0s<br \/>\n\u2013 Vestidors i dutxes<br \/>\n\u2013 Pista poliesportiva<br \/>\n\u2013 Taller dom\u00e8stic<br \/>\n\u2013 Mediateca<br \/>\n\u2013 Cuina pr\u00f2pia i menjador.<br \/>\n\u2013 1 espais multiusos per a Educaci\u00f3 Infantil.<br \/>\n\u2013 Un gran pati de sorra amb arbres i taules de picnic.<br \/>\n\u2013 Un pati d&#8217;infantil<br \/>\n\u2013 Hort Aula de m\u00fasica.<br \/>\n\u2013 Hivernacles<\/p>\n<p>Una de les principals caracter\u00edstiques del centre \u00e9s la rotulaci\u00f3 d&#8217;espais. El nostre Centre at\u00e8n alumnes amb necessitats educatives especials, alguns dels quals presenten greus problemes de comunicaci\u00f3 oral que fa necessari treballar sistemes alternatius i\/o augmentatius de la comunicaci\u00f3, com s\u00f3n el llenguatge de signes manuals que utilitzen les persones sordes, i altres sistemes pictogr\u00e0fics.\u00a0\u00a0Gr\u00e0cies a\u00a0\u00a0aquests sistemes el nostre alumnat pot demanar, explicar, preguntar i expressar les seves necessitats, els seus sentiments&#8230;, en definitiva, comunicar-se i desenvolupar-se. L&#8217;escola comen\u00e7a a\u00a0\u00a0introduir S.A.A.C. (Sistemes Alternatius Augmentatius de Comunicaci\u00f3) des de l&#8217;any 1995.<\/p>\n<p>&nbsp;<\/p>\n","protected":false},"excerpt":{"rendered":"<p>L&#8217;escola Les Aig\u00fces est\u00e0 situada al barri de Cerdanyola, zona perif\u00e8rica i industrial de Matar\u00f3.\u00a0La superf\u00edcie del solar \u00e9s d&#8217;uns 8.000 m2, m\u00e9s uns\u00a07.000 m2 d&#8217;hort escolar i granja-escola. \u00a0\u00a0 \u00a0\u00a0\u00a0\u00a0 \u00a0\u00a0\u00a0\u00a0\u00a0 L&#8217;edifici escolar \u00e9s d&#8217;obra vista, tot planta baixa, sense barreres arquitect\u00f2niques i est\u00e0 orientat cap el Sud-Est. Les aules i les altres depend\u00e8ncies [&hellip;]<\/p>\n","protected":false},"author":1,"featured_media":0,"parent":22,"menu_order":4,"comment_status":"closed","ping_status":"closed","template":"page-templates\/side-menu.php","meta":{"_bbp_topic_count":0,"_bbp_reply_count":0,"_bbp_total_topic_count":0,"_bbp_total_reply_count":0,"_bbp_voice_count":0,"_bbp_anonymous_reply_count":0,"_bbp_topic_count_hidden":0,"_bbp_reply_count_hidden":0,"_bbp_forum_subforum_count":0,"site-sidebar-layout":"default","site-content-layout":"","ast-site-content-layout":"","site-content-style":"default","site-sidebar-style":"default","ast-global-header-display":"","ast-banner-title-visibility":"","ast-main-header-display":"","ast-hfb-above-header-display":"","ast-hfb-below-header-display":"","ast-hfb-mobile-header-display":"","site-post-title":"","ast-breadcrumbs-content":"","ast-featured-img":"","footer-sml-layout":"","theme-transparent-header-meta":"","adv-header-id-meta":"","stick-header-meta":"","header-above-stick-meta":"","header-main-stick-meta":"","header-below-stick-meta":"","astra-migrate-meta-layouts":"default","ast-page-background-enabled":"default","ast-page-background-meta":{"desktop":{"background-color":"var(--ast-global-color-4)","background-image":"","background-repeat":"repeat","background-position":"center center","background-size":"auto","background-attachment":"scroll","background-type":"","background-media":"","overlay-type":"","overlay-color":"","overlay-opacity":"","overlay-gradient":""},"tablet":{"background-color":"","background-image":"","background-repeat":"repeat","background-position":"center center","background-size":"auto","background-attachment":"scroll","background-type":"","background-media":"","overlay-type":"","overlay-color":"","overlay-opacity":"","overlay-gradient":""},"mobile":{"background-color":"","background-image":"","background-repeat":"repeat","background-position":"center center","background-size":"auto","background-attachment":"scroll","background-type":"","background-media":"","overlay-type":"","overlay-color":"","overlay-opacity":"","overlay-gradient":""}},"ast-content-background-meta":{"desktop":{"background-color":"var(--ast-global-color-5)","background-image":"","background-repeat":"repeat","background-position":"center center","background-size":"auto","background-attachment":"scroll","background-type":"","background-media":"","overlay-type":"","overlay-color":"","overlay-opacity":"","overlay-gradient":""},"tablet":{"background-color":"var(--ast-global-color-5)","background-image":"","background-repeat":"repeat","background-position":"center center","background-size":"auto","background-attachment":"scroll","background-type":"","background-media":"","overlay-type":"","overlay-color":"","overlay-opacity":"","overlay-gradient":""},"mobile":{"background-color":"var(--ast-global-color-5)","background-image":"","background-repeat":"repeat","background-position":"center center","background-size":"auto","background-attachment":"scroll","background-type":"","background-media":"","overlay-type":"","overlay-color":"","overlay-opacity":"","overlay-gradient":""}},"footnotes":""},"class_list":["post-30","page","type-page","status-publish","hentry"],"post_mailing_queue_ids":[],"_links":{"self":[{"href":"https:\/\/agora.xtec.cat\/ceelesaigues\/wp-json\/wp\/v2\/pages\/30","targetHints":{"allow":["GET"]}}],"collection":[{"href":"https:\/\/agora.xtec.cat\/ceelesaigues\/wp-json\/wp\/v2\/pages"}],"about":[{"href":"https:\/\/agora.xtec.cat\/ceelesaigues\/wp-json\/wp\/v2\/types\/page"}],"author":[{"embeddable":true,"href":"https:\/\/agora.xtec.cat\/ceelesaigues\/wp-json\/wp\/v2\/users\/1"}],"replies":[{"embeddable":true,"href":"https:\/\/agora.xtec.cat\/ceelesaigues\/wp-json\/wp\/v2\/comments?post=30"}],"version-history":[{"count":5,"href":"https:\/\/agora.xtec.cat\/ceelesaigues\/wp-json\/wp\/v2\/pages\/30\/revisions"}],"predecessor-version":[{"id":8812,"href":"https:\/\/agora.xtec.cat\/ceelesaigues\/wp-json\/wp\/v2\/pages\/30\/revisions\/8812"}],"up":[{"embeddable":true,"href":"https:\/\/agora.xtec.cat\/ceelesaigues\/wp-json\/wp\/v2\/pages\/22"}],"wp:attachment":[{"href":"https:\/\/agora.xtec.cat\/ceelesaigues\/wp-json\/wp\/v2\/media?parent=30"}],"curies":[{"name":"wp","href":"https:\/\/api.w.org\/{rel}","templated":true}]}}